{"id":29952,"date":"2025-10-12T23:50:21","date_gmt":"2025-10-12T15:50:21","guid":{"rendered":"https:\/\/maquinaparahacerbolsas.com.ve\/es\/?post_type=product&#038;p=29952"},"modified":"2025-10-12T23:54:21","modified_gmt":"2025-10-12T15:54:21","slug":"maquina-de-impresion-flexografica-de-tambor-central","status":"publish","type":"product","link":"http:\/\/maquinaparahacerbolsas.com.ve\/es\/maquina-de-impresion-flexografica-de-tambor-central","title":{"rendered":"M\u00e1quina de Impresi\u00f3n Flexogr\u00e1fica de Tambor Central"},"content":{"rendered":"<p>M\u00e1quina de Impresi\u00f3n Flexogr\u00e1fica de Tambor Central<\/p>\n<p>La M\u00e1quina de Impresi\u00f3n Flexogr\u00e1fica de Tambor Central est\u00e1 equipada con un rodillo central de gran tama\u00f1o, lo que asegura un registro exacto del color al sostener el sustrato, eliminando as\u00ed la necesidad de un rodillo de presi\u00f3n entre los colores. Sus componentes mec\u00e1nicos son intercambiables, lo que facilita el acceso, minimiza el desgaste y simplifica el mantenimiento. Adem\u00e1s, la m\u00e1quina cuenta con una caja de calentamiento el\u00e9ctrico especializada que proporciona un control seguro y preciso de la temperatura durante el proceso de secado.<\/p>\n<p>Utilizando el m\u00e9todo de cuchilla de tinta, la m\u00e1quina incorpora un raspador de revelado de instalaci\u00f3n r\u00e1pida y sin necesidad de herramientas. El sistema de transmisi\u00f3n es impulsado por un motorreductor reforzado de alta precisi\u00f3n, equipado con m\u00faltiples botones para ofrecer una mayor comodidad al usuario.<\/p>\n<p data-rm-block-id=\"block-4\"><img fetchpriority=\"high\" decoding=\"async\" class=\" wp-image-29473\" src=\"https:\/\/maquinaparahacerbolsas.com.ve\/es\/wp-content\/uploads\/2025\/02\/bolsas-de-camiseta-plasticas.jpg\" alt=\"bolsas de camiseta plasticas\" width=\"506\" height=\"253\" srcset=\"http:\/\/maquinaparahacerbolsas.com.ve\/es\/wp-content\/uploads\/2025\/02\/bolsas-de-camiseta-plasticas.jpg 1200w, http:\/\/maquinaparahacerbolsas.com.ve\/es\/wp-content\/uploads\/2025\/02\/bolsas-de-camiseta-plasticas-400x200.jpg 400w, http:\/\/maquinaparahacerbolsas.com.ve\/es\/wp-content\/uploads\/2025\/02\/bolsas-de-camiseta-plasticas-768x384.jpg 768w, http:\/\/maquinaparahacerbolsas.com.ve\/es\/wp-content\/uploads\/2025\/02\/bolsas-de-camiseta-plasticas-430x215.jpg 430w, http:\/\/maquinaparahacerbolsas.com.ve\/es\/wp-content\/uploads\/2025\/02\/bolsas-de-camiseta-plasticas-700x350.jpg 700w, http:\/\/maquinaparahacerbolsas.com.ve\/es\/wp-content\/uploads\/2025\/02\/bolsas-de-camiseta-plasticas-150x75.jpg 150w\" sizes=\"(max-width: 506px) 100vw, 506px\" \/><\/p>\n<p data-rm-block-id=\"block-5\"><span style=\"font-size: 14px;\"><strong>Especificaciones\u00a0<span data-scayt_word=\"t\u00e9cnicas\" data-scaytid=\"300\">t\u00e9cnicas<\/span>\u00a0de la\u00a0<span data-scayt_word=\"m\u00e1quina\" data-scaytid=\"284\">m\u00e1quina<\/span>\u00a0<span data-scayt_word=\"impresora\" data-scaytid=\"286\">impresora<\/span>\u00a0<span data-scayt_word=\"flexogr\u00e1fica\" data-scaytid=\"287\">flexogr\u00e1fica<\/span>\u00a0de <span data-scayt_word=\"6colores\" data-scaytid=\"305\">6colores<\/span><\/strong><\/span><\/p>\n<table style=\"padding: 0px; margin: 0px; color: #000000; line-height: 18px; font-family: Verdana, Arial, Helvetica, sans-serif; width: 730px;\" border=\"0\" cellspacing=\"1\" cellpadding=\"0\">\n<tbody>\n<tr>\n<td data-rm-block-id=\"block-6\"><span style=\"font-size: 14px;\"><strong><span data-scayt_word=\"Modelo\" data-scaytid=\"306\">Modelo<\/span>\u00a0de la\u00a0<span data-scayt_word=\"m\u00e1quina\" data-scaytid=\"285\">m\u00e1quina<\/span><\/strong><\/span><\/td>\n<td data-rm-block-id=\"block-7\"><span style=\"font-size: 14px;\"><strong>YT-6600<\/strong><\/span><\/td>\n<td data-rm-block-id=\"block-8\"><span style=\"font-size: 14px;\"><strong>YT-6800<\/strong><\/span><\/td>\n<td data-rm-block-id=\"block-9\"><span style=\"font-size: 14px;\"><strong>YT-61000<\/strong><\/span><\/td>\n<\/tr>\n<tr>\n<td data-rm-block-id=\"block-10\"><span style=\"font-size: 14px;\"><span data-scayt_word=\"Ancho\" data-scaytid=\"315\">Ancho<\/span>\u00a0<span data-scayt_word=\"m\u00e1ximo\" data-scaytid=\"317\">m\u00e1ximo<\/span>\u00a0del material de\u00a0<span data-scayt_word=\"impresi\u00f3n\" data-scaytid=\"292\">impresi\u00f3n<\/span><\/span><\/td>\n<td data-rm-block-id=\"block-11\"><span style=\"font-size: 14px;\"><span data-scayt_word=\"600mm\" data-scaytid=\"294\">600mm<\/span><\/span><\/td>\n<td data-rm-block-id=\"block-12\"><span style=\"font-size: 14px;\"><span data-scayt_word=\"800mm\" data-scaytid=\"295\">800mm<\/span><\/span><\/td>\n<td data-rm-block-id=\"block-13\"><span style=\"font-size: 14px;\"><span data-scayt_word=\"1000mm\" data-scaytid=\"296\">1000mm<\/span><\/span><\/td>\n<\/tr>\n<tr>\n<td data-rm-block-id=\"block-14\"><span style=\"font-size: 14px;\"><span data-scayt_word=\"Ancho\" data-scaytid=\"316\">Ancho<\/span>\u00a0<span data-scayt_word=\"m\u00e1ximo\" data-scaytid=\"318\">m\u00e1ximo<\/span>\u00a0del material de\u00a0<span data-scayt_word=\"impresi\u00f3n\" data-scaytid=\"293\">impresi\u00f3n<\/span><\/span><\/td>\n<td data-rm-block-id=\"block-15\"><span style=\"font-size: 14px;\"><span data-scayt_word=\"560mm\" data-scaytid=\"297\">560mm<\/span><\/span><\/td>\n<td data-rm-block-id=\"block-16\"><span style=\"font-size: 14px;\"><span data-scayt_word=\"760mm\" data-scaytid=\"298\">760mm<\/span><\/span><\/td>\n<td data-rm-block-id=\"block-17\"><span style=\"font-size: 14px;\"><span data-scayt_word=\"960mm\" data-scaytid=\"299\">960mm<\/span><\/span><\/td>\n<\/tr>\n<tr>\n<td data-rm-block-id=\"block-18\"><span style=\"font-size: 14px;\"><span data-scayt_word=\"Rango\" data-scaytid=\"327\">Rango<\/span>\u00a0de\u00a0<span data-scayt_word=\"longitud\" data-scaytid=\"344\">longitud<\/span>\u00a0del\u00a0<span data-scayt_word=\"producto\" data-scaytid=\"345\">producto<\/span>\u00a0<span data-scayt_word=\"impreso\" data-scaytid=\"346\">impreso<\/span><\/span><\/td>\n<td data-rm-block-id=\"block-19\"><span style=\"font-size: 14px;\"><span data-scayt_word=\"191-914mm\" data-scaytid=\"347\">191-914mm<\/span><\/span><\/td>\n<td data-rm-block-id=\"block-20\"><span style=\"font-size: 14px;\"><span data-scayt_word=\"191-914mm\" data-scaytid=\"348\">191-914mm<\/span><\/span><\/td>\n<td data-rm-block-id=\"block-21\"><span style=\"font-size: 14px;\"><span data-scayt_word=\"191-914mm\" data-scaytid=\"349\">191-914mm<\/span><\/span><\/td>\n<\/tr>\n<tr>\n<td data-rm-block-id=\"block-22\"><span style=\"font-size: 14px;\"><span data-scayt_word=\"Di\u00e1metro\" data-scaytid=\"350\">Di\u00e1metro<\/span>\u00a0<span data-scayt_word=\"m\u00e1ximo\" data-scaytid=\"328\">m\u00e1ximo<\/span>\u00a0del material\u00a0<span data-scayt_word=\"rollo\" data-scaytid=\"352\">rollo<\/span><\/span><\/td>\n<td data-rm-block-id=\"block-23\"><span style=\"font-size: 14px;\"><span data-scayt_word=\"\u03c6450mm\" data-scaytid=\"353\">\u03c6450mm<\/span><\/span><\/td>\n<td data-rm-block-id=\"block-24\"><span style=\"font-size: 14px;\"><span data-scayt_word=\"\u03c6450mm\" data-scaytid=\"354\">\u03c6450mm<\/span><\/span><\/td>\n<td data-rm-block-id=\"block-25\"><span style=\"font-size: 14px;\"><span data-scayt_word=\"\u03c6450mm\" data-scaytid=\"355\">\u03c6450mm<\/span><\/span><\/td>\n<\/tr>\n<tr>\n<td data-rm-block-id=\"block-26\"><span style=\"font-size: 14px;\"><span data-scayt_word=\"Velocidad\" data-scaytid=\"356\">Velocidad<\/span>\u00a0de\u00a0<span data-scayt_word=\"impresi\u00f3n\" data-scaytid=\"330\">impresi\u00f3n<\/span><\/span><\/td>\n<td data-rm-block-id=\"block-27\"><span style=\"font-size: 14px;\">5~\u00a0<span data-scayt_word=\"50m\" data-scaytid=\"358\">50m<\/span>\/min<\/span><\/td>\n<td data-rm-block-id=\"block-28\"><span style=\"font-size: 14px;\">5~\u00a0<span data-scayt_word=\"50m\" data-scaytid=\"359\">50m<\/span>\/min<\/span><\/td>\n<td data-rm-block-id=\"block-29\"><span style=\"font-size: 14px;\">5~\u00a0<span data-scayt_word=\"50m\" data-scaytid=\"360\">50m<\/span>\/min<\/span><\/td>\n<\/tr>\n<tr>\n<td data-rm-block-id=\"block-30\"><span style=\"font-size: 14px;\"><span data-scayt_word=\"Grosor\" data-scaytid=\"361\">Grosor<\/span>\u00a0del\u00a0<span data-scayt_word=\"plato\" data-scaytid=\"331\">plato<\/span>\u00a0(<span data-scayt_word=\"Incluyendo\" data-scaytid=\"369\">Incluyendo<\/span>\u00a0dos\u00a0<span data-scayt_word=\"-Papel\" data-scaytid=\"370\">-Papel<\/span>\u00a0<span data-scayt_word=\"congoma\" data-scaytid=\"371\">congoma<\/span>\u00a0lateral)<\/span><\/td>\n<td data-rm-block-id=\"block-31\"><span style=\"font-size: 14px;\">2.38mm<\/span><\/td>\n<td data-rm-block-id=\"block-32\"><span style=\"font-size: 14px;\">2.38mm<\/span><\/td>\n<td data-rm-block-id=\"block-33\"><span style=\"font-size: 14px;\">2.38mm<\/span><\/td>\n<\/tr>\n<tr>\n<td data-rm-block-id=\"block-34\"><span style=\"font-size: 14px;\"><span data-scayt_word=\"Potencia\" data-scaytid=\"372\">Potencia<\/span>\u00a0total<\/span><\/td>\n<td data-rm-block-id=\"block-35\"><span style=\"font-size: 14px;\"><span data-scayt_word=\"13kw\" data-scaytid=\"335\">13kw<\/span><\/span><\/td>\n<td data-rm-block-id=\"block-36\"><span style=\"font-size: 14px;\"><span data-scayt_word=\"15kw\" data-scaytid=\"374\">15kw<\/span><\/span><\/td>\n<td data-rm-block-id=\"block-37\"><span style=\"font-size: 14px;\"><span data-scayt_word=\"18kw\" data-scaytid=\"375\">18kw<\/span><\/span><\/td>\n<\/tr>\n<tr>\n<td data-rm-block-id=\"block-38\"><span style=\"font-size: 14px;\">Peso de la\u00a0<span data-scayt_word=\"m\u00e1quina\" data-scaytid=\"340\">m\u00e1quina<\/span><\/span><\/td>\n<td data-rm-block-id=\"block-39\"><span style=\"font-size: 14px;\"><span data-scayt_word=\"3500kg\" data-scaytid=\"341\">3500kg<\/span><\/span><\/td>\n<td data-rm-block-id=\"block-40\"><span style=\"font-size: 14px;\"><span data-scayt_word=\"4200kg\" data-scaytid=\"342\">4200kg<\/span><\/span><\/td>\n<td data-rm-block-id=\"block-41\"><span style=\"font-size: 14px;\"><span data-scayt_word=\"5000kg\" data-scaytid=\"343\">5000kg<\/span><\/span><\/td>\n<\/tr>\n<tr>\n<td data-rm-block-id=\"block-42\"><span style=\"font-size: 14px;\"><span data-scayt_word=\"Dimensiones\" data-scaytid=\"367\">Dimensiones<\/span>\u00a0<span data-scayt_word=\"totales\" data-scaytid=\"368\">totales<\/span><\/span><\/td>\n<td data-rm-block-id=\"block-43\"><span style=\"font-size: 14px;\">3900*1660*2950<\/span><\/td>\n<td data-rm-block-id=\"block-44\"><span style=\"font-size: 14px;\">3900*1860*2950<\/span><\/td>\n<td data-rm-block-id=\"block-45\"><span style=\"font-size: 14px;\">3900*2060*2950<\/span><\/td>\n<\/tr>\n<\/tbody>\n<\/table>\n<p data-rm-block-id=\"block-46\">Si solo compra una m\u00e1quina, la empacaremos con un paquete de madera y la cargaremos en un contenedor con carga menor a la del contenedor (LCL).<\/p>\n<p data-rm-block-id=\"block-47\"><img decoding=\"async\" class=\" wp-image-29711\" src=\"https:\/\/maquinaparahacerbolsas.com.ve\/es\/wp-content\/uploads\/2025\/02\/plastic-machine-shipment-with-wooden-pack-less-containers.webp\" sizes=\"(max-width: 492px) 100vw, 492px\" srcset=\"https:\/\/maquinaparahacerbolsas.com.ve\/es\/wp-content\/uploads\/2025\/02\/plastic-machine-shipment-with-wooden-pack-less-containers.webp 768w, https:\/\/maquinaparahacerbolsas.com.ve\/es\/wp-content\/uploads\/2025\/02\/plastic-machine-shipment-with-wooden-pack-less-containers-400x295.webp 400w, https:\/\/maquinaparahacerbolsas.com.ve\/es\/wp-content\/uploads\/2025\/02\/plastic-machine-shipment-with-wooden-pack-less-containers-430x317.webp 430w, https:\/\/maquinaparahacerbolsas.com.ve\/es\/wp-content\/uploads\/2025\/02\/plastic-machine-shipment-with-wooden-pack-less-containers-700x517.webp 700w, https:\/\/maquinaparahacerbolsas.com.ve\/es\/wp-content\/uploads\/2025\/02\/plastic-machine-shipment-with-wooden-pack-less-containers-150x111.webp 150w\" alt=\"plastic machine shipment with wooden pack less containers\" width=\"492\" height=\"363\" \/><\/p>\n<p data-rm-block-id=\"block-48\">Nuestro principal colaborador de piezas es la siguiente marca, pero las piezas est\u00e1ndar est\u00e1n todas fabricadas en China.<\/p>\n<div id=\"attachment_29712\" class=\"wp-caption alignnone\">\n<p data-rm-block-id=\"block-49\"><img decoding=\"async\" class=\" wp-image-29712\" src=\"https:\/\/maquinaparahacerbolsas.com.ve\/es\/wp-content\/uploads\/2025\/02\/plastic-machine-parts-supplier.webp\" sizes=\"(max-width: 492px) 100vw, 492px\" srcset=\"https:\/\/maquinaparahacerbolsas.com.ve\/es\/wp-content\/uploads\/2025\/02\/plastic-machine-parts-supplier.webp 875w, https:\/\/maquinaparahacerbolsas.com.ve\/es\/wp-content\/uploads\/2025\/02\/plastic-machine-parts-supplier-400x230.webp 400w, https:\/\/maquinaparahacerbolsas.com.ve\/es\/wp-content\/uploads\/2025\/02\/plastic-machine-parts-supplier-768x442.webp 768w, https:\/\/maquinaparahacerbolsas.com.ve\/es\/wp-content\/uploads\/2025\/02\/plastic-machine-parts-supplier-430x248.webp 430w, https:\/\/maquinaparahacerbolsas.com.ve\/es\/wp-content\/uploads\/2025\/02\/plastic-machine-parts-supplier-700x403.webp 700w, https:\/\/maquinaparahacerbolsas.com.ve\/es\/wp-content\/uploads\/2025\/02\/plastic-machine-parts-supplier-150x86.webp 150w\" alt=\"plastic machine parts supplier\" width=\"492\" height=\"283\" aria-describedby=\"caption-attachment-29712\" \/><\/p>\n<p id=\"caption-attachment-29712\" class=\"wp-caption-text\" data-rm-block-id=\"block-50\">proveedor de piezas de m\u00e1quinas de pl\u00e1stico<\/p>\n<\/div>\n<div id=\"attachment_29717\" class=\"wp-caption alignnone\">\n<p data-rm-block-id=\"block-51\"><img loading=\"lazy\" decoding=\"async\" class=\"size-full wp-image-29717\" src=\"https:\/\/maquinaparahacerbolsas.com.ve\/es\/wp-content\/uploads\/2025\/02\/plastic-bag-machine-supplier.webp\" sizes=\"(max-width: 497px) 100vw, 497px\" srcset=\"https:\/\/maquinaparahacerbolsas.com.ve\/es\/wp-content\/uploads\/2025\/02\/plastic-bag-machine-supplier.webp 497w, https:\/\/maquinaparahacerbolsas.com.ve\/es\/wp-content\/uploads\/2025\/02\/plastic-bag-machine-supplier-300x300.webp 300w, https:\/\/maquinaparahacerbolsas.com.ve\/es\/wp-content\/uploads\/2025\/02\/plastic-bag-machine-supplier-150x150.webp 150w, https:\/\/maquinaparahacerbolsas.com.ve\/es\/wp-content\/uploads\/2025\/02\/plastic-bag-machine-supplier-430x430.webp 430w\" alt=\"plastic bag machine supplier\" width=\"497\" height=\"497\" aria-describedby=\"caption-attachment-29717\" \/><\/p>\n<p id=\"caption-attachment-29717\" class=\"wp-caption-text\" data-rm-block-id=\"block-52\">plastic bag machine supplier<\/p>\n<\/div>\n<div id=\"attachment_29716\" class=\"wp-caption alignnone\">\n<p data-rm-block-id=\"block-53\"><img loading=\"lazy\" decoding=\"async\" class=\"wp-image-29716\" src=\"https:\/\/maquinaparahacerbolsas.com.ve\/es\/wp-content\/uploads\/2025\/02\/Plastic-bag-machine-factory.webp\" sizes=\"(max-width: 500px) 100vw, 500px\" srcset=\"https:\/\/maquinaparahacerbolsas.com.ve\/es\/wp-content\/uploads\/2025\/02\/Plastic-bag-machine-factory.webp 467w, https:\/\/maquinaparahacerbolsas.com.ve\/es\/wp-content\/uploads\/2025\/02\/Plastic-bag-machine-factory-296x300.webp 296w, https:\/\/maquinaparahacerbolsas.com.ve\/es\/wp-content\/uploads\/2025\/02\/Plastic-bag-machine-factory-430x436.webp 430w, https:\/\/maquinaparahacerbolsas.com.ve\/es\/wp-content\/uploads\/2025\/02\/Plastic-bag-machine-factory-150x152.webp 150w\" alt=\"Plastic bag machine factory\" width=\"500\" height=\"507\" aria-describedby=\"caption-attachment-29716\" \/><\/p>\n<p id=\"caption-attachment-29716\" class=\"wp-caption-text\" data-rm-block-id=\"block-54\">F\u00e1brica de m\u00e1quinas para fabricar bolsas de pl\u00e1stico<\/p>\n<\/div>\n<div id=\"attachment_29715\" class=\"wp-caption alignnone\">\n<p data-rm-block-id=\"block-55\"><img loading=\"lazy\" decoding=\"async\" class=\"wp-image-29715 size-full\" src=\"https:\/\/maquinaparahacerbolsas.com.ve\/es\/wp-content\/uploads\/2025\/02\/Plastic_Recycling_Machine_Near_us_Price.webp\" sizes=\"(max-width: 497px) 100vw, 497px\" srcset=\"https:\/\/maquinaparahacerbolsas.com.ve\/es\/wp-content\/uploads\/2025\/02\/Plastic_Recycling_Machine_Near_us_Price.webp 497w, https:\/\/maquinaparahacerbolsas.com.ve\/es\/wp-content\/uploads\/2025\/02\/Plastic_Recycling_Machine_Near_us_Price-300x300.webp 300w, https:\/\/maquinaparahacerbolsas.com.ve\/es\/wp-content\/uploads\/2025\/02\/Plastic_Recycling_Machine_Near_us_Price-150x150.webp 150w, https:\/\/maquinaparahacerbolsas.com.ve\/es\/wp-content\/uploads\/2025\/02\/Plastic_Recycling_Machine_Near_us_Price-430x430.webp 430w\" alt=\"Plastic Recycling Machine \" width=\"497\" height=\"497\" aria-describedby=\"caption-attachment-29715\" \/><\/p>\n<p id=\"caption-attachment-29715\" class=\"wp-caption-text\" data-rm-block-id=\"block-56\">Plastic Recycling Machine<\/p>\n<\/div>\n","protected":false},"excerpt":{"rendered":"<p>Descubra la m\u00e1quina impresora ideal para crear bolsas y m\u00e1s, con excelente rendimiento y precios competitivos en impresoras flexogr\u00e1ficas.<\/p>\n","protected":false},"featured_media":29953,"comment_status":"closed","ping_status":"closed","template":"","meta":{"_acf_changed":false},"product_brand":[],"product_cat":[83],"product_tag":[],"class_list":{"0":"post-29952","1":"product","2":"type-product","3":"status-publish","4":"has-post-thumbnail","6":"product_cat-impresora-flexografica","8":"first","9":"instock","10":"shipping-taxable","11":"product-type-simple"},"acf":[],"_links":{"self":[{"href":"http:\/\/maquinaparahacerbolsas.com.ve\/es\/wp-json\/wp\/v2\/product\/29952","targetHints":{"allow":["GET"]}}],"collection":[{"href":"http:\/\/maquinaparahacerbolsas.com.ve\/es\/wp-json\/wp\/v2\/product"}],"about":[{"href":"http:\/\/maquinaparahacerbolsas.com.ve\/es\/wp-json\/wp\/v2\/types\/product"}],"replies":[{"embeddable":true,"href":"http:\/\/maquinaparahacerbolsas.com.ve\/es\/wp-json\/wp\/v2\/comments?post=29952"}],"version-history":[{"count":0,"href":"http:\/\/maquinaparahacerbolsas.com.ve\/es\/wp-json\/wp\/v2\/product\/29952\/revisions"}],"wp:featuredmedia":[{"embeddable":true,"href":"http:\/\/maquinaparahacerbolsas.com.ve\/es\/wp-json\/wp\/v2\/media\/29953"}],"wp:attachment":[{"href":"http:\/\/maquinaparahacerbolsas.com.ve\/es\/wp-json\/wp\/v2\/media?parent=29952"}],"wp:term":[{"taxonomy":"product_brand","embeddable":true,"href":"http:\/\/maquinaparahacerbolsas.com.ve\/es\/wp-json\/wp\/v2\/product_brand?post=29952"},{"taxonomy":"product_cat","embeddable":true,"href":"http:\/\/maquinaparahacerbolsas.com.ve\/es\/wp-json\/wp\/v2\/product_cat?post=29952"},{"taxonomy":"product_tag","embeddable":true,"href":"http:\/\/maquinaparahacerbolsas.com.ve\/es\/wp-json\/wp\/v2\/product_tag?post=29952"}],"curies":[{"name":"wp","href":"https:\/\/api.w.org\/{rel}","templated":true}]}}