{"id":28846,"date":"2025-02-24T14:02:26","date_gmt":"2025-02-24T06:02:26","guid":{"rendered":"https:\/\/blanchedalmond-goat-523522.hostingersite.com\/?post_type=product&#038;p=28846"},"modified":"2025-10-11T17:07:38","modified_gmt":"2025-10-11T09:07:38","slug":"maquina-reciclaje-de-plastico-de-alta-velocidad-kd-d-series","status":"publish","type":"product","link":"http:\/\/maquinaparahacerbolsas.com.ve\/es\/maquina-peletizadora-de-plastico-de-alta-velocidad","title":{"rendered":"Maquina peletizadora de pl\u00e1stico de alta velocidad"},"content":{"rendered":"<p>Maquina peletizadora de pl\u00e1stico de alta velocidad<\/p>\n<p>El granulador de pl\u00e1stico es ideal para el reciclaje y granulaci\u00f3n de desechos pl\u00e1sticos, tales como polietileno y polipropileno.<\/p>\n<p>Esta m\u00e1quina cuenta con un filtro y una malla de cambio r\u00e1pido, ambos impulsados por un motor, as\u00ed como un convertidor de frecuencia que regula la velocidad del equipo y un sistema autom\u00e1tico para el control de la temperatura. El granulador triturador emplea un convertidor de frecuencia para ajustar la velocidad del motor, permitiendo que la granulaci\u00f3n se realice de manera sincronizada con la extrusora y manteniendo una velocidad de descarga constante.<\/p>\n<p>El sistema es sencillo de operar, ofrece una alta capacidad de producci\u00f3n, un rendimiento estable y genera importantes beneficios econ\u00f3micos.<\/p>\n<div id=\"attachment_29715\" style=\"width: 507px\" class=\"wp-caption alignnone\"><img fetchpriority=\"high\" decoding=\"async\" aria-describedby=\"caption-attachment-29715\" class=\"size-full wp-image-29715\" src=\"https:\/\/maquinaparahacerbolsas.com.ve\/es\/wp-content\/uploads\/2025\/02\/Plastic_Recycling_Machine_Near_us_Price.webp\" alt=\"Peletizadora De Pl\u00e1stico\" width=\"497\" height=\"497\" srcset=\"http:\/\/maquinaparahacerbolsas.com.ve\/es\/wp-content\/uploads\/2025\/02\/Plastic_Recycling_Machine_Near_us_Price.webp 497w, http:\/\/maquinaparahacerbolsas.com.ve\/es\/wp-content\/uploads\/2025\/02\/Plastic_Recycling_Machine_Near_us_Price-300x300.webp 300w, http:\/\/maquinaparahacerbolsas.com.ve\/es\/wp-content\/uploads\/2025\/02\/Plastic_Recycling_Machine_Near_us_Price-150x150.webp 150w, http:\/\/maquinaparahacerbolsas.com.ve\/es\/wp-content\/uploads\/2025\/02\/Plastic_Recycling_Machine_Near_us_Price-430x430.webp 430w\" sizes=\"(max-width: 497px) 100vw, 497px\" \/><p id=\"caption-attachment-29715\" class=\"wp-caption-text\">Peletizadora De Pl\u00e1stico<\/p><\/div>\n<p>Caracter\u00edsticas de la Peletizadora \uff1a<br \/>\n1. El inversor controla la velocidad de la m\u00e1quina<br \/>\n2. El inversor puede controlar el tama\u00f1o de las part\u00edculas de pl\u00e1stico<br \/>\n3. Tanque de agua de corte en fr\u00edo<br \/>\n4. M\u00e1quina de corte<br \/>\n5. Operaci\u00f3n sencilla<br \/>\n6. Filtro<\/p>\n<div id=\"attachment_29700\" style=\"width: 440px\" class=\"wp-caption alignnone\"><img decoding=\"async\" aria-describedby=\"caption-attachment-29700\" class=\"size-full wp-image-29700\" src=\"https:\/\/maquinaparahacerbolsas.com.ve\/es\/wp-content\/uploads\/2025\/02\/Peletizadora-de-Plasticos.jpg\" alt=\"Peletizadora de Pl\u00e1sticos\" width=\"430\" height=\"353\" srcset=\"http:\/\/maquinaparahacerbolsas.com.ve\/es\/wp-content\/uploads\/2025\/02\/Peletizadora-de-Plasticos.jpg 430w, http:\/\/maquinaparahacerbolsas.com.ve\/es\/wp-content\/uploads\/2025\/02\/Peletizadora-de-Plasticos-365x300.jpg 365w, http:\/\/maquinaparahacerbolsas.com.ve\/es\/wp-content\/uploads\/2025\/02\/Peletizadora-de-Plasticos-150x123.jpg 150w\" sizes=\"(max-width: 430px) 100vw, 430px\" \/><p id=\"caption-attachment-29700\" class=\"wp-caption-text\">Peletizadora de Pl\u00e1sticos<\/p><\/div>\n<table border=\"0\" cellspacing=\"1\" cellpadding=\"0\">\n<tbody>\n<tr>\n<td>\n<div><span data-scayt_word=\"Modelo\" data-scaytid=\"23\">Modelo<\/span><\/div>\n<\/td>\n<td>\n<div><\/div>\n<\/td>\n<td>\n<div><span data-scayt_word=\"SJ-D135\" data-scaytid=\"24\">SJ-D135<\/span>\/110<\/div>\n<\/td>\n<td>\n<div><span data-scayt_word=\"SJ-D115\" data-scaytid=\"25\">SJ-D115<\/span>\/90<\/div>\n<\/td>\n<\/tr>\n<tr>\n<td>\n<div><span data-scayt_word=\"Di\u00e1metro\" data-scaytid=\"26\">Di\u00e1metro<\/span> del <span data-scayt_word=\"tornillo\" data-scaytid=\"27\">tornillo<\/span><\/div>\n<\/td>\n<td>\n<div><\/div>\n<\/td>\n<td>\n<div>135<\/div>\n<\/td>\n<td>\n<div>115<\/div>\n<\/td>\n<\/tr>\n<tr>\n<td>\n<div><\/div>\n<\/td>\n<td>\n<div><span data-scayt_word=\"Auxiliar\" data-scaytid=\"29\">Auxiliar<\/span><\/div>\n<\/td>\n<td>\n<div>110<\/div>\n<\/td>\n<td>\n<div>90<\/div>\n<\/td>\n<\/tr>\n<tr>\n<td>\n<div style=\"padding: 0px; margin: 0px; text-indent: 5.25pt;\"><span data-scayt_word=\"Proporci\u00f3n\" data-scaytid=\"30\">Proporci\u00f3n<\/span> de largo y <span data-scayt_word=\"di\u00e1metro\" data-scaytid=\"31\">di\u00e1metro<\/span> del <span data-scayt_word=\"tornillo\" data-scaytid=\"28\">tornillo<\/span><\/div>\n<div><\/div>\n<\/td>\n<td>\n<div>Anfitri\u00f3n<\/div>\n<\/td>\n<td>\n<div>20:1<\/div>\n<\/td>\n<td>\n<div>20:1<\/div>\n<\/td>\n<\/tr>\n<tr>\n<td>\n<div><\/div>\n<\/td>\n<td>\n<div><a style=\"padding: 0px; margin: 0px; color: #000000;\" name=\"OLE_LINK27\"><\/a><\/div>\n<\/td>\n<td>\n<div>12:1<\/div>\n<\/td>\n<td>\n<div>12:1<\/div>\n<\/td>\n<\/tr>\n<tr>\n<td>\n<div>Potencia del motor<\/div>\n<\/td>\n<td>\n<div>Anfitri\u00f3n<\/div>\n<\/td>\n<td>\n<div>37<\/div>\n<\/td>\n<td>\n<div>30<\/div>\n<\/td>\n<\/tr>\n<tr>\n<td>\n<div><\/div>\n<\/td>\n<td>\n<div>Auxiliar<\/div>\n<\/td>\n<td>\n<div>15<\/div>\n<\/td>\n<td>\n<div>11<\/div>\n<\/td>\n<\/tr>\n<tr>\n<td>\n<div>Velocidad del tornillo<\/div>\n<\/td>\n<td>\n<div><\/div>\n<\/td>\n<td>\n<div>10-120<\/div>\n<\/td>\n<td>\n<div>10-120<\/div>\n<\/td>\n<\/tr>\n<tr>\n<td>\n<div>Potencia calor\u00edfica total<\/div>\n<\/td>\n<td>\n<div><\/div>\n<\/td>\n<td>\n<div>60<\/div>\n<\/td>\n<td>\n<div>50<\/div>\n<\/td>\n<\/tr>\n<tr>\n<td>\n<div>Capacidad de producci\u00f3n<\/div>\n<\/td>\n<td>\n<div><\/div>\n<\/td>\n<td>\n<div>150-200<\/div>\n<\/td>\n<td>\n<div>120-150<\/div>\n<\/td>\n<\/tr>\n<tr>\n<td>\n<div>Molino energ\u00eda<\/div>\n<\/td>\n<td>\n<div><\/div>\n<\/td>\n<td>\n<div>3<\/div>\n<\/td>\n<td>\n<div>2.2<\/div>\n<\/td>\n<\/tr>\n<tr>\n<td>\n<div>Peso<\/div>\n<\/td>\n<td>\n<div><\/div>\n<\/td>\n<td>\n<div>5000<\/div>\n<\/td>\n<td>\n<div>3000<\/div>\n<\/td>\n<\/tr>\n<tr>\n<td>\n<div>Dimensiones de la instalaci\u00f3n<\/div>\n<\/td>\n<td>\n<div><\/div>\n<\/td>\n<td>\n<div>6500\u00d74000\u00d71500<\/div>\n<\/td>\n<td>\n<div>6000\u00d73500\u00d71500<\/div>\n<\/td>\n<\/tr>\n<\/tbody>\n<\/table>\n<p>Si solo compra una m\u00e1quina, la empacaremos con un paquete de madera y la cargaremos en un contenedor con carga menor a la del contenedor (LCL).<\/p>\n<p><img decoding=\"async\" class=\" wp-image-29711\" src=\"https:\/\/maquinaparahacerbolsas.com.ve\/es\/wp-content\/uploads\/2025\/02\/plastic-machine-shipment-with-wooden-pack-less-containers.webp\" alt=\"plastic machine shipment with wooden pack less containers\" width=\"492\" height=\"363\" srcset=\"http:\/\/maquinaparahacerbolsas.com.ve\/es\/wp-content\/uploads\/2025\/02\/plastic-machine-shipment-with-wooden-pack-less-containers.webp 768w, http:\/\/maquinaparahacerbolsas.com.ve\/es\/wp-content\/uploads\/2025\/02\/plastic-machine-shipment-with-wooden-pack-less-containers-400x295.webp 400w, http:\/\/maquinaparahacerbolsas.com.ve\/es\/wp-content\/uploads\/2025\/02\/plastic-machine-shipment-with-wooden-pack-less-containers-430x317.webp 430w, http:\/\/maquinaparahacerbolsas.com.ve\/es\/wp-content\/uploads\/2025\/02\/plastic-machine-shipment-with-wooden-pack-less-containers-700x517.webp 700w, http:\/\/maquinaparahacerbolsas.com.ve\/es\/wp-content\/uploads\/2025\/02\/plastic-machine-shipment-with-wooden-pack-less-containers-150x111.webp 150w\" sizes=\"(max-width: 492px) 100vw, 492px\" \/><\/p>\n<p>Nuestro principal colaborador de piezas es la siguiente marca, pero las piezas est\u00e1ndar est\u00e1n todas fabricadas en China.<\/p>\n<div id=\"attachment_29712\" style=\"width: 502px\" class=\"wp-caption alignnone\"><img loading=\"lazy\" decoding=\"async\" aria-describedby=\"caption-attachment-29712\" class=\" wp-image-29712\" src=\"https:\/\/maquinaparahacerbolsas.com.ve\/es\/wp-content\/uploads\/2025\/02\/plastic-machine-parts-supplier.webp\" alt=\"plastic machine parts supplier\" width=\"492\" height=\"283\" srcset=\"http:\/\/maquinaparahacerbolsas.com.ve\/es\/wp-content\/uploads\/2025\/02\/plastic-machine-parts-supplier.webp 875w, http:\/\/maquinaparahacerbolsas.com.ve\/es\/wp-content\/uploads\/2025\/02\/plastic-machine-parts-supplier-400x230.webp 400w, http:\/\/maquinaparahacerbolsas.com.ve\/es\/wp-content\/uploads\/2025\/02\/plastic-machine-parts-supplier-768x442.webp 768w, http:\/\/maquinaparahacerbolsas.com.ve\/es\/wp-content\/uploads\/2025\/02\/plastic-machine-parts-supplier-430x248.webp 430w, http:\/\/maquinaparahacerbolsas.com.ve\/es\/wp-content\/uploads\/2025\/02\/plastic-machine-parts-supplier-700x403.webp 700w, http:\/\/maquinaparahacerbolsas.com.ve\/es\/wp-content\/uploads\/2025\/02\/plastic-machine-parts-supplier-150x86.webp 150w\" sizes=\"(max-width: 492px) 100vw, 492px\" \/><p id=\"caption-attachment-29712\" class=\"wp-caption-text\">proveedor de piezas de m\u00e1quinas de pl\u00e1stico<\/p><\/div>\n<div id=\"attachment_29717\" style=\"width: 507px\" class=\"wp-caption alignnone\"><img loading=\"lazy\" decoding=\"async\" aria-describedby=\"caption-attachment-29717\" class=\"size-full wp-image-29717\" src=\"https:\/\/maquinaparahacerbolsas.com.ve\/es\/wp-content\/uploads\/2025\/02\/plastic-bag-machine-supplier.webp\" alt=\"plastic bag machine supplier\" width=\"497\" height=\"497\" srcset=\"http:\/\/maquinaparahacerbolsas.com.ve\/es\/wp-content\/uploads\/2025\/02\/plastic-bag-machine-supplier.webp 497w, http:\/\/maquinaparahacerbolsas.com.ve\/es\/wp-content\/uploads\/2025\/02\/plastic-bag-machine-supplier-300x300.webp 300w, http:\/\/maquinaparahacerbolsas.com.ve\/es\/wp-content\/uploads\/2025\/02\/plastic-bag-machine-supplier-150x150.webp 150w, http:\/\/maquinaparahacerbolsas.com.ve\/es\/wp-content\/uploads\/2025\/02\/plastic-bag-machine-supplier-430x430.webp 430w\" sizes=\"(max-width: 497px) 100vw, 497px\" \/><p id=\"caption-attachment-29717\" class=\"wp-caption-text\">plastic bag machine supplier<\/p><\/div>\n<div id=\"attachment_29716\" style=\"width: 510px\" class=\"wp-caption alignnone\"><img loading=\"lazy\" decoding=\"async\" aria-describedby=\"caption-attachment-29716\" class=\"wp-image-29716\" src=\"https:\/\/maquinaparahacerbolsas.com.ve\/es\/wp-content\/uploads\/2025\/02\/Plastic-bag-machine-factory.webp\" alt=\"Plastic bag machine factory\" width=\"500\" height=\"507\" srcset=\"http:\/\/maquinaparahacerbolsas.com.ve\/es\/wp-content\/uploads\/2025\/02\/Plastic-bag-machine-factory.webp 467w, http:\/\/maquinaparahacerbolsas.com.ve\/es\/wp-content\/uploads\/2025\/02\/Plastic-bag-machine-factory-296x300.webp 296w, http:\/\/maquinaparahacerbolsas.com.ve\/es\/wp-content\/uploads\/2025\/02\/Plastic-bag-machine-factory-430x436.webp 430w, http:\/\/maquinaparahacerbolsas.com.ve\/es\/wp-content\/uploads\/2025\/02\/Plastic-bag-machine-factory-150x152.webp 150w\" sizes=\"(max-width: 500px) 100vw, 500px\" \/><p id=\"caption-attachment-29716\" class=\"wp-caption-text\">F\u00e1brica de m\u00e1quinas para fabricar bolsas de pl\u00e1stico<\/p><\/div>\n","protected":false},"excerpt":{"rendered":"<p>&nbsp;<\/p>\n<p>&nbsp;<\/p>\n","protected":false},"featured_media":29382,"comment_status":"closed","ping_status":"closed","template":"","meta":{"_acf_changed":false},"product_brand":[],"product_cat":[75],"product_tag":[],"class_list":{"0":"post-28846","1":"product","2":"type-product","3":"status-publish","4":"has-post-thumbnail","6":"product_cat-extrusora-reciclaje-peletizadora","8":"first","9":"instock","10":"shipping-taxable","11":"product-type-simple"},"acf":[],"_links":{"self":[{"href":"http:\/\/maquinaparahacerbolsas.com.ve\/es\/wp-json\/wp\/v2\/product\/28846","targetHints":{"allow":["GET"]}}],"collection":[{"href":"http:\/\/maquinaparahacerbolsas.com.ve\/es\/wp-json\/wp\/v2\/product"}],"about":[{"href":"http:\/\/maquinaparahacerbolsas.com.ve\/es\/wp-json\/wp\/v2\/types\/product"}],"replies":[{"embeddable":true,"href":"http:\/\/maquinaparahacerbolsas.com.ve\/es\/wp-json\/wp\/v2\/comments?post=28846"}],"version-history":[{"count":0,"href":"http:\/\/maquinaparahacerbolsas.com.ve\/es\/wp-json\/wp\/v2\/product\/28846\/revisions"}],"wp:featuredmedia":[{"embeddable":true,"href":"http:\/\/maquinaparahacerbolsas.com.ve\/es\/wp-json\/wp\/v2\/media\/29382"}],"wp:attachment":[{"href":"http:\/\/maquinaparahacerbolsas.com.ve\/es\/wp-json\/wp\/v2\/media?parent=28846"}],"wp:term":[{"taxonomy":"product_brand","embeddable":true,"href":"http:\/\/maquinaparahacerbolsas.com.ve\/es\/wp-json\/wp\/v2\/product_brand?post=28846"},{"taxonomy":"product_cat","embeddable":true,"href":"http:\/\/maquinaparahacerbolsas.com.ve\/es\/wp-json\/wp\/v2\/product_cat?post=28846"},{"taxonomy":"product_tag","embeddable":true,"href":"http:\/\/maquinaparahacerbolsas.com.ve\/es\/wp-json\/wp\/v2\/product_tag?post=28846"}],"curies":[{"name":"wp","href":"https:\/\/api.w.org\/{rel}","templated":true}]}}