{"id":28839,"date":"2025-02-24T13:53:52","date_gmt":"2025-02-24T05:53:52","guid":{"rendered":"https:\/\/blanchedalmond-goat-523522.hostingersite.com\/?post_type=product&#038;p=28839"},"modified":"2025-10-13T13:07:26","modified_gmt":"2025-10-13T05:07:26","slug":"peletizado-de-plastico-de-alta-velocidad-kd-c-series","status":"publish","type":"product","link":"http:\/\/maquinaparahacerbolsas.com.ve\/es\/extrusion-reciclaje-de-plastico-de-alta-velocidad","title":{"rendered":"Maquina peletizadora de plastico de alta velocidad"},"content":{"rendered":"<p>Maquina peletizadora de plastico de alta velocidad<\/p>\n<p>La Maquina peletizadora de plastico de alta velocidad es ideal para el reciclaje y la granulaci\u00f3n de desechos pl\u00e1sticos, tales como polietileno y polipropileno. Esta m\u00e1quina cuenta con un filtro y una malla de cambio r\u00e1pido que son accionados por motor, adem\u00e1s de un convertidor de frecuencia que permite el control de la velocidad de operaci\u00f3n y un sistema autom\u00e1tico de control de temperatura.<\/p>\n<p>La m\u00e1quina peletizadora de pl\u00e1stico de alta velocidad utiliza este convertidor de frecuencia para regular un motor con velocidad ajustable, granula de manera sincronizada con la extrusora y mantiene una velocidad de descarga constante.<\/p>\n<p>Este equipo se caracteriza por su facilidad de operaci\u00f3n, alta capacidad de producci\u00f3n, rendimiento estable y significativos beneficios econ\u00f3micos.<\/p>\n<div id=\"attachment_29715\" style=\"width: 507px\" class=\"wp-caption alignnone\"><img fetchpriority=\"high\" decoding=\"async\" aria-describedby=\"caption-attachment-29715\" class=\"size-full wp-image-29715\" src=\"https:\/\/maquinaparahacerbolsas.com.ve\/es\/wp-content\/uploads\/2025\/02\/Plastic_Recycling_Machine_Near_us_Price.webp\" alt=\"Peletizadora De Pl\u00e1stico\" width=\"497\" height=\"497\" srcset=\"http:\/\/maquinaparahacerbolsas.com.ve\/es\/wp-content\/uploads\/2025\/02\/Plastic_Recycling_Machine_Near_us_Price.webp 497w, http:\/\/maquinaparahacerbolsas.com.ve\/es\/wp-content\/uploads\/2025\/02\/Plastic_Recycling_Machine_Near_us_Price-300x300.webp 300w, http:\/\/maquinaparahacerbolsas.com.ve\/es\/wp-content\/uploads\/2025\/02\/Plastic_Recycling_Machine_Near_us_Price-150x150.webp 150w, http:\/\/maquinaparahacerbolsas.com.ve\/es\/wp-content\/uploads\/2025\/02\/Plastic_Recycling_Machine_Near_us_Price-430x430.webp 430w\" sizes=\"(max-width: 497px) 100vw, 497px\" \/><p id=\"caption-attachment-29715\" class=\"wp-caption-text\">Peletizadora De Pl\u00e1stico<\/p><\/div>\n<p>Caracter\u00edsticas de la Peletizadora \uff1a<br \/>\n1. El inversor controla la velocidad de la m\u00e1quina<br \/>\n2. El inversor puede controlar el tama\u00f1o de las part\u00edculas de pl\u00e1stico<br \/>\n3. Tanque de agua de corte en fr\u00edo<br \/>\n4. M\u00e1quina de corte<br \/>\n5. Operaci\u00f3n sencilla<br \/>\n6. Filtro<\/p>\n<p><img decoding=\"async\" class=\"size-full wp-image-29700\" src=\"https:\/\/maquinaparahacerbolsas.com.ve\/es\/wp-content\/uploads\/2025\/02\/Peletizadora-de-Plasticos.jpg\" alt=\"Peletizadora de Pl\u00e1sticos\" width=\"430\" height=\"353\" srcset=\"http:\/\/maquinaparahacerbolsas.com.ve\/es\/wp-content\/uploads\/2025\/02\/Peletizadora-de-Plasticos.jpg 430w, http:\/\/maquinaparahacerbolsas.com.ve\/es\/wp-content\/uploads\/2025\/02\/Peletizadora-de-Plasticos-365x300.jpg 365w, http:\/\/maquinaparahacerbolsas.com.ve\/es\/wp-content\/uploads\/2025\/02\/Peletizadora-de-Plasticos-150x123.jpg 150w\" sizes=\"(max-width: 430px) 100vw, 430px\" \/><\/p>\n<table border=\"0\" cellspacing=\"1\" cellpadding=\"0\">\n<tbody>\n<tr>\n<td>\n<div><span data-scayt_word=\"Modelos\" data-scaytid=\"63\">Modelos<\/span><\/div>\n<\/td>\n<td>\n<div><span data-scayt_word=\"SJ-C90\" data-scaytid=\"64\">SJ-C90<\/span><\/div>\n<\/td>\n<td>\n<div><span data-scayt_word=\"SJ-C100\" data-scaytid=\"65\">SJ-C100<\/span><\/div>\n<\/td>\n<td>\n<div><span data-scayt_word=\"SJ-C110\" data-scaytid=\"66\">SJ-C110<\/span><\/div>\n<\/td>\n<td>\n<div><span data-scayt_word=\"SJ-C120\" data-scaytid=\"67\">SJ-C120<\/span><\/div>\n<\/td>\n<\/tr>\n<tr>\n<td>\n<div>\u00a0<span data-scayt_word=\"Di\u00e1metrodel\" data-scaytid=\"68\">Di\u00e1metrodel<\/span>\u00a0<span data-scayt_word=\"tornillo\" data-scaytid=\"69\">tornillo<\/span><\/div>\n<\/td>\n<td>\n<div><span data-scayt_word=\"85mm\" data-scaytid=\"70\">85mm<\/span><\/div>\n<\/td>\n<td>\n<div><span data-scayt_word=\"95mm\" data-scaytid=\"71\">95mm<\/span><\/div>\n<\/td>\n<td>\n<div><span data-scayt_word=\"105mm\" data-scaytid=\"72\">105mm<\/span><\/div>\n<\/td>\n<td>\n<div><span data-scayt_word=\"110mm\" data-scaytid=\"73\">110mm<\/span><\/div>\n<\/td>\n<\/tr>\n<tr>\n<td style=\"padding: 1.5pt; margin: 0px; border-width: 1pt; border-color: silver; background-color: white; height: 29pt; width: 55.75pt;\">\n<div><\/div>\n<div style=\"padding: 0px; margin: 0px; text-indent: 5.25pt;\"><span data-scayt_word=\"Proporci\u00f3nde\" data-scaytid=\"74\">Proporci\u00f3nde<\/span> largo <span data-scayt_word=\"ydi\u00e1metro\" data-scaytid=\"75\">ydi\u00e1metro<\/span>\u00a0<span data-scayt_word=\"deltornillo\" data-scaytid=\"76\">deltornillo<\/span><\/div>\n<div><\/div>\n<\/td>\n<td>\n<div>20:1-22:1(L\/D)<\/div>\n<\/td>\n<td>\n<div>20:1-22:1(L\/D)<\/div>\n<\/td>\n<td>\n<div>20:1-22:1(L\/D)<\/div>\n<\/td>\n<td>\n<div>20:1-22:1(L\/D)<\/div>\n<\/td>\n<\/tr>\n<tr>\n<td>\n<div>\u00a0<span data-scayt_word=\"Velocidaddel\" data-scaytid=\"78\">Velocidaddel<\/span>\u00a0<span data-scayt_word=\"tornillo\" data-scaytid=\"77\">tornillo<\/span><\/div>\n<\/td>\n<td>\n<div><span data-scayt_word=\"10-110rpm\" data-scaytid=\"80\">10-110rpm<\/span><\/div>\n<\/td>\n<td>\n<div><span data-scayt_word=\"10-110rpm\" data-scaytid=\"81\">10-110rpm<\/span><\/div>\n<\/td>\n<td>\n<div><span data-scayt_word=\"10-110rpm\" data-scaytid=\"82\">10-110rpm<\/span><\/div>\n<\/td>\n<td>\n<div><span data-scayt_word=\"10-110rpm\" data-scaytid=\"83\">10-110rpm<\/span><\/div>\n<\/td>\n<\/tr>\n<tr>\n<td style=\"padding: 1.5pt; margin: 0px; border-width: 1pt; border-color: silver; background-color: white; height: 29.65pt; width: 55.75pt;\">\n<div>\u00a0<span data-scayt_word=\"Energ\u00eda\" data-scaytid=\"84\">Energ\u00eda<\/span>\u00a0del motor principal<\/div>\n<\/td>\n<td>\n<div><span data-scayt_word=\"22kw\" data-scaytid=\"85\">22kw<\/span><\/div>\n<\/td>\n<td>\n<div><span data-scayt_word=\"30kw\" data-scaytid=\"86\">30kw<\/span><\/div>\n<\/td>\n<td>\n<div><span data-scayt_word=\"30kw\" data-scaytid=\"87\">30kw<\/span><\/div>\n<\/td>\n<td>\n<div><span data-scayt_word=\"37kw\" data-scaytid=\"88\">37kw<\/span><\/div>\n<\/td>\n<\/tr>\n<tr>\n<td>\n<div>\u00a0<span data-scayt_word=\"Rendimiento\" data-scaytid=\"89\">Rendimiento<\/span><\/div>\n<\/td>\n<td>\n<div><span data-scayt_word=\"60kg\" data-scaytid=\"90\">60kg<\/span>\/h<\/div>\n<\/td>\n<td>\n<div><span data-scayt_word=\"90kg\" data-scaytid=\"91\">90kg<\/span>\/h<\/div>\n<\/td>\n<td>\n<div><span data-scayt_word=\"110kg\" data-scaytid=\"92\">110kg<\/span>\/h<\/div>\n<\/td>\n<td>\n<div><span data-scayt_word=\"130kg\" data-scaytid=\"93\">130kg<\/span>\/h<\/div>\n<\/td>\n<\/tr>\n<tr>\n<td>\n<div>\u00a0Peso<\/div>\n<\/td>\n<td>\n<div><span data-scayt_word=\"2t\" data-scaytid=\"94\">2t<\/span><\/div>\n<\/td>\n<td>\n<div>2.1t<\/div>\n<\/td>\n<td>\n<div>2.2t<\/div>\n<\/td>\n<td>\n<div>2.5t<\/div>\n<\/td>\n<\/tr>\n<tr>\n<td>\n<div>\u00a0<span data-scayt_word=\"\u00c1rea\" data-scaytid=\"95\">\u00c1rea<\/span>\u00a0<span data-scayt_word=\"detama\u00f1o\" data-scaytid=\"96\">detama\u00f1o<\/span>\u00a0(L x W x H)<\/div>\n<\/td>\n<td>\n<div>5800 x 1500 x 1100<\/div>\n<\/td>\n<td>\n<div>5900 x 1300 x 1200<\/div>\n<\/td>\n<td>\n<div>6000 x 1350 x 1300<\/div>\n<\/td>\n<td>\n<div>6200 x 1400 x 1350<\/div>\n<\/td>\n<\/tr>\n<\/tbody>\n<\/table>\n<p>Si solo compra una m\u00e1quina, la empacaremos con un paquete de madera y la cargaremos en un contenedor con carga menor a la del contenedor (LCL).<\/p>\n<p><img decoding=\"async\" class=\" wp-image-29711\" src=\"https:\/\/maquinaparahacerbolsas.com.ve\/es\/wp-content\/uploads\/2025\/02\/plastic-machine-shipment-with-wooden-pack-less-containers.webp\" alt=\"plastic machine shipment with wooden pack less containers\" width=\"492\" height=\"363\" srcset=\"http:\/\/maquinaparahacerbolsas.com.ve\/es\/wp-content\/uploads\/2025\/02\/plastic-machine-shipment-with-wooden-pack-less-containers.webp 768w, http:\/\/maquinaparahacerbolsas.com.ve\/es\/wp-content\/uploads\/2025\/02\/plastic-machine-shipment-with-wooden-pack-less-containers-400x295.webp 400w, http:\/\/maquinaparahacerbolsas.com.ve\/es\/wp-content\/uploads\/2025\/02\/plastic-machine-shipment-with-wooden-pack-less-containers-430x317.webp 430w, http:\/\/maquinaparahacerbolsas.com.ve\/es\/wp-content\/uploads\/2025\/02\/plastic-machine-shipment-with-wooden-pack-less-containers-700x517.webp 700w, http:\/\/maquinaparahacerbolsas.com.ve\/es\/wp-content\/uploads\/2025\/02\/plastic-machine-shipment-with-wooden-pack-less-containers-150x111.webp 150w\" sizes=\"(max-width: 492px) 100vw, 492px\" \/><\/p>\n<p>Nuestro principal colaborador de piezas es la siguiente marca, pero las piezas est\u00e1ndar est\u00e1n todas fabricadas en China.<\/p>\n<div id=\"attachment_29712\" style=\"width: 502px\" class=\"wp-caption alignnone\"><img loading=\"lazy\" decoding=\"async\" aria-describedby=\"caption-attachment-29712\" class=\" wp-image-29712\" src=\"https:\/\/maquinaparahacerbolsas.com.ve\/es\/wp-content\/uploads\/2025\/02\/plastic-machine-parts-supplier.webp\" alt=\"plastic machine parts supplier\" width=\"492\" height=\"283\" srcset=\"http:\/\/maquinaparahacerbolsas.com.ve\/es\/wp-content\/uploads\/2025\/02\/plastic-machine-parts-supplier.webp 875w, http:\/\/maquinaparahacerbolsas.com.ve\/es\/wp-content\/uploads\/2025\/02\/plastic-machine-parts-supplier-400x230.webp 400w, http:\/\/maquinaparahacerbolsas.com.ve\/es\/wp-content\/uploads\/2025\/02\/plastic-machine-parts-supplier-768x442.webp 768w, http:\/\/maquinaparahacerbolsas.com.ve\/es\/wp-content\/uploads\/2025\/02\/plastic-machine-parts-supplier-430x248.webp 430w, http:\/\/maquinaparahacerbolsas.com.ve\/es\/wp-content\/uploads\/2025\/02\/plastic-machine-parts-supplier-700x403.webp 700w, http:\/\/maquinaparahacerbolsas.com.ve\/es\/wp-content\/uploads\/2025\/02\/plastic-machine-parts-supplier-150x86.webp 150w\" sizes=\"(max-width: 492px) 100vw, 492px\" \/><p id=\"caption-attachment-29712\" class=\"wp-caption-text\">proveedor de piezas de m\u00e1quinas de pl\u00e1stico<\/p><\/div>\n<div id=\"attachment_29717\" style=\"width: 507px\" class=\"wp-caption alignnone\"><img loading=\"lazy\" decoding=\"async\" aria-describedby=\"caption-attachment-29717\" class=\"size-full wp-image-29717\" src=\"https:\/\/maquinaparahacerbolsas.com.ve\/es\/wp-content\/uploads\/2025\/02\/plastic-bag-machine-supplier.webp\" alt=\"plastic bag machine supplier\" width=\"497\" height=\"497\" srcset=\"http:\/\/maquinaparahacerbolsas.com.ve\/es\/wp-content\/uploads\/2025\/02\/plastic-bag-machine-supplier.webp 497w, http:\/\/maquinaparahacerbolsas.com.ve\/es\/wp-content\/uploads\/2025\/02\/plastic-bag-machine-supplier-300x300.webp 300w, http:\/\/maquinaparahacerbolsas.com.ve\/es\/wp-content\/uploads\/2025\/02\/plastic-bag-machine-supplier-150x150.webp 150w, http:\/\/maquinaparahacerbolsas.com.ve\/es\/wp-content\/uploads\/2025\/02\/plastic-bag-machine-supplier-430x430.webp 430w\" sizes=\"(max-width: 497px) 100vw, 497px\" \/><p id=\"caption-attachment-29717\" class=\"wp-caption-text\">plastic bag machine supplier<\/p><\/div>\n<div id=\"attachment_29716\" style=\"width: 510px\" class=\"wp-caption alignnone\"><img loading=\"lazy\" decoding=\"async\" aria-describedby=\"caption-attachment-29716\" class=\"wp-image-29716\" src=\"https:\/\/maquinaparahacerbolsas.com.ve\/es\/wp-content\/uploads\/2025\/02\/Plastic-bag-machine-factory.webp\" alt=\"Plastic bag machine factory\" width=\"500\" height=\"507\" srcset=\"http:\/\/maquinaparahacerbolsas.com.ve\/es\/wp-content\/uploads\/2025\/02\/Plastic-bag-machine-factory.webp 467w, http:\/\/maquinaparahacerbolsas.com.ve\/es\/wp-content\/uploads\/2025\/02\/Plastic-bag-machine-factory-296x300.webp 296w, http:\/\/maquinaparahacerbolsas.com.ve\/es\/wp-content\/uploads\/2025\/02\/Plastic-bag-machine-factory-430x436.webp 430w, http:\/\/maquinaparahacerbolsas.com.ve\/es\/wp-content\/uploads\/2025\/02\/Plastic-bag-machine-factory-150x152.webp 150w\" sizes=\"(max-width: 500px) 100vw, 500px\" \/><p id=\"caption-attachment-29716\" class=\"wp-caption-text\">F\u00e1brica de m\u00e1quinas para fabricar bolsas de pl\u00e1stico<\/p><\/div>\n<div id=\"attachment_29715\" style=\"width: 507px\" class=\"wp-caption alignnone\"><img loading=\"lazy\" decoding=\"async\" aria-describedby=\"caption-attachment-29715\" class=\"wp-image-29715 size-full\" src=\"https:\/\/maquinaparahacerbolsas.com.ve\/es\/wp-content\/uploads\/2025\/02\/Plastic_Recycling_Machine_Near_us_Price.webp\" alt=\"Plastic Recycling Machine \" width=\"497\" height=\"497\" srcset=\"http:\/\/maquinaparahacerbolsas.com.ve\/es\/wp-content\/uploads\/2025\/02\/Plastic_Recycling_Machine_Near_us_Price.webp 497w, http:\/\/maquinaparahacerbolsas.com.ve\/es\/wp-content\/uploads\/2025\/02\/Plastic_Recycling_Machine_Near_us_Price-300x300.webp 300w, http:\/\/maquinaparahacerbolsas.com.ve\/es\/wp-content\/uploads\/2025\/02\/Plastic_Recycling_Machine_Near_us_Price-150x150.webp 150w, http:\/\/maquinaparahacerbolsas.com.ve\/es\/wp-content\/uploads\/2025\/02\/Plastic_Recycling_Machine_Near_us_Price-430x430.webp 430w\" sizes=\"(max-width: 497px) 100vw, 497px\" \/><p id=\"caption-attachment-29715\" class=\"wp-caption-text\">Plastic Recycling Machine<\/p><\/div>\n","protected":false},"excerpt":{"rendered":"<p>Maquina peletizadora<\/p>\n","protected":false},"featured_media":29380,"comment_status":"closed","ping_status":"closed","template":"","meta":{"_acf_changed":false},"product_brand":[],"product_cat":[75],"product_tag":[],"class_list":{"0":"post-28839","1":"product","2":"type-product","3":"status-publish","4":"has-post-thumbnail","6":"product_cat-extrusora-reciclaje-peletizadora","8":"first","9":"instock","10":"shipping-taxable","11":"product-type-simple"},"acf":[],"_links":{"self":[{"href":"http:\/\/maquinaparahacerbolsas.com.ve\/es\/wp-json\/wp\/v2\/product\/28839","targetHints":{"allow":["GET"]}}],"collection":[{"href":"http:\/\/maquinaparahacerbolsas.com.ve\/es\/wp-json\/wp\/v2\/product"}],"about":[{"href":"http:\/\/maquinaparahacerbolsas.com.ve\/es\/wp-json\/wp\/v2\/types\/product"}],"replies":[{"embeddable":true,"href":"http:\/\/maquinaparahacerbolsas.com.ve\/es\/wp-json\/wp\/v2\/comments?post=28839"}],"version-history":[{"count":0,"href":"http:\/\/maquinaparahacerbolsas.com.ve\/es\/wp-json\/wp\/v2\/product\/28839\/revisions"}],"wp:featuredmedia":[{"embeddable":true,"href":"http:\/\/maquinaparahacerbolsas.com.ve\/es\/wp-json\/wp\/v2\/media\/29380"}],"wp:attachment":[{"href":"http:\/\/maquinaparahacerbolsas.com.ve\/es\/wp-json\/wp\/v2\/media?parent=28839"}],"wp:term":[{"taxonomy":"product_brand","embeddable":true,"href":"http:\/\/maquinaparahacerbolsas.com.ve\/es\/wp-json\/wp\/v2\/product_brand?post=28839"},{"taxonomy":"product_cat","embeddable":true,"href":"http:\/\/maquinaparahacerbolsas.com.ve\/es\/wp-json\/wp\/v2\/product_cat?post=28839"},{"taxonomy":"product_tag","embeddable":true,"href":"http:\/\/maquinaparahacerbolsas.com.ve\/es\/wp-json\/wp\/v2\/product_tag?post=28839"}],"curies":[{"name":"wp","href":"https:\/\/api.w.org\/{rel}","templated":true}]}}