{"id":28836,"date":"2025-02-24T13:49:13","date_gmt":"2025-02-24T05:49:13","guid":{"rendered":"https:\/\/blanchedalmond-goat-523522.hostingersite.com\/?post_type=product&#038;p=28836"},"modified":"2025-10-11T17:07:43","modified_gmt":"2025-10-11T09:07:43","slug":"maquina-para-hacer-bolsas-en-venezuela-peletizadora-de-plasticos","status":"publish","type":"product","link":"http:\/\/maquinaparahacerbolsas.com.ve\/es\/peletizado-de-plastico-por-aire","title":{"rendered":"Peletizadora de Pl\u00e1sticos refrigerado por aire"},"content":{"rendered":"<p data-rm-block-id=\"block-1\">Peletizadora de Pl\u00e1sticos refrigerado por aire SJ-A90, 100, 110, 120<\/p>\n<p data-rm-block-id=\"block-2\">Peletizadora de Pl\u00e1sticos refrigerado por aire,Las materias primas, tales como las pel\u00edculas de polietileno de alta densidad y baja presi\u00f3n (HDPE), as\u00ed como los residuos de HDPE, se procesan mediante un proceso de molienda, enfriamiento al aire y corte en gr\u00e1nulos a trav\u00e9s de extrusoras. Los gr\u00e1nulos resultantes son de textura fina, libres de burbujas y humedad. La peletizadora de pl\u00e1sticos reciclados de corte en caliente cuenta con un alimentador forzado, un filtro r\u00e1pido y un sistema de control autom\u00e1tico de temperatura.<\/p>\n<p data-rm-block-id=\"block-3\">Especificaciones t\u00e9cnicas de la peletizadora de pl\u00e1sticos reciclados de corte en caliente:<\/p>\n<p data-rm-block-id=\"block-4\">Caracter\u00edsticas de la Peletizadora:<br \/>\nControl de velocidad de la m\u00e1quina a trav\u00e9s de un inversor.<br \/>\nCapacidad del inversor para regular el tama\u00f1o de las part\u00edculas de pl\u00e1stico.<br \/>\nTanque para corte en fr\u00edo.<br \/>\nSistema de corte.<br \/>\nFacilidad de operaci\u00f3n.<br \/>\nFiltro.<\/p>\n<div id=\"attachment_29709\" style=\"width: 360px\" class=\"wp-caption alignnone\"><img fetchpriority=\"high\" decoding=\"async\" aria-describedby=\"caption-attachment-29709\" class=\"size-full wp-image-29709\" src=\"https:\/\/maquinaparahacerbolsas.com.ve\/es\/wp-content\/uploads\/2025\/02\/Peletizadora-de-Plasticos-polietileno.jpg\" alt=\"Peletizadora de Pl\u00e1sticos\" width=\"350\" height=\"338\" srcset=\"http:\/\/maquinaparahacerbolsas.com.ve\/es\/wp-content\/uploads\/2025\/02\/Peletizadora-de-Plasticos-polietileno.jpg 350w, http:\/\/maquinaparahacerbolsas.com.ve\/es\/wp-content\/uploads\/2025\/02\/Peletizadora-de-Plasticos-polietileno-311x300.jpg 311w, http:\/\/maquinaparahacerbolsas.com.ve\/es\/wp-content\/uploads\/2025\/02\/Peletizadora-de-Plasticos-polietileno-150x145.jpg 150w\" sizes=\"(max-width: 350px) 100vw, 350px\" \/><p id=\"caption-attachment-29709\" class=\"wp-caption-text\">Peletizadora de Pl\u00e1sticos<\/p><\/div>\n<table border=\"0\" cellspacing=\"1\" cellpadding=\"0\">\n<tbody>\n<tr>\n<td data-rm-block-id=\"block-5\"><strong>Modelo<\/strong><\/td>\n<td data-rm-block-id=\"block-6\"><strong><span data-scayt_word=\"SJ-A90\" data-scaytid=\"152\">SJ-A90<\/span><\/strong><\/td>\n<td data-rm-block-id=\"block-7\"><strong>SJ-A100<\/strong><\/td>\n<td data-rm-block-id=\"block-8\"><strong>SJ-A110<\/strong><\/td>\n<td data-rm-block-id=\"block-9\"><strong>SJ-A120<\/strong><\/td>\n<\/tr>\n<tr>\n<td data-rm-block-id=\"block-10\"><span data-scayt_word=\"Tipo\" data-scaytid=\"288\">Tipo<\/span> de <span data-scayt_word=\"di\u00e1metro\" data-scaytid=\"289\">di\u00e1metro<\/span> del <span data-scayt_word=\"tornillo\" data-scaytid=\"290\">tornillo<\/span><\/td>\n<td data-rm-block-id=\"block-11\"><span data-scayt_word=\"\u03c690\" data-scaytid=\"292\">\u03c690<\/span><\/td>\n<td data-rm-block-id=\"block-12\"><span data-scayt_word=\"\u03c6100\" data-scaytid=\"293\">\u03c6100<\/span><\/td>\n<td data-rm-block-id=\"block-13\"><span data-scayt_word=\"\u03c6110\" data-scaytid=\"294\">\u03c6110<\/span><\/td>\n<td data-rm-block-id=\"block-14\"><span data-scayt_word=\"\u03c6120\" data-scaytid=\"295\">\u03c6120<\/span><\/td>\n<\/tr>\n<tr>\n<td data-rm-block-id=\"block-15\"><span data-scayt_word=\"Di\u00e1metro\" data-scaytid=\"296\">Di\u00e1metro<\/span> mayor de <span data-scayt_word=\"rango\" data-scaytid=\"297\">rango<\/span> del <span data-scayt_word=\"tornillo\" data-scaytid=\"291\">tornillo<\/span> (L\/D)<\/td>\n<td data-rm-block-id=\"block-16\">L\/D 20:1 -22:1<\/td>\n<td data-rm-block-id=\"block-17\">L\/D 20:1 -22:1<\/td>\n<td data-rm-block-id=\"block-18\">L\/D 20:1 -22:1<\/td>\n<td data-rm-block-id=\"block-19\">L\/D 20:1 -22:1<\/td>\n<\/tr>\n<tr>\n<td data-rm-block-id=\"block-20\"><span data-scayt_word=\"Velocidad\" data-scaytid=\"277\">Velocidad<\/span> <span data-scayt_word=\"racional\" data-scaytid=\"278\">racional<\/span> del <span data-scayt_word=\"tornillo\" data-scaytid=\"300\">tornillo<\/span><\/td>\n<td data-rm-block-id=\"block-21\"><span data-scayt_word=\"10-100r\" data-scaytid=\"189\">10-100r<\/span>\/min<\/td>\n<td data-rm-block-id=\"block-22\"><span data-scayt_word=\"10-100r\" data-scaytid=\"190\">10-100r<\/span>\/min<\/td>\n<td data-rm-block-id=\"block-23\"><span data-scayt_word=\"10-100r\" data-scaytid=\"191\">10-100r<\/span>\/min<\/td>\n<td data-rm-block-id=\"block-24\"><span data-scayt_word=\"10-100r\" data-scaytid=\"192\">10-100r<\/span>\/min<\/td>\n<\/tr>\n<tr>\n<td data-rm-block-id=\"block-25\"><span data-scayt_word=\"Potencia\" data-scaytid=\"283\">Potencia<\/span> del motor principal<\/td>\n<td data-rm-block-id=\"block-26\"><span data-scayt_word=\"22kw\" data-scaytid=\"193\">22kw<\/span><\/td>\n<td data-rm-block-id=\"block-27\"><span data-scayt_word=\"30kw\" data-scaytid=\"194\">30kw<\/span><\/td>\n<td data-rm-block-id=\"block-28\"><span data-scayt_word=\"37kw\" data-scaytid=\"195\">37kw<\/span><\/td>\n<td data-rm-block-id=\"block-29\"><span data-scayt_word=\"45kw\" data-scaytid=\"196\">45kw<\/span><\/td>\n<\/tr>\n<tr>\n<td data-rm-block-id=\"block-30\"><span data-scayt_word=\"Salida\" data-scaytid=\"310\">Salida<\/span><\/td>\n<td data-rm-block-id=\"block-31\"><span data-scayt_word=\"68kg\" data-scaytid=\"247\">68kg<\/span> \/h<\/td>\n<td data-rm-block-id=\"block-32\"><span data-scayt_word=\"95kg\" data-scaytid=\"248\">95kg<\/span> \/h<\/td>\n<td data-rm-block-id=\"block-33\"><span data-scayt_word=\"120kg\" data-scaytid=\"249\">120kg<\/span> \/h<\/td>\n<td data-rm-block-id=\"block-34\"><span data-scayt_word=\"135kg\" data-scaytid=\"250\">135kg<\/span> \/h<\/td>\n<\/tr>\n<tr>\n<td data-rm-block-id=\"block-35\">Peso total(kg)<\/td>\n<td data-rm-block-id=\"block-36\"><span data-scayt_word=\"2600kg\" data-scaytid=\"251\">2600kg<\/span><\/td>\n<td data-rm-block-id=\"block-37\"><span data-scayt_word=\"2800kg\" data-scaytid=\"252\">2800kg<\/span><\/td>\n<td data-rm-block-id=\"block-38\"><span data-scayt_word=\"3000kg\" data-scaytid=\"253\">3000kg<\/span><\/td>\n<td data-rm-block-id=\"block-39\"><span data-scayt_word=\"3200kg\" data-scaytid=\"254\">3200kg<\/span><\/td>\n<\/tr>\n<tr>\n<td data-rm-block-id=\"block-40\"><span data-scayt_word=\"Dimensiones\" data-scaytid=\"319\">Dimensiones<\/span> de la <span data-scayt_word=\"cubierta\" data-scaytid=\"320\">cubierta<\/span> (l*a*a) (mm)<\/td>\n<td data-rm-block-id=\"block-41\">4000*1500*1800<\/td>\n<td data-rm-block-id=\"block-42\">4000*1500*1800<\/td>\n<td data-rm-block-id=\"block-43\">4000*1500*1800<\/td>\n<td data-rm-block-id=\"block-44\">4600*1500*1800<\/td>\n<\/tr>\n<\/tbody>\n<\/table>\n<p data-rm-block-id=\"block-45\">Si solo compra una m\u00e1quina, la empacaremos con un paquete de madera y la cargaremos en un contenedor con carga menor a la del contenedor (LCL).<\/p>\n<p data-rm-block-id=\"block-46\"><img decoding=\"async\" class=\" wp-image-29711\" src=\"https:\/\/maquinaparahacerbolsas.com.ve\/es\/wp-content\/uploads\/2025\/02\/plastic-machine-shipment-with-wooden-pack-less-containers.webp\" alt=\"plastic machine shipment with wooden pack less containers\" width=\"492\" height=\"363\" srcset=\"http:\/\/maquinaparahacerbolsas.com.ve\/es\/wp-content\/uploads\/2025\/02\/plastic-machine-shipment-with-wooden-pack-less-containers.webp 768w, http:\/\/maquinaparahacerbolsas.com.ve\/es\/wp-content\/uploads\/2025\/02\/plastic-machine-shipment-with-wooden-pack-less-containers-400x295.webp 400w, http:\/\/maquinaparahacerbolsas.com.ve\/es\/wp-content\/uploads\/2025\/02\/plastic-machine-shipment-with-wooden-pack-less-containers-430x317.webp 430w, http:\/\/maquinaparahacerbolsas.com.ve\/es\/wp-content\/uploads\/2025\/02\/plastic-machine-shipment-with-wooden-pack-less-containers-700x517.webp 700w, http:\/\/maquinaparahacerbolsas.com.ve\/es\/wp-content\/uploads\/2025\/02\/plastic-machine-shipment-with-wooden-pack-less-containers-150x111.webp 150w\" sizes=\"(max-width: 492px) 100vw, 492px\" \/><\/p>\n<p data-rm-block-id=\"block-47\">Nuestro principal colaborador de piezas es la siguiente marca, pero las piezas est\u00e1ndar est\u00e1n todas fabricadas en China.<\/p>\n<div id=\"attachment_29712\" style=\"width: 502px\" class=\"wp-caption alignnone\"><img decoding=\"async\" aria-describedby=\"caption-attachment-29712\" class=\" wp-image-29712\" src=\"https:\/\/maquinaparahacerbolsas.com.ve\/es\/wp-content\/uploads\/2025\/02\/plastic-machine-parts-supplier.webp\" alt=\"plastic machine parts supplier\" width=\"492\" height=\"283\" srcset=\"http:\/\/maquinaparahacerbolsas.com.ve\/es\/wp-content\/uploads\/2025\/02\/plastic-machine-parts-supplier.webp 875w, http:\/\/maquinaparahacerbolsas.com.ve\/es\/wp-content\/uploads\/2025\/02\/plastic-machine-parts-supplier-400x230.webp 400w, http:\/\/maquinaparahacerbolsas.com.ve\/es\/wp-content\/uploads\/2025\/02\/plastic-machine-parts-supplier-768x442.webp 768w, http:\/\/maquinaparahacerbolsas.com.ve\/es\/wp-content\/uploads\/2025\/02\/plastic-machine-parts-supplier-430x248.webp 430w, http:\/\/maquinaparahacerbolsas.com.ve\/es\/wp-content\/uploads\/2025\/02\/plastic-machine-parts-supplier-700x403.webp 700w, http:\/\/maquinaparahacerbolsas.com.ve\/es\/wp-content\/uploads\/2025\/02\/plastic-machine-parts-supplier-150x86.webp 150w\" sizes=\"(max-width: 492px) 100vw, 492px\" \/><p id=\"caption-attachment-29712\" class=\"wp-caption-text\">proveedor de piezas de m\u00e1quinas de pl\u00e1stico<\/p><\/div>\n<div id=\"attachment_29717\" style=\"width: 507px\" class=\"wp-caption alignnone\"><img loading=\"lazy\" decoding=\"async\" aria-describedby=\"caption-attachment-29717\" class=\"size-full wp-image-29717\" src=\"https:\/\/maquinaparahacerbolsas.com.ve\/es\/wp-content\/uploads\/2025\/02\/plastic-bag-machine-supplier.webp\" alt=\"plastic bag machine supplier\" width=\"497\" height=\"497\" srcset=\"http:\/\/maquinaparahacerbolsas.com.ve\/es\/wp-content\/uploads\/2025\/02\/plastic-bag-machine-supplier.webp 497w, http:\/\/maquinaparahacerbolsas.com.ve\/es\/wp-content\/uploads\/2025\/02\/plastic-bag-machine-supplier-300x300.webp 300w, http:\/\/maquinaparahacerbolsas.com.ve\/es\/wp-content\/uploads\/2025\/02\/plastic-bag-machine-supplier-150x150.webp 150w, http:\/\/maquinaparahacerbolsas.com.ve\/es\/wp-content\/uploads\/2025\/02\/plastic-bag-machine-supplier-430x430.webp 430w\" sizes=\"(max-width: 497px) 100vw, 497px\" \/><p id=\"caption-attachment-29717\" class=\"wp-caption-text\">plastic bag machine supplier<\/p><\/div>\n<div id=\"attachment_29716\" style=\"width: 510px\" class=\"wp-caption alignnone\"><img loading=\"lazy\" decoding=\"async\" aria-describedby=\"caption-attachment-29716\" class=\"wp-image-29716\" src=\"https:\/\/maquinaparahacerbolsas.com.ve\/es\/wp-content\/uploads\/2025\/02\/Plastic-bag-machine-factory.webp\" alt=\"Plastic bag machine factory\" width=\"500\" height=\"507\" srcset=\"http:\/\/maquinaparahacerbolsas.com.ve\/es\/wp-content\/uploads\/2025\/02\/Plastic-bag-machine-factory.webp 467w, http:\/\/maquinaparahacerbolsas.com.ve\/es\/wp-content\/uploads\/2025\/02\/Plastic-bag-machine-factory-296x300.webp 296w, http:\/\/maquinaparahacerbolsas.com.ve\/es\/wp-content\/uploads\/2025\/02\/Plastic-bag-machine-factory-430x436.webp 430w, http:\/\/maquinaparahacerbolsas.com.ve\/es\/wp-content\/uploads\/2025\/02\/Plastic-bag-machine-factory-150x152.webp 150w\" sizes=\"(max-width: 500px) 100vw, 500px\" \/><p id=\"caption-attachment-29716\" class=\"wp-caption-text\">F\u00e1brica de m\u00e1quinas para fabricar bolsas de pl\u00e1stico<\/p><\/div>\n<div id=\"attachment_29715\" style=\"width: 507px\" class=\"wp-caption alignnone\"><img loading=\"lazy\" decoding=\"async\" aria-describedby=\"caption-attachment-29715\" class=\"wp-image-29715 size-full\" src=\"https:\/\/maquinaparahacerbolsas.com.ve\/es\/wp-content\/uploads\/2025\/02\/Plastic_Recycling_Machine_Near_us_Price.webp\" alt=\"Plastic Recycling Machine \" width=\"497\" height=\"497\" srcset=\"http:\/\/maquinaparahacerbolsas.com.ve\/es\/wp-content\/uploads\/2025\/02\/Plastic_Recycling_Machine_Near_us_Price.webp 497w, http:\/\/maquinaparahacerbolsas.com.ve\/es\/wp-content\/uploads\/2025\/02\/Plastic_Recycling_Machine_Near_us_Price-300x300.webp 300w, http:\/\/maquinaparahacerbolsas.com.ve\/es\/wp-content\/uploads\/2025\/02\/Plastic_Recycling_Machine_Near_us_Price-150x150.webp 150w, http:\/\/maquinaparahacerbolsas.com.ve\/es\/wp-content\/uploads\/2025\/02\/Plastic_Recycling_Machine_Near_us_Price-430x430.webp 430w\" sizes=\"(max-width: 497px) 100vw, 497px\" \/><p id=\"caption-attachment-29715\" class=\"wp-caption-text\">Plastic Recycling Machine<\/p><\/div>\n<p data-rm-block-id=\"block-48\">\n","protected":false},"excerpt":{"rendered":"<p>Peletizadora de Pl\u00e1s<\/p>\n","protected":false},"featured_media":29376,"comment_status":"closed","ping_status":"closed","template":"","meta":{"_acf_changed":false},"product_brand":[],"product_cat":[75],"product_tag":[],"class_list":{"0":"post-28836","1":"product","2":"type-product","3":"status-publish","4":"has-post-thumbnail","6":"product_cat-extrusora-reciclaje-peletizadora","8":"first","9":"instock","10":"shipping-taxable","11":"product-type-simple"},"acf":[],"_links":{"self":[{"href":"http:\/\/maquinaparahacerbolsas.com.ve\/es\/wp-json\/wp\/v2\/product\/28836","targetHints":{"allow":["GET"]}}],"collection":[{"href":"http:\/\/maquinaparahacerbolsas.com.ve\/es\/wp-json\/wp\/v2\/product"}],"about":[{"href":"http:\/\/maquinaparahacerbolsas.com.ve\/es\/wp-json\/wp\/v2\/types\/product"}],"replies":[{"embeddable":true,"href":"http:\/\/maquinaparahacerbolsas.com.ve\/es\/wp-json\/wp\/v2\/comments?post=28836"}],"version-history":[{"count":0,"href":"http:\/\/maquinaparahacerbolsas.com.ve\/es\/wp-json\/wp\/v2\/product\/28836\/revisions"}],"wp:featuredmedia":[{"embeddable":true,"href":"http:\/\/maquinaparahacerbolsas.com.ve\/es\/wp-json\/wp\/v2\/media\/29376"}],"wp:attachment":[{"href":"http:\/\/maquinaparahacerbolsas.com.ve\/es\/wp-json\/wp\/v2\/media?parent=28836"}],"wp:term":[{"taxonomy":"product_brand","embeddable":true,"href":"http:\/\/maquinaparahacerbolsas.com.ve\/es\/wp-json\/wp\/v2\/product_brand?post=28836"},{"taxonomy":"product_cat","embeddable":true,"href":"http:\/\/maquinaparahacerbolsas.com.ve\/es\/wp-json\/wp\/v2\/product_cat?post=28836"},{"taxonomy":"product_tag","embeddable":true,"href":"http:\/\/maquinaparahacerbolsas.com.ve\/es\/wp-json\/wp\/v2\/product_tag?post=28836"}],"curies":[{"name":"wp","href":"https:\/\/api.w.org\/{rel}","templated":true}]}}