{"id":28833,"date":"2025-02-24T13:45:41","date_gmt":"2025-02-24T05:45:41","guid":{"rendered":"https:\/\/blanchedalmond-goat-523522.hostingersite.com\/?post_type=product&#038;p=28833"},"modified":"2025-10-13T13:05:48","modified_gmt":"2025-10-13T05:05:48","slug":"rebobinadoras-de-plastico-film-y-alumimio-foil-y-papel","status":"publish","type":"product","link":"http:\/\/maquinaparahacerbolsas.com.ve\/es\/refiladora-rebobinadoras-cortadora-plastico-bopp-aluminio-foil-film-papel","title":{"rendered":"M\u00e1quina Refiladora de Plastico Film Y Alumimio Foil Y Papel"},"content":{"rendered":"<p>La M\u00e1quina Refiladora es adecuada para cortar y rebobinar diversos materiales en rollo como pel\u00edcula BOPP, pel\u00edcula PET, pel\u00edcula CPP, pel\u00edcula CPE, pel\u00edcula de PVC, papel de aluminio y papel, etc. y puede cortar bordes, separar y cortar material seg\u00fan diferentes requisitos durante la producci\u00f3n.<\/p>\n<p>material:pel\u00edcula BOPP, pel\u00edcula PET, pel\u00edcula CPP, pel\u00edcula CPE, pel\u00edcula de PVC, papel de aluminio y papel<\/p>\n<p>Velocidad:150m-300m por minuto<\/p>\n<p>Ancho de maquina:1100mm a 3000mm<\/p>\n<p>Voltage:220V,380V, o 440V<\/p>\n<div id=\"attachment_29671\" style=\"width: 416px\" class=\"wp-caption alignnone\"><img fetchpriority=\"high\" decoding=\"async\" aria-describedby=\"caption-attachment-29671\" class=\" wp-image-29671\" src=\"https:\/\/maquinaparahacerbolsas.com.ve\/es\/wp-content\/uploads\/2025\/02\/BOPP-film-Caracas.jpg\" alt=\"BOPP film\" width=\"406\" height=\"330\" srcset=\"http:\/\/maquinaparahacerbolsas.com.ve\/es\/wp-content\/uploads\/2025\/02\/BOPP-film-Caracas.jpg 800w, http:\/\/maquinaparahacerbolsas.com.ve\/es\/wp-content\/uploads\/2025\/02\/BOPP-film-Caracas-369x300.jpg 369w, http:\/\/maquinaparahacerbolsas.com.ve\/es\/wp-content\/uploads\/2025\/02\/BOPP-film-Caracas-768x625.jpg 768w, http:\/\/maquinaparahacerbolsas.com.ve\/es\/wp-content\/uploads\/2025\/02\/BOPP-film-Caracas-430x350.jpg 430w, http:\/\/maquinaparahacerbolsas.com.ve\/es\/wp-content\/uploads\/2025\/02\/BOPP-film-Caracas-700x570.jpg 700w, http:\/\/maquinaparahacerbolsas.com.ve\/es\/wp-content\/uploads\/2025\/02\/BOPP-film-Caracas-150x122.jpg 150w\" sizes=\"(max-width: 406px) 100vw, 406px\" \/><p id=\"caption-attachment-29671\" class=\"wp-caption-text\">BOPP film<\/p><\/div>\n<div id=\"attachment_29672\" style=\"width: 419px\" class=\"wp-caption alignnone\"><img decoding=\"async\" aria-describedby=\"caption-attachment-29672\" class=\" wp-image-29672\" src=\"https:\/\/maquinaparahacerbolsas.com.ve\/es\/wp-content\/uploads\/2025\/02\/BOPP-film-Venezuela.jpg\" alt=\"BOPP film\" width=\"409\" height=\"327\" srcset=\"http:\/\/maquinaparahacerbolsas.com.ve\/es\/wp-content\/uploads\/2025\/02\/BOPP-film-Venezuela.jpg 700w, http:\/\/maquinaparahacerbolsas.com.ve\/es\/wp-content\/uploads\/2025\/02\/BOPP-film-Venezuela-375x300.jpg 375w, http:\/\/maquinaparahacerbolsas.com.ve\/es\/wp-content\/uploads\/2025\/02\/BOPP-film-Venezuela-430x344.jpg 430w, http:\/\/maquinaparahacerbolsas.com.ve\/es\/wp-content\/uploads\/2025\/02\/BOPP-film-Venezuela-150x120.jpg 150w\" sizes=\"(max-width: 409px) 100vw, 409px\" \/><p id=\"caption-attachment-29672\" class=\"wp-caption-text\">BOPP film<\/p><\/div>\n<table border=\"0\" cellspacing=\"1\" cellpadding=\"2\">\n<tbody>\n<tr>\n<td>Type<\/td>\n<td>LFQ-700A<\/td>\n<td>LFQ-1100A<\/td>\n<td>LFQ-1300A<\/td>\n<\/tr>\n<tr>\n<td>Max.Width of Mother Roll<\/td>\n<td>700mm<\/td>\n<td>1100mm<\/td>\n<td>1300mm<\/td>\n<\/tr>\n<tr>\n<td>MAX.Diameter of Mother Roll<\/td>\n<td>Dia600mm<\/td>\n<td>Dia600mm<\/td>\n<td>Dia600mm<\/td>\n<\/tr>\n<tr>\n<td>Width of Final Roll<\/td>\n<td>30-600mm<\/td>\n<td>30-600mm<\/td>\n<td>30-600mm<\/td>\n<\/tr>\n<tr>\n<td>Slitting and Rewinging Speed<\/td>\n<td>5-160m\/min<\/td>\n<td>5-160m\/min<\/td>\n<td>5-160m\/min<\/td>\n<\/tr>\n<tr>\n<td>Tolerance of EPC<\/td>\n<td>more or less 0.5mm<\/td>\n<td>0.5mm<\/td>\n<td>0.5mm<\/td>\n<\/tr>\n<tr>\n<td>Total Power<\/td>\n<td>2.7kw<\/td>\n<td>3.5kw<\/td>\n<td>3.5kw<\/td>\n<\/tr>\n<tr>\n<td>Weight of Machine<\/td>\n<td>1200kg<\/td>\n<td>1500kg<\/td>\n<td>1800kg<\/td>\n<\/tr>\n<tr>\n<td>Overall Dimension<\/td>\n<td>2000*1110*1400mm<\/td>\n<td>2400*1110*1400mm<\/td>\n<td>2600*1110*1400mm<\/td>\n<\/tr>\n<\/tbody>\n<\/table>\n","protected":false},"excerpt":{"rendered":"<p>La m\u00e1quina cortadora es adecuada para cortar y rebobinar diversos materiales en rollo como pel\u00edcula BOPP, pel\u00edcula PET, pel\u00edcula CPP, pel\u00edcula CPE, pel\u00edcula de PVC, papel de aluminio y papel, etc.<\/p>\n","protected":false},"featured_media":29371,"comment_status":"closed","ping_status":"closed","template":"","meta":{"_acf_changed":false},"product_brand":[],"product_cat":[76],"product_tag":[],"class_list":{"0":"post-28833","1":"product","2":"type-product","3":"status-publish","4":"has-post-thumbnail","6":"product_cat-maquina-refiladora","8":"first","9":"instock","10":"shipping-taxable","11":"product-type-simple"},"acf":[],"_links":{"self":[{"href":"http:\/\/maquinaparahacerbolsas.com.ve\/es\/wp-json\/wp\/v2\/product\/28833","targetHints":{"allow":["GET"]}}],"collection":[{"href":"http:\/\/maquinaparahacerbolsas.com.ve\/es\/wp-json\/wp\/v2\/product"}],"about":[{"href":"http:\/\/maquinaparahacerbolsas.com.ve\/es\/wp-json\/wp\/v2\/types\/product"}],"replies":[{"embeddable":true,"href":"http:\/\/maquinaparahacerbolsas.com.ve\/es\/wp-json\/wp\/v2\/comments?post=28833"}],"version-history":[{"count":0,"href":"http:\/\/maquinaparahacerbolsas.com.ve\/es\/wp-json\/wp\/v2\/product\/28833\/revisions"}],"wp:featuredmedia":[{"embeddable":true,"href":"http:\/\/maquinaparahacerbolsas.com.ve\/es\/wp-json\/wp\/v2\/media\/29371"}],"wp:attachment":[{"href":"http:\/\/maquinaparahacerbolsas.com.ve\/es\/wp-json\/wp\/v2\/media?parent=28833"}],"wp:term":[{"taxonomy":"product_brand","embeddable":true,"href":"http:\/\/maquinaparahacerbolsas.com.ve\/es\/wp-json\/wp\/v2\/product_brand?post=28833"},{"taxonomy":"product_cat","embeddable":true,"href":"http:\/\/maquinaparahacerbolsas.com.ve\/es\/wp-json\/wp\/v2\/product_cat?post=28833"},{"taxonomy":"product_tag","embeddable":true,"href":"http:\/\/maquinaparahacerbolsas.com.ve\/es\/wp-json\/wp\/v2\/product_tag?post=28833"}],"curies":[{"name":"wp","href":"https:\/\/api.w.org\/{rel}","templated":true}]}}