{"id":28791,"date":"2025-02-24T13:21:46","date_gmt":"2025-02-24T05:21:46","guid":{"rendered":"https:\/\/blanchedalmond-goat-523522.hostingersite.com\/?post_type=product&#038;p=28791"},"modified":"2025-10-13T23:57:06","modified_gmt":"2025-10-13T15:57:06","slug":"maquina-de-embalaje-pitillo-de-plastico-kd31-sellado-de-3-lados","status":"publish","type":"product","link":"http:\/\/maquinaparahacerbolsas.com.ve\/es\/maquina-de-embalaje-pitillo-de-plastico-sellado-de-3-lados","title":{"rendered":"M\u00e1quina de Embalaje pitillo De Plastico sellado de 3 lados"},"content":{"rendered":"<p data-rm-block-id=\"block-1\">M\u00e1quina de Embalaje de Pitillo o Sorbete de Pl\u00e1stico Sellado de 3 Lados<\/p>\n<p data-rm-block-id=\"block-2\">La KD31 es una m\u00e1quina autom\u00e1tica dise\u00f1ada para el envasado individual de pitillos. Esta m\u00e1quina es capaz de utilizar rollos de papel o pel\u00edcula BOPP, permitiendo el envasado de pitillos rectos, flexibles, en forma de cuchara y para t\u00e9 con leche.<\/p>\n<p data-rm-block-id=\"block-3\">Caracter\u00edsticas t\u00e9cnicas:<\/p>\n<p data-rm-block-id=\"block-4\">El proceso de envasado, impresi\u00f3n, llenado y corte de pitillos individuales se ejecuta en una \u00fanica operaci\u00f3n.<\/p>\n<p data-rm-block-id=\"block-5\">Equipamiento de impresi\u00f3n a dos colores.<\/p>\n<p data-rm-block-id=\"block-6\">Funci\u00f3n de conteo autom\u00e1tico.<\/p>\n<p data-rm-block-id=\"block-7\">La velocidad de envasado es ajustable de manera libre.<\/p>\n<p data-rm-block-id=\"block-8\">Facilita una operaci\u00f3n sencilla.<\/p>\n<div id=\"attachment_30084\" style=\"width: 679px\" class=\"wp-caption alignnone\"><img fetchpriority=\"high\" decoding=\"async\" aria-describedby=\"caption-attachment-30084\" class=\"size-full wp-image-30084\" src=\"https:\/\/maquinaparahacerbolsas.com.ve\/es\/wp-content\/uploads\/2025\/02\/Maquina-de-Embalaje-pitillo-De-Plastico-sellado-de-3-lados.webp\" alt=\"M\u00e1quina de Embalaje pitillo De Plastico sellado de 3 lados\" width=\"669\" height=\"499\" srcset=\"http:\/\/maquinaparahacerbolsas.com.ve\/es\/wp-content\/uploads\/2025\/02\/Maquina-de-Embalaje-pitillo-De-Plastico-sellado-de-3-lados.webp 669w, http:\/\/maquinaparahacerbolsas.com.ve\/es\/wp-content\/uploads\/2025\/02\/Maquina-de-Embalaje-pitillo-De-Plastico-sellado-de-3-lados-400x298.webp 400w, http:\/\/maquinaparahacerbolsas.com.ve\/es\/wp-content\/uploads\/2025\/02\/Maquina-de-Embalaje-pitillo-De-Plastico-sellado-de-3-lados-430x321.webp 430w, http:\/\/maquinaparahacerbolsas.com.ve\/es\/wp-content\/uploads\/2025\/02\/Maquina-de-Embalaje-pitillo-De-Plastico-sellado-de-3-lados-150x112.webp 150w\" sizes=\"(max-width: 669px) 100vw, 669px\" \/><p id=\"caption-attachment-30084\" class=\"wp-caption-text\">M\u00e1quina de Embalaje pitillo De Plastico sellado de 3 lados<\/p><\/div>\n<p data-rm-block-id=\"block-9\">Dos Colores de Impresora flexografica<\/p>\n<p data-rm-block-id=\"block-10\"><img decoding=\"async\" class=\" wp-image-29638\" src=\"https:\/\/maquinaparahacerbolsas.com.ve\/es\/wp-content\/uploads\/2025\/02\/Maquina-de-Embalaje-pitillo-De-Plastico-sellado-de-3-lados-Venezuela.jpg\" alt=\"Maquina de Embalaje pitillo De Plastico ellado de 3 lados Venezuela\" width=\"374\" height=\"231\" srcset=\"http:\/\/maquinaparahacerbolsas.com.ve\/es\/wp-content\/uploads\/2025\/02\/Maquina-de-Embalaje-pitillo-De-Plastico-sellado-de-3-lados-Venezuela.jpg 1600w, http:\/\/maquinaparahacerbolsas.com.ve\/es\/wp-content\/uploads\/2025\/02\/Maquina-de-Embalaje-pitillo-De-Plastico-sellado-de-3-lados-Venezuela-400x247.jpg 400w, http:\/\/maquinaparahacerbolsas.com.ve\/es\/wp-content\/uploads\/2025\/02\/Maquina-de-Embalaje-pitillo-De-Plastico-sellado-de-3-lados-Venezuela-1298x800.jpg 1298w, http:\/\/maquinaparahacerbolsas.com.ve\/es\/wp-content\/uploads\/2025\/02\/Maquina-de-Embalaje-pitillo-De-Plastico-sellado-de-3-lados-Venezuela-768x473.jpg 768w, http:\/\/maquinaparahacerbolsas.com.ve\/es\/wp-content\/uploads\/2025\/02\/Maquina-de-Embalaje-pitillo-De-Plastico-sellado-de-3-lados-Venezuela-1536x947.jpg 1536w, http:\/\/maquinaparahacerbolsas.com.ve\/es\/wp-content\/uploads\/2025\/02\/Maquina-de-Embalaje-pitillo-De-Plastico-sellado-de-3-lados-Venezuela-430x265.jpg 430w, http:\/\/maquinaparahacerbolsas.com.ve\/es\/wp-content\/uploads\/2025\/02\/Maquina-de-Embalaje-pitillo-De-Plastico-sellado-de-3-lados-Venezuela-700x431.jpg 700w, http:\/\/maquinaparahacerbolsas.com.ve\/es\/wp-content\/uploads\/2025\/02\/Maquina-de-Embalaje-pitillo-De-Plastico-sellado-de-3-lados-Venezuela-150x92.jpg 150w\" sizes=\"(max-width: 374px) 100vw, 374px\" \/><\/p>\n","protected":false},"excerpt":{"rendered":"<p>M\u00e1quina de Embalaje pitillo\uff0cpitillo O sorbete De Plastico sellado de 3 lados<\/p>\n","protected":false},"featured_media":30085,"comment_status":"closed","ping_status":"closed","template":"","meta":{"_acf_changed":false},"product_brand":[],"product_cat":[80],"product_tag":[],"class_list":{"0":"post-28791","1":"product","2":"type-product","3":"status-publish","4":"has-post-thumbnail","6":"product_cat-maquina-para-fabricar-pitillo","8":"first","9":"instock","10":"shipping-taxable","11":"product-type-simple"},"acf":[],"_links":{"self":[{"href":"http:\/\/maquinaparahacerbolsas.com.ve\/es\/wp-json\/wp\/v2\/product\/28791","targetHints":{"allow":["GET"]}}],"collection":[{"href":"http:\/\/maquinaparahacerbolsas.com.ve\/es\/wp-json\/wp\/v2\/product"}],"about":[{"href":"http:\/\/maquinaparahacerbolsas.com.ve\/es\/wp-json\/wp\/v2\/types\/product"}],"replies":[{"embeddable":true,"href":"http:\/\/maquinaparahacerbolsas.com.ve\/es\/wp-json\/wp\/v2\/comments?post=28791"}],"version-history":[{"count":0,"href":"http:\/\/maquinaparahacerbolsas.com.ve\/es\/wp-json\/wp\/v2\/product\/28791\/revisions"}],"wp:featuredmedia":[{"embeddable":true,"href":"http:\/\/maquinaparahacerbolsas.com.ve\/es\/wp-json\/wp\/v2\/media\/30085"}],"wp:attachment":[{"href":"http:\/\/maquinaparahacerbolsas.com.ve\/es\/wp-json\/wp\/v2\/media?parent=28791"}],"wp:term":[{"taxonomy":"product_brand","embeddable":true,"href":"http:\/\/maquinaparahacerbolsas.com.ve\/es\/wp-json\/wp\/v2\/product_brand?post=28791"},{"taxonomy":"product_cat","embeddable":true,"href":"http:\/\/maquinaparahacerbolsas.com.ve\/es\/wp-json\/wp\/v2\/product_cat?post=28791"},{"taxonomy":"product_tag","embeddable":true,"href":"http:\/\/maquinaparahacerbolsas.com.ve\/es\/wp-json\/wp\/v2\/product_tag?post=28791"}],"curies":[{"name":"wp","href":"https:\/\/api.w.org\/{rel}","templated":true}]}}