{"id":28784,"date":"2025-02-24T13:16:21","date_gmt":"2025-02-24T05:16:21","guid":{"rendered":"https:\/\/blanchedalmond-goat-523522.hostingersite.com\/?post_type=product&#038;p=28784"},"modified":"2025-10-13T23:56:48","modified_gmt":"2025-10-13T15:56:48","slug":"maquina-embalaje-pitillo-sellado-4-lados-venezuela","status":"publish","type":"product","link":"http:\/\/maquinaparahacerbolsas.com.ve\/es\/maquina-embalaje-pitillo-sellado-4-lados-venezuela","title":{"rendered":"M\u00e1quina de Embalaje pitillo de Sellado De 4 Lados"},"content":{"rendered":"<p data-rm-block-id=\"block-1\">M\u00e1quina de Embalaje pitillo de sellado de 4 lados<\/p>\n<p data-rm-block-id=\"block-2\">La envasadora de pajillas Tetra Pak KD37 es un equipo completamente autom\u00e1tico destinado al envasado de pajillas individuales. Esta m\u00e1quina es capaz de envasar tanto pajillas rectas como flexibles tipo I.<\/p>\n<p data-rm-block-id=\"block-3\">Especificaciones t\u00e9cnicas:<br \/>\nEl envasado, llenado y corte de pajillas individuales se lleva a cabo de manera simult\u00e1nea.<br \/>\nCuenta con un sistema de corte en fr\u00edo.<br \/>\nPosee un mecanismo de conteo autom\u00e1tico.<br \/>\nLa velocidad de envasado es ajustable a conveniencia.<br \/>\nLa operaci\u00f3n de la m\u00e1quina es intuitiva y sencilla.<\/p>\n<table border=\"0\" cellspacing=\"0\" cellpadding=\"0\">\n<tbody>\n<tr>\n<td data-rm-block-id=\"block-4\">Modelo<\/td>\n<td data-rm-block-id=\"block-5\">KD37<\/td>\n<\/tr>\n<tr>\n<td data-rm-block-id=\"block-6\">Capacidad<\/td>\n<td data-rm-block-id=\"block-7\">400\u223c600pcs\/minuto<\/td>\n<\/tr>\n<tr>\n<td data-rm-block-id=\"block-8\">Motor<\/td>\n<td data-rm-block-id=\"block-9\">1.5kW<\/td>\n<\/tr>\n<tr>\n<td data-rm-block-id=\"block-10\">Motor de tolva<\/td>\n<td data-rm-block-id=\"block-11\">90W<\/td>\n<\/tr>\n<tr>\n<td data-rm-block-id=\"block-12\">Poder de calefacci\u00f3n<\/td>\n<td data-rm-block-id=\"block-13\">2.5KW<\/td>\n<\/tr>\n<tr>\n<td data-rm-block-id=\"block-14\">Material de embalaje<\/td>\n<td data-rm-block-id=\"block-15\"><strong>BOPP<\/strong><\/td>\n<\/tr>\n<tr>\n<td data-rm-block-id=\"block-16\">Ancho de la pel\u00edcula<\/td>\n<td data-rm-block-id=\"block-17\">100\u223c265mm<\/td>\n<\/tr>\n<tr>\n<td data-rm-block-id=\"block-18\">Di\u00e1metro de canitas<\/td>\n<td data-rm-block-id=\"block-19\">\u03a65\u223c6mm<\/td>\n<\/tr>\n<tr>\n<td data-rm-block-id=\"block-20\">Espesor\u00a0de canitas<\/td>\n<td data-rm-block-id=\"block-21\">0.12\u223c0.\u00a050mm<\/td>\n<\/tr>\n<tr>\n<td data-rm-block-id=\"block-22\">Length of straight straw<\/td>\n<td data-rm-block-id=\"block-23\">90\u223c250mm<\/td>\n<\/tr>\n<tr>\n<td data-rm-block-id=\"block-24\">Peso de la m\u00e1quina<\/td>\n<td data-rm-block-id=\"block-25\">1200KG<\/td>\n<\/tr>\n<tr>\n<td data-rm-block-id=\"block-26\">Dimensi\u00f3n<\/td>\n<td data-rm-block-id=\"block-27\">1000mm(W)\u00d71800mm\u00a0(L)<\/td>\n<\/tr>\n<tr>\n<td colspan=\"2\" data-rm-block-id=\"block-28\">Otras especificaciones son personalizables<\/td>\n<\/tr>\n<\/tbody>\n<\/table>\n","protected":false},"excerpt":{"rendered":"<p>La m\u00e1quina envasadora de pitillos es una m\u00e1quina envasadora de pitillos individuales totalmente autom\u00e1tica.<\/p>\n","protected":false},"featured_media":30080,"comment_status":"closed","ping_status":"closed","template":"","meta":{"_acf_changed":false},"product_brand":[],"product_cat":[80],"product_tag":[],"class_list":{"0":"post-28784","1":"product","2":"type-product","3":"status-publish","4":"has-post-thumbnail","6":"product_cat-maquina-para-fabricar-pitillo","8":"first","9":"instock","10":"shipping-taxable","11":"product-type-simple"},"acf":[],"_links":{"self":[{"href":"http:\/\/maquinaparahacerbolsas.com.ve\/es\/wp-json\/wp\/v2\/product\/28784","targetHints":{"allow":["GET"]}}],"collection":[{"href":"http:\/\/maquinaparahacerbolsas.com.ve\/es\/wp-json\/wp\/v2\/product"}],"about":[{"href":"http:\/\/maquinaparahacerbolsas.com.ve\/es\/wp-json\/wp\/v2\/types\/product"}],"replies":[{"embeddable":true,"href":"http:\/\/maquinaparahacerbolsas.com.ve\/es\/wp-json\/wp\/v2\/comments?post=28784"}],"version-history":[{"count":0,"href":"http:\/\/maquinaparahacerbolsas.com.ve\/es\/wp-json\/wp\/v2\/product\/28784\/revisions"}],"wp:featuredmedia":[{"embeddable":true,"href":"http:\/\/maquinaparahacerbolsas.com.ve\/es\/wp-json\/wp\/v2\/media\/30080"}],"wp:attachment":[{"href":"http:\/\/maquinaparahacerbolsas.com.ve\/es\/wp-json\/wp\/v2\/media?parent=28784"}],"wp:term":[{"taxonomy":"product_brand","embeddable":true,"href":"http:\/\/maquinaparahacerbolsas.com.ve\/es\/wp-json\/wp\/v2\/product_brand?post=28784"},{"taxonomy":"product_cat","embeddable":true,"href":"http:\/\/maquinaparahacerbolsas.com.ve\/es\/wp-json\/wp\/v2\/product_cat?post=28784"},{"taxonomy":"product_tag","embeddable":true,"href":"http:\/\/maquinaparahacerbolsas.com.ve\/es\/wp-json\/wp\/v2\/product_tag?post=28784"}],"curies":[{"name":"wp","href":"https:\/\/api.w.org\/{rel}","templated":true}]}}