{"id":28781,"date":"2025-02-24T13:14:05","date_gmt":"2025-02-24T05:14:05","guid":{"rendered":"https:\/\/blanchedalmond-goat-523522.hostingersite.com\/?post_type=product&#038;p=28781"},"modified":"2025-10-13T23:56:41","modified_gmt":"2025-10-13T15:56:41","slug":"maquina-extrusora-tres-colores-fabricar-pitillo-de-plastico","status":"publish","type":"product","link":"http:\/\/maquinaparahacerbolsas.com.ve\/es\/maquina-extrusora-tres-colores-fabricar-pitillo-de-plastico","title":{"rendered":"Tres Colores M\u00e1quina Fabricar pitillo De Plastico"},"content":{"rendered":"<p data-rm-block-id=\"block-1\">M\u00e1quina de Tres Colores para la Fabricaci\u00f3n de Pitillos de Pl\u00e1stico<\/p>\n<p data-rm-block-id=\"block-2\">Esta m\u00e1quina extrusora para la fabricaci\u00f3n de pitillos de pl\u00e1stico constituye una l\u00ednea de producci\u00f3n dise\u00f1ada para la extrusi\u00f3n de tubos. Est\u00e1 compuesta por una extrusora, una matriz, un fregadero de corte en fr\u00edo y una cortadora rotativa. Su capacidad permite la producci\u00f3n de diferentes tipos de pitillos, as\u00ed como pitillos espirales y cat\u00e9teres m\u00e9dicos.<\/p>\n<p data-rm-block-id=\"block-3\">Especificaciones t\u00e9cnicas<br \/>\nLa matriz de extrusi\u00f3n puede ser dise\u00f1ada de manera especial y su reemplazo es sencillo, lo que facilita la producci\u00f3n de tubos y componentes con formas espec\u00edficas.<br \/>\nEl fregadero, fabricado en acero inoxidable, ofrece ajustes en tres direcciones.<br \/>\nLa unidad extra\u00edble puede ser configurada como tipo correa o de rodillos, con posibilidades de personalizaci\u00f3n.<br \/>\nIncorpora cortadoras rotativas, que pueden ser simples o dobles.<br \/>\nSu operaci\u00f3n es sencilla y accesible.<br \/>\nEl voltaje de la m\u00e1quina puede ser adaptado de acuerdo con las necesidades del cliente: 220 V, 380 V, 440 V.<\/p>\n<table border=\"0\" cellspacing=\"0\" cellpadding=\"0\">\n<tbody>\n<tr>\n<td data-rm-block-id=\"block-4\">Modelo<\/td>\n<td data-rm-block-id=\"block-5\">KD-13 Tres Colores Maquina Fabricar pitillo<\/td>\n<\/tr>\n<tr>\n<td data-rm-block-id=\"block-6\">Di\u00e1metro del tornillo<\/td>\n<td data-rm-block-id=\"block-7\">\u03c650mm(diameter)<\/td>\n<\/tr>\n<tr>\n<td data-rm-block-id=\"block-8\">Tornillo secundario<\/td>\n<td data-rm-block-id=\"block-9\">2\u00d7\u03c625mm<\/td>\n<\/tr>\n<tr>\n<td data-rm-block-id=\"block-10\">Capacidad<\/td>\n<td data-rm-block-id=\"block-11\">25~35Kg\/h<\/td>\n<\/tr>\n<tr>\n<td data-rm-block-id=\"block-12\">Motor<\/td>\n<td data-rm-block-id=\"block-13\">11kW\u00a0\u00a0\u00a0 380v\u00a0\u00a0\u00a0 50Hz (VFD)<\/td>\n<\/tr>\n<tr>\n<td data-rm-block-id=\"block-14\">Motor secundario<\/td>\n<td data-rm-block-id=\"block-15\">0.75kW\u00d72<\/td>\n<\/tr>\n<tr>\n<td data-rm-block-id=\"block-16\">Motor de arrastre<\/td>\n<td data-rm-block-id=\"block-17\">0.75kW\u00d71(VFD)<\/td>\n<\/tr>\n<tr>\n<td data-rm-block-id=\"block-18\">Motor de corte<\/td>\n<td data-rm-block-id=\"block-19\">0.75kW\u00d71(VFD)<\/td>\n<\/tr>\n<tr>\n<td data-rm-block-id=\"block-20\">Controlador de temperatura<\/td>\n<td data-rm-block-id=\"block-21\">11 zone<\/td>\n<\/tr>\n<tr>\n<td data-rm-block-id=\"block-22\">Longitud del contenedor de enfriamiento<\/td>\n<td data-rm-block-id=\"block-23\">4400mm<\/td>\n<\/tr>\n<tr>\n<td data-rm-block-id=\"block-24\">Tama\u00f1o de Canitas<\/td>\n<td data-rm-block-id=\"block-25\">Di\u00e1metro:\u03c62~14mm\u00a0\u00a0 Espesor:0.05~1mm<\/td>\n<\/tr>\n<tr>\n<td colspan=\"2\" data-rm-block-id=\"block-26\">Otras especificaciones son personalizables<\/td>\n<\/tr>\n<\/tbody>\n<\/table>\n","protected":false},"excerpt":{"rendered":"<p>M\u00e1quina de Tres Colo<\/p>\n","protected":false},"featured_media":30078,"comment_status":"closed","ping_status":"closed","template":"","meta":{"_acf_changed":false},"product_brand":[],"product_cat":[80],"product_tag":[],"class_list":{"0":"post-28781","1":"product","2":"type-product","3":"status-publish","4":"has-post-thumbnail","6":"product_cat-maquina-para-fabricar-pitillo","8":"first","9":"instock","10":"shipping-taxable","11":"product-type-simple"},"acf":[],"_links":{"self":[{"href":"http:\/\/maquinaparahacerbolsas.com.ve\/es\/wp-json\/wp\/v2\/product\/28781","targetHints":{"allow":["GET"]}}],"collection":[{"href":"http:\/\/maquinaparahacerbolsas.com.ve\/es\/wp-json\/wp\/v2\/product"}],"about":[{"href":"http:\/\/maquinaparahacerbolsas.com.ve\/es\/wp-json\/wp\/v2\/types\/product"}],"replies":[{"embeddable":true,"href":"http:\/\/maquinaparahacerbolsas.com.ve\/es\/wp-json\/wp\/v2\/comments?post=28781"}],"version-history":[{"count":0,"href":"http:\/\/maquinaparahacerbolsas.com.ve\/es\/wp-json\/wp\/v2\/product\/28781\/revisions"}],"wp:featuredmedia":[{"embeddable":true,"href":"http:\/\/maquinaparahacerbolsas.com.ve\/es\/wp-json\/wp\/v2\/media\/30078"}],"wp:attachment":[{"href":"http:\/\/maquinaparahacerbolsas.com.ve\/es\/wp-json\/wp\/v2\/media?parent=28781"}],"wp:term":[{"taxonomy":"product_brand","embeddable":true,"href":"http:\/\/maquinaparahacerbolsas.com.ve\/es\/wp-json\/wp\/v2\/product_brand?post=28781"},{"taxonomy":"product_cat","embeddable":true,"href":"http:\/\/maquinaparahacerbolsas.com.ve\/es\/wp-json\/wp\/v2\/product_cat?post=28781"},{"taxonomy":"product_tag","embeddable":true,"href":"http:\/\/maquinaparahacerbolsas.com.ve\/es\/wp-json\/wp\/v2\/product_tag?post=28781"}],"curies":[{"name":"wp","href":"https:\/\/api.w.org\/{rel}","templated":true}]}}