{"id":28777,"date":"2025-02-24T13:11:51","date_gmt":"2025-02-24T05:11:51","guid":{"rendered":"https:\/\/blanchedalmond-goat-523522.hostingersite.com\/?post_type=product&#038;p=28777"},"modified":"2025-10-13T23:47:18","modified_gmt":"2025-10-13T15:47:18","slug":"dos-colores-maquina-fabricar-pitillo-de-plastico","status":"publish","type":"product","link":"http:\/\/maquinaparahacerbolsas.com.ve\/es\/dos-colores-maquina-fabricar-pitillo-de-plastico","title":{"rendered":"Dos Colores M\u00e1quina Fabricar pitillo De Plastico"},"content":{"rendered":"<p data-rm-block-id=\"block-1\">Dos Colores M\u00e1quina Fabricar pitillo De Plastico<\/p>\n<p data-rm-block-id=\"block-2\">La Dos Colores M\u00e1quina Fabricar pitillo De Plastico constituye una l\u00ednea de producci\u00f3n destinada a la extrusi\u00f3n de tubos, que incluye una extrusora, una matriz, un fregadero de corte en fr\u00edo y una cortadora rotatoria. Este modelo est\u00e1ndar tiene la capacidad de elaborar distintos tipos de pitillos, pitillos espirales y cat\u00e9teres m\u00e9dicos.<\/p>\n<p data-rm-block-id=\"block-3\">Caracter\u00edsticas t\u00e9cnicas:<br \/>\nLa matriz de extrusi\u00f3n puede dise\u00f1arse de manera especial y es f\u00e1cilmente intercambiable para la producci\u00f3n de tubos y componentes con formas espec\u00edficas.<br \/>\nEl fregadero de acero inoxidable es ajustable en tres lados.<br \/>\nLa unidad extra\u00edble puede ser de tipo correa o de rodillos, con opciones de personalizaci\u00f3n.<br \/>\nDispone de cortadoras rotatorias, ya sean simples o dobles.<br \/>\nSu operaci\u00f3n es sencilla.<br \/>\nLa velocidad de la m\u00e1quina es controlada por un inversor.<\/p>\n<table border=\"0\" cellspacing=\"0\" cellpadding=\"0\">\n<tbody>\n<tr>\n<td data-rm-block-id=\"block-4\">Modelo<\/td>\n<td data-rm-block-id=\"block-5\"><strong>KD-12<\/strong><\/td>\n<\/tr>\n<tr>\n<td data-rm-block-id=\"block-6\">Di\u00e1metro del tornillo<\/td>\n<td data-rm-block-id=\"block-7\">\u03c650mm(diameter)<\/td>\n<\/tr>\n<tr>\n<td data-rm-block-id=\"block-8\">Tornillo secundario<\/td>\n<td data-rm-block-id=\"block-9\"><strong>1\u00d7\u03c625mm<\/strong><\/td>\n<\/tr>\n<tr>\n<td data-rm-block-id=\"block-10\">Capacidad<\/td>\n<td data-rm-block-id=\"block-11\">25~35Kg\/h<\/td>\n<\/tr>\n<tr>\n<td data-rm-block-id=\"block-12\">Motor<\/td>\n<td data-rm-block-id=\"block-13\">11kW\u00a0\u00a0\u00a0 380v\u00a0\u00a0\u00a0 50Hz (VFD)<\/td>\n<\/tr>\n<tr>\n<td data-rm-block-id=\"block-14\">Motor secundario<\/td>\n<td data-rm-block-id=\"block-15\"><strong>0.75kW\u00d71<\/strong><\/td>\n<\/tr>\n<tr>\n<td data-rm-block-id=\"block-16\">Motor de arrastre<\/td>\n<td data-rm-block-id=\"block-17\"><strong>0.75kW\u00d71(VFD)<\/strong><\/td>\n<\/tr>\n<tr>\n<td data-rm-block-id=\"block-18\">Motor de corte<\/td>\n<td data-rm-block-id=\"block-19\"><strong>0.75kW\u00d71(VFD)<\/strong><\/td>\n<\/tr>\n<tr>\n<td data-rm-block-id=\"block-20\">Controlador de temperatura<\/td>\n<td data-rm-block-id=\"block-21\"><strong>8 zone<\/strong><\/td>\n<\/tr>\n<tr>\n<td data-rm-block-id=\"block-22\">Longitud del contenedor de enfriamiento<\/td>\n<td data-rm-block-id=\"block-23\"><strong>3400mm<\/strong><\/td>\n<\/tr>\n<tr>\n<td data-rm-block-id=\"block-24\">Tama\u00f1o de Canitas<\/td>\n<td data-rm-block-id=\"block-25\">Di\u00e1metro<strong>:\u03c62~14mm\u00a0\u00a0 <\/strong>Espesor<strong>:0.05~1mm<\/strong><\/td>\n<\/tr>\n<tr>\n<td colspan=\"2\" data-rm-block-id=\"block-26\">Otras especificaciones son personalizables<\/td>\n<\/tr>\n<\/tbody>\n<\/table>\n","protected":false},"excerpt":{"rendered":"<p>Dos Colores M\u00e1quina <\/p>\n","protected":false},"featured_media":30076,"comment_status":"closed","ping_status":"closed","template":"","meta":{"_acf_changed":false},"product_brand":[],"product_cat":[80],"product_tag":[],"class_list":{"0":"post-28777","1":"product","2":"type-product","3":"status-publish","4":"has-post-thumbnail","6":"product_cat-maquina-para-fabricar-pitillo","8":"first","9":"instock","10":"shipping-taxable","11":"product-type-simple"},"acf":[],"_links":{"self":[{"href":"http:\/\/maquinaparahacerbolsas.com.ve\/es\/wp-json\/wp\/v2\/product\/28777","targetHints":{"allow":["GET"]}}],"collection":[{"href":"http:\/\/maquinaparahacerbolsas.com.ve\/es\/wp-json\/wp\/v2\/product"}],"about":[{"href":"http:\/\/maquinaparahacerbolsas.com.ve\/es\/wp-json\/wp\/v2\/types\/product"}],"replies":[{"embeddable":true,"href":"http:\/\/maquinaparahacerbolsas.com.ve\/es\/wp-json\/wp\/v2\/comments?post=28777"}],"version-history":[{"count":0,"href":"http:\/\/maquinaparahacerbolsas.com.ve\/es\/wp-json\/wp\/v2\/product\/28777\/revisions"}],"wp:featuredmedia":[{"embeddable":true,"href":"http:\/\/maquinaparahacerbolsas.com.ve\/es\/wp-json\/wp\/v2\/media\/30076"}],"wp:attachment":[{"href":"http:\/\/maquinaparahacerbolsas.com.ve\/es\/wp-json\/wp\/v2\/media?parent=28777"}],"wp:term":[{"taxonomy":"product_brand","embeddable":true,"href":"http:\/\/maquinaparahacerbolsas.com.ve\/es\/wp-json\/wp\/v2\/product_brand?post=28777"},{"taxonomy":"product_cat","embeddable":true,"href":"http:\/\/maquinaparahacerbolsas.com.ve\/es\/wp-json\/wp\/v2\/product_cat?post=28777"},{"taxonomy":"product_tag","embeddable":true,"href":"http:\/\/maquinaparahacerbolsas.com.ve\/es\/wp-json\/wp\/v2\/product_tag?post=28777"}],"curies":[{"name":"wp","href":"https:\/\/api.w.org\/{rel}","templated":true}]}}