{"id":28773,"date":"2025-02-24T13:09:40","date_gmt":"2025-02-24T05:09:40","guid":{"rendered":"https:\/\/blanchedalmond-goat-523522.hostingersite.com\/?post_type=product&#038;p=28773"},"modified":"2025-10-13T23:56:59","modified_gmt":"2025-10-13T15:56:59","slug":"uno-colore-maquina-para-hacer-pitillo-de-plastico","status":"publish","type":"product","link":"http:\/\/maquinaparahacerbolsas.com.ve\/es\/uno-colore-maquina-para-hacer-pitillo-de-plastico","title":{"rendered":"Uno Colore M\u00e1quina para hacer pitillo De Plastico"},"content":{"rendered":"<p data-rm-block-id=\"block-1\">Uno Colore M\u00e1quina para hacer pitillo De Plastico<\/p>\n<p data-rm-block-id=\"block-2\">La M\u00e1quina Uno Colore Extrusora para fabricar pitillos de pl\u00e1stico es una l\u00ednea de producci\u00f3n dise\u00f1ada para la extrusi\u00f3n de tubos, que incluye una extrusora, un canal de enfriamiento y un sistema de corte. Este modelo est\u00e1ndar es capaz de fabricar una variedad de pitillos, incluyendo pitillos espirales y cat\u00e9teres m\u00e9dicos.<\/p>\n<p data-rm-block-id=\"block-3\">Caracter\u00edsticas t\u00e9cnicas<\/p>\n<p data-rm-block-id=\"block-4\">La matriz de extrusi\u00f3n presenta la opci\u00f3n de un dise\u00f1o especializado y es f\u00e1cilmente intercambiable, lo que permite la producci\u00f3n de tubos y componentes con geometr\u00edas particulares.<\/p>\n<p data-rm-block-id=\"block-5\">El canal de acero inoxidable cuenta con ajustes en tres lados.<\/p>\n<p data-rm-block-id=\"block-6\">La unidad de extracci\u00f3n puede ser de tipo correa o rodillos, y su configuraci\u00f3n se puede adaptar a las demandas del cliente.<\/p>\n<p data-rm-block-id=\"block-7\">Incorpora una cortadora rotativa que puede disponer de una o dos cuchillas.<\/p>\n<p data-rm-block-id=\"block-8\">La velocidad de funcionamiento de la m\u00e1quina se regula mediante un convertidor de frecuencia.<\/p>\n<p data-rm-block-id=\"block-9\">Su operaci\u00f3n es intuitiva y sencilla.<\/p>\n<p data-rm-block-id=\"block-10\">El voltaje puede ser ajustado seg\u00fan las especificaciones del cliente: 220 V, 380 V o 440 V.<\/p>\n<table border=\"0\" cellspacing=\"0\" cellpadding=\"0\">\n<tbody>\n<tr>\n<td data-rm-block-id=\"block-11\">Modelo<\/td>\n<td data-rm-block-id=\"block-12\">KD-11<\/td>\n<\/tr>\n<tr>\n<td data-rm-block-id=\"block-13\">Di\u00e1metro del tornillo<\/td>\n<td data-rm-block-id=\"block-14\">\u03c650mm(diameter)<\/td>\n<\/tr>\n<tr>\n<td data-rm-block-id=\"block-15\">Capacidad<\/td>\n<td data-rm-block-id=\"block-16\">25~35Kg\/h<\/td>\n<\/tr>\n<tr>\n<td data-rm-block-id=\"block-17\">Motor<\/td>\n<td data-rm-block-id=\"block-18\">11kW\u00a0\u00a0\u00a0 380v\u00a0\u00a0\u00a0 50Hz (VFD)<\/td>\n<\/tr>\n<tr>\n<td data-rm-block-id=\"block-19\">Motor de arrastre<\/td>\n<td data-rm-block-id=\"block-20\">0.75kW\u00d71(VFD)<\/td>\n<\/tr>\n<tr>\n<td>\n<div data-rm-block-id=\"block-21\">Motor de corte<\/div>\n<\/td>\n<td data-rm-block-id=\"block-22\">0.75kW\u00d71(VFD)<\/td>\n<\/tr>\n<tr>\n<td data-rm-block-id=\"block-23\">Controlador de temperatura<\/td>\n<td data-rm-block-id=\"block-24\">5zone<\/td>\n<\/tr>\n<tr>\n<td>\n<div data-rm-block-id=\"block-25\">Longitud del contenedor de enfriamiento<\/div>\n<\/td>\n<td data-rm-block-id=\"block-26\">2400mm<\/td>\n<\/tr>\n<tr>\n<td>\n<div data-rm-block-id=\"block-27\">Tama\u00f1o de Canitas<\/div>\n<\/td>\n<td data-rm-block-id=\"block-28\">Di\u00e1metro:\u03c62~14mm;\u00a0 Espesor:0.05~1mm<\/td>\n<\/tr>\n<tr>\n<td colspan=\"2\" data-rm-block-id=\"block-29\">Otras especificaciones son personalizables<\/td>\n<\/tr>\n<\/tbody>\n<\/table>\n","protected":false},"excerpt":{"rendered":"<p>Uno Colore M\u00e1quina p<\/p>\n","protected":false},"featured_media":29424,"comment_status":"closed","ping_status":"closed","template":"","meta":{"_acf_changed":false},"product_brand":[],"product_cat":[80],"product_tag":[],"class_list":{"0":"post-28773","1":"product","2":"type-product","3":"status-publish","4":"has-post-thumbnail","6":"product_cat-maquina-para-fabricar-pitillo","8":"first","9":"instock","10":"shipping-taxable","11":"product-type-simple"},"acf":[],"_links":{"self":[{"href":"http:\/\/maquinaparahacerbolsas.com.ve\/es\/wp-json\/wp\/v2\/product\/28773","targetHints":{"allow":["GET"]}}],"collection":[{"href":"http:\/\/maquinaparahacerbolsas.com.ve\/es\/wp-json\/wp\/v2\/product"}],"about":[{"href":"http:\/\/maquinaparahacerbolsas.com.ve\/es\/wp-json\/wp\/v2\/types\/product"}],"replies":[{"embeddable":true,"href":"http:\/\/maquinaparahacerbolsas.com.ve\/es\/wp-json\/wp\/v2\/comments?post=28773"}],"version-history":[{"count":0,"href":"http:\/\/maquinaparahacerbolsas.com.ve\/es\/wp-json\/wp\/v2\/product\/28773\/revisions"}],"wp:featuredmedia":[{"embeddable":true,"href":"http:\/\/maquinaparahacerbolsas.com.ve\/es\/wp-json\/wp\/v2\/media\/29424"}],"wp:attachment":[{"href":"http:\/\/maquinaparahacerbolsas.com.ve\/es\/wp-json\/wp\/v2\/media?parent=28773"}],"wp:term":[{"taxonomy":"product_brand","embeddable":true,"href":"http:\/\/maquinaparahacerbolsas.com.ve\/es\/wp-json\/wp\/v2\/product_brand?post=28773"},{"taxonomy":"product_cat","embeddable":true,"href":"http:\/\/maquinaparahacerbolsas.com.ve\/es\/wp-json\/wp\/v2\/product_cat?post=28773"},{"taxonomy":"product_tag","embeddable":true,"href":"http:\/\/maquinaparahacerbolsas.com.ve\/es\/wp-json\/wp\/v2\/product_tag?post=28773"}],"curies":[{"name":"wp","href":"https:\/\/api.w.org\/{rel}","templated":true}]}}