{"id":28770,"date":"2025-02-24T13:06:50","date_gmt":"2025-02-24T05:06:50","guid":{"rendered":"https:\/\/blanchedalmond-goat-523522.hostingersite.com\/?post_type=product&#038;p=28770"},"modified":"2025-10-12T23:34:47","modified_gmt":"2025-10-12T15:34:47","slug":"tres-capas-maquina-para-hacer-plastico-burbuja","status":"publish","type":"product","link":"http:\/\/maquinaparahacerbolsas.com.ve\/es\/tres-capas-maquina-para-hacer-plastico-burbuja","title":{"rendered":"3 Capas Maquina para hacer plastico burbuja"},"content":{"rendered":"<p data-rm-block-id=\"block-1\"><strong>Tres capas Maquina para hacer plastico burbuja:<\/strong><\/p>\n<p data-rm-block-id=\"block-2\">El equipo de producci\u00f3n de pel\u00edcula de burbujas de aire se especializa en la producci\u00f3n de pel\u00edculas de burbujas de aire de diversos anchos. El convertidor de frecuencia controla la velocidad de la m\u00e1quina y el espesor de la pel\u00edcula,<\/p>\n<p data-rm-block-id=\"block-3\">el sistema de refrigeraci\u00f3n enfr\u00eda la pel\u00edcula de burbujas de aire, la m\u00e1quina est\u00e1 equipada con un contador de metros y la tensi\u00f3n controla el rodillo manual.<\/p>\n<p data-rm-block-id=\"block-4\">Conocida como extrusora de film de burbujas de aire de dos capas, esta m\u00e1quina est\u00e1 concebida para un funcionamiento ininterrumpido, combinando un dise\u00f1o pr\u00e1ctico con una facilidad de uso notable.<\/p>\n<p data-rm-block-id=\"block-5\">Fabricada con polietileno de baja densidad (LDPE) o LDPE reciclado, est\u00e1 disponible en anchos de 1200 mm, 1500 mm, 2000 mm, 2500 mm o 3000 mm.<\/p>\n<p data-rm-block-id=\"block-6\">Esta m\u00e1quina es capaz de producir film de burbujas en dos capas en diversos colores, tales como rojo, azul y amarillo, y opera con voltajes de 220 V, 380 V, 440 V o 480 V.<\/p>\n<div id=\"attachment_29684\" style=\"width: 813px\" class=\"wp-caption alignnone\"><img fetchpriority=\"high\" decoding=\"async\" aria-describedby=\"caption-attachment-29684\" class=\" wp-image-29684\" src=\"https:\/\/maquinaparahacerbolsas.com.ve\/es\/wp-content\/uploads\/2025\/02\/3-Capas-Poli-Burbuja-Plastico.jpg\" alt=\"3 Capas Poli Burbuja Plasticos\" width=\"803\" height=\"345\" srcset=\"http:\/\/maquinaparahacerbolsas.com.ve\/es\/wp-content\/uploads\/2025\/02\/3-Capas-Poli-Burbuja-Plastico.jpg 912w, http:\/\/maquinaparahacerbolsas.com.ve\/es\/wp-content\/uploads\/2025\/02\/3-Capas-Poli-Burbuja-Plastico-400x172.jpg 400w, http:\/\/maquinaparahacerbolsas.com.ve\/es\/wp-content\/uploads\/2025\/02\/3-Capas-Poli-Burbuja-Plastico-768x330.jpg 768w, http:\/\/maquinaparahacerbolsas.com.ve\/es\/wp-content\/uploads\/2025\/02\/3-Capas-Poli-Burbuja-Plastico-430x185.jpg 430w, http:\/\/maquinaparahacerbolsas.com.ve\/es\/wp-content\/uploads\/2025\/02\/3-Capas-Poli-Burbuja-Plastico-700x301.jpg 700w, http:\/\/maquinaparahacerbolsas.com.ve\/es\/wp-content\/uploads\/2025\/02\/3-Capas-Poli-Burbuja-Plastico-150x64.jpg 150w\" sizes=\"(max-width: 803px) 100vw, 803px\" \/><p id=\"caption-attachment-29684\" class=\"wp-caption-text\">3 Capas Poli Burbuja Plasticos<\/p><\/div>\n<p data-rm-block-id=\"block-7\"><strong>ancho de burbuja film:<\/strong>1000mm,1200mm,1500mm,2000mm,2500mm<\/p>\n<p data-rm-block-id=\"block-8\"><strong>capas de burbuja film:<\/strong> 2 capas,3 capase,4 capas,5 capas<\/p>\n<div id=\"attachment_29682\" style=\"width: 792px\" class=\"wp-caption alignnone\"><img decoding=\"async\" aria-describedby=\"caption-attachment-29682\" class=\" wp-image-29682\" src=\"https:\/\/maquinaparahacerbolsas.com.ve\/es\/wp-content\/uploads\/2025\/02\/3-Capas-Maquina-Extrusora-Fabricar-Poli-Burbuja-Plasticos-1.jpg\" alt=\"3 Capas Maquina Extrusora Fabricar Poli Burbuja Plasticos\" width=\"782\" height=\"391\" srcset=\"http:\/\/maquinaparahacerbolsas.com.ve\/es\/wp-content\/uploads\/2025\/02\/3-Capas-Maquina-Extrusora-Fabricar-Poli-Burbuja-Plasticos-1.jpg 456w, http:\/\/maquinaparahacerbolsas.com.ve\/es\/wp-content\/uploads\/2025\/02\/3-Capas-Maquina-Extrusora-Fabricar-Poli-Burbuja-Plasticos-1-400x200.jpg 400w, http:\/\/maquinaparahacerbolsas.com.ve\/es\/wp-content\/uploads\/2025\/02\/3-Capas-Maquina-Extrusora-Fabricar-Poli-Burbuja-Plasticos-1-430x215.jpg 430w, http:\/\/maquinaparahacerbolsas.com.ve\/es\/wp-content\/uploads\/2025\/02\/3-Capas-Maquina-Extrusora-Fabricar-Poli-Burbuja-Plasticos-1-150x75.jpg 150w\" sizes=\"(max-width: 782px) 100vw, 782px\" \/><p id=\"caption-attachment-29682\" class=\"wp-caption-text\">3 Capas Maquina Extrusora Fabricar Poli Burbuja Plasticos<\/p><\/div>\n<p data-rm-block-id=\"block-9\">Main Technical Variables:<\/p>\n<table border=\"0\" cellspacing=\"1\" cellpadding=\"5\">\n<tbody>\n<tr>\n<td>\n<div data-rm-block-id=\"block-10\">Model<\/div>\n<\/td>\n<td>\n<div data-rm-block-id=\"block-11\"><span data-scayt_word=\"KDPEG-1000\" data-scaytid=\"39\">KDPEG-1000<\/span><\/div>\n<\/td>\n<td>\n<div data-rm-block-id=\"block-12\"><span data-scayt_word=\"KDPEG-1200\" data-scaytid=\"40\">KDPEG-1200<\/span><\/div>\n<\/td>\n<td>\n<div data-rm-block-id=\"block-13\"><span data-scayt_word=\"KDPEG-1500\" data-scaytid=\"41\">KDPEG-1500<\/span><\/div>\n<\/td>\n<td>\n<div data-rm-block-id=\"block-14\"><span data-scayt_word=\"KDPEG-2000\" data-scaytid=\"42\">KDPEG-2000<\/span><\/div>\n<\/td>\n<\/tr>\n<tr>\n<td>\n<div data-rm-block-id=\"block-15\">Main&amp;minor Screw <span data-scayt_word=\"Dia\" data-scaytid=\"43\">Dia<\/span>.<\/div>\n<\/td>\n<td>\n<div data-rm-block-id=\"block-16\"><span data-scayt_word=\"60mm\" data-scaytid=\"44\">60mm<\/span>\/<span data-scayt_word=\"50mm\" data-scaytid=\"45\">50mm<\/span><\/div>\n<\/td>\n<td>\n<div data-rm-block-id=\"block-17\"><span data-scayt_word=\"65mm\" data-scaytid=\"46\">65mm<\/span>\/<span data-scayt_word=\"55mm\" data-scaytid=\"48\">55mm<\/span><\/div>\n<\/td>\n<td>\n<div data-rm-block-id=\"block-18\"><span data-scayt_word=\"85mm\" data-scaytid=\"49\">85mm<\/span>\/<span data-scayt_word=\"65mm\" data-scaytid=\"47\">65mm<\/span><\/div>\n<\/td>\n<td>\n<div data-rm-block-id=\"block-19\"><span data-scayt_word=\"95mm\" data-scaytid=\"50\">95mm<\/span>\/<span data-scayt_word=\"70mm\" data-scaytid=\"51\">70mm<\/span><\/div>\n<\/td>\n<\/tr>\n<tr>\n<td>\n<div data-rm-block-id=\"block-20\">Film width<\/div>\n<\/td>\n<td>\n<div data-rm-block-id=\"block-21\"><span data-scayt_word=\"1000mm\" data-scaytid=\"57\">1000mm<\/span><\/div>\n<\/td>\n<td>\n<div data-rm-block-id=\"block-22\"><span data-scayt_word=\"1200mm\" data-scaytid=\"58\">1200mm<\/span><\/div>\n<\/td>\n<td>\n<div data-rm-block-id=\"block-23\"><span data-scayt_word=\"1500mm\" data-scaytid=\"59\">1500mm<\/span><\/div>\n<\/td>\n<td>\n<div data-rm-block-id=\"block-24\"><span data-scayt_word=\"2000mm\" data-scaytid=\"60\">2000mm<\/span><\/div>\n<\/td>\n<\/tr>\n<tr>\n<td>\n<div data-rm-block-id=\"block-25\">Output<\/div>\n<\/td>\n<td>\n<div data-rm-block-id=\"block-26\"><span data-scayt_word=\"120kg\" data-scaytid=\"61\">120kg<\/span>\/h<\/div>\n<\/td>\n<td>\n<div data-rm-block-id=\"block-27\"><span data-scayt_word=\"160kg\" data-scaytid=\"62\">160kg<\/span>\/h<\/div>\n<\/td>\n<td>\n<div data-rm-block-id=\"block-28\"><span data-scayt_word=\"180kg\" data-scaytid=\"63\">180kg<\/span>\/h<\/div>\n<\/td>\n<td>\n<div data-rm-block-id=\"block-29\"><span data-scayt_word=\"250kg\" data-scaytid=\"64\">250kg<\/span>\/h<\/div>\n<\/td>\n<\/tr>\n<tr>\n<td>\n<div data-rm-block-id=\"block-30\">Total power<\/div>\n<\/td>\n<td>\n<div data-rm-block-id=\"block-31\"><span data-scayt_word=\"75kw\" data-scaytid=\"65\">75kw<\/span><\/div>\n<\/td>\n<td>\n<div data-rm-block-id=\"block-32\"><span data-scayt_word=\"95kw\" data-scaytid=\"66\">95kw<\/span><\/div>\n<\/td>\n<td>\n<div data-rm-block-id=\"block-33\"><span data-scayt_word=\"120kw\" data-scaytid=\"67\">120kw<\/span><\/div>\n<\/td>\n<td>\n<div data-rm-block-id=\"block-34\"><span data-scayt_word=\"165kw\" data-scaytid=\"68\">165kw<\/span><\/div>\n<\/td>\n<\/tr>\n<tr>\n<td>\n<div data-rm-block-id=\"block-35\">L\/D<\/div>\n<\/td>\n<td>\n<div data-rm-block-id=\"block-36\">28:1<\/div>\n<\/td>\n<td>\n<div data-rm-block-id=\"block-37\">28:1<\/div>\n<\/td>\n<td>\n<div data-rm-block-id=\"block-38\">28:1<\/div>\n<\/td>\n<td>\n<div data-rm-block-id=\"block-39\">28:1<\/div>\n<\/td>\n<\/tr>\n<tr>\n<td>\n<div data-rm-block-id=\"block-40\">Linear speed<\/div>\n<\/td>\n<td>\n<div data-rm-block-id=\"block-41\"><span data-scayt_word=\"1100m\" data-scaytid=\"69\">1100m<\/span>\/hour<\/div>\n<\/td>\n<td>\n<div data-rm-block-id=\"block-42\"><span data-scayt_word=\"1100m\" data-scaytid=\"70\">1100m<\/span>\/hour<\/div>\n<\/td>\n<td>\n<div data-rm-block-id=\"block-43\"><span data-scayt_word=\"1100m\" data-scaytid=\"71\">1100m<\/span>\/hour<\/div>\n<\/td>\n<td>\n<div data-rm-block-id=\"block-44\"><span data-scayt_word=\"1100m\" data-scaytid=\"72\">1100m<\/span>\/hour<\/div>\n<\/td>\n<\/tr>\n<tr>\n<td>\n<div data-rm-block-id=\"block-45\">Weight<\/div>\n<\/td>\n<td>\n<div data-rm-block-id=\"block-46\"><span data-scayt_word=\"5T\" data-scaytid=\"73\">5T<\/span><\/div>\n<\/td>\n<td>\n<div data-rm-block-id=\"block-47\"><span data-scayt_word=\"6T\" data-scaytid=\"74\">6T<\/span><\/div>\n<\/td>\n<td>\n<div data-rm-block-id=\"block-48\"><span data-scayt_word=\"7T\" data-scaytid=\"75\">7T<\/span><\/div>\n<\/td>\n<td>\n<div data-rm-block-id=\"block-49\"><span data-scayt_word=\"9T\" data-scaytid=\"76\">9T<\/span><\/div>\n<div data-rm-block-id=\"block-50\"><\/div>\n<\/td>\n<\/tr>\n<\/tbody>\n<\/table>\n<p data-rm-block-id=\"block-51\"><img decoding=\"async\" class=\" wp-image-29448\" src=\"https:\/\/maquinaparahacerbolsas.com.ve\/es\/wp-content\/uploads\/2025\/02\/Poli-Burbuja-Plasticos.jpg\" alt=\"Poli Burbuja Plasticos\" width=\"623\" height=\"623\" srcset=\"http:\/\/maquinaparahacerbolsas.com.ve\/es\/wp-content\/uploads\/2025\/02\/Poli-Burbuja-Plasticos.jpg 390w, http:\/\/maquinaparahacerbolsas.com.ve\/es\/wp-content\/uploads\/2025\/02\/Poli-Burbuja-Plasticos-300x300.jpg 300w, http:\/\/maquinaparahacerbolsas.com.ve\/es\/wp-content\/uploads\/2025\/02\/Poli-Burbuja-Plasticos-150x150.jpg 150w\" sizes=\"(max-width: 623px) 100vw, 623px\" \/><\/p>\n<p data-rm-block-id=\"block-52\"><strong>Si solo compra una m\u00e1quina, la empacaremos con un paquete de madera y la cargaremos en un contenedor con carga menor a la del contenedor (LCL).<\/strong><\/p>\n<p data-rm-block-id=\"block-53\"><img loading=\"lazy\" decoding=\"async\" class=\" wp-image-29711\" src=\"https:\/\/maquinaparahacerbolsas.com.ve\/es\/wp-content\/uploads\/2025\/02\/plastic-machine-shipment-with-wooden-pack-less-containers.webp\" sizes=\"(max-width: 492px) 100vw, 492px\" srcset=\"https:\/\/maquinaparahacerbolsas.com.ve\/es\/wp-content\/uploads\/2025\/02\/plastic-machine-shipment-with-wooden-pack-less-containers.webp 768w, https:\/\/maquinaparahacerbolsas.com.ve\/es\/wp-content\/uploads\/2025\/02\/plastic-machine-shipment-with-wooden-pack-less-containers-400x295.webp 400w, https:\/\/maquinaparahacerbolsas.com.ve\/es\/wp-content\/uploads\/2025\/02\/plastic-machine-shipment-with-wooden-pack-less-containers-430x317.webp 430w, https:\/\/maquinaparahacerbolsas.com.ve\/es\/wp-content\/uploads\/2025\/02\/plastic-machine-shipment-with-wooden-pack-less-containers-700x517.webp 700w, https:\/\/maquinaparahacerbolsas.com.ve\/es\/wp-content\/uploads\/2025\/02\/plastic-machine-shipment-with-wooden-pack-less-containers-150x111.webp 150w\" alt=\"plastic machine shipment with wooden pack less containers\" width=\"492\" height=\"363\" \/><\/p>\n<p data-rm-block-id=\"block-54\">Nuestro principal colaborador de piezas es la siguiente marca, pero las piezas est\u00e1ndar est\u00e1n todas fabricadas en China.<\/p>\n<div id=\"attachment_29712\" class=\"wp-caption alignnone\">\n<p data-rm-block-id=\"block-55\"><img loading=\"lazy\" decoding=\"async\" class=\" wp-image-29712\" src=\"https:\/\/maquinaparahacerbolsas.com.ve\/es\/wp-content\/uploads\/2025\/02\/plastic-machine-parts-supplier.webp\" sizes=\"(max-width: 492px) 100vw, 492px\" srcset=\"https:\/\/maquinaparahacerbolsas.com.ve\/es\/wp-content\/uploads\/2025\/02\/plastic-machine-parts-supplier.webp 875w, https:\/\/maquinaparahacerbolsas.com.ve\/es\/wp-content\/uploads\/2025\/02\/plastic-machine-parts-supplier-400x230.webp 400w, https:\/\/maquinaparahacerbolsas.com.ve\/es\/wp-content\/uploads\/2025\/02\/plastic-machine-parts-supplier-768x442.webp 768w, https:\/\/maquinaparahacerbolsas.com.ve\/es\/wp-content\/uploads\/2025\/02\/plastic-machine-parts-supplier-430x248.webp 430w, https:\/\/maquinaparahacerbolsas.com.ve\/es\/wp-content\/uploads\/2025\/02\/plastic-machine-parts-supplier-700x403.webp 700w, https:\/\/maquinaparahacerbolsas.com.ve\/es\/wp-content\/uploads\/2025\/02\/plastic-machine-parts-supplier-150x86.webp 150w\" alt=\"plastic machine parts supplier\" width=\"492\" height=\"283\" aria-describedby=\"caption-attachment-29712\" \/><\/p>\n<p id=\"caption-attachment-29712\" class=\"wp-caption-text\" data-rm-block-id=\"block-56\">proveedor de piezas de m\u00e1quinas de pl\u00e1stico<\/p>\n<\/div>\n<div id=\"attachment_29717\" class=\"wp-caption alignnone\">\n<p data-rm-block-id=\"block-57\"><img loading=\"lazy\" decoding=\"async\" class=\"size-full wp-image-29717\" src=\"https:\/\/maquinaparahacerbolsas.com.ve\/es\/wp-content\/uploads\/2025\/02\/plastic-bag-machine-supplier.webp\" sizes=\"(max-width: 497px) 100vw, 497px\" srcset=\"https:\/\/maquinaparahacerbolsas.com.ve\/es\/wp-content\/uploads\/2025\/02\/plastic-bag-machine-supplier.webp 497w, https:\/\/maquinaparahacerbolsas.com.ve\/es\/wp-content\/uploads\/2025\/02\/plastic-bag-machine-supplier-300x300.webp 300w, https:\/\/maquinaparahacerbolsas.com.ve\/es\/wp-content\/uploads\/2025\/02\/plastic-bag-machine-supplier-150x150.webp 150w, https:\/\/maquinaparahacerbolsas.com.ve\/es\/wp-content\/uploads\/2025\/02\/plastic-bag-machine-supplier-430x430.webp 430w\" alt=\"plastic bag machine supplier\" width=\"497\" height=\"497\" aria-describedby=\"caption-attachment-29717\" \/><\/p>\n<p id=\"caption-attachment-29717\" class=\"wp-caption-text\" data-rm-block-id=\"block-58\">plastic bag machine supplier<\/p>\n<\/div>\n<div id=\"attachment_29716\" class=\"wp-caption alignnone\">\n<p data-rm-block-id=\"block-59\"><img loading=\"lazy\" decoding=\"async\" class=\"wp-image-29716\" src=\"https:\/\/maquinaparahacerbolsas.com.ve\/es\/wp-content\/uploads\/2025\/02\/Plastic-bag-machine-factory.webp\" sizes=\"(max-width: 500px) 100vw, 500px\" srcset=\"https:\/\/maquinaparahacerbolsas.com.ve\/es\/wp-content\/uploads\/2025\/02\/Plastic-bag-machine-factory.webp 467w, https:\/\/maquinaparahacerbolsas.com.ve\/es\/wp-content\/uploads\/2025\/02\/Plastic-bag-machine-factory-296x300.webp 296w, https:\/\/maquinaparahacerbolsas.com.ve\/es\/wp-content\/uploads\/2025\/02\/Plastic-bag-machine-factory-430x436.webp 430w, https:\/\/maquinaparahacerbolsas.com.ve\/es\/wp-content\/uploads\/2025\/02\/Plastic-bag-machine-factory-150x152.webp 150w\" alt=\"Plastic bag machine factory\" width=\"500\" height=\"507\" aria-describedby=\"caption-attachment-29716\" \/><\/p>\n<p id=\"caption-attachment-29716\" class=\"wp-caption-text\" data-rm-block-id=\"block-60\">F\u00e1brica de m\u00e1quinas para fabricar bolsas de pl\u00e1stico<\/p>\n<\/div>\n<div id=\"attachment_29715\" class=\"wp-caption alignnone\">\n<p data-rm-block-id=\"block-61\"><img loading=\"lazy\" decoding=\"async\" class=\"wp-image-29715 size-full\" src=\"https:\/\/maquinaparahacerbolsas.com.ve\/es\/wp-content\/uploads\/2025\/02\/Plastic_Recycling_Machine_Near_us_Price.webp\" sizes=\"(max-width: 497px) 100vw, 497px\" srcset=\"https:\/\/maquinaparahacerbolsas.com.ve\/es\/wp-content\/uploads\/2025\/02\/Plastic_Recycling_Machine_Near_us_Price.webp 497w, https:\/\/maquinaparahacerbolsas.com.ve\/es\/wp-content\/uploads\/2025\/02\/Plastic_Recycling_Machine_Near_us_Price-300x300.webp 300w, https:\/\/maquinaparahacerbolsas.com.ve\/es\/wp-content\/uploads\/2025\/02\/Plastic_Recycling_Machine_Near_us_Price-150x150.webp 150w, https:\/\/maquinaparahacerbolsas.com.ve\/es\/wp-content\/uploads\/2025\/02\/Plastic_Recycling_Machine_Near_us_Price-430x430.webp 430w\" alt=\"Plastic Recycling Machine \" width=\"497\" height=\"497\" aria-describedby=\"caption-attachment-29715\" \/><\/p>\n<p id=\"caption-attachment-29715\" class=\"wp-caption-text\" data-rm-block-id=\"block-62\">Plastic Recycling Machine<\/p>\n<\/div>\n","protected":false},"excerpt":{"rendered":"<p>Maquina Extrusora Fabricar Poli Burbuja Plasticos de 3 capas.<\/p>\n<p>&nbsp;<\/p>\n","protected":false},"featured_media":29441,"comment_status":"closed","ping_status":"closed","template":"","meta":{"_acf_changed":false},"product_brand":[],"product_cat":[79],"product_tag":[],"class_list":{"0":"post-28770","1":"product","2":"type-product","3":"status-publish","4":"has-post-thumbnail","6":"product_cat-maquina-para-hacer-burbuja","8":"first","9":"instock","10":"shipping-taxable","11":"product-type-simple"},"acf":[],"_links":{"self":[{"href":"http:\/\/maquinaparahacerbolsas.com.ve\/es\/wp-json\/wp\/v2\/product\/28770","targetHints":{"allow":["GET"]}}],"collection":[{"href":"http:\/\/maquinaparahacerbolsas.com.ve\/es\/wp-json\/wp\/v2\/product"}],"about":[{"href":"http:\/\/maquinaparahacerbolsas.com.ve\/es\/wp-json\/wp\/v2\/types\/product"}],"replies":[{"embeddable":true,"href":"http:\/\/maquinaparahacerbolsas.com.ve\/es\/wp-json\/wp\/v2\/comments?post=28770"}],"version-history":[{"count":0,"href":"http:\/\/maquinaparahacerbolsas.com.ve\/es\/wp-json\/wp\/v2\/product\/28770\/revisions"}],"wp:featuredmedia":[{"embeddable":true,"href":"http:\/\/maquinaparahacerbolsas.com.ve\/es\/wp-json\/wp\/v2\/media\/29441"}],"wp:attachment":[{"href":"http:\/\/maquinaparahacerbolsas.com.ve\/es\/wp-json\/wp\/v2\/media?parent=28770"}],"wp:term":[{"taxonomy":"product_brand","embeddable":true,"href":"http:\/\/maquinaparahacerbolsas.com.ve\/es\/wp-json\/wp\/v2\/product_brand?post=28770"},{"taxonomy":"product_cat","embeddable":true,"href":"http:\/\/maquinaparahacerbolsas.com.ve\/es\/wp-json\/wp\/v2\/product_cat?post=28770"},{"taxonomy":"product_tag","embeddable":true,"href":"http:\/\/maquinaparahacerbolsas.com.ve\/es\/wp-json\/wp\/v2\/product_tag?post=28770"}],"curies":[{"name":"wp","href":"https:\/\/api.w.org\/{rel}","templated":true}]}}