{"id":28766,"date":"2025-02-24T13:02:12","date_gmt":"2025-02-24T05:02:12","guid":{"rendered":"https:\/\/blanchedalmond-goat-523522.hostingersite.com\/?post_type=product&#038;p=28766"},"modified":"2025-10-12T22:22:58","modified_gmt":"2025-10-12T14:22:58","slug":"dos-capas-extrusora-poli-burbuja","status":"publish","type":"product","link":"http:\/\/maquinaparahacerbolsas.com.ve\/es\/dos-capas-maquina-para-hacer-burbuja-plastico","title":{"rendered":"2 Capas Maquina para hacer plastico burbuja"},"content":{"rendered":"<p data-rm-block-id=\"block-1\"><strong>2 Capas Maquina para hacer plastico burbuja<\/strong><\/p>\n<p data-rm-block-id=\"block-2\">La m\u00e1quina para hacer pl\u00e1stico burbuja presenta un dise\u00f1o sencillo y permite una operaci\u00f3n f\u00e1cil, con la capacidad de funcionar de manera continua las 24 horas del d\u00eda, los 7 d\u00edas de la semana.<\/p>\n<p data-rm-block-id=\"block-3\">Conocida como extrusora de film de burbujas de aire de dos capas, esta m\u00e1quina est\u00e1 optimizada para un uso ininterrumpido 24\/7, destac\u00e1ndose por su estructura sencilla y su f\u00e1cil manejo.<\/p>\n<p data-rm-block-id=\"block-4\">Fabricada con polietileno de baja densidad (LDPE) o LDPE reciclado, est\u00e1 disponible en anchos de 1200 mm, 1500 mm, 2000 mm, 2500 mm y 3000 mm.<\/p>\n<p data-rm-block-id=\"block-5\">Adem\u00e1s, esta m\u00e1quina produce film de burbujas en dos capas en una variedad de colores, incluyendo rojo, azul y amarillo, y ofrece la opci\u00f3n de funcionar a voltajes de 220 V, 380 V, 440 V o 480 V.<\/p>\n<div id=\"attachment_29679\" style=\"width: 610px\" class=\"wp-caption alignnone\"><img fetchpriority=\"high\" decoding=\"async\" aria-describedby=\"caption-attachment-29679\" class=\"size-full wp-image-29679\" src=\"https:\/\/maquinaparahacerbolsas.com.ve\/es\/wp-content\/uploads\/2025\/02\/2-Capas-Maquina-Extrusora-Fabrica-Poli-Burbuja-Plasticos-1.jpg\" alt=\"2 Capas Maquina Extrusora Fabrica Poli Burbuja Plasticos\" width=\"600\" height=\"225\" srcset=\"http:\/\/maquinaparahacerbolsas.com.ve\/es\/wp-content\/uploads\/2025\/02\/2-Capas-Maquina-Extrusora-Fabrica-Poli-Burbuja-Plasticos-1.jpg 600w, http:\/\/maquinaparahacerbolsas.com.ve\/es\/wp-content\/uploads\/2025\/02\/2-Capas-Maquina-Extrusora-Fabrica-Poli-Burbuja-Plasticos-1-400x150.jpg 400w, http:\/\/maquinaparahacerbolsas.com.ve\/es\/wp-content\/uploads\/2025\/02\/2-Capas-Maquina-Extrusora-Fabrica-Poli-Burbuja-Plasticos-1-430x161.jpg 430w, http:\/\/maquinaparahacerbolsas.com.ve\/es\/wp-content\/uploads\/2025\/02\/2-Capas-Maquina-Extrusora-Fabrica-Poli-Burbuja-Plasticos-1-150x56.jpg 150w\" sizes=\"(max-width: 600px) 100vw, 600px\" \/><p id=\"caption-attachment-29679\" class=\"wp-caption-text\">2 Capas Maquina Extrusora Fabrica Poli Burbuja Plasticos<\/p><\/div>\n<p data-rm-block-id=\"block-8\"><strong>1. ancho de burbuja film:<\/strong>1000mm,1200mm,1500mm,2000mm,2500mm<\/p>\n<p data-rm-block-id=\"block-9\"><strong>2.capas de burbuja film:<\/strong> 2 capas<\/p>\n<p data-rm-block-id=\"block-10\">Poli Burbuja Plasticos<\/p>\n<div id=\"attachment_29680\" style=\"width: 547px\" class=\"wp-caption alignnone\"><img decoding=\"async\" aria-describedby=\"caption-attachment-29680\" class=\" wp-image-29680\" src=\"https:\/\/maquinaparahacerbolsas.com.ve\/es\/wp-content\/uploads\/2025\/02\/dos-capas-polyburbujas.jpg\" alt=\"dos capas polyburbujas\" width=\"537\" height=\"207\" srcset=\"http:\/\/maquinaparahacerbolsas.com.ve\/es\/wp-content\/uploads\/2025\/02\/dos-capas-polyburbujas.jpg 441w, http:\/\/maquinaparahacerbolsas.com.ve\/es\/wp-content\/uploads\/2025\/02\/dos-capas-polyburbujas-400x154.jpg 400w, http:\/\/maquinaparahacerbolsas.com.ve\/es\/wp-content\/uploads\/2025\/02\/dos-capas-polyburbujas-430x166.jpg 430w, http:\/\/maquinaparahacerbolsas.com.ve\/es\/wp-content\/uploads\/2025\/02\/dos-capas-polyburbujas-150x58.jpg 150w\" sizes=\"(max-width: 537px) 100vw, 537px\" \/><p id=\"caption-attachment-29680\" class=\"wp-caption-text\">dos capas polyburbujas<\/p><\/div>\n<p data-rm-block-id=\"block-11\">Main Technical Variables:<\/p>\n<table border=\"0\" cellspacing=\"1\" cellpadding=\"0\">\n<tbody>\n<tr>\n<td width=\"95\">\n<div data-rm-block-id=\"block-12\">Model<\/div>\n<\/td>\n<td width=\"94\">\n<div data-rm-block-id=\"block-13\"><span data-scayt_word=\"KDPE-1000\" data-scaytid=\"17\">KDPE-1000<\/span><\/div>\n<\/td>\n<td width=\"94\">\n<div data-rm-block-id=\"block-14\"><span data-scayt_word=\"KDPE-1200\" data-scaytid=\"18\">KDPE-1200<\/span><\/div>\n<\/td>\n<td width=\"92\">\n<div data-rm-block-id=\"block-15\"><span data-scayt_word=\"KDPE-1500\" data-scaytid=\"19\">KDPE-1500<\/span><\/div>\n<\/td>\n<td>\n<div data-rm-block-id=\"block-16\"><span data-scayt_word=\"KDPE-2000\" data-scaytid=\"20\">KDPE-2000<\/span><\/div>\n<\/td>\n<td>\n<div data-rm-block-id=\"block-17\"><span data-scayt_word=\"KDPE-2500\" data-scaytid=\"21\">KDPE-2500<\/span><\/div>\n<\/td>\n<\/tr>\n<tr>\n<td width=\"95\">\n<div data-rm-block-id=\"block-18\">Screw <span data-scayt_word=\"Dia\" data-scaytid=\"22\">Dia<\/span>.<\/div>\n<\/td>\n<td width=\"94\">\n<div data-rm-block-id=\"block-19\"><span data-scayt_word=\"60mm\" data-scaytid=\"23\">60mm<\/span><\/div>\n<\/td>\n<td width=\"94\">\n<div data-rm-block-id=\"block-20\"><span data-scayt_word=\"65mm\" data-scaytid=\"24\">65mm<\/span><\/div>\n<\/td>\n<td width=\"92\">\n<div data-rm-block-id=\"block-21\"><span data-scayt_word=\"75mm\" data-scaytid=\"25\">75mm<\/span><\/div>\n<\/td>\n<td>\n<div data-rm-block-id=\"block-22\"><span data-scayt_word=\"95mm\" data-scaytid=\"26\">95mm<\/span><\/div>\n<\/td>\n<td>\n<div data-rm-block-id=\"block-23\"><span data-scayt_word=\"110mm\" data-scaytid=\"27\">110mm<\/span><\/div>\n<\/td>\n<\/tr>\n<tr>\n<td width=\"95\">\n<div data-rm-block-id=\"block-24\">Film width<\/div>\n<\/td>\n<td width=\"94\">\n<div data-rm-block-id=\"block-25\"><span data-scayt_word=\"1000mm\" data-scaytid=\"28\">1000mm<\/span><\/div>\n<\/td>\n<td width=\"94\">\n<div data-rm-block-id=\"block-26\"><span data-scayt_word=\"1200mm\" data-scaytid=\"29\">1200mm<\/span><\/div>\n<\/td>\n<td width=\"92\">\n<div data-rm-block-id=\"block-27\"><span data-scayt_word=\"1500mm\" data-scaytid=\"30\">1500mm<\/span><\/div>\n<\/td>\n<td>\n<div data-rm-block-id=\"block-28\"><span data-scayt_word=\"2000mm\" data-scaytid=\"31\">2000mm<\/span><\/div>\n<\/td>\n<td>\n<div data-rm-block-id=\"block-29\"><span data-scayt_word=\"2500mm\" data-scaytid=\"32\">2500mm<\/span><\/div>\n<\/td>\n<\/tr>\n<tr>\n<td width=\"95\">\n<div data-rm-block-id=\"block-30\">Output<\/div>\n<\/td>\n<td width=\"94\">\n<div data-rm-block-id=\"block-31\"><span data-scayt_word=\"50kg\" data-scaytid=\"33\">50kg<\/span>\/h<\/div>\n<\/td>\n<td width=\"94\">\n<div data-rm-block-id=\"block-32\"><span data-scayt_word=\"70kg\" data-scaytid=\"34\">70kg<\/span>\/h<\/div>\n<\/td>\n<td width=\"92\">\n<div data-rm-block-id=\"block-33\"><span data-scayt_word=\"100kg\" data-scaytid=\"1\">100kg<\/span>\/h<\/div>\n<\/td>\n<td>\n<div data-rm-block-id=\"block-34\"><span data-scayt_word=\"150kg\" data-scaytid=\"2\">150kg<\/span>\/h<\/div>\n<\/td>\n<td>\n<div data-rm-block-id=\"block-35\"><span data-scayt_word=\"180kg\" data-scaytid=\"3\">180kg<\/span>\/h<\/div>\n<\/td>\n<\/tr>\n<tr>\n<td width=\"95\">\n<div data-rm-block-id=\"block-36\">Total Power<\/div>\n<\/td>\n<td width=\"94\">\n<div data-rm-block-id=\"block-37\"><span data-scayt_word=\"48kw\" data-scaytid=\"4\">48kw<\/span><\/div>\n<\/td>\n<td width=\"94\">\n<div data-rm-block-id=\"block-38\"><span data-scayt_word=\"58kw\" data-scaytid=\"5\">58kw<\/span><\/div>\n<\/td>\n<td width=\"92\">\n<div data-rm-block-id=\"block-39\"><span data-scayt_word=\"68kw\" data-scaytid=\"6\">68kw<\/span><\/div>\n<\/td>\n<td>\n<div data-rm-block-id=\"block-40\"><span data-scayt_word=\"100kw\" data-scaytid=\"7\">100kw<\/span><\/div>\n<\/td>\n<td>\n<div data-rm-block-id=\"block-41\"><span data-scayt_word=\"130kw\" data-scaytid=\"8\">130kw<\/span><\/div>\n<\/td>\n<\/tr>\n<tr>\n<td width=\"95\">\n<div data-rm-block-id=\"block-42\">L\/D<\/div>\n<\/td>\n<td width=\"94\">\n<div data-rm-block-id=\"block-43\">28:1<\/div>\n<\/td>\n<td width=\"94\">\n<div data-rm-block-id=\"block-44\">28:1<\/div>\n<\/td>\n<td width=\"92\">\n<div data-rm-block-id=\"block-45\">28:1<\/div>\n<\/td>\n<td>\n<div data-rm-block-id=\"block-46\">28:1<\/div>\n<\/td>\n<td>\n<div data-rm-block-id=\"block-47\">28:1<\/div>\n<\/td>\n<\/tr>\n<tr>\n<td width=\"95\">\n<div data-rm-block-id=\"block-48\">Speed<\/div>\n<\/td>\n<td width=\"94\">\n<div data-rm-block-id=\"block-49\"><span data-scayt_word=\"1100m\" data-scaytid=\"9\">1100m<\/span>\/hour<\/div>\n<\/td>\n<td width=\"94\">\n<div data-rm-block-id=\"block-50\"><span data-scayt_word=\"1100m\" data-scaytid=\"10\">1100m<\/span>\/hour<\/div>\n<\/td>\n<td width=\"92\">\n<div data-rm-block-id=\"block-51\"><span data-scayt_word=\"1100m\" data-scaytid=\"11\">1100m<\/span>\/hour<\/div>\n<\/td>\n<td>\n<div data-rm-block-id=\"block-52\"><span data-scayt_word=\"1100m\" data-scaytid=\"12\">1100m<\/span>\/hour<\/div>\n<\/td>\n<td>\n<div data-rm-block-id=\"block-53\"><span data-scayt_word=\"1100m\" data-scaytid=\"13\">1100m<\/span>\/hour<\/div>\n<\/td>\n<\/tr>\n<tr>\n<td width=\"95\">\n<div data-rm-block-id=\"block-54\">Weight<\/div>\n<\/td>\n<td width=\"94\">\n<div data-rm-block-id=\"block-55\">4T<\/div>\n<\/td>\n<td width=\"94\">\n<div data-rm-block-id=\"block-56\">5T<\/div>\n<\/td>\n<td width=\"92\">\n<div data-rm-block-id=\"block-57\">6T<\/div>\n<\/td>\n<td>\n<div data-rm-block-id=\"block-58\">7T<\/div>\n<\/td>\n<td>\n<div data-rm-block-id=\"block-59\">8T<\/div>\n<\/td>\n<\/tr>\n<\/tbody>\n<\/table>\n<p data-rm-block-id=\"block-60\">Optional equipment:<\/p>\n<p data-rm-block-id=\"block-61\">1) Auto loader<\/p>\n<p data-rm-block-id=\"block-62\">2) Automatic change roller<\/p>\n<p data-rm-block-id=\"block-63\">3) Air shaft<\/p>\n<p data-rm-block-id=\"block-64\"><img decoding=\"async\" class=\"size-full wp-image-29448\" src=\"https:\/\/maquinaparahacerbolsas.com.ve\/es\/wp-content\/uploads\/2025\/02\/Poli-Burbuja-Plasticos.jpg\" alt=\"Poli Burbuja Plasticos\" width=\"390\" height=\"390\" srcset=\"http:\/\/maquinaparahacerbolsas.com.ve\/es\/wp-content\/uploads\/2025\/02\/Poli-Burbuja-Plasticos.jpg 390w, http:\/\/maquinaparahacerbolsas.com.ve\/es\/wp-content\/uploads\/2025\/02\/Poli-Burbuja-Plasticos-300x300.jpg 300w, http:\/\/maquinaparahacerbolsas.com.ve\/es\/wp-content\/uploads\/2025\/02\/Poli-Burbuja-Plasticos-150x150.jpg 150w\" sizes=\"(max-width: 390px) 100vw, 390px\" \/><\/p>\n<p data-rm-block-id=\"block-65\"><strong>Si solo compra una m\u00e1quina, la empacaremos con un paquete de madera y la cargaremos en un contenedor con carga menor a la del contenedor (LCL).<\/strong><\/p>\n<p data-rm-block-id=\"block-66\"><img loading=\"lazy\" decoding=\"async\" class=\" wp-image-29711\" src=\"https:\/\/maquinaparahacerbolsas.com.ve\/es\/wp-content\/uploads\/2025\/02\/plastic-machine-shipment-with-wooden-pack-less-containers.webp\" sizes=\"(max-width: 492px) 100vw, 492px\" srcset=\"https:\/\/maquinaparahacerbolsas.com.ve\/es\/wp-content\/uploads\/2025\/02\/plastic-machine-shipment-with-wooden-pack-less-containers.webp 768w, https:\/\/maquinaparahacerbolsas.com.ve\/es\/wp-content\/uploads\/2025\/02\/plastic-machine-shipment-with-wooden-pack-less-containers-400x295.webp 400w, https:\/\/maquinaparahacerbolsas.com.ve\/es\/wp-content\/uploads\/2025\/02\/plastic-machine-shipment-with-wooden-pack-less-containers-430x317.webp 430w, https:\/\/maquinaparahacerbolsas.com.ve\/es\/wp-content\/uploads\/2025\/02\/plastic-machine-shipment-with-wooden-pack-less-containers-700x517.webp 700w, https:\/\/maquinaparahacerbolsas.com.ve\/es\/wp-content\/uploads\/2025\/02\/plastic-machine-shipment-with-wooden-pack-less-containers-150x111.webp 150w\" alt=\"plastic machine shipment with wooden pack less containers\" width=\"492\" height=\"363\" \/><\/p>\n<p data-rm-block-id=\"block-67\">Nuestro principal colaborador de piezas es la siguiente marca, pero las piezas est\u00e1ndar est\u00e1n todas fabricadas en China.<\/p>\n<div id=\"attachment_29712\" class=\"wp-caption alignnone\">\n<p data-rm-block-id=\"block-68\"><img loading=\"lazy\" decoding=\"async\" class=\" wp-image-29712\" src=\"https:\/\/maquinaparahacerbolsas.com.ve\/es\/wp-content\/uploads\/2025\/02\/plastic-machine-parts-supplier.webp\" sizes=\"(max-width: 492px) 100vw, 492px\" srcset=\"https:\/\/maquinaparahacerbolsas.com.ve\/es\/wp-content\/uploads\/2025\/02\/plastic-machine-parts-supplier.webp 875w, https:\/\/maquinaparahacerbolsas.com.ve\/es\/wp-content\/uploads\/2025\/02\/plastic-machine-parts-supplier-400x230.webp 400w, https:\/\/maquinaparahacerbolsas.com.ve\/es\/wp-content\/uploads\/2025\/02\/plastic-machine-parts-supplier-768x442.webp 768w, https:\/\/maquinaparahacerbolsas.com.ve\/es\/wp-content\/uploads\/2025\/02\/plastic-machine-parts-supplier-430x248.webp 430w, https:\/\/maquinaparahacerbolsas.com.ve\/es\/wp-content\/uploads\/2025\/02\/plastic-machine-parts-supplier-700x403.webp 700w, https:\/\/maquinaparahacerbolsas.com.ve\/es\/wp-content\/uploads\/2025\/02\/plastic-machine-parts-supplier-150x86.webp 150w\" alt=\"plastic machine parts supplier\" width=\"492\" height=\"283\" aria-describedby=\"caption-attachment-29712\" \/><\/p>\n<p id=\"caption-attachment-29712\" class=\"wp-caption-text\" data-rm-block-id=\"block-69\">proveedor de piezas de m\u00e1quinas de pl\u00e1stico<\/p>\n<\/div>\n<div id=\"attachment_29717\" class=\"wp-caption alignnone\">\n<p data-rm-block-id=\"block-70\"><img loading=\"lazy\" decoding=\"async\" class=\"size-full wp-image-29717\" src=\"https:\/\/maquinaparahacerbolsas.com.ve\/es\/wp-content\/uploads\/2025\/02\/plastic-bag-machine-supplier.webp\" sizes=\"(max-width: 497px) 100vw, 497px\" srcset=\"https:\/\/maquinaparahacerbolsas.com.ve\/es\/wp-content\/uploads\/2025\/02\/plastic-bag-machine-supplier.webp 497w, https:\/\/maquinaparahacerbolsas.com.ve\/es\/wp-content\/uploads\/2025\/02\/plastic-bag-machine-supplier-300x300.webp 300w, https:\/\/maquinaparahacerbolsas.com.ve\/es\/wp-content\/uploads\/2025\/02\/plastic-bag-machine-supplier-150x150.webp 150w, https:\/\/maquinaparahacerbolsas.com.ve\/es\/wp-content\/uploads\/2025\/02\/plastic-bag-machine-supplier-430x430.webp 430w\" alt=\"plastic bag machine supplier\" width=\"497\" height=\"497\" aria-describedby=\"caption-attachment-29717\" \/><\/p>\n<p id=\"caption-attachment-29717\" class=\"wp-caption-text\" data-rm-block-id=\"block-71\">plastic bag machine supplier<\/p>\n<\/div>\n<div id=\"attachment_29716\" class=\"wp-caption alignnone\">\n<p data-rm-block-id=\"block-72\"><img loading=\"lazy\" decoding=\"async\" class=\"wp-image-29716\" src=\"https:\/\/maquinaparahacerbolsas.com.ve\/es\/wp-content\/uploads\/2025\/02\/Plastic-bag-machine-factory.webp\" sizes=\"(max-width: 500px) 100vw, 500px\" srcset=\"https:\/\/maquinaparahacerbolsas.com.ve\/es\/wp-content\/uploads\/2025\/02\/Plastic-bag-machine-factory.webp 467w, https:\/\/maquinaparahacerbolsas.com.ve\/es\/wp-content\/uploads\/2025\/02\/Plastic-bag-machine-factory-296x300.webp 296w, https:\/\/maquinaparahacerbolsas.com.ve\/es\/wp-content\/uploads\/2025\/02\/Plastic-bag-machine-factory-430x436.webp 430w, https:\/\/maquinaparahacerbolsas.com.ve\/es\/wp-content\/uploads\/2025\/02\/Plastic-bag-machine-factory-150x152.webp 150w\" alt=\"Plastic bag machine factory\" width=\"500\" height=\"507\" aria-describedby=\"caption-attachment-29716\" \/><\/p>\n<p id=\"caption-attachment-29716\" class=\"wp-caption-text\" data-rm-block-id=\"block-73\">F\u00e1brica de m\u00e1quinas para fabricar bolsas de pl\u00e1stico<\/p>\n<\/div>\n<div id=\"attachment_29715\" class=\"wp-caption alignnone\">\n<p data-rm-block-id=\"block-74\"><img loading=\"lazy\" decoding=\"async\" class=\"wp-image-29715 size-full\" src=\"https:\/\/maquinaparahacerbolsas.com.ve\/es\/wp-content\/uploads\/2025\/02\/Plastic_Recycling_Machine_Near_us_Price.webp\" sizes=\"(max-width: 497px) 100vw, 497px\" srcset=\"https:\/\/maquinaparahacerbolsas.com.ve\/es\/wp-content\/uploads\/2025\/02\/Plastic_Recycling_Machine_Near_us_Price.webp 497w, https:\/\/maquinaparahacerbolsas.com.ve\/es\/wp-content\/uploads\/2025\/02\/Plastic_Recycling_Machine_Near_us_Price-300x300.webp 300w, https:\/\/maquinaparahacerbolsas.com.ve\/es\/wp-content\/uploads\/2025\/02\/Plastic_Recycling_Machine_Near_us_Price-150x150.webp 150w, https:\/\/maquinaparahacerbolsas.com.ve\/es\/wp-content\/uploads\/2025\/02\/Plastic_Recycling_Machine_Near_us_Price-430x430.webp 430w\" alt=\"Plastic Recycling Machine \" width=\"497\" height=\"497\" aria-describedby=\"caption-attachment-29715\" \/><\/p>\n<p id=\"caption-attachment-29715\" class=\"wp-caption-text\" data-rm-block-id=\"block-75\">Plastic Recycling Machine<\/p>\n<\/div>\n<div id=\"attachment_29719\" class=\"wp-caption alignnone\" data-rm-block-id=\"block-76\"><\/div>\n<div id=\"attachment_29720\" class=\"wp-caption alignnone\">\n<p id=\"caption-attachment-29720\" class=\"wp-caption-text\" data-rm-block-id=\"block-77\">\n<\/div>\n","protected":false},"excerpt":{"rendered":"<p>Maquina Extrusora Fabrica Poli Burbuja Plasticos de 2 Capas .<\/p>\n<p>&nbsp;<\/p>\n<p>&nbsp;<\/p>\n","protected":false},"featured_media":29446,"comment_status":"closed","ping_status":"closed","template":"","meta":{"_acf_changed":false},"product_brand":[],"product_cat":[79],"product_tag":[],"class_list":{"0":"post-28766","1":"product","2":"type-product","3":"status-publish","4":"has-post-thumbnail","6":"product_cat-maquina-para-hacer-burbuja","8":"first","9":"instock","10":"shipping-taxable","11":"product-type-simple"},"acf":[],"_links":{"self":[{"href":"http:\/\/maquinaparahacerbolsas.com.ve\/es\/wp-json\/wp\/v2\/product\/28766","targetHints":{"allow":["GET"]}}],"collection":[{"href":"http:\/\/maquinaparahacerbolsas.com.ve\/es\/wp-json\/wp\/v2\/product"}],"about":[{"href":"http:\/\/maquinaparahacerbolsas.com.ve\/es\/wp-json\/wp\/v2\/types\/product"}],"replies":[{"embeddable":true,"href":"http:\/\/maquinaparahacerbolsas.com.ve\/es\/wp-json\/wp\/v2\/comments?post=28766"}],"version-history":[{"count":0,"href":"http:\/\/maquinaparahacerbolsas.com.ve\/es\/wp-json\/wp\/v2\/product\/28766\/revisions"}],"wp:featuredmedia":[{"embeddable":true,"href":"http:\/\/maquinaparahacerbolsas.com.ve\/es\/wp-json\/wp\/v2\/media\/29446"}],"wp:attachment":[{"href":"http:\/\/maquinaparahacerbolsas.com.ve\/es\/wp-json\/wp\/v2\/media?parent=28766"}],"wp:term":[{"taxonomy":"product_brand","embeddable":true,"href":"http:\/\/maquinaparahacerbolsas.com.ve\/es\/wp-json\/wp\/v2\/product_brand?post=28766"},{"taxonomy":"product_cat","embeddable":true,"href":"http:\/\/maquinaparahacerbolsas.com.ve\/es\/wp-json\/wp\/v2\/product_cat?post=28766"},{"taxonomy":"product_tag","embeddable":true,"href":"http:\/\/maquinaparahacerbolsas.com.ve\/es\/wp-json\/wp\/v2\/product_tag?post=28766"}],"curies":[{"name":"wp","href":"https:\/\/api.w.org\/{rel}","templated":true}]}}