{"id":28763,"date":"2025-02-24T12:57:12","date_gmt":"2025-02-24T04:57:12","guid":{"rendered":"https:\/\/blanchedalmond-goat-523522.hostingersite.com\/?post_type=product&#038;p=28763"},"modified":"2025-10-12T22:27:52","modified_gmt":"2025-10-12T14:27:52","slug":"maquina-para-hacer-bolsas-de-burbuja-de-plasticos","status":"publish","type":"product","link":"http:\/\/maquinaparahacerbolsas.com.ve\/es\/maquina-para-hacer-bolsas-de-burbuja-de-plasticos","title":{"rendered":"M\u00e1quina para hacer Bolsas de Burbuja de Plasticos"},"content":{"rendered":"<p>M\u00e1quina para hacer bolsas de burbujas de plasticos<br \/>\nEsta M\u00e1quina para hacer bolsas de burbujas de plasticos ha sido concebida para la fabricaci\u00f3n de bolsas de pl\u00e1stico de burbujas de polietileno.<\/p>\n<p>Proporciona un desempe\u00f1o constante y est\u00e1 equipada con un mecanismo de plegado que optimiza el proceso de plegado del pl\u00e1stico de burbujas, facilitando as\u00ed la producci\u00f3n de las bolsas.<\/p>\n<p>Las bolsas de pl\u00e1stico de burbujas son ampliamente utilizadas en el embalaje de productos como hardware, art\u00edculos el\u00e9ctricos, utensilios de acero inoxidable y otros.<\/p>\n<p>Caracter\u00edsticas de la m\u00e1quina:<br \/>\n1. Pantalla t\u00e1ctil<br \/>\n2. Control de velocidad de la m\u00e1quina por computadora<br \/>\n3. Control de longitud de la bolsa por computadora<br \/>\n4. Longitud de la bolsa ajustable<br \/>\n5. Control de velocidad de la m\u00e1quina por inversor<br \/>\n6. F\u00e1cil de usar<\/p>\n<div id=\"attachment_29934\" style=\"width: 395px\" class=\"wp-caption alignnone\"><img fetchpriority=\"high\" decoding=\"async\" aria-describedby=\"caption-attachment-29934\" class=\"Pl\u00e1stico burbujas wp-image-29934\" title=\"Pl\u00e1stico burbujas\" src=\"https:\/\/maquinaparahacerbolsas.com.ve\/es\/wp-content\/uploads\/2025\/02\/Plastico-Bolha.webp\" alt=\"Pl\u00e1stico burbujas\" width=\"385\" height=\"385\" srcset=\"http:\/\/maquinaparahacerbolsas.com.ve\/es\/wp-content\/uploads\/2025\/02\/Plastico-Bolha.webp 497w, http:\/\/maquinaparahacerbolsas.com.ve\/es\/wp-content\/uploads\/2025\/02\/Plastico-Bolha-300x300.webp 300w, http:\/\/maquinaparahacerbolsas.com.ve\/es\/wp-content\/uploads\/2025\/02\/Plastico-Bolha-150x150.webp 150w, http:\/\/maquinaparahacerbolsas.com.ve\/es\/wp-content\/uploads\/2025\/02\/Plastico-Bolha-430x430.webp 430w\" sizes=\"(max-width: 385px) 100vw, 385px\" \/><p id=\"caption-attachment-29934\" class=\"wp-caption-text\">Pl\u00e1stico burbujas<\/p><\/div>\n<table border=\"0\" cellspacing=\"1\" cellpadding=\"0\">\n<tbody>\n<tr>\n<td>\n<div>Model<\/div>\n<\/td>\n<td>\n<div><span data-scayt_word=\"KDQB-800\" data-scaytid=\"7\">KDQB-800<\/span><\/div>\n<\/td>\n<td>\n<div><span data-scayt_word=\"KDQB-1000\" data-scaytid=\"8\">KDQB-1000<\/span><\/div>\n<\/td>\n<\/tr>\n<tr>\n<td>\n<div>Max. ancho(mm)<\/div>\n<\/td>\n<td>\n<div>800<\/div>\n<\/td>\n<td>\n<div>1000<\/div>\n<\/td>\n<\/tr>\n<tr>\n<td>\n<div>Max. largo(mm)<\/div>\n<\/td>\n<td>\n<div>800<\/div>\n<\/td>\n<td>\n<div>850<\/div>\n<\/td>\n<\/tr>\n<tr>\n<td>\n<div>Capacity(<span data-scayt_word=\"pcs\" data-scaytid=\"9\">pcs<\/span>\/min)<\/div>\n<\/td>\n<td>\n<div>20-120<\/div>\n<\/td>\n<td>\n<div>20-120<\/div>\n<\/td>\n<\/tr>\n<tr>\n<td>\n<div>Power(<span data-scayt_word=\"kw\" data-scaytid=\"10\">kw<\/span>)<\/div>\n<\/td>\n<td>\n<div>3.2<\/div>\n<\/td>\n<td>\n<div>4.0<\/div>\n<\/td>\n<\/tr>\n<tr>\n<td>\n<div>Weight(T)<\/div>\n<\/td>\n<td>\n<div>1.5<\/div>\n<\/td>\n<td>\n<div>2<\/div>\n<\/td>\n<\/tr>\n<\/tbody>\n<\/table>\n<div id=\"attachment_29439\" style=\"width: 378px\" class=\"wp-caption alignnone\"><img decoding=\"async\" aria-describedby=\"caption-attachment-29439\" class=\"size-full wp-image-29439\" src=\"https:\/\/maquinaparahacerbolsas.com.ve\/es\/wp-content\/uploads\/2025\/02\/polyfoam-bolsas-espuma-de-polietileno.jpg\" alt=\"bolsas de espuma de polietileno\" width=\"368\" height=\"357\" srcset=\"http:\/\/maquinaparahacerbolsas.com.ve\/es\/wp-content\/uploads\/2025\/02\/polyfoam-bolsas-espuma-de-polietileno.jpg 368w, http:\/\/maquinaparahacerbolsas.com.ve\/es\/wp-content\/uploads\/2025\/02\/polyfoam-bolsas-espuma-de-polietileno-309x300.jpg 309w, http:\/\/maquinaparahacerbolsas.com.ve\/es\/wp-content\/uploads\/2025\/02\/polyfoam-bolsas-espuma-de-polietileno-150x146.jpg 150w\" sizes=\"(max-width: 368px) 100vw, 368px\" \/><p id=\"caption-attachment-29439\" class=\"wp-caption-text\">bolsas de espuma de polietileno<\/p><\/div>\n<p>Si solo compra una m\u00e1quina, la empacaremos con un paquete de madera y la cargaremos en un contenedor con carga menor a la del contenedor (LCL).<\/p>\n<p><img decoding=\"async\" class=\" wp-image-29711\" src=\"https:\/\/maquinaparahacerbolsas.com.ve\/es\/wp-content\/uploads\/2025\/02\/plastic-machine-shipment-with-wooden-pack-less-containers.webp\" sizes=\"(max-width: 492px) 100vw, 492px\" srcset=\"https:\/\/maquinaparahacerbolsas.com.ve\/es\/wp-content\/uploads\/2025\/02\/plastic-machine-shipment-with-wooden-pack-less-containers.webp 768w, https:\/\/maquinaparahacerbolsas.com.ve\/es\/wp-content\/uploads\/2025\/02\/plastic-machine-shipment-with-wooden-pack-less-containers-400x295.webp 400w, https:\/\/maquinaparahacerbolsas.com.ve\/es\/wp-content\/uploads\/2025\/02\/plastic-machine-shipment-with-wooden-pack-less-containers-430x317.webp 430w, https:\/\/maquinaparahacerbolsas.com.ve\/es\/wp-content\/uploads\/2025\/02\/plastic-machine-shipment-with-wooden-pack-less-containers-700x517.webp 700w, https:\/\/maquinaparahacerbolsas.com.ve\/es\/wp-content\/uploads\/2025\/02\/plastic-machine-shipment-with-wooden-pack-less-containers-150x111.webp 150w\" alt=\"plastic machine shipment with wooden pack less containers\" width=\"492\" height=\"363\" \/><\/p>\n<p>Nuestro principal colaborador de piezas es la siguiente marca, pero las piezas est\u00e1ndar est\u00e1n todas fabricadas en China.<\/p>\n<div id=\"attachment_29712\" class=\"wp-caption alignnone\">\n<p><img loading=\"lazy\" decoding=\"async\" class=\" wp-image-29712\" src=\"https:\/\/maquinaparahacerbolsas.com.ve\/es\/wp-content\/uploads\/2025\/02\/plastic-machine-parts-supplier.webp\" sizes=\"(max-width: 492px) 100vw, 492px\" srcset=\"https:\/\/maquinaparahacerbolsas.com.ve\/es\/wp-content\/uploads\/2025\/02\/plastic-machine-parts-supplier.webp 875w, https:\/\/maquinaparahacerbolsas.com.ve\/es\/wp-content\/uploads\/2025\/02\/plastic-machine-parts-supplier-400x230.webp 400w, https:\/\/maquinaparahacerbolsas.com.ve\/es\/wp-content\/uploads\/2025\/02\/plastic-machine-parts-supplier-768x442.webp 768w, https:\/\/maquinaparahacerbolsas.com.ve\/es\/wp-content\/uploads\/2025\/02\/plastic-machine-parts-supplier-430x248.webp 430w, https:\/\/maquinaparahacerbolsas.com.ve\/es\/wp-content\/uploads\/2025\/02\/plastic-machine-parts-supplier-700x403.webp 700w, https:\/\/maquinaparahacerbolsas.com.ve\/es\/wp-content\/uploads\/2025\/02\/plastic-machine-parts-supplier-150x86.webp 150w\" alt=\"plastic machine parts supplier\" width=\"492\" height=\"283\" aria-describedby=\"caption-attachment-29712\" \/><\/p>\n<p id=\"caption-attachment-29712\" class=\"wp-caption-text\">proveedor de piezas de m\u00e1quinas de pl\u00e1stico<\/p>\n<\/div>\n<div id=\"attachment_29717\" class=\"wp-caption alignnone\">\n<p><img loading=\"lazy\" decoding=\"async\" class=\"size-full wp-image-29717\" src=\"https:\/\/maquinaparahacerbolsas.com.ve\/es\/wp-content\/uploads\/2025\/02\/plastic-bag-machine-supplier.webp\" sizes=\"(max-width: 497px) 100vw, 497px\" srcset=\"https:\/\/maquinaparahacerbolsas.com.ve\/es\/wp-content\/uploads\/2025\/02\/plastic-bag-machine-supplier.webp 497w, https:\/\/maquinaparahacerbolsas.com.ve\/es\/wp-content\/uploads\/2025\/02\/plastic-bag-machine-supplier-300x300.webp 300w, https:\/\/maquinaparahacerbolsas.com.ve\/es\/wp-content\/uploads\/2025\/02\/plastic-bag-machine-supplier-150x150.webp 150w, https:\/\/maquinaparahacerbolsas.com.ve\/es\/wp-content\/uploads\/2025\/02\/plastic-bag-machine-supplier-430x430.webp 430w\" alt=\"plastic bag machine supplier\" width=\"497\" height=\"497\" aria-describedby=\"caption-attachment-29717\" \/><\/p>\n<p id=\"caption-attachment-29717\" class=\"wp-caption-text\">plastic bag machine supplier<\/p>\n<\/div>\n<div id=\"attachment_29716\" class=\"wp-caption alignnone\">\n<p><img loading=\"lazy\" decoding=\"async\" class=\"wp-image-29716\" src=\"https:\/\/maquinaparahacerbolsas.com.ve\/es\/wp-content\/uploads\/2025\/02\/Plastic-bag-machine-factory.webp\" sizes=\"(max-width: 500px) 100vw, 500px\" srcset=\"https:\/\/maquinaparahacerbolsas.com.ve\/es\/wp-content\/uploads\/2025\/02\/Plastic-bag-machine-factory.webp 467w, https:\/\/maquinaparahacerbolsas.com.ve\/es\/wp-content\/uploads\/2025\/02\/Plastic-bag-machine-factory-296x300.webp 296w, https:\/\/maquinaparahacerbolsas.com.ve\/es\/wp-content\/uploads\/2025\/02\/Plastic-bag-machine-factory-430x436.webp 430w, https:\/\/maquinaparahacerbolsas.com.ve\/es\/wp-content\/uploads\/2025\/02\/Plastic-bag-machine-factory-150x152.webp 150w\" alt=\"Plastic bag machine factory\" width=\"500\" height=\"507\" aria-describedby=\"caption-attachment-29716\" \/><\/p>\n<p id=\"caption-attachment-29716\" class=\"wp-caption-text\">F\u00e1brica de m\u00e1quinas para fabricar bolsas de pl\u00e1stico<\/p>\n<\/div>\n<div id=\"attachment_29715\" class=\"wp-caption alignnone\">\n<p><img loading=\"lazy\" decoding=\"async\" class=\"wp-image-29715 size-full\" src=\"https:\/\/maquinaparahacerbolsas.com.ve\/es\/wp-content\/uploads\/2025\/02\/Plastic_Recycling_Machine_Near_us_Price.webp\" sizes=\"(max-width: 497px) 100vw, 497px\" srcset=\"https:\/\/maquinaparahacerbolsas.com.ve\/es\/wp-content\/uploads\/2025\/02\/Plastic_Recycling_Machine_Near_us_Price.webp 497w, https:\/\/maquinaparahacerbolsas.com.ve\/es\/wp-content\/uploads\/2025\/02\/Plastic_Recycling_Machine_Near_us_Price-300x300.webp 300w, https:\/\/maquinaparahacerbolsas.com.ve\/es\/wp-content\/uploads\/2025\/02\/Plastic_Recycling_Machine_Near_us_Price-150x150.webp 150w, https:\/\/maquinaparahacerbolsas.com.ve\/es\/wp-content\/uploads\/2025\/02\/Plastic_Recycling_Machine_Near_us_Price-430x430.webp 430w\" alt=\"Plastic Recycling Machine \" width=\"497\" height=\"497\" aria-describedby=\"caption-attachment-29715\" \/><\/p>\n<p id=\"caption-attachment-29715\" class=\"wp-caption-text\">Plastic Recycling Machine<\/p>\n<\/div>\n<div id=\"attachment_29719\" class=\"wp-caption alignnone\">\n<p><img loading=\"lazy\" decoding=\"async\" class=\" wp-image-29719\" src=\"https:\/\/maquinaparahacerbolsas.com.ve\/es\/wp-content\/uploads\/2025\/02\/Envio-de-maquinas-de-plastico-a-Venezuela.webp\" sizes=\"(max-width: 484px) 100vw, 484px\" srcset=\"https:\/\/maquinaparahacerbolsas.com.ve\/es\/wp-content\/uploads\/2025\/02\/Envio-de-maquinas-de-plastico-a-Venezuela.webp 800w, https:\/\/maquinaparahacerbolsas.com.ve\/es\/wp-content\/uploads\/2025\/02\/Envio-de-maquinas-de-plastico-a-Venezuela-400x202.webp 400w, https:\/\/maquinaparahacerbolsas.com.ve\/es\/wp-content\/uploads\/2025\/02\/Envio-de-maquinas-de-plastico-a-Venezuela-768x387.webp 768w, https:\/\/maquinaparahacerbolsas.com.ve\/es\/wp-content\/uploads\/2025\/02\/Envio-de-maquinas-de-plastico-a-Venezuela-430x217.webp 430w, https:\/\/maquinaparahacerbolsas.com.ve\/es\/wp-content\/uploads\/2025\/02\/Envio-de-maquinas-de-plastico-a-Venezuela-700x353.webp 700w, https:\/\/maquinaparahacerbolsas.com.ve\/es\/wp-content\/uploads\/2025\/02\/Envio-de-maquinas-de-plastico-a-Venezuela-150x76.webp 150w\" alt=\"Env\u00edo de m\u00e1quinas de pl\u00e1stico a Venezuela\" width=\"484\" height=\"244\" aria-describedby=\"caption-attachment-29719\" \/><\/p>\n<p id=\"caption-attachment-29719\" class=\"wp-caption-text\">Env\u00edo de m\u00e1quinas de pl\u00e1stico a Venezuela<\/p>\n<\/div>\n<div id=\"attachment_29720\" class=\"wp-caption alignnone\">\n<p><img loading=\"lazy\" decoding=\"async\" class=\"wp-image-29720\" src=\"https:\/\/maquinaparahacerbolsas.com.ve\/es\/wp-content\/uploads\/2025\/02\/maquina-confeccionadora-para-hacer-bolsas-por-Venezuela.webp\" sizes=\"(max-width: 487px) 100vw, 487px\" srcset=\"https:\/\/maquinaparahacerbolsas.com.ve\/es\/wp-content\/uploads\/2025\/02\/maquina-confeccionadora-para-hacer-bolsas-por-Venezuela.webp 1038w, https:\/\/maquinaparahacerbolsas.com.ve\/es\/wp-content\/uploads\/2025\/02\/maquina-confeccionadora-para-hacer-bolsas-por-Venezuela-315x300.webp 315w, https:\/\/maquinaparahacerbolsas.com.ve\/es\/wp-content\/uploads\/2025\/02\/maquina-confeccionadora-para-hacer-bolsas-por-Venezuela-840x800.webp 840w, https:\/\/maquinaparahacerbolsas.com.ve\/es\/wp-content\/uploads\/2025\/02\/maquina-confeccionadora-para-hacer-bolsas-por-Venezuela-768x732.webp 768w, https:\/\/maquinaparahacerbolsas.com.ve\/es\/wp-content\/uploads\/2025\/02\/maquina-confeccionadora-para-hacer-bolsas-por-Venezuela-430x410.webp 430w, https:\/\/maquinaparahacerbolsas.com.ve\/es\/wp-content\/uploads\/2025\/02\/maquina-confeccionadora-para-hacer-bolsas-por-Venezuela-700x667.webp 700w, https:\/\/maquinaparahacerbolsas.com.ve\/es\/wp-content\/uploads\/2025\/02\/maquina-confeccionadora-para-hacer-bolsas-por-Venezuela-150x143.webp 150w\" alt=\"maquina confeccionadora para hacer bolsas por Venezuela\" width=\"487\" height=\"464\" aria-describedby=\"caption-attachment-29720\" \/><\/p>\n<p id=\"caption-attachment-29720\" class=\"wp-caption-text\">maquina confeccionadora para hacer bolsas por Venezuela<\/p>\n<\/div>\n","protected":false},"excerpt":{"rendered":"<p>M\u00e1quina para hacer b<\/p>\n","protected":false},"featured_media":29437,"comment_status":"closed","ping_status":"closed","template":"","meta":{"_acf_changed":false},"product_brand":[],"product_cat":[86,79],"product_tag":[],"class_list":{"0":"post-28763","1":"product","2":"type-product","3":"status-publish","4":"has-post-thumbnail","6":"product_cat-maquina-para-hacer-bolsas","7":"product_cat-maquina-para-hacer-burbuja","9":"first","10":"instock","11":"shipping-taxable","12":"product-type-simple"},"acf":[],"_links":{"self":[{"href":"http:\/\/maquinaparahacerbolsas.com.ve\/es\/wp-json\/wp\/v2\/product\/28763","targetHints":{"allow":["GET"]}}],"collection":[{"href":"http:\/\/maquinaparahacerbolsas.com.ve\/es\/wp-json\/wp\/v2\/product"}],"about":[{"href":"http:\/\/maquinaparahacerbolsas.com.ve\/es\/wp-json\/wp\/v2\/types\/product"}],"replies":[{"embeddable":true,"href":"http:\/\/maquinaparahacerbolsas.com.ve\/es\/wp-json\/wp\/v2\/comments?post=28763"}],"version-history":[{"count":0,"href":"http:\/\/maquinaparahacerbolsas.com.ve\/es\/wp-json\/wp\/v2\/product\/28763\/revisions"}],"wp:featuredmedia":[{"embeddable":true,"href":"http:\/\/maquinaparahacerbolsas.com.ve\/es\/wp-json\/wp\/v2\/media\/29437"}],"wp:attachment":[{"href":"http:\/\/maquinaparahacerbolsas.com.ve\/es\/wp-json\/wp\/v2\/media?parent=28763"}],"wp:term":[{"taxonomy":"product_brand","embeddable":true,"href":"http:\/\/maquinaparahacerbolsas.com.ve\/es\/wp-json\/wp\/v2\/product_brand?post=28763"},{"taxonomy":"product_cat","embeddable":true,"href":"http:\/\/maquinaparahacerbolsas.com.ve\/es\/wp-json\/wp\/v2\/product_cat?post=28763"},{"taxonomy":"product_tag","embeddable":true,"href":"http:\/\/maquinaparahacerbolsas.com.ve\/es\/wp-json\/wp\/v2\/product_tag?post=28763"}],"curies":[{"name":"wp","href":"https:\/\/api.w.org\/{rel}","templated":true}]}}