{"id":28760,"date":"2025-02-24T12:52:55","date_gmt":"2025-02-24T04:52:55","guid":{"rendered":"https:\/\/blanchedalmond-goat-523522.hostingersite.com\/?post_type=product&#038;p=28760"},"modified":"2025-10-13T23:41:33","modified_gmt":"2025-10-13T15:41:33","slug":"maquina-para-hacer-pitillo-de-biodegradable-en-venezuela","status":"publish","type":"product","link":"http:\/\/maquinaparahacerbolsas.com.ve\/es\/maquina-para-hacer-pitillo-de-biodegradable-en-venezuela","title":{"rendered":"Maquina para hacer pitillo de Biodegradable"},"content":{"rendered":"<p data-rm-block-id=\"block-1\">M\u00e1quina para hacer pitillo biodegradable en Venezuela:<\/p>\n<p data-rm-block-id=\"block-1\">Maquina para hacer pitillo de Biodegradable. Esta m\u00e1quina es ideal para la producci\u00f3n sostenible de pitillos.<\/p>\n<p data-rm-block-id=\"block-2\">Esta instalaci\u00f3n representa una l\u00ednea de producci\u00f3n dedicada a la extrusi\u00f3n de tubos, integrada por una extrusora, un sistema de enfriamiento y un dispositivo cortador. El modelo est\u00e1ndar tiene la capacidad de fabricar diversos tipos de pitillos, incluidos pitillos espirales y cat\u00e9teres m\u00e9dicos.<\/p>\n<p data-rm-block-id=\"block-3\">Especificaciones t\u00e9cnicas<\/p>\n<p data-rm-block-id=\"block-4\">La matriz de extrusi\u00f3n puede ser dise\u00f1ada de manera especial y se reemplaza con facilidad para la producci\u00f3n de tubos y componentes con geometr\u00edas particulares.<\/p>\n<p data-rm-block-id=\"block-5\">Con la m\u00e1quina para hacer pitillo de Biodegradable, se puede reducir el impacto ambiental.<\/p>\n<p data-rm-block-id=\"block-6\">El canal fabricado en acero inoxidable es ajustable en tres direcciones.<\/p>\n<p data-rm-block-id=\"block-7\">La unidad de extracci\u00f3n puede ser de tipo banda o rodillos, con posibilidad de personalizaci\u00f3n seg\u00fan las preferencias del cliente.<\/p>\n<p data-rm-block-id=\"block-8\">Cuenta con una cortadora rotativa que puede incorporar una o dos cuchillas.<\/p>\n<p data-rm-block-id=\"block-9\">La velocidad de operaci\u00f3n de la m\u00e1quina se regula mediante un convertidor de frecuencia.<\/p>\n<p data-rm-block-id=\"block-10\">Su funcionamiento es intuitivo.<\/p>\n<p data-rm-block-id=\"block-11\">El voltaje puede ser adaptado a las necesidades espec\u00edficas del cliente: 220 V, 380 V o 440 V.<\/p>\n<table border=\"0\" cellspacing=\"0\" cellpadding=\"0\">\n<tbody>\n<tr>\n<td colspan=\"2\" data-rm-block-id=\"block-12\">Model<\/td>\n<td data-rm-block-id=\"block-13\">KD-11<\/td>\n<td data-rm-block-id=\"block-14\">KD-12<\/td>\n<td data-rm-block-id=\"block-15\">KD-13<\/td>\n<\/tr>\n<tr>\n<td colspan=\"2\" data-rm-block-id=\"block-16\">Parameter of main screw<\/td>\n<td colspan=\"3\" data-rm-block-id=\"block-17\">\u03c650mm(diameter)<\/td>\n<\/tr>\n<tr>\n<td colspan=\"2\" data-rm-block-id=\"block-18\">Parameter of sub- screw<\/td>\n<td data-rm-block-id=\"block-19\">0<\/td>\n<td data-rm-block-id=\"block-20\">1\u00d7\u03c625mm<\/td>\n<td data-rm-block-id=\"block-21\">2\u00d7\u03c625mm<\/td>\n<\/tr>\n<tr>\n<td colspan=\"2\" data-rm-block-id=\"block-22\">Capability<\/td>\n<td colspan=\"3\" data-rm-block-id=\"block-23\">25~35Kg\/h<\/td>\n<\/tr>\n<tr>\n<td rowspan=\"4\" width=\"67\" data-rm-block-id=\"block-24\">Powersupply<\/td>\n<td data-rm-block-id=\"block-25\">Main\u00a0motor<\/td>\n<td colspan=\"3\" data-rm-block-id=\"block-26\">11kW\u00a0\u00a0\u00a0 380v\u00a0\u00a0\u00a0 50Hz (VFD)<\/td>\n<\/tr>\n<tr>\n<td data-rm-block-id=\"block-27\">Sub\u00a0motor<\/td>\n<td data-rm-block-id=\"block-28\">0<\/td>\n<td data-rm-block-id=\"block-29\">0.75kW\u00d71<\/td>\n<td data-rm-block-id=\"block-30\">0.75kW\u00d72<\/td>\n<\/tr>\n<tr>\n<td data-rm-block-id=\"block-31\">Haul-off\u00a0motor<\/td>\n<td colspan=\"3\" data-rm-block-id=\"block-32\">0.75kW\u00d71(VFD)<\/td>\n<\/tr>\n<tr>\n<td data-rm-block-id=\"block-33\">Cutting\u00a0motor<\/td>\n<td colspan=\"3\" data-rm-block-id=\"block-34\">0.75kW\u00d71(VFD)<\/td>\n<\/tr>\n<tr>\n<td colspan=\"2\" data-rm-block-id=\"block-35\">Temp controller<\/td>\n<td data-rm-block-id=\"block-36\">5zone<\/td>\n<td data-rm-block-id=\"block-37\">8 zone<\/td>\n<td data-rm-block-id=\"block-38\">11 zone<\/td>\n<\/tr>\n<tr>\n<td colspan=\"2\" data-rm-block-id=\"block-39\">Length of cooling container<\/td>\n<td colspan=\"3\" data-rm-block-id=\"block-40\">2400mm\/3400mm\/4400mm<\/td>\n<\/tr>\n<tr>\n<td colspan=\"2\" data-rm-block-id=\"block-41\">Specifications<\/td>\n<td colspan=\"3\" data-rm-block-id=\"block-42\">diameter:\u03c62~14mm\u00a0\u00a0 thickness:0.05~1mm<\/td>\n<\/tr>\n<tr>\n<td colspan=\"5\" data-rm-block-id=\"block-43\">Other specifications are customizable<\/td>\n<\/tr>\n<\/tbody>\n<\/table>\n<p data-rm-block-id=\"block-44\">\n","protected":false},"excerpt":{"rendered":"<p>M\u00e1quina para hacer p<\/p>\n","protected":false},"featured_media":29424,"comment_status":"closed","ping_status":"closed","template":"","meta":{"_acf_changed":false},"product_brand":[],"product_cat":[80],"product_tag":[],"class_list":{"0":"post-28760","1":"product","2":"type-product","3":"status-publish","4":"has-post-thumbnail","6":"product_cat-maquina-para-fabricar-pitillo","8":"first","9":"instock","10":"shipping-taxable","11":"product-type-simple"},"acf":[],"_links":{"self":[{"href":"http:\/\/maquinaparahacerbolsas.com.ve\/es\/wp-json\/wp\/v2\/product\/28760","targetHints":{"allow":["GET"]}}],"collection":[{"href":"http:\/\/maquinaparahacerbolsas.com.ve\/es\/wp-json\/wp\/v2\/product"}],"about":[{"href":"http:\/\/maquinaparahacerbolsas.com.ve\/es\/wp-json\/wp\/v2\/types\/product"}],"replies":[{"embeddable":true,"href":"http:\/\/maquinaparahacerbolsas.com.ve\/es\/wp-json\/wp\/v2\/comments?post=28760"}],"version-history":[{"count":0,"href":"http:\/\/maquinaparahacerbolsas.com.ve\/es\/wp-json\/wp\/v2\/product\/28760\/revisions"}],"wp:featuredmedia":[{"embeddable":true,"href":"http:\/\/maquinaparahacerbolsas.com.ve\/es\/wp-json\/wp\/v2\/media\/29424"}],"wp:attachment":[{"href":"http:\/\/maquinaparahacerbolsas.com.ve\/es\/wp-json\/wp\/v2\/media?parent=28760"}],"wp:term":[{"taxonomy":"product_brand","embeddable":true,"href":"http:\/\/maquinaparahacerbolsas.com.ve\/es\/wp-json\/wp\/v2\/product_brand?post=28760"},{"taxonomy":"product_cat","embeddable":true,"href":"http:\/\/maquinaparahacerbolsas.com.ve\/es\/wp-json\/wp\/v2\/product_cat?post=28760"},{"taxonomy":"product_tag","embeddable":true,"href":"http:\/\/maquinaparahacerbolsas.com.ve\/es\/wp-json\/wp\/v2\/product_tag?post=28760"}],"curies":[{"name":"wp","href":"https:\/\/api.w.org\/{rel}","templated":true}]}}