{"id":28718,"date":"2025-02-24T11:52:58","date_gmt":"2025-02-24T03:52:58","guid":{"rendered":"https:\/\/blanchedalmond-goat-523522.hostingersite.com\/?post_type=product&#038;p=28718"},"modified":"2025-10-11T17:54:33","modified_gmt":"2025-10-11T09:54:33","slug":"maquina-para-stretch-film-innovacion-en-venezuela","status":"publish","type":"product","link":"http:\/\/maquinaparahacerbolsas.com.ve\/es\/maquina-para-stretch-film-innovacion-en-venezuela","title":{"rendered":"1 Capa la Maquina Para Stretch Film"},"content":{"rendered":"<p data-rm-block-id=\"block-1\">Caracter\u00edsticas de la M\u00e1quina para Stretch Film de Capa \u00danica<br \/>\nEsta m\u00e1quina de pel\u00edcula estirable de una sola capa est\u00e1 equipada con un sistema PLC que regula tanto la velocidad de operaci\u00f3n como el grosor de la pel\u00edcula. Su dise\u00f1o permite una operaci\u00f3n sencilla, facilitando el proceso de enrollado y el cambio de rollos.<\/p>\n<p data-rm-block-id=\"block-2\">Aplicaciones<br \/>\nLa m\u00e1quina para stretch film de capa \u00fanica utiliza LDPE y LLDPE para fabricar la pel\u00edcula estirable, la cual se emplea en el embalaje de materiales de construcci\u00f3n, componentes automotrices, piezas de ferreter\u00eda, entre otros.<\/p>\n<div id=\"attachment_29926\" style=\"width: 507px\" class=\"wp-caption alignnone\"><img fetchpriority=\"high\" decoding=\"async\" aria-describedby=\"caption-attachment-29926\" class=\"LLDPE stretch film wp-image-29926 size-full\" title=\"LLDPE stretch film\" src=\"https:\/\/maquinaparahacerbolsas.com.ve\/es\/wp-content\/uploads\/2025\/02\/LLDPE-stretch-film.webp\" alt=\"LLDPE stretch film\" width=\"497\" height=\"497\" srcset=\"http:\/\/maquinaparahacerbolsas.com.ve\/es\/wp-content\/uploads\/2025\/02\/LLDPE-stretch-film.webp 497w, http:\/\/maquinaparahacerbolsas.com.ve\/es\/wp-content\/uploads\/2025\/02\/LLDPE-stretch-film-300x300.webp 300w, http:\/\/maquinaparahacerbolsas.com.ve\/es\/wp-content\/uploads\/2025\/02\/LLDPE-stretch-film-150x150.webp 150w, http:\/\/maquinaparahacerbolsas.com.ve\/es\/wp-content\/uploads\/2025\/02\/LLDPE-stretch-film-430x430.webp 430w\" sizes=\"(max-width: 497px) 100vw, 497px\" \/><p id=\"caption-attachment-29926\" class=\"wp-caption-text\">LLDPE stretch film<\/p><\/div>\n<p data-rm-block-id=\"block-3\"><strong>Equipo opcional<\/strong><br \/>\n1) Auto cargador<br \/>\n2) tolva seco<br \/>\n3) Aire eje<br \/>\n4) Residuos dispositivo de pel\u00edcula<br \/>\n5) Pegamento bomba<br \/>\n6) motorizar cambiador de red<br \/>\n7) cambiador de red hidr\u00e1ulica<\/p>\n<div data-rm-block-id=\"block-4\"><strong>Especificaciones\u00a0t\u00e9cnicas\u00a0de la\u00a0m\u00e1quina\u00a0de\u00a0pel\u00edcula\u00a0estirable\u00a0de\u00a0capasencilla<\/strong><\/div>\n<table border=\"0\" cellspacing=\"1\" cellpadding=\"0\">\n<tbody>\n<tr>\n<td data-rm-block-id=\"block-5\"><strong>Art\u00edculo\/Modelo<\/strong><\/td>\n<td data-rm-block-id=\"block-6\"><strong>KD-1000X1<\/strong><\/td>\n<td data-rm-block-id=\"block-7\"><strong>KD-500X1<\/strong><\/td>\n<\/tr>\n<tr>\n<td data-rm-block-id=\"block-8\">Di\u00e1metro\u00a0del\u00a0tornillo\u00a0(mm)<\/td>\n<td data-rm-block-id=\"block-9\">65*1<\/td>\n<td data-rm-block-id=\"block-10\">55*1<\/td>\n<\/tr>\n<tr>\n<td data-rm-block-id=\"block-11\">Ratio del\u00a0tornillo\u00a0(L\/D)<\/td>\n<td data-rm-block-id=\"block-12\">28:1<\/td>\n<td data-rm-block-id=\"block-13\">28:1<\/td>\n<\/tr>\n<tr>\n<td data-rm-block-id=\"block-14\"><span data-scayt_word=\"Ancho\" data-scaytid=\"216\">Ancho<\/span>\u00a0de la\u00a0<span data-scayt_word=\"cabeza\" data-scaytid=\"218\">cabeza<\/span>\u00a0<span data-scayt_word=\"matriz\" data-scaytid=\"219\">matriz<\/span>\u00a0(mm)<\/td>\n<td data-rm-block-id=\"block-15\">1250<\/td>\n<td data-rm-block-id=\"block-16\">650<\/td>\n<\/tr>\n<tr>\n<td data-rm-block-id=\"block-17\"><span data-scayt_word=\"Ancho\" data-scaytid=\"217\">Ancho<\/span>\u00a0de los\u00a0<span data-scayt_word=\"productos\" data-scaytid=\"220\">productos<\/span>\u00a0<span data-scayt_word=\"terminados\" data-scaytid=\"221\">terminados<\/span>(mm)<\/td>\n<td data-rm-block-id=\"block-18\">1000 (500*<span data-scayt_word=\"2rollers\" data-scaytid=\"222\">2rollers<\/span>)<\/td>\n<td data-rm-block-id=\"block-19\">500 (250*2\u00a0<span data-scayt_word=\"rollos\" data-scaytid=\"224\">rollos<\/span>)<\/td>\n<\/tr>\n<tr>\n<td data-rm-block-id=\"block-20\"><span data-scayt_word=\"Grosor\" data-scaytid=\"225\">Grosor<\/span>\u00a0de\u00a0<span data-scayt_word=\"productor\" data-scaytid=\"226\">productor<\/span>\u00a0<span data-scayt_word=\"terminados\" data-scaytid=\"223\">terminados<\/span>(mm)<\/td>\n<td data-rm-block-id=\"block-21\">0.017-0.05<\/td>\n<td data-rm-block-id=\"block-22\">0.017-0.05<\/td>\n<\/tr>\n<tr>\n<td data-rm-block-id=\"block-23\"><span data-scayt_word=\"Estructura\" data-scaytid=\"228\">Estructura<\/span>\u00a0de la\u00a0<span data-scayt_word=\"capas\" data-scaytid=\"229\">capas<\/span>\u00a0de\u00a0pel\u00edculas<\/td>\n<td data-rm-block-id=\"block-24\">&#8212;<\/td>\n<td data-rm-block-id=\"block-25\">&#8212;<\/td>\n<\/tr>\n<tr>\n<td data-rm-block-id=\"block-26\">Salida\u00a0m\u00e1xima\u00a0(kg\/h)<\/td>\n<td data-rm-block-id=\"block-27\">100<\/td>\n<td data-rm-block-id=\"block-28\">40<\/td>\n<\/tr>\n<tr>\n<td data-rm-block-id=\"block-29\">Maquinaria\u00a0de la\u00a0velocidad\u00a0lineal (m\/min)<\/td>\n<td data-rm-block-id=\"block-30\">50-100<\/td>\n<td data-rm-block-id=\"block-31\">10-120<\/td>\n<\/tr>\n<tr>\n<td data-rm-block-id=\"block-32\">Potencia\u00a0total (KW)<\/td>\n<td data-rm-block-id=\"block-33\">120<\/td>\n<td data-rm-block-id=\"block-34\">50<\/td>\n<\/tr>\n<tr>\n<td data-rm-block-id=\"block-35\">Dimensiones\u00a0totales\u00a0(L*A*A)m<\/td>\n<td data-rm-block-id=\"block-36\">10*4*3<\/td>\n<td data-rm-block-id=\"block-37\">5.5*1.5*1.8<\/td>\n<\/tr>\n<tr>\n<td data-rm-block-id=\"block-38\">Peso (T) (Alrededor)<\/td>\n<td data-rm-block-id=\"block-39\">4.5<\/td>\n<td data-rm-block-id=\"block-40\">2.2<\/td>\n<\/tr>\n<\/tbody>\n<\/table>\n<p data-rm-block-id=\"block-41\">\n","protected":false},"excerpt":{"rendered":"<p>Caracter\u00edsticas de l<\/p>\n","protected":false},"featured_media":29452,"comment_status":"closed","ping_status":"closed","template":"","meta":{"_acf_changed":false},"product_brand":[],"product_cat":[81],"product_tag":[],"class_list":{"0":"post-28718","1":"product","2":"type-product","3":"status-publish","4":"has-post-thumbnail","6":"product_cat-maquina-stretch-film","8":"first","9":"instock","10":"shipping-taxable","11":"product-type-simple"},"acf":[],"_links":{"self":[{"href":"http:\/\/maquinaparahacerbolsas.com.ve\/es\/wp-json\/wp\/v2\/product\/28718","targetHints":{"allow":["GET"]}}],"collection":[{"href":"http:\/\/maquinaparahacerbolsas.com.ve\/es\/wp-json\/wp\/v2\/product"}],"about":[{"href":"http:\/\/maquinaparahacerbolsas.com.ve\/es\/wp-json\/wp\/v2\/types\/product"}],"replies":[{"embeddable":true,"href":"http:\/\/maquinaparahacerbolsas.com.ve\/es\/wp-json\/wp\/v2\/comments?post=28718"}],"version-history":[{"count":0,"href":"http:\/\/maquinaparahacerbolsas.com.ve\/es\/wp-json\/wp\/v2\/product\/28718\/revisions"}],"wp:featuredmedia":[{"embeddable":true,"href":"http:\/\/maquinaparahacerbolsas.com.ve\/es\/wp-json\/wp\/v2\/media\/29452"}],"wp:attachment":[{"href":"http:\/\/maquinaparahacerbolsas.com.ve\/es\/wp-json\/wp\/v2\/media?parent=28718"}],"wp:term":[{"taxonomy":"product_brand","embeddable":true,"href":"http:\/\/maquinaparahacerbolsas.com.ve\/es\/wp-json\/wp\/v2\/product_brand?post=28718"},{"taxonomy":"product_cat","embeddable":true,"href":"http:\/\/maquinaparahacerbolsas.com.ve\/es\/wp-json\/wp\/v2\/product_cat?post=28718"},{"taxonomy":"product_tag","embeddable":true,"href":"http:\/\/maquinaparahacerbolsas.com.ve\/es\/wp-json\/wp\/v2\/product_tag?post=28718"}],"curies":[{"name":"wp","href":"https:\/\/api.w.org\/{rel}","templated":true}]}}