{"id":28714,"date":"2025-02-24T11:48:59","date_gmt":"2025-02-24T03:48:59","guid":{"rendered":"https:\/\/blanchedalmond-goat-523522.hostingersite.com\/?post_type=product&#038;p=28714"},"modified":"2025-10-11T17:39:57","modified_gmt":"2025-10-11T09:39:57","slug":"maquina-para-stretch-film-de-dos-capas-en-venezuela","status":"publish","type":"product","link":"http:\/\/maquinaparahacerbolsas.com.ve\/es\/maquina-para-stretch-film-de-dos-capas-en-venezuela","title":{"rendered":"2 Capas La M\u00e1quina Fabrica Stretch Film"},"content":{"rendered":"<p data-rm-block-id=\"block-1\"><strong>Dos Capas La M\u00e1quina para Stretch Film:<\/strong><\/p>\n<p data-rm-block-id=\"block-2\">La M\u00e1quina para Stretch Film de dos capas est\u00e1 equipada con un PLC que regula tanto la velocidad de operaci\u00f3n como el grosor de la pel\u00edcula. Su dise\u00f1o permite una operaci\u00f3n sencilla, facilitando el enrollado y el cambio de rollos.<\/p>\n<p data-rm-block-id=\"block-3\">Aplicaciones<br \/>\nLa pel\u00edcula generada por esta m\u00e1quina de pel\u00edcula estirable es id\u00f3nea para envolver productos paletizados. Adem\u00e1s, se presenta como una excelente alternativa a la pel\u00edcula estirable caliente durante el proceso de transporte.<\/p>\n<div id=\"attachment_29926\" style=\"width: 507px\" class=\"wp-caption alignnone\"><img fetchpriority=\"high\" decoding=\"async\" aria-describedby=\"caption-attachment-29926\" class=\"LLDPE stretch film wp-image-29926 size-full\" title=\"LLDPE stretch film\" src=\"https:\/\/maquinaparahacerbolsas.com.ve\/es\/wp-content\/uploads\/2025\/02\/LLDPE-stretch-film.webp\" alt=\"LLDPE stretch film\" width=\"497\" height=\"497\" srcset=\"http:\/\/maquinaparahacerbolsas.com.ve\/es\/wp-content\/uploads\/2025\/02\/LLDPE-stretch-film.webp 497w, http:\/\/maquinaparahacerbolsas.com.ve\/es\/wp-content\/uploads\/2025\/02\/LLDPE-stretch-film-300x300.webp 300w, http:\/\/maquinaparahacerbolsas.com.ve\/es\/wp-content\/uploads\/2025\/02\/LLDPE-stretch-film-150x150.webp 150w, http:\/\/maquinaparahacerbolsas.com.ve\/es\/wp-content\/uploads\/2025\/02\/LLDPE-stretch-film-430x430.webp 430w\" sizes=\"(max-width: 497px) 100vw, 497px\" \/><p id=\"caption-attachment-29926\" class=\"wp-caption-text\">LLDPE stretch film<\/p><\/div>\n<p data-rm-block-id=\"block-4\"><strong>Especificaciones t\u00e9cnicas de la m\u00e1quina de pel\u00edcula estirable<\/strong><\/p>\n<table border=\"0\" cellspacing=\"1\" cellpadding=\"0\">\n<tbody>\n<tr>\n<td data-rm-block-id=\"block-5\"><strong>Art\u00edculo\/Modelo<\/strong><\/td>\n<td data-rm-block-id=\"block-6\"><strong>KD-1000X2<\/strong><\/td>\n<td data-rm-block-id=\"block-7\"><strong>KD-500X2<\/strong><\/td>\n<\/tr>\n<tr>\n<td data-rm-block-id=\"block-8\">Di\u00e1metro\u00a0del\u00a0tornillo\u00a0(mm)<\/td>\n<td data-rm-block-id=\"block-9\">65*2<\/td>\n<td data-rm-block-id=\"block-10\">55*2<\/td>\n<\/tr>\n<tr>\n<td data-rm-block-id=\"block-11\">Ratio del\u00a0tornillo\u00a0(L\/D)<\/td>\n<td data-rm-block-id=\"block-12\">28:1<\/td>\n<td data-rm-block-id=\"block-13\">28:1<\/td>\n<\/tr>\n<tr>\n<td data-rm-block-id=\"block-14\">Ancho\u00a0de la\u00a0cabeza\u00a0matriz\u00a0(mm)<\/td>\n<td data-rm-block-id=\"block-15\">1250<\/td>\n<td data-rm-block-id=\"block-16\">650<\/td>\n<\/tr>\n<tr>\n<td data-rm-block-id=\"block-17\">Ancho\u00a0de los\u00a0productos\u00a0terminados(mm)<\/td>\n<td data-rm-block-id=\"block-18\">1000 (500*2rollers)<\/td>\n<td data-rm-block-id=\"block-19\">500 (250*2\u00a0rollos)<\/td>\n<\/tr>\n<tr>\n<td data-rm-block-id=\"block-20\">Grosor de\u00a0productor\u00a0terminados(mm)<\/td>\n<td data-rm-block-id=\"block-21\">0.017-0.05<\/td>\n<td data-rm-block-id=\"block-22\">0.017-0.05<\/td>\n<\/tr>\n<tr>\n<td data-rm-block-id=\"block-23\">Estructura de la capas de pel\u00edculas<\/td>\n<td data-rm-block-id=\"block-24\">A\/B<\/td>\n<td data-rm-block-id=\"block-25\">A\/B<\/td>\n<\/tr>\n<tr>\n<td data-rm-block-id=\"block-26\">Salida m\u00e1xima (kg\/h)<\/td>\n<td data-rm-block-id=\"block-27\">100<\/td>\n<td data-rm-block-id=\"block-28\">40<\/td>\n<\/tr>\n<tr>\n<td data-rm-block-id=\"block-29\">Maquinaria de la velocidad lineal (m\/min)<\/td>\n<td data-rm-block-id=\"block-30\">50-100<\/td>\n<td data-rm-block-id=\"block-31\">10-120<\/td>\n<\/tr>\n<tr>\n<td data-rm-block-id=\"block-32\">Potencia total (KW)<\/td>\n<td data-rm-block-id=\"block-33\">140<\/td>\n<td data-rm-block-id=\"block-34\">50<\/td>\n<\/tr>\n<tr>\n<td data-rm-block-id=\"block-35\">Dimensiones totales (L*A*A)m<\/td>\n<td data-rm-block-id=\"block-36\">10*4*3<\/td>\n<td data-rm-block-id=\"block-37\">6*1.5*2.5<\/td>\n<\/tr>\n<tr>\n<td data-rm-block-id=\"block-38\">Peso (T) (Alrededor)<\/td>\n<td data-rm-block-id=\"block-39\">8<\/td>\n<td data-rm-block-id=\"block-40\">3<\/td>\n<\/tr>\n<\/tbody>\n<\/table>\n","protected":false},"excerpt":{"rendered":"<p>Dos Capas La M\u00e1quina<\/p>\n","protected":false},"featured_media":29452,"comment_status":"closed","ping_status":"closed","template":"","meta":{"_acf_changed":false},"product_brand":[],"product_cat":[81],"product_tag":[],"class_list":{"0":"post-28714","1":"product","2":"type-product","3":"status-publish","4":"has-post-thumbnail","6":"product_cat-maquina-stretch-film","8":"first","9":"instock","10":"shipping-taxable","11":"product-type-simple"},"acf":[],"_links":{"self":[{"href":"http:\/\/maquinaparahacerbolsas.com.ve\/es\/wp-json\/wp\/v2\/product\/28714","targetHints":{"allow":["GET"]}}],"collection":[{"href":"http:\/\/maquinaparahacerbolsas.com.ve\/es\/wp-json\/wp\/v2\/product"}],"about":[{"href":"http:\/\/maquinaparahacerbolsas.com.ve\/es\/wp-json\/wp\/v2\/types\/product"}],"replies":[{"embeddable":true,"href":"http:\/\/maquinaparahacerbolsas.com.ve\/es\/wp-json\/wp\/v2\/comments?post=28714"}],"version-history":[{"count":0,"href":"http:\/\/maquinaparahacerbolsas.com.ve\/es\/wp-json\/wp\/v2\/product\/28714\/revisions"}],"wp:featuredmedia":[{"embeddable":true,"href":"http:\/\/maquinaparahacerbolsas.com.ve\/es\/wp-json\/wp\/v2\/media\/29452"}],"wp:attachment":[{"href":"http:\/\/maquinaparahacerbolsas.com.ve\/es\/wp-json\/wp\/v2\/media?parent=28714"}],"wp:term":[{"taxonomy":"product_brand","embeddable":true,"href":"http:\/\/maquinaparahacerbolsas.com.ve\/es\/wp-json\/wp\/v2\/product_brand?post=28714"},{"taxonomy":"product_cat","embeddable":true,"href":"http:\/\/maquinaparahacerbolsas.com.ve\/es\/wp-json\/wp\/v2\/product_cat?post=28714"},{"taxonomy":"product_tag","embeddable":true,"href":"http:\/\/maquinaparahacerbolsas.com.ve\/es\/wp-json\/wp\/v2\/product_tag?post=28714"}],"curies":[{"name":"wp","href":"https:\/\/api.w.org\/{rel}","templated":true}]}}