{"id":28710,"date":"2025-02-24T11:45:11","date_gmt":"2025-02-24T03:45:11","guid":{"rendered":"https:\/\/blanchedalmond-goat-523522.hostingersite.com\/?post_type=product&#038;p=28710"},"modified":"2025-10-12T23:09:26","modified_gmt":"2025-10-12T15:09:26","slug":"maquina-impresora-de-rotograbado-de-alta-velocidad","status":"publish","type":"product","link":"http:\/\/maquinaparahacerbolsas.com.ve\/es\/maquina-impresora-de-rotograbado-de-alta-velocidad","title":{"rendered":"M\u00e1quinas de impresi\u00f3n de rotograbado de alta velocidad"},"content":{"rendered":"<p data-rm-block-id=\"block-1\"><strong>M\u00e1quina impresora de rotograbado de alta velocidad:<\/strong><\/p>\n<p data-rm-block-id=\"block-2\">Impresora de rotograbado de alta velocidad:<\/p>\n<p data-rm-block-id=\"block-3\">Aplicaci\u00f3n: Este equipo es adecuado para BOPP, PET, CPP, PVC, as\u00ed como para pel\u00edculas combinadas y papel que presenten caracter\u00edsticas similares. Su capacidad de impresi\u00f3n oscila entre 100 y 120 metros por minuto.<\/p>\n<p data-rm-block-id=\"block-4\">Sistema de transmisi\u00f3n principal: El sistema de transmisi\u00f3n principal utiliza un inversor vectorial de Shenzhen Huichuan, lo que permite el control eficiente de la m\u00e1quina el\u00e9ctrica vectorial y la transferencia de cada conjunto de bloques operativos. Rendimiento: Eficiencia energ\u00e9tica.<\/p>\n<div id=\"attachment_29943\" style=\"width: 602px\" class=\"wp-caption alignnone\"><img fetchpriority=\"high\" decoding=\"async\" aria-describedby=\"caption-attachment-29943\" class=\"BOPP film wp-image-29943\" title=\"BOPP film\" src=\"https:\/\/maquinaparahacerbolsas.com.ve\/es\/wp-content\/uploads\/2025\/02\/Impresion-Rotograbado-BOPP-pelicula.jpg\" alt=\"BOPP film\" width=\"592\" height=\"351\" srcset=\"http:\/\/maquinaparahacerbolsas.com.ve\/es\/wp-content\/uploads\/2025\/02\/Impresion-Rotograbado-BOPP-pelicula.jpg 1121w, http:\/\/maquinaparahacerbolsas.com.ve\/es\/wp-content\/uploads\/2025\/02\/Impresion-Rotograbado-BOPP-pelicula-400x237.jpg 400w, http:\/\/maquinaparahacerbolsas.com.ve\/es\/wp-content\/uploads\/2025\/02\/Impresion-Rotograbado-BOPP-pelicula-768x456.jpg 768w, http:\/\/maquinaparahacerbolsas.com.ve\/es\/wp-content\/uploads\/2025\/02\/Impresion-Rotograbado-BOPP-pelicula-430x255.jpg 430w, http:\/\/maquinaparahacerbolsas.com.ve\/es\/wp-content\/uploads\/2025\/02\/Impresion-Rotograbado-BOPP-pelicula-700x415.jpg 700w, http:\/\/maquinaparahacerbolsas.com.ve\/es\/wp-content\/uploads\/2025\/02\/Impresion-Rotograbado-BOPP-pelicula-150x89.jpg 150w\" sizes=\"(max-width: 592px) 100vw, 592px\" \/><p id=\"caption-attachment-29943\" class=\"wp-caption-text\">BOPP film<\/p><\/div>\n<p data-rm-block-id=\"block-5\">Funcionamiento y caracter\u00edsticas:<\/p>\n<p data-rm-block-id=\"block-6\">Par\u00e1metro principal: (6 color de la unidad 8)<\/p>\n<table border=\"0\" cellpadding=\"0\">\n<tbody>\n<tr>\n<td width=\"227\" data-rm-block-id=\"block-7\">Model<\/td>\n<td data-rm-block-id=\"block-8\">KDASY-600<\/td>\n<td data-rm-block-id=\"block-9\">KDASY-800<\/td>\n<td data-rm-block-id=\"block-10\">KDASY-1000<\/td>\n<td data-rm-block-id=\"block-11\">KDASY-1200<\/td>\n<\/tr>\n<tr>\n<td width=\"227\" data-rm-block-id=\"block-12\">Impresi\u00f3n Dia (mm)<\/td>\n<td data-rm-block-id=\"block-13\">100-320<\/td>\n<td data-rm-block-id=\"block-14\">100-320<\/td>\n<td data-rm-block-id=\"block-15\">100-320<\/td>\n<td data-rm-block-id=\"block-16\">100-320<\/td>\n<\/tr>\n<tr>\n<td width=\"227\" data-rm-block-id=\"block-17\">Ancho de impresi\u00f3n (mm)<\/td>\n<td data-rm-block-id=\"block-18\">600<\/td>\n<td data-rm-block-id=\"block-19\">800<\/td>\n<td data-rm-block-id=\"block-20\">1000<\/td>\n<td data-rm-block-id=\"block-21\">1200<\/td>\n<\/tr>\n<tr>\n<td width=\"227\" data-rm-block-id=\"block-22\">Unwinding Dia (mm)<\/td>\n<td data-rm-block-id=\"block-23\">600<\/td>\n<td data-rm-block-id=\"block-24\">600<\/td>\n<td data-rm-block-id=\"block-25\">600<\/td>\n<td data-rm-block-id=\"block-26\">600<\/td>\n<\/tr>\n<tr>\n<td width=\"227\" data-rm-block-id=\"block-27\">Dia rebobinado (mm)<\/td>\n<td data-rm-block-id=\"block-28\">600<\/td>\n<td data-rm-block-id=\"block-29\">600<\/td>\n<td data-rm-block-id=\"block-30\">600<\/td>\n<td data-rm-block-id=\"block-31\">600<\/td>\n<\/tr>\n<tr>\n<td width=\"227\" data-rm-block-id=\"block-32\">Velocidad de impresi\u00f3n (m \/ min)<\/td>\n<td data-rm-block-id=\"block-33\">10-120<\/td>\n<td data-rm-block-id=\"block-34\">10-120<\/td>\n<td data-rm-block-id=\"block-35\">10-120<\/td>\n<td data-rm-block-id=\"block-36\">10-120<\/td>\n<\/tr>\n<tr>\n<td width=\"227\" data-rm-block-id=\"block-37\">Registro de precisi\u00f3n (mm)<\/td>\n<td data-rm-block-id=\"block-38\">\u2264 0.10<\/td>\n<td data-rm-block-id=\"block-39\">\u2264 0.10<\/td>\n<td data-rm-block-id=\"block-40\">\u2264 0.10<\/td>\n<td data-rm-block-id=\"block-41\">\u2264 0.10<\/td>\n<\/tr>\n<tr>\n<td width=\"227\" data-rm-block-id=\"block-42\">M\u00e9todo de secado<\/td>\n<td data-rm-block-id=\"block-43\">Electric heating<\/td>\n<td data-rm-block-id=\"block-44\">Electric heating<\/td>\n<td data-rm-block-id=\"block-45\">Electric heating<\/td>\n<td data-rm-block-id=\"block-46\">Electric heating<\/td>\n<\/tr>\n<tr>\n<td width=\"227\" data-rm-block-id=\"block-47\">Power Machine (KW)<\/td>\n<td data-rm-block-id=\"block-48\">120<\/td>\n<td data-rm-block-id=\"block-49\">120<\/td>\n<td data-rm-block-id=\"block-50\">122<\/td>\n<td data-rm-block-id=\"block-51\">122<\/td>\n<\/tr>\n<tr>\n<td width=\"227\" data-rm-block-id=\"block-52\">Peso (t)<\/td>\n<td data-rm-block-id=\"block-53\">15<\/td>\n<td data-rm-block-id=\"block-54\">16<\/td>\n<td data-rm-block-id=\"block-55\">17<\/td>\n<td data-rm-block-id=\"block-56\">18<\/td>\n<\/tr>\n<tr>\n<td width=\"227\" data-rm-block-id=\"block-57\">(M)<\/td>\n<td data-rm-block-id=\"block-58\">10.2&#215;2.3&#215;2.75<\/td>\n<td data-rm-block-id=\"block-59\">10.2&#215;2.5&#215;2.75<\/td>\n<td data-rm-block-id=\"block-60\">10.2&#215;2.7&#215;2.75<\/td>\n<td data-rm-block-id=\"block-61\">10.2&#215;2.9&#215;2.75<\/td>\n<\/tr>\n<\/tbody>\n<\/table>\n","protected":false},"excerpt":{"rendered":"<p>La\u00a0 M\u00e1quina impresora de rotograbado de alta velocidad tiene 1 color, 2 colores, a 10 colores.<\/p>\n<div><\/div>\n","protected":false},"featured_media":29459,"comment_status":"closed","ping_status":"closed","template":"","meta":{"_acf_changed":false},"product_brand":[],"product_cat":[82],"product_tag":[],"class_list":{"0":"post-28710","1":"product","2":"type-product","3":"status-publish","4":"has-post-thumbnail","6":"product_cat-impresion-rotograbado","8":"first","9":"instock","10":"shipping-taxable","11":"product-type-simple"},"acf":[],"_links":{"self":[{"href":"http:\/\/maquinaparahacerbolsas.com.ve\/es\/wp-json\/wp\/v2\/product\/28710","targetHints":{"allow":["GET"]}}],"collection":[{"href":"http:\/\/maquinaparahacerbolsas.com.ve\/es\/wp-json\/wp\/v2\/product"}],"about":[{"href":"http:\/\/maquinaparahacerbolsas.com.ve\/es\/wp-json\/wp\/v2\/types\/product"}],"replies":[{"embeddable":true,"href":"http:\/\/maquinaparahacerbolsas.com.ve\/es\/wp-json\/wp\/v2\/comments?post=28710"}],"version-history":[{"count":0,"href":"http:\/\/maquinaparahacerbolsas.com.ve\/es\/wp-json\/wp\/v2\/product\/28710\/revisions"}],"wp:featuredmedia":[{"embeddable":true,"href":"http:\/\/maquinaparahacerbolsas.com.ve\/es\/wp-json\/wp\/v2\/media\/29459"}],"wp:attachment":[{"href":"http:\/\/maquinaparahacerbolsas.com.ve\/es\/wp-json\/wp\/v2\/media?parent=28710"}],"wp:term":[{"taxonomy":"product_brand","embeddable":true,"href":"http:\/\/maquinaparahacerbolsas.com.ve\/es\/wp-json\/wp\/v2\/product_brand?post=28710"},{"taxonomy":"product_cat","embeddable":true,"href":"http:\/\/maquinaparahacerbolsas.com.ve\/es\/wp-json\/wp\/v2\/product_cat?post=28710"},{"taxonomy":"product_tag","embeddable":true,"href":"http:\/\/maquinaparahacerbolsas.com.ve\/es\/wp-json\/wp\/v2\/product_tag?post=28710"}],"curies":[{"name":"wp","href":"https:\/\/api.w.org\/{rel}","templated":true}]}}