{"id":28706,"date":"2025-02-24T11:40:52","date_gmt":"2025-02-24T03:40:52","guid":{"rendered":"https:\/\/blanchedalmond-goat-523522.hostingersite.com\/?post_type=product&#038;p=28706"},"modified":"2025-10-12T23:47:52","modified_gmt":"2025-10-12T15:47:52","slug":"reveladora-cliches-flexografia-maracaibo-caracas-reveladora-de-cliches-flexografia","status":"publish","type":"product","link":"http:\/\/maquinaparahacerbolsas.com.ve\/es\/reveladora-cliches-flexografia","title":{"rendered":"Reveladora de Clich\u00e9s Flexograf\u00eda"},"content":{"rendered":"<p>Reveladora de Clich\u00e9s Flexograf\u00eda<\/p>\n<p>La Reveladora de Clich\u00e9s Flexograf\u00eda se distingue por varias caracter\u00edsticas fundamentales:<\/p>\n<div>\n<p><strong>Flexo Plate Thickness:1.7mm,2.28mm,3.94mm.\u00a0<\/strong><\/p>\n<table border=\"1\" cellspacing=\"0\">\n<tbody>\n<tr>\n<td valign=\"top\">Model<\/td>\n<td valign=\"top\">Plate size<\/td>\n<td valign=\"top\">Machine size<\/td>\n<td valign=\"top\">Power<\/td>\n<\/tr>\n<tr>\n<td valign=\"top\">KDFP4030<\/td>\n<td valign=\"top\">430*320mm<\/td>\n<td valign=\"top\">710*610*1050mm<\/td>\n<td valign=\"top\">2.2kw<\/td>\n<\/tr>\n<tr>\n<td valign=\"top\">KDFP6040<\/td>\n<td valign=\"top\">600*400mm<\/td>\n<td valign=\"top\">860*710*1050mm<\/td>\n<td valign=\"top\">2.3kw<\/td>\n<\/tr>\n<tr>\n<td valign=\"top\">KDFP8060<\/td>\n<td valign=\"top\">800*600mm<\/td>\n<td valign=\"top\">1090*910*1150mm<\/td>\n<td valign=\"top\">3.5kw<\/td>\n<\/tr>\n<tr>\n<td valign=\"top\">KDFP9060<\/td>\n<td valign=\"top\">900*600mm<\/td>\n<td valign=\"top\">1190*910*1150mm<\/td>\n<td valign=\"top\">3.7kw<\/td>\n<\/tr>\n<tr>\n<td valign=\"top\">KDFP10060<\/td>\n<td valign=\"top\">1000*600mm<\/td>\n<td valign=\"top\">1290*910*1150mm<\/td>\n<td valign=\"top\">3.8kw<\/td>\n<\/tr>\n<tr>\n<td valign=\"top\">KDFP12060<\/td>\n<td valign=\"top\">1200*600mm<\/td>\n<td valign=\"top\">1490*910*1190mm<\/td>\n<td valign=\"top\">3.9kw<\/td>\n<\/tr>\n<tr>\n<td valign=\"top\">KDFP12090<\/td>\n<td valign=\"top\">1200*900mm<\/td>\n<td valign=\"top\">1490*1210*1190mm<\/td>\n<td valign=\"top\">4.1kw<\/td>\n<\/tr>\n<tr>\n<td valign=\"top\">KDFP120100<\/td>\n<td valign=\"top\">1200*1000mm<\/td>\n<td valign=\"top\">1490*1310*1190mm<\/td>\n<td valign=\"top\">4.2kw<\/td>\n<\/tr>\n<\/tbody>\n<\/table>\n<\/div>\n<p>\u203bCorrect specifications depend on the actual model. All specifications are subject to change without prior notice.<\/p>\n<p>Flexo plate making machine Shipment<\/p>\n<p>Reveladora de Clich\u00e9s Flexograf\u00eda<\/p>\n","protected":false},"excerpt":{"rendered":"<p>maquina para la Producci\u00f3n de Clich\u00e9s<\/p>\n","protected":false},"featured_media":29489,"comment_status":"closed","ping_status":"closed","template":"","meta":{"_acf_changed":false},"product_brand":[],"product_cat":[83],"product_tag":[],"class_list":{"0":"post-28706","1":"product","2":"type-product","3":"status-publish","4":"has-post-thumbnail","6":"product_cat-impresora-flexografica","8":"first","9":"instock","10":"shipping-taxable","11":"product-type-simple"},"acf":[],"_links":{"self":[{"href":"http:\/\/maquinaparahacerbolsas.com.ve\/es\/wp-json\/wp\/v2\/product\/28706","targetHints":{"allow":["GET"]}}],"collection":[{"href":"http:\/\/maquinaparahacerbolsas.com.ve\/es\/wp-json\/wp\/v2\/product"}],"about":[{"href":"http:\/\/maquinaparahacerbolsas.com.ve\/es\/wp-json\/wp\/v2\/types\/product"}],"replies":[{"embeddable":true,"href":"http:\/\/maquinaparahacerbolsas.com.ve\/es\/wp-json\/wp\/v2\/comments?post=28706"}],"version-history":[{"count":0,"href":"http:\/\/maquinaparahacerbolsas.com.ve\/es\/wp-json\/wp\/v2\/product\/28706\/revisions"}],"wp:featuredmedia":[{"embeddable":true,"href":"http:\/\/maquinaparahacerbolsas.com.ve\/es\/wp-json\/wp\/v2\/media\/29489"}],"wp:attachment":[{"href":"http:\/\/maquinaparahacerbolsas.com.ve\/es\/wp-json\/wp\/v2\/media?parent=28706"}],"wp:term":[{"taxonomy":"product_brand","embeddable":true,"href":"http:\/\/maquinaparahacerbolsas.com.ve\/es\/wp-json\/wp\/v2\/product_brand?post=28706"},{"taxonomy":"product_cat","embeddable":true,"href":"http:\/\/maquinaparahacerbolsas.com.ve\/es\/wp-json\/wp\/v2\/product_cat?post=28706"},{"taxonomy":"product_tag","embeddable":true,"href":"http:\/\/maquinaparahacerbolsas.com.ve\/es\/wp-json\/wp\/v2\/product_tag?post=28706"}],"curies":[{"name":"wp","href":"https:\/\/api.w.org\/{rel}","templated":true}]}}