{"id":28674,"date":"2025-02-24T11:16:25","date_gmt":"2025-02-24T03:16:25","guid":{"rendered":"https:\/\/blanchedalmond-goat-523522.hostingersite.com\/?post_type=product&#038;p=28674"},"modified":"2025-10-12T23:40:46","modified_gmt":"2025-10-12T15:40:46","slug":"maquina-impresora-flexografica-de-doble-color","status":"publish","type":"product","link":"http:\/\/maquinaparahacerbolsas.com.ve\/es\/maquina-impresora-flexografica-de-doble-color","title":{"rendered":"M\u00e1quina impresora flexogr\u00e1fica de 2 colores"},"content":{"rendered":"<p>Impresora Flexogr\u00e1fica<\/p>\n<p>La impresora flexogr\u00e1fica de dos colores ha sido concebida para emplear resina de sensibilizaci\u00f3n como plancha de impresi\u00f3n flexible, lo que la convierte en la opci\u00f3n ideal para la impresi\u00f3n en diversos materiales de embalaje, tales como bolsas de polietileno y polipropileno, celof\u00e1n y papel en rollo. Esta m\u00e1quina es particularmente adecuada para la producci\u00f3n de bolsas de papel para embalaje, como aquellas utilizadas para productos alimenticios, bolsas de supermercado, bolsas para chalecos y bolsas de ropa.<\/p>\n<p>Entre las caracter\u00edsticas sobresalientes de la m\u00e1quina de impresi\u00f3n flexogr\u00e1fica se encuentran:<br \/>\n\u2013 Su operaci\u00f3n intuitiva y su arranque adaptable, que aseguran un registro de color preciso.<br \/>\n\u2013 Un contador de metros que permite ajustar las cantidades de impresi\u00f3n, con un sistema de apagado autom\u00e1tico que detiene la m\u00e1quina al alcanzar el n\u00famero de copias solicitado o al finalizar el material.<br \/>\n\u2013 Un cilindro de impresi\u00f3n neum\u00e1tico dise\u00f1ado para facilitar la mezcla autom\u00e1tica de tinta al elevarse.<\/p>\n<div id=\"attachment_29473\" style=\"width: 516px\" class=\"wp-caption alignnone\"><img fetchpriority=\"high\" decoding=\"async\" aria-describedby=\"caption-attachment-29473\" class=\" wp-image-29473\" src=\"https:\/\/maquinaparahacerbolsas.com.ve\/es\/wp-content\/uploads\/2025\/02\/bolsas-de-camiseta-plasticas.jpg\" alt=\"bolsas de camiseta plasticas\" width=\"506\" height=\"253\" srcset=\"http:\/\/maquinaparahacerbolsas.com.ve\/es\/wp-content\/uploads\/2025\/02\/bolsas-de-camiseta-plasticas.jpg 1200w, http:\/\/maquinaparahacerbolsas.com.ve\/es\/wp-content\/uploads\/2025\/02\/bolsas-de-camiseta-plasticas-400x200.jpg 400w, http:\/\/maquinaparahacerbolsas.com.ve\/es\/wp-content\/uploads\/2025\/02\/bolsas-de-camiseta-plasticas-768x384.jpg 768w, http:\/\/maquinaparahacerbolsas.com.ve\/es\/wp-content\/uploads\/2025\/02\/bolsas-de-camiseta-plasticas-430x215.jpg 430w, http:\/\/maquinaparahacerbolsas.com.ve\/es\/wp-content\/uploads\/2025\/02\/bolsas-de-camiseta-plasticas-700x350.jpg 700w, http:\/\/maquinaparahacerbolsas.com.ve\/es\/wp-content\/uploads\/2025\/02\/bolsas-de-camiseta-plasticas-150x75.jpg 150w\" sizes=\"(max-width: 506px) 100vw, 506px\" \/><p id=\"caption-attachment-29473\" class=\"wp-caption-text\">bolsas de camiseta plasticas<\/p><\/div>\n<table border=\"0\" cellspacing=\"1\" cellpadding=\"5\">\n<tbody>\n<tr>\n<td width=\"241\">\n<div>Type<\/div>\n<\/td>\n<td width=\"87\">\n<div>YT-2600<\/div>\n<\/td>\n<td width=\"87\">\n<div>YT-2800<\/div>\n<\/td>\n<td width=\"87\">\n<div>YT-21000<\/div>\n<\/td>\n<td width=\"87\">\n<div>YT-21200<\/div>\n<\/td>\n<\/tr>\n<tr>\n<td width=\"241\">\n<div>Max. Web Width<\/div>\n<\/td>\n<td width=\"87\">\n<div><span data-scayt_word=\"600mm\" data-scaytid=\"5\">600mm<\/span><\/div>\n<\/td>\n<td width=\"87\">\n<div><span data-scayt_word=\"800mm\" data-scaytid=\"6\">800mm<\/span><\/div>\n<\/td>\n<td width=\"87\">\n<div><span data-scayt_word=\"1000mm\" data-scaytid=\"7\">1000mm<\/span><\/div>\n<\/td>\n<td width=\"87\">\n<div><span data-scayt_word=\"1200mm\" data-scaytid=\"8\">1200mm<\/span><\/div>\n<\/td>\n<\/tr>\n<tr>\n<td width=\"241\">\n<div>Max. Effective Printing Width<\/div>\n<\/td>\n<td width=\"87\">\n<div><span data-scayt_word=\"560mm\" data-scaytid=\"9\">560mm<\/span><\/div>\n<\/td>\n<td width=\"87\">\n<div><span data-scayt_word=\"760mm\" data-scaytid=\"10\">760mm<\/span><\/div>\n<\/td>\n<td width=\"87\">\n<div><span data-scayt_word=\"960mm\" data-scaytid=\"11\">960mm<\/span><\/div>\n<\/td>\n<td width=\"87\">\n<div><span data-scayt_word=\"1160mm\" data-scaytid=\"12\">1160mm<\/span><\/div>\n<\/td>\n<\/tr>\n<tr>\n<td width=\"241\">\n<div>Range of Repeat Printing Length<\/div>\n<\/td>\n<td width=\"87\">\n<div><span data-scayt_word=\"180-1200mm\" data-scaytid=\"13\">180-1200mm<\/span><\/div>\n<\/td>\n<td width=\"87\">\n<div><span data-scayt_word=\"180-1200mm\" data-scaytid=\"14\">180-1200mm<\/span><\/div>\n<\/td>\n<td width=\"87\">\n<div><span data-scayt_word=\"180-1200mm\" data-scaytid=\"15\">180-1200mm<\/span><\/div>\n<\/td>\n<td width=\"87\">\n<div><span data-scayt_word=\"180-1200mm\" data-scaytid=\"16\">180-1200mm<\/span><\/div>\n<\/td>\n<\/tr>\n<tr>\n<td width=\"241\">\n<div>Max. Diameter of Roll Material<\/div>\n<\/td>\n<td width=\"87\">\n<div><span data-scayt_word=\"450mm\" data-scaytid=\"17\">450mm<\/span><\/div>\n<\/td>\n<td width=\"87\">\n<div><span data-scayt_word=\"450mm\" data-scaytid=\"18\">450mm<\/span><\/div>\n<\/td>\n<td width=\"87\">\n<div><span data-scayt_word=\"450mm\" data-scaytid=\"19\">450mm<\/span><\/div>\n<\/td>\n<td width=\"87\">\n<div><span data-scayt_word=\"450mm\" data-scaytid=\"20\">450mm<\/span><\/div>\n<\/td>\n<\/tr>\n<tr>\n<td width=\"241\">\n<div>Printing Speed<\/div>\n<\/td>\n<td width=\"87\">\n<div><span data-scayt_word=\"60m\" data-scaytid=\"21\">60m<\/span>\/min<\/div>\n<\/td>\n<td width=\"87\">\n<div><span data-scayt_word=\"60m\" data-scaytid=\"22\">60m<\/span>\/min<\/div>\n<\/td>\n<td width=\"87\">\n<div><span data-scayt_word=\"60m\" data-scaytid=\"23\">60m<\/span>\/min<\/div>\n<\/td>\n<td width=\"87\">\n<div><span data-scayt_word=\"60m\" data-scaytid=\"24\">60m<\/span>\/min<\/div>\n<\/td>\n<\/tr>\n<tr>\n<td width=\"241\">\n<div>Plate Thickness(Both side<\/div>\n<div>\u00a0adhesive tape included)<\/div>\n<\/td>\n<td width=\"87\">\n<div>2.38mm<\/div>\n<\/td>\n<td width=\"87\">\n<div>2.38mm<\/div>\n<\/td>\n<td width=\"87\">\n<div>2.38mm<\/div>\n<\/td>\n<td width=\"87\">\n<div>2.38mm<\/div>\n<\/td>\n<\/tr>\n<tr>\n<td width=\"241\">\n<div>Total Power<\/div>\n<\/td>\n<td width=\"87\">\n<div><span data-scayt_word=\"8kw\" data-scaytid=\"25\">8kw<\/span><\/div>\n<\/td>\n<td width=\"87\">\n<div><span data-scayt_word=\"10kw\" data-scaytid=\"26\">10kw<\/span><\/div>\n<\/td>\n<td width=\"87\">\n<div><span data-scayt_word=\"12kw\" data-scaytid=\"27\">12kw<\/span><\/div>\n<\/td>\n<td width=\"87\">\n<div><span data-scayt_word=\"14kw\" data-scaytid=\"28\">14kw<\/span><\/div>\n<\/td>\n<\/tr>\n<tr>\n<td width=\"241\">\n<div>Weight<\/div>\n<\/td>\n<td width=\"87\">\n<div><span data-scayt_word=\"800kg\" data-scaytid=\"29\">800kg<\/span><\/div>\n<\/td>\n<td width=\"87\">\n<div>2000 kg<\/div>\n<\/td>\n<td width=\"87\">\n<div>2200 kg<\/div>\n<\/td>\n<td width=\"87\">\n<div>2500<\/div>\n<\/td>\n<\/tr>\n<tr>\n<td width=\"241\">\n<div>Overall Dimension(m)<\/div>\n<\/td>\n<td width=\"87\">\n<div>2.3*1.6*2.2<\/div>\n<\/td>\n<td width=\"87\">\n<div>2.3*1.8*2.2<\/div>\n<\/td>\n<td width=\"87\">\n<div>2.3*2.0*2.2<\/div>\n<\/td>\n<\/tr>\n<\/tbody>\n<\/table>\n<p>Si solo compra una m\u00e1quina, la empacaremos con un paquete de madera y la cargaremos en un contenedor con carga menor a la del contenedor (LCL).<\/p>\n<p><img decoding=\"async\" class=\" wp-image-29711\" src=\"https:\/\/maquinaparahacerbolsas.com.ve\/es\/wp-content\/uploads\/2025\/02\/plastic-machine-shipment-with-wooden-pack-less-containers.webp\" sizes=\"(max-width: 492px) 100vw, 492px\" srcset=\"https:\/\/maquinaparahacerbolsas.com.ve\/es\/wp-content\/uploads\/2025\/02\/plastic-machine-shipment-with-wooden-pack-less-containers.webp 768w, https:\/\/maquinaparahacerbolsas.com.ve\/es\/wp-content\/uploads\/2025\/02\/plastic-machine-shipment-with-wooden-pack-less-containers-400x295.webp 400w, https:\/\/maquinaparahacerbolsas.com.ve\/es\/wp-content\/uploads\/2025\/02\/plastic-machine-shipment-with-wooden-pack-less-containers-430x317.webp 430w, https:\/\/maquinaparahacerbolsas.com.ve\/es\/wp-content\/uploads\/2025\/02\/plastic-machine-shipment-with-wooden-pack-less-containers-700x517.webp 700w, https:\/\/maquinaparahacerbolsas.com.ve\/es\/wp-content\/uploads\/2025\/02\/plastic-machine-shipment-with-wooden-pack-less-containers-150x111.webp 150w\" alt=\"plastic machine shipment with wooden pack less containers\" width=\"492\" height=\"363\" \/><\/p>\n<p>Nuestro principal colaborador de piezas es la siguiente marca, pero las piezas est\u00e1ndar est\u00e1n todas fabricadas en China.<\/p>\n<div id=\"attachment_29712\" class=\"wp-caption alignnone\">\n<p><img decoding=\"async\" class=\" wp-image-29712\" src=\"https:\/\/maquinaparahacerbolsas.com.ve\/es\/wp-content\/uploads\/2025\/02\/plastic-machine-parts-supplier.webp\" sizes=\"(max-width: 492px) 100vw, 492px\" srcset=\"https:\/\/maquinaparahacerbolsas.com.ve\/es\/wp-content\/uploads\/2025\/02\/plastic-machine-parts-supplier.webp 875w, https:\/\/maquinaparahacerbolsas.com.ve\/es\/wp-content\/uploads\/2025\/02\/plastic-machine-parts-supplier-400x230.webp 400w, https:\/\/maquinaparahacerbolsas.com.ve\/es\/wp-content\/uploads\/2025\/02\/plastic-machine-parts-supplier-768x442.webp 768w, https:\/\/maquinaparahacerbolsas.com.ve\/es\/wp-content\/uploads\/2025\/02\/plastic-machine-parts-supplier-430x248.webp 430w, https:\/\/maquinaparahacerbolsas.com.ve\/es\/wp-content\/uploads\/2025\/02\/plastic-machine-parts-supplier-700x403.webp 700w, https:\/\/maquinaparahacerbolsas.com.ve\/es\/wp-content\/uploads\/2025\/02\/plastic-machine-parts-supplier-150x86.webp 150w\" alt=\"plastic machine parts supplier\" width=\"492\" height=\"283\" aria-describedby=\"caption-attachment-29712\" \/><\/p>\n<p id=\"caption-attachment-29712\" class=\"wp-caption-text\">proveedor de piezas de m\u00e1quinas de pl\u00e1stico<\/p>\n<\/div>\n<div id=\"attachment_29717\" class=\"wp-caption alignnone\">\n<p><img loading=\"lazy\" decoding=\"async\" class=\"size-full wp-image-29717\" src=\"https:\/\/maquinaparahacerbolsas.com.ve\/es\/wp-content\/uploads\/2025\/02\/plastic-bag-machine-supplier.webp\" sizes=\"(max-width: 497px) 100vw, 497px\" srcset=\"https:\/\/maquinaparahacerbolsas.com.ve\/es\/wp-content\/uploads\/2025\/02\/plastic-bag-machine-supplier.webp 497w, https:\/\/maquinaparahacerbolsas.com.ve\/es\/wp-content\/uploads\/2025\/02\/plastic-bag-machine-supplier-300x300.webp 300w, https:\/\/maquinaparahacerbolsas.com.ve\/es\/wp-content\/uploads\/2025\/02\/plastic-bag-machine-supplier-150x150.webp 150w, https:\/\/maquinaparahacerbolsas.com.ve\/es\/wp-content\/uploads\/2025\/02\/plastic-bag-machine-supplier-430x430.webp 430w\" alt=\"plastic bag machine supplier\" width=\"497\" height=\"497\" aria-describedby=\"caption-attachment-29717\" \/><\/p>\n<p id=\"caption-attachment-29717\" class=\"wp-caption-text\">plastic bag machine supplier<\/p>\n<\/div>\n<div id=\"attachment_29716\" class=\"wp-caption alignnone\">\n<p><img loading=\"lazy\" decoding=\"async\" class=\"wp-image-29716\" src=\"https:\/\/maquinaparahacerbolsas.com.ve\/es\/wp-content\/uploads\/2025\/02\/Plastic-bag-machine-factory.webp\" sizes=\"(max-width: 500px) 100vw, 500px\" srcset=\"https:\/\/maquinaparahacerbolsas.com.ve\/es\/wp-content\/uploads\/2025\/02\/Plastic-bag-machine-factory.webp 467w, https:\/\/maquinaparahacerbolsas.com.ve\/es\/wp-content\/uploads\/2025\/02\/Plastic-bag-machine-factory-296x300.webp 296w, https:\/\/maquinaparahacerbolsas.com.ve\/es\/wp-content\/uploads\/2025\/02\/Plastic-bag-machine-factory-430x436.webp 430w, https:\/\/maquinaparahacerbolsas.com.ve\/es\/wp-content\/uploads\/2025\/02\/Plastic-bag-machine-factory-150x152.webp 150w\" alt=\"Plastic bag machine factory\" width=\"500\" height=\"507\" aria-describedby=\"caption-attachment-29716\" \/><\/p>\n<p id=\"caption-attachment-29716\" class=\"wp-caption-text\">F\u00e1brica de m\u00e1quinas para fabricar bolsas de pl\u00e1stico<\/p>\n<\/div>\n<div id=\"attachment_29715\" class=\"wp-caption alignnone\">\n<p><img loading=\"lazy\" decoding=\"async\" class=\"wp-image-29715 size-full\" src=\"https:\/\/maquinaparahacerbolsas.com.ve\/es\/wp-content\/uploads\/2025\/02\/Plastic_Recycling_Machine_Near_us_Price.webp\" sizes=\"(max-width: 497px) 100vw, 497px\" srcset=\"https:\/\/maquinaparahacerbolsas.com.ve\/es\/wp-content\/uploads\/2025\/02\/Plastic_Recycling_Machine_Near_us_Price.webp 497w, https:\/\/maquinaparahacerbolsas.com.ve\/es\/wp-content\/uploads\/2025\/02\/Plastic_Recycling_Machine_Near_us_Price-300x300.webp 300w, https:\/\/maquinaparahacerbolsas.com.ve\/es\/wp-content\/uploads\/2025\/02\/Plastic_Recycling_Machine_Near_us_Price-150x150.webp 150w, https:\/\/maquinaparahacerbolsas.com.ve\/es\/wp-content\/uploads\/2025\/02\/Plastic_Recycling_Machine_Near_us_Price-430x430.webp 430w\" alt=\"Plastic Recycling Machine \" width=\"497\" height=\"497\" aria-describedby=\"caption-attachment-29715\" \/><\/p>\n<p id=\"caption-attachment-29715\" class=\"wp-caption-text\">Plastic Recycling Machine<\/p>\n<\/div>\n<div id=\"attachment_29719\" class=\"wp-caption alignnone\">\n<p><img loading=\"lazy\" decoding=\"async\" class=\" wp-image-29719\" src=\"https:\/\/maquinaparahacerbolsas.com.ve\/es\/wp-content\/uploads\/2025\/02\/Envio-de-maquinas-de-plastico-a-Venezuela.webp\" sizes=\"(max-width: 484px) 100vw, 484px\" srcset=\"https:\/\/maquinaparahacerbolsas.com.ve\/es\/wp-content\/uploads\/2025\/02\/Envio-de-maquinas-de-plastico-a-Venezuela.webp 800w, https:\/\/maquinaparahacerbolsas.com.ve\/es\/wp-content\/uploads\/2025\/02\/Envio-de-maquinas-de-plastico-a-Venezuela-400x202.webp 400w, https:\/\/maquinaparahacerbolsas.com.ve\/es\/wp-content\/uploads\/2025\/02\/Envio-de-maquinas-de-plastico-a-Venezuela-768x387.webp 768w, https:\/\/maquinaparahacerbolsas.com.ve\/es\/wp-content\/uploads\/2025\/02\/Envio-de-maquinas-de-plastico-a-Venezuela-430x217.webp 430w, https:\/\/maquinaparahacerbolsas.com.ve\/es\/wp-content\/uploads\/2025\/02\/Envio-de-maquinas-de-plastico-a-Venezuela-700x353.webp 700w, https:\/\/maquinaparahacerbolsas.com.ve\/es\/wp-content\/uploads\/2025\/02\/Envio-de-maquinas-de-plastico-a-Venezuela-150x76.webp 150w\" alt=\"Env\u00edo de m\u00e1quinas de pl\u00e1stico a Venezuela\" width=\"484\" height=\"244\" aria-describedby=\"caption-attachment-29719\" \/><\/p>\n<p id=\"caption-attachment-29719\" class=\"wp-caption-text\">Env\u00edo de m\u00e1quinas de pl\u00e1stico a Venezuela<\/p>\n<\/div>\n<div id=\"attachment_29720\" class=\"wp-caption alignnone\">\n<p><img loading=\"lazy\" decoding=\"async\" class=\"wp-image-29720\" src=\"https:\/\/maquinaparahacerbolsas.com.ve\/es\/wp-content\/uploads\/2025\/02\/maquina-confeccionadora-para-hacer-bolsas-por-Venezuela.webp\" sizes=\"(max-width: 487px) 100vw, 487px\" srcset=\"https:\/\/maquinaparahacerbolsas.com.ve\/es\/wp-content\/uploads\/2025\/02\/maquina-confeccionadora-para-hacer-bolsas-por-Venezuela.webp 1038w, https:\/\/maquinaparahacerbolsas.com.ve\/es\/wp-content\/uploads\/2025\/02\/maquina-confeccionadora-para-hacer-bolsas-por-Venezuela-315x300.webp 315w, https:\/\/maquinaparahacerbolsas.com.ve\/es\/wp-content\/uploads\/2025\/02\/maquina-confeccionadora-para-hacer-bolsas-por-Venezuela-840x800.webp 840w, https:\/\/maquinaparahacerbolsas.com.ve\/es\/wp-content\/uploads\/2025\/02\/maquina-confeccionadora-para-hacer-bolsas-por-Venezuela-768x732.webp 768w, https:\/\/maquinaparahacerbolsas.com.ve\/es\/wp-content\/uploads\/2025\/02\/maquina-confeccionadora-para-hacer-bolsas-por-Venezuela-430x410.webp 430w, https:\/\/maquinaparahacerbolsas.com.ve\/es\/wp-content\/uploads\/2025\/02\/maquina-confeccionadora-para-hacer-bolsas-por-Venezuela-700x667.webp 700w, https:\/\/maquinaparahacerbolsas.com.ve\/es\/wp-content\/uploads\/2025\/02\/maquina-confeccionadora-para-hacer-bolsas-por-Venezuela-150x143.webp 150w\" alt=\"maquina confeccionadora para hacer bolsas por Venezuela\" width=\"487\" height=\"464\" aria-describedby=\"caption-attachment-29720\" \/><\/p>\n<p id=\"caption-attachment-29720\" class=\"wp-caption-text\">maquina confeccionadora para hacer bolsas por Venezuela<\/p>\n<\/div>\n","protected":false},"excerpt":{"rendered":"<p>La Impresora Flexogr\u00e1fica es adecuada para imprimir pel\u00edculas de pl\u00e1stico, papel en rollo, pel\u00edculas de aluminio y otros productos.<\/p>\n","protected":false},"featured_media":29479,"comment_status":"closed","ping_status":"closed","template":"","meta":{"_acf_changed":false},"product_brand":[],"product_cat":[83],"product_tag":[],"class_list":{"0":"post-28674","1":"product","2":"type-product","3":"status-publish","4":"has-post-thumbnail","6":"product_cat-impresora-flexografica","8":"first","9":"instock","10":"shipping-taxable","11":"product-type-simple"},"acf":[],"_links":{"self":[{"href":"http:\/\/maquinaparahacerbolsas.com.ve\/es\/wp-json\/wp\/v2\/product\/28674","targetHints":{"allow":["GET"]}}],"collection":[{"href":"http:\/\/maquinaparahacerbolsas.com.ve\/es\/wp-json\/wp\/v2\/product"}],"about":[{"href":"http:\/\/maquinaparahacerbolsas.com.ve\/es\/wp-json\/wp\/v2\/types\/product"}],"replies":[{"embeddable":true,"href":"http:\/\/maquinaparahacerbolsas.com.ve\/es\/wp-json\/wp\/v2\/comments?post=28674"}],"version-history":[{"count":0,"href":"http:\/\/maquinaparahacerbolsas.com.ve\/es\/wp-json\/wp\/v2\/product\/28674\/revisions"}],"wp:featuredmedia":[{"embeddable":true,"href":"http:\/\/maquinaparahacerbolsas.com.ve\/es\/wp-json\/wp\/v2\/media\/29479"}],"wp:attachment":[{"href":"http:\/\/maquinaparahacerbolsas.com.ve\/es\/wp-json\/wp\/v2\/media?parent=28674"}],"wp:term":[{"taxonomy":"product_brand","embeddable":true,"href":"http:\/\/maquinaparahacerbolsas.com.ve\/es\/wp-json\/wp\/v2\/product_brand?post=28674"},{"taxonomy":"product_cat","embeddable":true,"href":"http:\/\/maquinaparahacerbolsas.com.ve\/es\/wp-json\/wp\/v2\/product_cat?post=28674"},{"taxonomy":"product_tag","embeddable":true,"href":"http:\/\/maquinaparahacerbolsas.com.ve\/es\/wp-json\/wp\/v2\/product_tag?post=28674"}],"curies":[{"name":"wp","href":"https:\/\/api.w.org\/{rel}","templated":true}]}}