{"id":28668,"date":"2025-02-24T11:02:30","date_gmt":"2025-02-24T03:02:30","guid":{"rendered":"https:\/\/blanchedalmond-goat-523522.hostingersite.com\/?post_type=product&#038;p=28668"},"modified":"2025-07-02T23:44:17","modified_gmt":"2025-07-02T15:44:17","slug":"maquina-confeccionadora-para-fabricar-bolsas-stand-up-pouch-con-zipper","status":"publish","type":"product","link":"http:\/\/maquinaparahacerbolsas.com.ve\/es\/maquina-confeccionadora-fabricar-bolsas-stand-up-pouch-con-zipper-buenos-aires-cordoba-rosario-la-plata-san-miguel-tucuman-mar-del-plata-salta-santa-fe.html","title":{"rendered":"M\u00e1quina Confeccionadora para fabricar bolsas stand up pouch con zipper"},"content":{"rendered":"<p>M\u00e1quina bolseadora para fabricar bolsas stand up pouch con zipper La m\u00e1quina de fabricaci\u00f3n de bolsas laminadas de alta resistencia, se utiliza para producir varios tipos de bolsas laminadas de paquete blando, tambi\u00e9n puede hacer bolsas de sellado central, bolsas de sellado de cuatro lados y bolsas de sellado de cinco lados.<br \/>\nCaracter\u00edstica:<br \/>\n1. control de pantalla t\u00e1ctil, dise\u00f1o autom\u00e1tico.<br \/>\n2. Estructura de sellado t\u00e9rmico tipo puente resistente, obtendr\u00e1 un sellado m\u00e1s fuerte<br \/>\n3. Tiene EPC y doble seguimiento de fotoc\u00e9lulas para desenrollar<br \/>\n4. Desenrollado con control autom\u00e1tico de tensi\u00f3n.<br \/>\n5. dispositivo de contabilidad autom\u00e1tica<br \/>\n6. con fotoc\u00e9lula para pel\u00edcula impresa<br \/>\n7. control de velocidad por inversor, dise\u00f1o ECO<\/p>\n<p>Opcional:<br \/>\n1.Dispositivo desenrollador de doble capa<br \/>\n2. Dispositivo de perforaci\u00f3n para mango.<\/p>\n","protected":false},"excerpt":{"rendered":"<p><span data-slate-fragment=\"JTVCJTdCJTIydHlwZSUyMiUzQSUyMnBhcmFncmFwaCUyMiUyQyUyMmNoaWxkcmVuJTIyJTNBJTVCJTdCJTIyaWQlMjIlM0ElMjJlM1B3ZG5NMFlWJTIyJTJDJTIycGFyYUlkeCUyMiUzQTElMkMlMjJzcmMlMjIlM0ElMjJNJUMzJUExcXVpbmElMjBib2xzZWFkb3JhJTIwcGFyYSUyMGZhYnJpY2FyJTIwYm9sc2FzJTIwc3RhbmQlMjB1cCUyMHBvdWNoJTIwY29uJTIwemlwcGVyJTIwTGElMjBtJUMzJUExcXVpbmElMjBkZSUyMGZhYnJpY2FjaSVDMyVCM24lMjBkZSUyMGJvbHNhcyUyMGxhbWluYWRhcyUyMGRlJTIwYWx0YSUyMHJlc2lzdGVuY2lhJTJDJTIwc2UlMjB1dGlsaXphJTIwcGFyYSUyMHByb2R1Y2lyJTIwdmFyaW9zJTIwdGlwb3MlMjBkZSUyMGJvbHNhcyUyMGxhbWluYWRhcyUyMGRlJTIwcGFxdWV0ZSUyMGJsYW5kbyUyQyUyMHRhbWJpJUMzJUE5biUyMHB1ZWRlJTIwaGFjZXIlMjBib2xzYXMlMjBkZSUyMHNlbGxhZG8lMjBjZW50cmFsJTJDJTIwYm9sc2FzJTIwZGUlMjBzZWxsYWRvJTIwZGUlMjBjdWF0cm8lMjBsYWRvcyUyMHklMjBib2xzYXMlMjBkZSUyMHNlbGxhZG8lMjBkZSUyMGNpbmNvJTIwbGFkb3MuJTIyJTJDJTIyZHN0JTIyJTNBJTIyJUU1JTg4JUI2JUU4JUEyJThCJUU2JTlDJUJBJUU3JTk0JUE4JUU0JUJBJThFJUU1JTg4JUI2JUU0JUJEJTlDJUU1JUI4JUE2JUU2JTlDJTg5JUU2JThCJTg5JUU5JTkzJUJFJUU3JTlBJTg0JUU3JUFCJThCJUU4JUEyJThCJUUzJTgwJTgyJUU5JUFCJTk4JUU1JUJDJUJBJUU1JUJBJUE2JUU1JUIxJTgyJUU1JThFJThCJUU4JUEyJThCJUU1JTg4JUI2JUU5JTgwJUEwJUU2JTlDJUJBJUVGJUJDJThDJUU3JTk0JUE4JUU0JUJBJThFJUU3JTk0JTlGJUU0JUJBJUE3JUU1JTkwJTg0JUU3JUE3JThEJUU4JUJEJUFGJUU1JThDJTg1JUU4JUEzJTg1JUU1JUIxJTgyJUU1JThFJThCJUU4JUEyJThCJUVGJUJDJThDJUU0JUI5JTlGJUU1JThGJUFGJUU0JUJCJUE1JUU1JTg4JUI2JUU0JUJEJTlDJUU0JUI4JUFEJUU1JUE0JUFFJUU1JUFGJTg2JUU1JUIwJTgxJUU4JUEyJThCJUUzJTgwJTgxJUU1JTlCJTlCJUU5JTlEJUEyJUU1JUFGJTg2JUU1JUIwJTgxJUU4JUEyJThCJUU1JTkyJThDJUU1JTlCJTlCJUU5JTlEJUEyJUU1JUFGJTg2JUU1JUIwJTgxJUU4JUEyJThCJUUzJTgwJTgyJTIyJTJDJTIybWV0YWRhdGElMjIlM0ElMjIlMjIlMkMlMjJtYXRjaGVzJTIyJTNBbnVsbCUyQyUyMm1ldGFEYXRhJTIyJTNBJTVCJTVEJTJDJTIydGV4dCUyMiUzQSUyMk0lQzMlQTFxdWluYSUyMGJvbHNlYWRvcmElMjBwYXJhJTIwZmFicmljYXIlMjBib2xzYXMlMjBzdGFuZCUyMHVwJTIwcG91Y2glMjBjb24lMjB6aXBwZXIlMjBMYSUyMG0lQzMlQTFxdWluYSUyMGRlJTIwZmFicmljYWNpJUMzJUIzbiUyMGRlJTIwYm9sc2FzJTIwbGFtaW5hZGFzJTIwZGUlMjBhbHRhJTIwcmVzaXN0ZW5jaWElMkMlMjBzZSUyMHV0aWxpemElMjBwYXJhJTIwcHJvZHVjaXIlMjB2YXJpb3MlMjB0aXBvcyUyMGRlJTIwYm9sc2FzJTIwbGFtaW5hZGFzJTIwZGUlMjBwYXF1ZXRlJTIwYmxhbmRvJTJDJTIwdGFtYmklQzMlQTluJTIwcHVlZGUlMjBoYWNlciUyMGJvbHNhcyUyMGRlJTIwc2VsbGFkbyUyMGNlbnRyYWwlMkMlMjBib2xzYXMlMjBkZSUyMHNlbGxhZG8lMjBkZSUyMGN1YXRybyUyMGxhZG9zJTIweSUyMGJvbHNhcyUyMGRlJTIwc2VsbGFkbyUyMGRlJTIwY2luY28lMjBsYWRvcy4lMjIlN0QlNUQlN0QlNUQ=\">M\u00e1quina bolseadora para fabricar bolsas stand up pouch con zipper La m\u00e1quina de fabricaci\u00f3n de bolsas laminadas de alta resistencia, se utiliza para producir varios tipos de bolsas laminadas de paquete blando, tambi\u00e9n puede hacer bolsas de sellado central, bolsas de sellado de cuatro lados y bolsas de sellado de cinco lados.<\/span><\/p>\n","protected":false},"featured_media":28669,"comment_status":"closed","ping_status":"closed","template":"","meta":{"_acf_changed":false},"product_brand":[],"product_cat":[84],"product_tag":[],"class_list":{"0":"post-28668","1":"product","2":"type-product","3":"status-publish","4":"has-post-thumbnail","6":"product_cat-maquina-para-bolsas-pouch","8":"first","9":"instock","10":"shipping-taxable","11":"product-type-simple"},"acf":[],"_links":{"self":[{"href":"http:\/\/maquinaparahacerbolsas.com.ve\/es\/wp-json\/wp\/v2\/product\/28668","targetHints":{"allow":["GET"]}}],"collection":[{"href":"http:\/\/maquinaparahacerbolsas.com.ve\/es\/wp-json\/wp\/v2\/product"}],"about":[{"href":"http:\/\/maquinaparahacerbolsas.com.ve\/es\/wp-json\/wp\/v2\/types\/product"}],"replies":[{"embeddable":true,"href":"http:\/\/maquinaparahacerbolsas.com.ve\/es\/wp-json\/wp\/v2\/comments?post=28668"}],"version-history":[{"count":0,"href":"http:\/\/maquinaparahacerbolsas.com.ve\/es\/wp-json\/wp\/v2\/product\/28668\/revisions"}],"wp:featuredmedia":[{"embeddable":true,"href":"http:\/\/maquinaparahacerbolsas.com.ve\/es\/wp-json\/wp\/v2\/media\/28669"}],"wp:attachment":[{"href":"http:\/\/maquinaparahacerbolsas.com.ve\/es\/wp-json\/wp\/v2\/media?parent=28668"}],"wp:term":[{"taxonomy":"product_brand","embeddable":true,"href":"http:\/\/maquinaparahacerbolsas.com.ve\/es\/wp-json\/wp\/v2\/product_brand?post=28668"},{"taxonomy":"product_cat","embeddable":true,"href":"http:\/\/maquinaparahacerbolsas.com.ve\/es\/wp-json\/wp\/v2\/product_cat?post=28668"},{"taxonomy":"product_tag","embeddable":true,"href":"http:\/\/maquinaparahacerbolsas.com.ve\/es\/wp-json\/wp\/v2\/product_tag?post=28668"}],"curies":[{"name":"wp","href":"https:\/\/api.w.org\/{rel}","templated":true}]}}