{"id":28664,"date":"2025-02-24T11:00:30","date_gmt":"2025-02-24T03:00:30","guid":{"rendered":"https:\/\/blanchedalmond-goat-523522.hostingersite.com\/?post_type=product&#038;p=28664"},"modified":"2025-07-02T23:44:26","modified_gmt":"2025-07-02T15:44:26","slug":"maquina-confeccionadora-para-fabricar-bolsas-de-4-sellos","status":"publish","type":"product","link":"http:\/\/maquinaparahacerbolsas.com.ve\/es\/maquina-confeccionadora-para-fabricar-bolsas-4-sellos-buenos-aires-cordoba-rosario-la-plata-san-miguel-tucuman-mar-del-plata-salta-santa-fe.html","title":{"rendered":"M\u00e1quina Confeccionadora para fabricar bolsas de 4 Sellos"},"content":{"rendered":"<p>M\u00e1quina bolseadora para fabricar bolsas de 4 Sellos<br \/>\nDispositivo de sellado de cuatro lados Nuevo dise\u00f1o para la m\u00e1quina de fabricaci\u00f3n de bolsas laminadas, puede hacer bolsas de sellado de cuatro lados y cinco lados.<br \/>\nCaracter\u00edstica:<br \/>\n1. control de pantalla t\u00e1ctil, dise\u00f1o autom\u00e1tico.<br \/>\n2. Nueva estructura de calentamiento de sellado de 4 lados, sellado de alta resistencia<br \/>\n3. Control especial del motor dervo, adecuado para funcionamiento a alta velocidad.<br \/>\n4. Tiene EPC y doble seguimiento de fotoc\u00e9lulas para desenrollar<br \/>\n5. dispositivo de contabilidad autom\u00e1tica<br \/>\n6. con fotoc\u00e9lula para pel\u00edcula impresa<br \/>\n7. control de velocidad por inversor, dise\u00f1o ECO<\/p>\n<p>Dispositivo opcional:<br \/>\n1) Dispositivo desbobinador de doble capa<br \/>\n2) Desbobinador con dispositivo de elevaci\u00f3n autom\u00e1tico<br \/>\n3) perforadora de agujeros<\/p>\n<p>Bolsas Stand UP\/ Doy Pack impresas Bolsas para caf\u00e9 impresas Bolsas impresas con boquilla o canal\u00f3n Bolsas Biodegradables Bolsas personalizadas con impresi\u00f3n digital BOLSAS IMPRESAS DE FONDO PLANO Rollos de sellado en fr\u00edo Bolsas Con Corte L\u00e1ser bolsas con forma personalizada embalaje l\u00e1mino estampado de aluminio Bolsas tipo almohada Bolsas de fuelle lateral Rodillo De Embalaje Impreso Bolsas Selladas De Cuatro Lados<\/p>\n","protected":false},"excerpt":{"rendered":"<p><span data-slate-fragment=\"JTVCJTdCJTIydHlwZSUyMiUzQSUyMnBhcmFncmFwaCUyMiUyQyUyMmNoaWxkcmVuJTIyJTNBJTVCJTdCJTIyaWQlMjIlM0ElMjJlSjVtTWtkQTJCJTIyJTJDJTIycGFyYUlkeCUyMiUzQTElMkMlMjJzcmMlMjIlM0ElMjJEaXNwb3NpdGl2byUyMGRlJTIwc2VsbGFkbyUyMGRlJTIwY3VhdHJvJTIwbGFkb3MlMjBOdWV2byUyMGRpc2UlQzMlQjFvJTIwcGFyYSUyMGxhJTIwbSVDMyVBMXF1aW5hJTIwZGUlMjBmYWJyaWNhY2klQzMlQjNuJTIwZGUlMjBib2xzYXMlMjBsYW1pbmFkYXMlMkMlMjBwdWVkZSUyMGhhY2VyJTIwYm9sc2FzJTIwZGUlMjBzZWxsYWRvJTIwZGUlMjBjdWF0cm8lMjBsYWRvcyUyMHklMjBjaW5jbyUyMGxhZG9zLiUyMiUyQyUyMmRzdCUyMiUzQSUyMiVFNSU5QiU5QiVFOSU5RCVBMiVFNSVBRiU4NiVFNSVCMCU4MSVFOCVBMyU4NSVFNyVCRCVBRSVFNCVCOCVCQSVFNSVCMSU4MiVFNSU4RSU4QiVFNSU4OCVCNiVFOCVBMiU4QiVFNiU5QyVCQSVFOCVBRSVCRSVFOCVBRSVBMSVFRiVCQyU4QyVFNSU4RiVBRiVFNSU4OCVCNiVFNCVCRCU5QyVFNSU5QiU5QiVFOSU5RCVBMiVFNCVCQSU5NCVFOSU5RCVBMiVFNSVBRiU4NiVFNSVCMCU4MSVFOCVBMiU4QiVFMyU4MCU4MiUyMiUyQyUyMm1ldGFkYXRhJTIyJTNBJTIyJTIyJTJDJTIybWF0Y2hlcyUyMiUzQW51bGwlMkMlMjJtZXRhRGF0YSUyMiUzQSU1QiU1RCUyQyUyMnRleHQlMjIlM0ElMjJEaXNwb3NpdGl2byUyMGRlJTIwc2VsbGFkbyUyMGRlJTIwY3VhdHJvJTIwbGFkb3MlMjBOdWV2byUyMGRpc2UlQzMlQjFvJTIwcGFyYSUyMGxhJTIwbSVDMyVBMXF1aW5hJTIwZGUlMjBmYWJyaWNhY2klQzMlQjNuJTIwZGUlMjBib2xzYXMlMjBsYW1pbmFkYXMlMkMlMjBwdWVkZSUyMGhhY2VyJTIwYm9sc2FzJTIwZGUlMjBzZWxsYWRvJTIwZGUlMjBjdWF0cm8lMjBsYWRvcyUyMHklMjBjaW5jbyUyMGxhZG9zLiUyMiU3RCU1RCU3RCU1RA==\">Dispositivo de sellado de cuatro lados Nuevo dise\u00f1o para la m\u00e1quina de fabricaci\u00f3n de bolsas laminadas, puede hacer bolsas de sellado de cuatro lados y cinco lados.<\/span><\/p>\n","protected":false},"featured_media":28665,"comment_status":"closed","ping_status":"closed","template":"","meta":{"_acf_changed":false},"product_brand":[],"product_cat":[84],"product_tag":[],"class_list":{"0":"post-28664","1":"product","2":"type-product","3":"status-publish","4":"has-post-thumbnail","6":"product_cat-maquina-para-bolsas-pouch","8":"first","9":"instock","10":"shipping-taxable","11":"product-type-simple"},"acf":[],"_links":{"self":[{"href":"http:\/\/maquinaparahacerbolsas.com.ve\/es\/wp-json\/wp\/v2\/product\/28664","targetHints":{"allow":["GET"]}}],"collection":[{"href":"http:\/\/maquinaparahacerbolsas.com.ve\/es\/wp-json\/wp\/v2\/product"}],"about":[{"href":"http:\/\/maquinaparahacerbolsas.com.ve\/es\/wp-json\/wp\/v2\/types\/product"}],"replies":[{"embeddable":true,"href":"http:\/\/maquinaparahacerbolsas.com.ve\/es\/wp-json\/wp\/v2\/comments?post=28664"}],"version-history":[{"count":0,"href":"http:\/\/maquinaparahacerbolsas.com.ve\/es\/wp-json\/wp\/v2\/product\/28664\/revisions"}],"wp:featuredmedia":[{"embeddable":true,"href":"http:\/\/maquinaparahacerbolsas.com.ve\/es\/wp-json\/wp\/v2\/media\/28665"}],"wp:attachment":[{"href":"http:\/\/maquinaparahacerbolsas.com.ve\/es\/wp-json\/wp\/v2\/media?parent=28664"}],"wp:term":[{"taxonomy":"product_brand","embeddable":true,"href":"http:\/\/maquinaparahacerbolsas.com.ve\/es\/wp-json\/wp\/v2\/product_brand?post=28664"},{"taxonomy":"product_cat","embeddable":true,"href":"http:\/\/maquinaparahacerbolsas.com.ve\/es\/wp-json\/wp\/v2\/product_cat?post=28664"},{"taxonomy":"product_tag","embeddable":true,"href":"http:\/\/maquinaparahacerbolsas.com.ve\/es\/wp-json\/wp\/v2\/product_tag?post=28664"}],"curies":[{"name":"wp","href":"https:\/\/api.w.org\/{rel}","templated":true}]}}