{"id":28659,"date":"2025-02-24T10:57:47","date_gmt":"2025-02-24T02:57:47","guid":{"rendered":"https:\/\/blanchedalmond-goat-523522.hostingersite.com\/?post_type=product&#038;p=28659"},"modified":"2025-07-02T23:44:49","modified_gmt":"2025-07-02T15:44:49","slug":"maquina-confeccionadora-para-fabricar-sello-de-centra-aletas","status":"publish","type":"product","link":"http:\/\/maquinaparahacerbolsas.com.ve\/es\/maquina-confeccionadora-fabricar-sello-centra-aletas-buenos-aires-cordoba-rosario-la-plata-san-miguel-tucuman-mar-del-plata-salta-santa-fe.html","title":{"rendered":"M\u00e1quina Confeccionadora para fabricar sello de centra aletas"},"content":{"rendered":"<p>M\u00e1quina bolseadora para fabricar sello de centra aletas<\/p>\n<p><span style=\"color: #393939;\">M\u00e1quina bolseadora para fabricar sello de centra aletas Dispositivo de sellado de cuatro lados Nuevo dise\u00f1o para la m\u00e1quina de fabricaci\u00f3n de bolsas laminadas, puede hacer bolsas de sellado de cuatro lados y cinco lados.<br \/>\n1. control de pantalla t\u00e1ctil, dise\u00f1o autom\u00e1tico.<br \/>\n2. Nueva estructura de calentamiento de sellado de 4 lados, sellado de alta resistencia<br \/>\n3. Control especial del motor dervo, adecuado para funcionamiento a alta velocidad.<br \/>\n4. Tiene EPC y doble seguimiento de fotoc\u00e9lulas para desenrollar<br \/>\n5. dispositivo de contabilidad autom\u00e1tica<br \/>\n6. con fotoc\u00e9lula para pel\u00edcula impresa<br \/>\n7. control de velocidad por inversor, dise\u00f1o ECO<br \/>\n8.Dise\u00f1o simple de la m\u00e1quina, f\u00e1cil de operar.<\/span><\/p>\n<p>Dispositivo opcional:<br \/>\n1) Dispositivo desbobinador de doble capa<br \/>\n2) Desbobinador con dispositivo de elevaci\u00f3n autom\u00e1tico<\/p>\n","protected":false},"excerpt":{"rendered":"<p><span data-slate-fragment=\"JTVCJTdCJTIydHlwZSUyMiUzQSUyMnBhcmFncmFwaCUyMiUyQyUyMmNoaWxkcmVuJTIyJTNBJTVCJTdCJTIyaWQlMjIlM0ElMjJCRGF2NE9wbERlJTIyJTJDJTIycGFyYUlkeCUyMiUzQTElMkMlMjJzcmMlMjIlM0ElMjJNJUMzJUExcXVpbmElMjBib2xzZWFkb3JhJTIwcGFyYSUyMGZhYnJpY2FyJTIwc2VsbG8lMjBkZSUyMGNlbnRyYSUyMGFsZXRhcyUyMERpc3Bvc2l0aXZvJTIwZGUlMjBzZWxsYWRvJTIwZGUlMjBjdWF0cm8lMjBsYWRvcyUyME51ZXZvJTIwZGlzZSVDMyVCMW8lMjBwYXJhJTIwbGElMjBtJUMzJUExcXVpbmElMjBkZSUyMGZhYnJpY2FjaSVDMyVCM24lMjBkZSUyMGJvbHNhcyUyMGxhbWluYWRhcyUyQyUyMHB1ZWRlJTIwaGFjZXIlMjBib2xzYXMlMjBkZSUyMHNlbGxhZG8lMjBkZSUyMGN1YXRybyUyMGxhZG9zJTIweSUyMGNpbmNvJTIwbGFkb3MuJTIyJTJDJTIyZHN0JTIyJTNBJTIyJUU1JTg4JUI2JUU4JUEyJThCJUU2JTlDJUJBJUU3JTk0JUE4JUU0JUJBJThFJUU1JTg4JUI2JUU5JTgwJUEwJUU0JUI4JUFEJUU1JUJGJTgzJUU1JUFGJTg2JUU1JUIwJTgxJUU3JTg5JTg3JUU3JTlBJTg0JUU1JTlCJTlCJUU5JTlEJUEyJUU1JUFGJTg2JUU1JUIwJTgxJUU4JUEzJTg1JUU3JUJEJUFFJUU2JTk2JUIwJUU4JUFFJUJFJUU4JUFFJUExJUU3JTlBJTg0JUU3JTk0JUE4JUU0JUJBJThFJUU1JTg4JUI2JUU4JUEyJThCJUU2JTlDJUJBJUU3JTlBJTg0JUU1JUIxJTgyJUU1JThFJThCJUU4JUEyJThCJUVGJUJDJThDJUU1JThGJUFGJUU0JUJCJUE1JUU1JTg4JUI2JUU0JUJEJTlDJUU1JTlCJTlCJUU5JTlEJUEyJUU1JTkyJThDJUU0JUJBJTk0JUU5JTlEJUEyJUU1JUFGJTg2JUU1JUIwJTgxJUU4JUEyJThCJUUzJTgwJTgyJTIyJTJDJTIybWV0YWRhdGElMjIlM0ElMjIlMjIlMkMlMjJtYXRjaGVzJTIyJTNBbnVsbCUyQyUyMm1ldGFEYXRhJTIyJTNBJTVCJTVEJTJDJTIydGV4dCUyMiUzQSUyMk0lQzMlQTFxdWluYSUyMGJvbHNlYWRvcmElMjBwYXJhJTIwZmFicmljYXIlMjBzZWxsbyUyMGRlJTIwY2VudHJhJTIwYWxldGFzJTIwRGlzcG9zaXRpdm8lMjBkZSUyMHNlbGxhZG8lMjBkZSUyMGN1YXRybyUyMGxhZG9zJTIwTnVldm8lMjBkaXNlJUMzJUIxbyUyMHBhcmElMjBsYSUyMG0lQzMlQTFxdWluYSUyMGRlJTIwZmFicmljYWNpJUMzJUIzbiUyMGRlJTIwYm9sc2FzJTIwbGFtaW5hZGFzJTJDJTIwcHVlZGUlMjBoYWNlciUyMGJvbHNhcyUyMGRlJTIwc2VsbGFkbyUyMGRlJTIwY3VhdHJvJTIwbGFkb3MlMjB5JTIwY2luY28lMjBsYWRvcy4lMjIlN0QlNUQlN0QlNUQ=\">M\u00e1quina bolseadora para fabricar sello de centra aletas Dispositivo de sellado de cuatro lados Nuevo dise\u00f1o para la m\u00e1quina de fabricaci\u00f3n de bolsas laminadas, puede hacer bolsas de sellado de cuatro lados y cinco lados.<\/span><\/p>\n","protected":false},"featured_media":28660,"comment_status":"closed","ping_status":"closed","template":"","meta":{"_acf_changed":false},"product_brand":[],"product_cat":[84],"product_tag":[],"class_list":{"0":"post-28659","1":"product","2":"type-product","3":"status-publish","4":"has-post-thumbnail","6":"product_cat-maquina-para-bolsas-pouch","8":"first","9":"instock","10":"shipping-taxable","11":"product-type-simple"},"acf":[],"_links":{"self":[{"href":"http:\/\/maquinaparahacerbolsas.com.ve\/es\/wp-json\/wp\/v2\/product\/28659","targetHints":{"allow":["GET"]}}],"collection":[{"href":"http:\/\/maquinaparahacerbolsas.com.ve\/es\/wp-json\/wp\/v2\/product"}],"about":[{"href":"http:\/\/maquinaparahacerbolsas.com.ve\/es\/wp-json\/wp\/v2\/types\/product"}],"replies":[{"embeddable":true,"href":"http:\/\/maquinaparahacerbolsas.com.ve\/es\/wp-json\/wp\/v2\/comments?post=28659"}],"version-history":[{"count":0,"href":"http:\/\/maquinaparahacerbolsas.com.ve\/es\/wp-json\/wp\/v2\/product\/28659\/revisions"}],"wp:featuredmedia":[{"embeddable":true,"href":"http:\/\/maquinaparahacerbolsas.com.ve\/es\/wp-json\/wp\/v2\/media\/28660"}],"wp:attachment":[{"href":"http:\/\/maquinaparahacerbolsas.com.ve\/es\/wp-json\/wp\/v2\/media?parent=28659"}],"wp:term":[{"taxonomy":"product_brand","embeddable":true,"href":"http:\/\/maquinaparahacerbolsas.com.ve\/es\/wp-json\/wp\/v2\/product_brand?post=28659"},{"taxonomy":"product_cat","embeddable":true,"href":"http:\/\/maquinaparahacerbolsas.com.ve\/es\/wp-json\/wp\/v2\/product_cat?post=28659"},{"taxonomy":"product_tag","embeddable":true,"href":"http:\/\/maquinaparahacerbolsas.com.ve\/es\/wp-json\/wp\/v2\/product_tag?post=28659"}],"curies":[{"name":"wp","href":"https:\/\/api.w.org\/{rel}","templated":true}]}}