{"id":28655,"date":"2025-02-24T10:55:13","date_gmt":"2025-02-24T02:55:13","guid":{"rendered":"https:\/\/blanchedalmond-goat-523522.hostingersite.com\/?post_type=product&#038;p=28655"},"modified":"2025-07-02T23:44:35","modified_gmt":"2025-07-02T15:44:35","slug":"confeccionadora-para-fabricar-bolsas-de-3-sellos-con-boquilla-impresa","status":"publish","type":"product","link":"http:\/\/maquinaparahacerbolsas.com.ve\/es\/maquina-confeccionadora-para-fabricar-bolsas-de-3-sellos-con-boquilla-impresa-buenos-aires-cordoba-rosario-la-plata-san-miguel-tucuman-mar-del-plata-salta-santa-fe.html","title":{"rendered":"M\u00e1quina confeccionadora para fabricar bolsas de 3 Sellos con boquilla impresa"},"content":{"rendered":"<p>M\u00e1quina bolseadora para fabricar bolsas de 3 Sellos con boquilla impresa,bolsas para liquidos M\u00e1quina de fabricaci\u00f3n de bolsas de pel\u00edcula laminada de tipo econ\u00f3mico, se utiliza para varios tipos de material laminado, mientras tanto, tambi\u00e9n tiene un refuerzo lateral de la bolsa de sellado central, puede hacer una bolsa de sellado de cuatro lados y una bolsa de sellado de cinco lados.<br \/>\n1. Todos los par\u00e1metros de visualizaci\u00f3n por pantalla t\u00e1ctil.<br \/>\n2. Tiene EPC y doble seguimiento de fotoc\u00e9lula por desenrollado.<br \/>\n3. Tama\u00f1o s\u00faper largo, que tiene un dise\u00f1o de alimentaci\u00f3n por salto 6 veces<br \/>\n4. Unidad de rebobinado de pel\u00edcula de desecho autom\u00e1tica.<br \/>\n5. Producir bolsa impresa 6. Cuenta autom\u00e1tica devcie<\/p>\n","protected":false},"excerpt":{"rendered":"<p><span data-slate-fragment=\"JTVCJTdCJTIydHlwZSUyMiUzQSUyMnBhcmFncmFwaCUyMiUyQyUyMmNoaWxkcmVuJTIyJTNBJTVCJTdCJTIyaWQlMjIlM0ElMjJWZHBEM0VMdmFWJTIyJTJDJTIycGFyYUlkeCUyMiUzQTAlMkMlMjJzcmMlMjIlM0ElMjJNJUMzJUExcXVpbmElMjBib2xzZWFkb3JhJTIwcGFyYSUyMGZhYnJpY2FyJTIwYm9sc2FzJTIwZGUlMjAzJTIwU2VsbG9zJTIwY29uJTIwYm9xdWlsbGElMjBpbXByZXNhJTJDYm9sc2FzJTIwcGFyYSUyMGxpcXVpZG9zJTIwTSVDMyVBMXF1aW5hJTIwZGUlMjBmYWJyaWNhY2klQzMlQjNuJTIwZGUlMjBib2xzYXMlMjBkZSUyMHBlbCVDMyVBRGN1bGElMjBsYW1pbmFkYSUyMGRlJTIwdGlwbyUyMGVjb24lQzMlQjNtaWNvJTJDJTIwc2UlMjB1dGlsaXphJTIwcGFyYSUyMHZhcmlvcyUyMHRpcG9zJTIwZGUlMjBtYXRlcmlhbCUyMGxhbWluYWRvJTJDJTIwbWllbnRyYXMlMjB0YW50byUyQyUyMHRhbWJpJUMzJUE5biUyMHRpZW5lJTIwdW4lMjByZWZ1ZXJ6byUyMGxhdGVyYWwlMjBkZSUyMGxhJTIwYm9sc2ElMjBkZSUyMHNlbGxhZG8lMjBjZW50cmFsJTJDJTIwcHVlZGUlMjBoYWNlciUyMHVuYSUyMGJvbHNhJTIwZGUlMjBzZWxsYWRvJTIwZGUlMjBjdWF0cm8lMjBsYWRvcyUyMHklMjB1bmElMjBib2xzYSUyMGRlJTIwc2VsbGFkbyUyMGRlJTIwY2luY28lMjBsYWRvcy4lMjIlMkMlMjJkc3QlMjIlM0ElMjIlRTclOTQlQTglRTQlQkElOEUlRTUlODglQjYlRTklODAlQTAlRTUlQjglQTYlRTYlOUMlODklRTYlODklOTMlRTUlOEQlQjAlRTUlOTYlQjclRTUlOTglQjQlRTclOUElODQlRTQlQjglODklRTUlQUYlODYlRTUlQjAlODElRTglQTIlOEIlRTclOUElODQlRTUlODglQjYlRTglQTIlOEIlRTYlOUMlQkElRTMlODAlODElRTclQkIlOEYlRTYlQjUlOEUlRTUlOUUlOEIlRTYlQjYlQjIlRTglODYlOUMlRTUlOEYlQTAlRTUlQjElODIlRTglQTIlOEIlRTUlODglQjYlRTklODAlQTAlRTYlOUMlQkElRUYlQkMlOEMlRTclOTQlQTglRTQlQkElOEUlRTUlOTAlODQlRTclQTclOEQlRTUlOEYlQTAlRTUlQjElODIlRTYlOUQlOTAlRTYlOTYlOTklRUYlQkMlOEMlRTUlOTAlOEMlRTYlOTclQjYlRTglQkYlOTglRTUlODUlQjclRTYlOUMlODklRTQlQjglQUQlRTUlQTQlQUUlRTUlQUYlODYlRTUlQjAlODElRTglQTIlOEIlRTclOUElODQlRTYlQTglQUElRTUlOTAlOTElRTUlOEElQTAlRTUlQkMlQkElRTQlQkIlQjYlRUYlQkMlOEMlRTUlOEYlQUYlRTUlODglQjYlRTYlODglOTAlRTUlOUIlOUIlRTklOUQlQTIlRTUlQUYlODYlRTUlQjAlODElRTglQTIlOEIlRTUlOTIlOEMlRTUlOUIlOUIlRTklOUQlQTIlRTUlQUYlODYlRTUlQjAlODElRTglQTIlOEIlRTMlODAlODIlMjIlMkMlMjJtZXRhZGF0YSUyMiUzQSUyMiUyMiUyQyUyMm1hdGNoZXMlMjIlM0FudWxsJTJDJTIybWV0YURhdGElMjIlM0ElNUIlNUQlMkMlMjJ0ZXh0JTIyJTNBJTIyTSVDMyVBMXF1aW5hJTIwYm9sc2VhZG9yYSUyMHBhcmElMjBmYWJyaWNhciUyMGJvbHNhcyUyMGRlJTIwMyUyMFNlbGxvcyUyMGNvbiUyMGJvcXVpbGxhJTIwaW1wcmVzYSUyQ2JvbHNhcyUyMHBhcmElMjBsaXF1aWRvcyUyME0lQzMlQTFxdWluYSUyMGRlJTIwZmFicmljYWNpJUMzJUIzbiUyMGRlJTIwYm9sc2FzJTIwZGUlMjBwZWwlQzMlQURjdWxhJTIwbGFtaW5hZGElMjBkZSUyMHRpcG8lMjBlY29uJUMzJUIzbWljbyUyQyUyMHNlJTIwdXRpbGl6YSUyMHBhcmElMjB2YXJpb3MlMjB0aXBvcyUyMGRlJTIwbWF0ZXJpYWwlMjBsYW1pbmFkbyUyQyUyMG1pZW50cmFzJTIwdGFudG8lMkMlMjB0YW1iaSVDMyVBOW4lMjB0aWVuZSUyMHVuJTIwcmVmdWVyem8lMjBsYXRlcmFsJTIwZGUlMjBsYSUyMGJvbHNhJTIwZGUlMjBzZWxsYWRvJTIwY2VudHJhbCUyQyUyMHB1ZWRlJTIwaGFjZXIlMjB1bmElMjBib2xzYSUyMGRlJTIwc2VsbGFkbyUyMGRlJTIwY3VhdHJvJTIwbGFkb3MlMjB5JTIwdW5hJTIwYm9sc2ElMjBkZSUyMHNlbGxhZG8lMjBkZSUyMGNpbmNvJTIwbGFkb3MuJTIyJTdEJTVEJTdEJTVE\">M\u00e1quina bolseadora para fabricar bolsas de 3 Sellos con boquilla impresa,bolsas para liquidos M\u00e1quina de fabricaci\u00f3n de bolsas de pel\u00edcula laminada de tipo econ\u00f3mico, se utiliza para varios tipos de material laminado, mientras tanto, tambi\u00e9n tiene un refuerzo lateral de la bolsa de sellado central, puede hacer una bolsa de sellado de cuatro lados y una bolsa de sellado de cinco lados.<\/span><\/p>\n","protected":false},"featured_media":28656,"comment_status":"closed","ping_status":"closed","template":"","meta":{"_acf_changed":false},"product_brand":[],"product_cat":[84],"product_tag":[],"class_list":{"0":"post-28655","1":"product","2":"type-product","3":"status-publish","4":"has-post-thumbnail","6":"product_cat-maquina-para-bolsas-pouch","8":"first","9":"instock","10":"shipping-taxable","11":"product-type-simple"},"acf":[],"_links":{"self":[{"href":"http:\/\/maquinaparahacerbolsas.com.ve\/es\/wp-json\/wp\/v2\/product\/28655","targetHints":{"allow":["GET"]}}],"collection":[{"href":"http:\/\/maquinaparahacerbolsas.com.ve\/es\/wp-json\/wp\/v2\/product"}],"about":[{"href":"http:\/\/maquinaparahacerbolsas.com.ve\/es\/wp-json\/wp\/v2\/types\/product"}],"replies":[{"embeddable":true,"href":"http:\/\/maquinaparahacerbolsas.com.ve\/es\/wp-json\/wp\/v2\/comments?post=28655"}],"version-history":[{"count":0,"href":"http:\/\/maquinaparahacerbolsas.com.ve\/es\/wp-json\/wp\/v2\/product\/28655\/revisions"}],"wp:featuredmedia":[{"embeddable":true,"href":"http:\/\/maquinaparahacerbolsas.com.ve\/es\/wp-json\/wp\/v2\/media\/28656"}],"wp:attachment":[{"href":"http:\/\/maquinaparahacerbolsas.com.ve\/es\/wp-json\/wp\/v2\/media?parent=28655"}],"wp:term":[{"taxonomy":"product_brand","embeddable":true,"href":"http:\/\/maquinaparahacerbolsas.com.ve\/es\/wp-json\/wp\/v2\/product_brand?post=28655"},{"taxonomy":"product_cat","embeddable":true,"href":"http:\/\/maquinaparahacerbolsas.com.ve\/es\/wp-json\/wp\/v2\/product_cat?post=28655"},{"taxonomy":"product_tag","embeddable":true,"href":"http:\/\/maquinaparahacerbolsas.com.ve\/es\/wp-json\/wp\/v2\/product_tag?post=28655"}],"curies":[{"name":"wp","href":"https:\/\/api.w.org\/{rel}","templated":true}]}}