{"id":28651,"date":"2025-02-24T10:52:47","date_gmt":"2025-02-24T02:52:47","guid":{"rendered":"https:\/\/blanchedalmond-goat-523522.hostingersite.com\/?post_type=product&#038;p=28651"},"modified":"2025-10-13T00:33:47","modified_gmt":"2025-10-12T16:33:47","slug":"extrusora-de-film-polipropileno-fabricacion-de-bolsas","status":"publish","type":"product","link":"http:\/\/maquinaparahacerbolsas.com.ve\/es\/extrusora-de-film-polipropileno-fabricacion-de-bolsas","title":{"rendered":"Extrusora de film Polipropileno"},"content":{"rendered":"<p data-rm-block-id=\"block-1\">Extrusora de film Polipropileno<\/p>\n<p data-rm-block-id=\"block-2\">Este tornillo cil\u00edndrico est\u00e1 elaborado con acero de aleaci\u00f3n 38CrMOALA, sometido a un tratamiento de nitr\u00f3geno, lo que proporciona una excelente rigidez y una notable resistencia a la corrosi\u00f3n.<br \/>\nEl cabezal del molde presenta un recubrimiento de cromo duro y posee una configuraci\u00f3n de mandril de tornillo, la cual asegura una descarga de material que es uniforme y fluida.<\/p>\n<p data-rm-block-id=\"block-3\">La m\u00e1quina incluye un sistema de circulaci\u00f3n de agua que enfr\u00eda la pel\u00edcula de polipropileno, lo que contribuye a que la pel\u00edcula sea m\u00e1s transparente y de alta calidad.<\/p>\n<p data-rm-block-id=\"block-4\">Optional Equipment:<br \/>\n1)\u00a0\u00a0\u00a0\u00a0Auto loader<br \/>\n2)\u00a0\u00a0\u00a0\u00a0Corona Treatment<br \/>\n3)\u00a0\u00a0\u00a0\u00a0Rotary Die-head<br \/>\n4)\u00a0\u00a0\u00a0\u00a0Air Compressor<br \/>\n5)\u00a0\u00a0\u00a0\u00a0Double winder<\/p>\n<table class=\" alignleft\" border=\"0\" cellspacing=\"1\" cellpadding=\"5\" align=\"center\">\n<tbody>\n<tr>\n<td width=\"45%\" data-rm-block-id=\"block-5\">ype<\/td>\n<td align=\"center\" width=\"16%\" data-rm-block-id=\"block-6\"><span data-scayt_word=\"PP-F50\" data-scaytid=\"8\">PP-F50<\/span><\/td>\n<td align=\"center\" width=\"24%\" data-rm-block-id=\"block-7\"><span data-scayt_word=\"PP-F55\" data-scaytid=\"9\">PP-F55<\/span><\/td>\n<td align=\"center\" width=\"15%\" data-rm-block-id=\"block-8\"><span data-scayt_word=\"PP-F65\" data-scaytid=\"10\">PP-F65<\/span><\/td>\n<\/tr>\n<tr>\n<td width=\"45%\" data-rm-block-id=\"block-9\"><strong>Diameter of screw<\/strong><\/td>\n<td align=\"center\" width=\"16%\" data-rm-block-id=\"block-10\"><span data-scayt_word=\"50mm\" data-scaytid=\"11\">50mm<\/span><\/td>\n<td align=\"center\" width=\"24%\" data-rm-block-id=\"block-11\"><span data-scayt_word=\"55mm\" data-scaytid=\"12\">55mm<\/span><\/td>\n<td align=\"center\" width=\"15%\" data-rm-block-id=\"block-12\"><span data-scayt_word=\"65mm\" data-scaytid=\"13\">65mm<\/span><\/td>\n<\/tr>\n<tr>\n<td width=\"45%\" data-rm-block-id=\"block-13\">L\/D<\/td>\n<td align=\"center\" width=\"16%\" data-rm-block-id=\"block-14\">28:1<\/td>\n<td align=\"center\" width=\"24%\" data-rm-block-id=\"block-15\">28:1<\/td>\n<td align=\"center\" width=\"15%\" data-rm-block-id=\"block-16\">28:1<\/td>\n<\/tr>\n<tr>\n<td width=\"45%\" data-rm-block-id=\"block-17\">Folding width of film(mm)<\/td>\n<td align=\"center\" width=\"16%\" data-rm-block-id=\"block-18\">100-500<\/td>\n<td align=\"center\" width=\"24%\" data-rm-block-id=\"block-19\">100-600<\/td>\n<td align=\"center\" width=\"15%\" data-rm-block-id=\"block-20\">300-800<\/td>\n<\/tr>\n<tr>\n<td width=\"45%\" data-rm-block-id=\"block-21\">Single-face Thickness of film(mm)<\/td>\n<td align=\"center\" width=\"16%\" data-rm-block-id=\"block-22\">0.01-0.1<\/td>\n<td align=\"center\" width=\"24%\" data-rm-block-id=\"block-23\">0.01-0.1<\/td>\n<td align=\"center\" width=\"15%\" data-rm-block-id=\"block-24\">0.01-0.1<\/td>\n<\/tr>\n<tr>\n<td width=\"45%\" data-rm-block-id=\"block-25\">Max. Extrusion(kg\/h)<\/td>\n<td align=\"center\" width=\"16%\" data-rm-block-id=\"block-26\">30<\/td>\n<td align=\"center\" width=\"24%\" data-rm-block-id=\"block-27\">45<\/td>\n<td align=\"center\" width=\"15%\" data-rm-block-id=\"block-28\">60<\/td>\n<\/tr>\n<tr>\n<td width=\"45%\" data-rm-block-id=\"block-29\">Power of main motor(kw)<\/td>\n<td align=\"center\" width=\"16%\" data-rm-block-id=\"block-30\">11<\/td>\n<td align=\"center\" width=\"24%\" data-rm-block-id=\"block-31\">15<\/td>\n<td align=\"center\" width=\"15%\" data-rm-block-id=\"block-32\">18.5<\/td>\n<\/tr>\n<tr>\n<td width=\"45%\" data-rm-block-id=\"block-33\">Power of Traction motor(kw)<\/td>\n<td align=\"center\" width=\"16%\" data-rm-block-id=\"block-34\">1.1<\/td>\n<td align=\"center\" width=\"24%\" data-rm-block-id=\"block-35\">1.1<\/td>\n<td align=\"center\" width=\"15%\" data-rm-block-id=\"block-36\">1.5<\/td>\n<\/tr>\n<tr>\n<td width=\"45%\" data-rm-block-id=\"block-37\">Length of Traction roller(mm)<\/td>\n<td align=\"center\" width=\"16%\" data-rm-block-id=\"block-38\">550<\/td>\n<td align=\"center\" width=\"24%\" data-rm-block-id=\"block-39\">650<\/td>\n<td align=\"center\" width=\"15%\" data-rm-block-id=\"block-40\">850<\/td>\n<\/tr>\n<tr>\n<td width=\"45%\" data-rm-block-id=\"block-41\">Outline diameter (meter)<\/td>\n<td align=\"center\" width=\"16%\" data-rm-block-id=\"block-42\">4.5*2*3.5<\/td>\n<td align=\"center\" width=\"24%\" data-rm-block-id=\"block-43\">4.8*2.5*3.8<\/td>\n<td align=\"center\" width=\"15%\" data-rm-block-id=\"block-44\">5*2.8*4<\/td>\n<\/tr>\n<tr>\n<td width=\"45%\" data-rm-block-id=\"block-45\">Weight(T)<\/td>\n<td align=\"center\" width=\"16%\" data-rm-block-id=\"block-46\">3<\/td>\n<td align=\"center\" width=\"24%\" data-rm-block-id=\"block-47\">4<\/td>\n<td align=\"center\" width=\"15%\" data-rm-block-id=\"block-48\">5<\/td>\n<\/tr>\n<\/tbody>\n<\/table>\n<p data-rm-block-id=\"block-60\">\n<p data-rm-block-id=\"block-60\">\n<p data-rm-block-id=\"block-60\">\n<p data-rm-block-id=\"block-60\">\n<p data-rm-block-id=\"block-60\">\n<p data-rm-block-id=\"block-60\">\n<p data-rm-block-id=\"block-60\">\n<p data-rm-block-id=\"block-60\">\n<p data-rm-block-id=\"block-60\">\n<p data-rm-block-id=\"block-60\">\n<p data-rm-block-id=\"block-60\">\n<p data-rm-block-id=\"block-60\"><strong>Si solo compra una m\u00e1quina, la empacaremos con un paquete de madera y la cargaremos en un contenedor con carga menor a la del contenedor (LCL).<\/strong><\/p>\n<p data-rm-block-id=\"block-61\"><img fetchpriority=\"high\" decoding=\"async\" class=\" wp-image-29711\" src=\"https:\/\/maquinaparahacerbolsas.com.ve\/es\/wp-content\/uploads\/2025\/02\/plastic-machine-shipment-with-wooden-pack-less-containers.webp\" sizes=\"(max-width: 492px) 100vw, 492px\" srcset=\"https:\/\/maquinaparahacerbolsas.com.ve\/es\/wp-content\/uploads\/2025\/02\/plastic-machine-shipment-with-wooden-pack-less-containers.webp 768w, https:\/\/maquinaparahacerbolsas.com.ve\/es\/wp-content\/uploads\/2025\/02\/plastic-machine-shipment-with-wooden-pack-less-containers-400x295.webp 400w, https:\/\/maquinaparahacerbolsas.com.ve\/es\/wp-content\/uploads\/2025\/02\/plastic-machine-shipment-with-wooden-pack-less-containers-430x317.webp 430w, https:\/\/maquinaparahacerbolsas.com.ve\/es\/wp-content\/uploads\/2025\/02\/plastic-machine-shipment-with-wooden-pack-less-containers-700x517.webp 700w, https:\/\/maquinaparahacerbolsas.com.ve\/es\/wp-content\/uploads\/2025\/02\/plastic-machine-shipment-with-wooden-pack-less-containers-150x111.webp 150w\" alt=\"plastic machine shipment with wooden pack less containers\" width=\"492\" height=\"363\" \/><\/p>\n<p data-rm-block-id=\"block-62\"><strong>Nuestro principal colaborador de piezas es la siguiente marca, pero las piezas est\u00e1ndar est\u00e1n todas fabricadas en China.<\/strong><\/p>\n<div id=\"attachment_29712\" class=\"wp-caption alignnone\">\n<p data-rm-block-id=\"block-63\"><img decoding=\"async\" class=\" wp-image-29712\" src=\"https:\/\/maquinaparahacerbolsas.com.ve\/es\/wp-content\/uploads\/2025\/02\/plastic-machine-parts-supplier.webp\" sizes=\"(max-width: 492px) 100vw, 492px\" srcset=\"https:\/\/maquinaparahacerbolsas.com.ve\/es\/wp-content\/uploads\/2025\/02\/plastic-machine-parts-supplier.webp 875w, https:\/\/maquinaparahacerbolsas.com.ve\/es\/wp-content\/uploads\/2025\/02\/plastic-machine-parts-supplier-400x230.webp 400w, https:\/\/maquinaparahacerbolsas.com.ve\/es\/wp-content\/uploads\/2025\/02\/plastic-machine-parts-supplier-768x442.webp 768w, https:\/\/maquinaparahacerbolsas.com.ve\/es\/wp-content\/uploads\/2025\/02\/plastic-machine-parts-supplier-430x248.webp 430w, https:\/\/maquinaparahacerbolsas.com.ve\/es\/wp-content\/uploads\/2025\/02\/plastic-machine-parts-supplier-700x403.webp 700w, https:\/\/maquinaparahacerbolsas.com.ve\/es\/wp-content\/uploads\/2025\/02\/plastic-machine-parts-supplier-150x86.webp 150w\" alt=\"plastic machine parts supplier\" width=\"492\" height=\"283\" aria-describedby=\"caption-attachment-29712\" \/><\/p>\n<p id=\"caption-attachment-29712\" class=\"wp-caption-text\" data-rm-block-id=\"block-64\">proveedor de piezas de m\u00e1quinas de pl\u00e1stico<\/p>\n<\/div>\n<div id=\"attachment_29717\" class=\"wp-caption alignnone\">\n<p data-rm-block-id=\"block-65\"><img decoding=\"async\" class=\"size-full wp-image-29717\" src=\"https:\/\/maquinaparahacerbolsas.com.ve\/es\/wp-content\/uploads\/2025\/02\/plastic-bag-machine-supplier.webp\" sizes=\"(max-width: 497px) 100vw, 497px\" srcset=\"https:\/\/maquinaparahacerbolsas.com.ve\/es\/wp-content\/uploads\/2025\/02\/plastic-bag-machine-supplier.webp 497w, https:\/\/maquinaparahacerbolsas.com.ve\/es\/wp-content\/uploads\/2025\/02\/plastic-bag-machine-supplier-300x300.webp 300w, https:\/\/maquinaparahacerbolsas.com.ve\/es\/wp-content\/uploads\/2025\/02\/plastic-bag-machine-supplier-150x150.webp 150w, https:\/\/maquinaparahacerbolsas.com.ve\/es\/wp-content\/uploads\/2025\/02\/plastic-bag-machine-supplier-430x430.webp 430w\" alt=\"plastic bag machine supplier\" width=\"497\" height=\"497\" aria-describedby=\"caption-attachment-29717\" \/><\/p>\n<p id=\"caption-attachment-29717\" class=\"wp-caption-text\" data-rm-block-id=\"block-66\">plastic bag machine supplier<\/p>\n<\/div>\n<div id=\"attachment_29716\" class=\"wp-caption alignnone\">\n<p data-rm-block-id=\"block-67\"><img loading=\"lazy\" decoding=\"async\" class=\"wp-image-29716\" src=\"https:\/\/maquinaparahacerbolsas.com.ve\/es\/wp-content\/uploads\/2025\/02\/Plastic-bag-machine-factory.webp\" sizes=\"(max-width: 500px) 100vw, 500px\" srcset=\"https:\/\/maquinaparahacerbolsas.com.ve\/es\/wp-content\/uploads\/2025\/02\/Plastic-bag-machine-factory.webp 467w, https:\/\/maquinaparahacerbolsas.com.ve\/es\/wp-content\/uploads\/2025\/02\/Plastic-bag-machine-factory-296x300.webp 296w, https:\/\/maquinaparahacerbolsas.com.ve\/es\/wp-content\/uploads\/2025\/02\/Plastic-bag-machine-factory-430x436.webp 430w, https:\/\/maquinaparahacerbolsas.com.ve\/es\/wp-content\/uploads\/2025\/02\/Plastic-bag-machine-factory-150x152.webp 150w\" alt=\"Plastic bag machine factory\" width=\"500\" height=\"507\" aria-describedby=\"caption-attachment-29716\" \/><\/p>\n<p id=\"caption-attachment-29716\" class=\"wp-caption-text\" data-rm-block-id=\"block-68\">F\u00e1brica de m\u00e1quinas para fabricar bolsas de pl\u00e1stico<\/p>\n<div id=\"attachment_29746\" style=\"width: 492px\" class=\"wp-caption alignnone\"><img loading=\"lazy\" decoding=\"async\" aria-describedby=\"caption-attachment-29746\" class=\" wp-image-29746\" src=\"https:\/\/maquinaparahacerbolsas.com.ve\/es\/wp-content\/uploads\/2025\/02\/Extrusora-de-peliucla-polietileno.jpg\" alt=\"Extrusora de peliucla polietileno\" width=\"482\" height=\"487\" srcset=\"http:\/\/maquinaparahacerbolsas.com.ve\/es\/wp-content\/uploads\/2025\/02\/Extrusora-de-peliucla-polietileno.jpg 459w, http:\/\/maquinaparahacerbolsas.com.ve\/es\/wp-content\/uploads\/2025\/02\/Extrusora-de-peliucla-polietileno-297x300.jpg 297w, http:\/\/maquinaparahacerbolsas.com.ve\/es\/wp-content\/uploads\/2025\/02\/Extrusora-de-peliucla-polietileno-430x435.jpg 430w, http:\/\/maquinaparahacerbolsas.com.ve\/es\/wp-content\/uploads\/2025\/02\/Extrusora-de-peliucla-polietileno-150x152.jpg 150w\" sizes=\"(max-width: 482px) 100vw, 482px\" \/><p id=\"caption-attachment-29746\" class=\"wp-caption-text\">Extrusora de peliucla polietileno<\/p><\/div>\n<\/div>\n","protected":false},"excerpt":{"rendered":"<p>Descubre las ventajas de la extrusora de film polipropileno PP, ideal para la fabricaci\u00f3n de pel\u00edculas de alta calidad y durabilidad por Caracas.<\/p>\n","protected":false},"featured_media":29512,"comment_status":"closed","ping_status":"closed","template":"","meta":{"_acf_changed":false},"product_brand":[],"product_cat":[85],"product_tag":[],"class_list":{"0":"post-28651","1":"product","2":"type-product","3":"status-publish","4":"has-post-thumbnail","6":"product_cat-extrusor-film-polietileno","8":"first","9":"instock","10":"shipping-taxable","11":"product-type-simple"},"acf":[],"_links":{"self":[{"href":"http:\/\/maquinaparahacerbolsas.com.ve\/es\/wp-json\/wp\/v2\/product\/28651","targetHints":{"allow":["GET"]}}],"collection":[{"href":"http:\/\/maquinaparahacerbolsas.com.ve\/es\/wp-json\/wp\/v2\/product"}],"about":[{"href":"http:\/\/maquinaparahacerbolsas.com.ve\/es\/wp-json\/wp\/v2\/types\/product"}],"replies":[{"embeddable":true,"href":"http:\/\/maquinaparahacerbolsas.com.ve\/es\/wp-json\/wp\/v2\/comments?post=28651"}],"version-history":[{"count":0,"href":"http:\/\/maquinaparahacerbolsas.com.ve\/es\/wp-json\/wp\/v2\/product\/28651\/revisions"}],"wp:featuredmedia":[{"embeddable":true,"href":"http:\/\/maquinaparahacerbolsas.com.ve\/es\/wp-json\/wp\/v2\/media\/29512"}],"wp:attachment":[{"href":"http:\/\/maquinaparahacerbolsas.com.ve\/es\/wp-json\/wp\/v2\/media?parent=28651"}],"wp:term":[{"taxonomy":"product_brand","embeddable":true,"href":"http:\/\/maquinaparahacerbolsas.com.ve\/es\/wp-json\/wp\/v2\/product_brand?post=28651"},{"taxonomy":"product_cat","embeddable":true,"href":"http:\/\/maquinaparahacerbolsas.com.ve\/es\/wp-json\/wp\/v2\/product_cat?post=28651"},{"taxonomy":"product_tag","embeddable":true,"href":"http:\/\/maquinaparahacerbolsas.com.ve\/es\/wp-json\/wp\/v2\/product_tag?post=28651"}],"curies":[{"name":"wp","href":"https:\/\/api.w.org\/{rel}","templated":true}]}}