{"id":28646,"date":"2025-02-24T10:49:29","date_gmt":"2025-02-24T02:49:29","guid":{"rendered":"https:\/\/blanchedalmond-goat-523522.hostingersite.com\/?post_type=product&#038;p=28646"},"modified":"2025-10-13T00:30:59","modified_gmt":"2025-10-12T16:30:59","slug":"dos-colores-extrusora-de-pelicula-tubular","status":"publish","type":"product","link":"http:\/\/maquinaparahacerbolsas.com.ve\/es\/dos-colores-extrusora-de-film","title":{"rendered":"2 Colores Extrusora De Film"},"content":{"rendered":"<p data-rm-block-id=\"block-1\">dos colores extrusora de pelicula<\/p>\n<p data-rm-block-id=\"block-2\">La dos colores extrusora de pelicula es un equipo empleado para la extrusi\u00f3n de distintas pel\u00edculas pl\u00e1sticas de polietileno de baja densidad (PEBD) y polietileno de alta densidad (PEAD), incluyendo aquellas con tiras de color. Este equipo es ampliamente utilizado en la fabricaci\u00f3n de bolsas destinadas a alimentos, frutas, prendas de vestir, art\u00edculos de uso cotidiano y otros tipos de empaques para productos tanto civiles como industriales.<\/p>\n<p data-rm-block-id=\"block-3\">El cilindro y el tornillo de la m\u00e1quina de soplado de film est\u00e1n elaborados en acero aleado de alta calidad, sometidos a un proceso de precisi\u00f3n y nitruraci\u00f3n que asegura una excelente dureza y resistencia a la corrosi\u00f3n.<\/p>\n<p data-rm-block-id=\"block-4\">La velocidad de funcionamiento de la m\u00e1quina es regulada por un convertidor de frecuencia, mientras que el aire se utiliza para enfriar la pel\u00edcula y el par la enrolla.<\/p>\n<p data-rm-block-id=\"block-5\">La pel\u00edcula pl\u00e1stica generada es id\u00f3nea para la producci\u00f3n de diversas variedades de bolsas, tales como bolsas tipo chaleco, bolsas planas, bolsas de basura y otros tipos de bolsas de pl\u00e1stico.<\/p>\n<p data-rm-block-id=\"block-6\">\n<div id=\"attachment_29759\" style=\"width: 405px\" class=\"wp-caption alignnone\"><img fetchpriority=\"high\" decoding=\"async\" aria-describedby=\"caption-attachment-29759\" class=\" wp-image-29759\" src=\"https:\/\/maquinaparahacerbolsas.com.ve\/es\/wp-content\/uploads\/2025\/02\/bolsas-de-camiseta-de-dos-colores.jpg\" alt=\"bolsas de camiseta de dos colores\" width=\"395\" height=\"395\" srcset=\"http:\/\/maquinaparahacerbolsas.com.ve\/es\/wp-content\/uploads\/2025\/02\/bolsas-de-camiseta-de-dos-colores.jpg 500w, http:\/\/maquinaparahacerbolsas.com.ve\/es\/wp-content\/uploads\/2025\/02\/bolsas-de-camiseta-de-dos-colores-300x300.jpg 300w, http:\/\/maquinaparahacerbolsas.com.ve\/es\/wp-content\/uploads\/2025\/02\/bolsas-de-camiseta-de-dos-colores-150x150.jpg 150w, http:\/\/maquinaparahacerbolsas.com.ve\/es\/wp-content\/uploads\/2025\/02\/bolsas-de-camiseta-de-dos-colores-430x430.jpg 430w\" sizes=\"(max-width: 395px) 100vw, 395px\" \/><p id=\"caption-attachment-29759\" class=\"wp-caption-text\">bolsas de camiseta de dos colores<\/p><\/div>\n<p data-rm-block-id=\"block-7\">Main Technical Parameter :<\/p>\n<table style=\"height: 805px;\" width=\"741\">\n<tbody>\n<tr>\n<td width=\"252\" data-rm-block-id=\"block-8\">Modelo<\/td>\n<td width=\"179\" data-rm-block-id=\"block-9\">SJ-45 * 2 (600 mm)<\/td>\n<td width=\"173\" data-rm-block-id=\"block-10\">SJ-50 * 2 (800 mm)<\/td>\n<\/tr>\n<tr>\n<td width=\"252\" data-rm-block-id=\"block-11\">Di\u00e1metro del tornillo<\/td>\n<td width=\"179\" data-rm-block-id=\"block-12\">\u03a645* 2<\/td>\n<td width=\"173\" data-rm-block-id=\"block-13\">\u03a650 * 2<\/td>\n<\/tr>\n<tr>\n<td width=\"252\" data-rm-block-id=\"block-14\">m\u00e1x.Ancho de pel\u00edcula plegada (mm)<\/td>\n<td width=\"179\" data-rm-block-id=\"block-15\">100-600<\/td>\n<td width=\"173\" data-rm-block-id=\"block-16\">200-800<\/td>\n<\/tr>\n<tr>\n<td width=\"252\" data-rm-block-id=\"block-17\">Espesor de pel\u00edcula de una sola cara (mm)<\/td>\n<td width=\"179\" data-rm-block-id=\"block-18\">0.01-0.10<\/td>\n<td width=\"173\" data-rm-block-id=\"block-19\">0.01-0.10<\/td>\n<\/tr>\n<tr>\n<td width=\"252\" data-rm-block-id=\"block-20\">m\u00e1x.Extrusi\u00f3n (kg\/h)<\/td>\n<td width=\"179\" data-rm-block-id=\"block-21\">35-40<\/td>\n<td width=\"173\" data-rm-block-id=\"block-22\">50<\/td>\n<\/tr>\n<tr>\n<td width=\"252\" data-rm-block-id=\"block-23\">Potencia del motor principal (kw)<\/td>\n<td width=\"179\" data-rm-block-id=\"block-24\">18.5<\/td>\n<td width=\"173\" data-rm-block-id=\"block-25\">18.5<\/td>\n<\/tr>\n<tr>\n<td width=\"252\" data-rm-block-id=\"block-26\">Potencia del motor de tracci\u00f3n (kw)<\/td>\n<td width=\"179\" data-rm-block-id=\"block-27\">1.1<\/td>\n<td width=\"173\" data-rm-block-id=\"block-28\">1.1<\/td>\n<\/tr>\n<tr>\n<td width=\"252\" data-rm-block-id=\"block-29\">Potencia de calefacci\u00f3n (kw)<\/td>\n<td width=\"179\" data-rm-block-id=\"block-30\">18<\/td>\n<td width=\"173\" data-rm-block-id=\"block-31\">18<\/td>\n<\/tr>\n<tr>\n<td width=\"252\" data-rm-block-id=\"block-32\">Dimensiones totales (mm)<\/td>\n<td width=\"179\" data-rm-block-id=\"block-33\">4800* 1900* 4100<\/td>\n<td width=\"173\" data-rm-block-id=\"block-34\">5500* 2100* 4700<\/td>\n<\/tr>\n<tr>\n<td width=\"252\" data-rm-block-id=\"block-35\">Peso (T)<\/td>\n<td width=\"179\" data-rm-block-id=\"block-36\">2.2T<\/td>\n<td width=\"173\" data-rm-block-id=\"block-37\">2.5T<\/td>\n<\/tr>\n<tr>\n<td width=\"252\" data-rm-block-id=\"block-38\">Material<\/td>\n<td colspan=\"2\" width=\"353\" data-rm-block-id=\"block-39\">LDPE, HDPE, material reciclado<\/td>\n<\/tr>\n<tr>\n<td width=\"252\" data-rm-block-id=\"block-40\">Color de la pel\u00edcula<\/td>\n<td colspan=\"2\" width=\"353\" data-rm-block-id=\"block-41\">Transparente, negro, rojo, blanco, azul&#8230; color de la bolsa cambiado por masterbatch<\/td>\n<\/tr>\n<tr>\n<td width=\"252\" data-rm-block-id=\"block-42\">Uso<\/td>\n<td colspan=\"2\" width=\"353\" data-rm-block-id=\"block-43\">pel\u00edcula de embalaje, cubierta de mesa, pel\u00edcula retr\u00e1ctil, bolsa de pl\u00e1stico, bolsa de agua<\/td>\n<\/tr>\n<tr>\n<td width=\"252\" data-rm-block-id=\"block-44\">Voltaje de alimentaci\u00f3n<\/td>\n<td colspan=\"2\" width=\"353\" data-rm-block-id=\"block-45\">220V,380V,440V,480V(Personalizado seg\u00fan pedido, por ejemplo: EE. UU. 480V 60Hz, M\u00e9xico 440V\/220V 60Hz, Arabia Saudita 380V 60Hz, Nigeria 415V 50Hz&#8230;)<\/td>\n<\/tr>\n<tr>\n<td width=\"252\" data-rm-block-id=\"block-46\">Di\u00e1metro del n\u00facleo del material<\/td>\n<td colspan=\"2\" width=\"353\" data-rm-block-id=\"block-47\">76 mm<\/td>\n<\/tr>\n<tr>\n<td width=\"252\" data-rm-block-id=\"block-48\">Tiempo de trabajo de la m\u00e1quina<\/td>\n<td colspan=\"2\" width=\"353\" data-rm-block-id=\"block-49\">24 horas * 7 d\u00edas<\/td>\n<\/tr>\n<tr>\n<td width=\"252\" data-rm-block-id=\"block-50\">Garant\u00eda<\/td>\n<td colspan=\"2\" width=\"353\" data-rm-block-id=\"block-51\">1 a\u00f1o<\/td>\n<\/tr>\n<tr>\n<td width=\"252\" data-rm-block-id=\"block-52\">Asistencia t\u00e9cnica<\/td>\n<td colspan=\"2\" width=\"353\" data-rm-block-id=\"block-53\">Ingenieros disponibles para reparar maquinaria en el extranjero<\/td>\n<\/tr>\n<tr>\n<td colspan=\"3\" width=\"605\" data-rm-block-id=\"block-54\">\u203bLas especificaciones correctas dependen del modelo real.Todas las especificaciones est\u00e1n sujetas a cambios sin previo aviso.<\/td>\n<\/tr>\n<\/tbody>\n<\/table>\n<p data-rm-block-id=\"block-55\"><strong>Si solo compra una m\u00e1quina, la empacaremos con un paquete de madera y la cargaremos en un contenedor con carga menor a la del contenedor (LCL).<\/strong><\/p>\n<p data-rm-block-id=\"block-56\"><img decoding=\"async\" class=\" wp-image-29711\" src=\"https:\/\/maquinaparahacerbolsas.com.ve\/es\/wp-content\/uploads\/2025\/02\/plastic-machine-shipment-with-wooden-pack-less-containers.webp\" sizes=\"(max-width: 492px) 100vw, 492px\" srcset=\"https:\/\/maquinaparahacerbolsas.com.ve\/es\/wp-content\/uploads\/2025\/02\/plastic-machine-shipment-with-wooden-pack-less-containers.webp 768w, https:\/\/maquinaparahacerbolsas.com.ve\/es\/wp-content\/uploads\/2025\/02\/plastic-machine-shipment-with-wooden-pack-less-containers-400x295.webp 400w, https:\/\/maquinaparahacerbolsas.com.ve\/es\/wp-content\/uploads\/2025\/02\/plastic-machine-shipment-with-wooden-pack-less-containers-430x317.webp 430w, https:\/\/maquinaparahacerbolsas.com.ve\/es\/wp-content\/uploads\/2025\/02\/plastic-machine-shipment-with-wooden-pack-less-containers-700x517.webp 700w, https:\/\/maquinaparahacerbolsas.com.ve\/es\/wp-content\/uploads\/2025\/02\/plastic-machine-shipment-with-wooden-pack-less-containers-150x111.webp 150w\" alt=\"plastic machine shipment with wooden pack less containers\" width=\"492\" height=\"363\" \/><\/p>\n<p data-rm-block-id=\"block-57\"><strong>Nuestro principal colaborador de piezas es la siguiente marca, pero las piezas est\u00e1ndar est\u00e1n todas fabricadas en China.<\/strong><\/p>\n<div id=\"attachment_29712\" class=\"wp-caption alignnone\">\n<p data-rm-block-id=\"block-58\"><img decoding=\"async\" class=\" wp-image-29712\" src=\"https:\/\/maquinaparahacerbolsas.com.ve\/es\/wp-content\/uploads\/2025\/02\/plastic-machine-parts-supplier.webp\" sizes=\"(max-width: 492px) 100vw, 492px\" srcset=\"https:\/\/maquinaparahacerbolsas.com.ve\/es\/wp-content\/uploads\/2025\/02\/plastic-machine-parts-supplier.webp 875w, https:\/\/maquinaparahacerbolsas.com.ve\/es\/wp-content\/uploads\/2025\/02\/plastic-machine-parts-supplier-400x230.webp 400w, https:\/\/maquinaparahacerbolsas.com.ve\/es\/wp-content\/uploads\/2025\/02\/plastic-machine-parts-supplier-768x442.webp 768w, https:\/\/maquinaparahacerbolsas.com.ve\/es\/wp-content\/uploads\/2025\/02\/plastic-machine-parts-supplier-430x248.webp 430w, https:\/\/maquinaparahacerbolsas.com.ve\/es\/wp-content\/uploads\/2025\/02\/plastic-machine-parts-supplier-700x403.webp 700w, https:\/\/maquinaparahacerbolsas.com.ve\/es\/wp-content\/uploads\/2025\/02\/plastic-machine-parts-supplier-150x86.webp 150w\" alt=\"plastic machine parts supplier\" width=\"492\" height=\"283\" aria-describedby=\"caption-attachment-29712\" \/><\/p>\n<p id=\"caption-attachment-29712\" class=\"wp-caption-text\" data-rm-block-id=\"block-59\">proveedor de piezas de m\u00e1quinas de pl\u00e1stico<\/p>\n<\/div>\n<div id=\"attachment_29717\" class=\"wp-caption alignnone\">\n<p data-rm-block-id=\"block-60\"><img loading=\"lazy\" decoding=\"async\" class=\"size-full wp-image-29717\" src=\"https:\/\/maquinaparahacerbolsas.com.ve\/es\/wp-content\/uploads\/2025\/02\/plastic-bag-machine-supplier.webp\" sizes=\"(max-width: 497px) 100vw, 497px\" srcset=\"https:\/\/maquinaparahacerbolsas.com.ve\/es\/wp-content\/uploads\/2025\/02\/plastic-bag-machine-supplier.webp 497w, https:\/\/maquinaparahacerbolsas.com.ve\/es\/wp-content\/uploads\/2025\/02\/plastic-bag-machine-supplier-300x300.webp 300w, https:\/\/maquinaparahacerbolsas.com.ve\/es\/wp-content\/uploads\/2025\/02\/plastic-bag-machine-supplier-150x150.webp 150w, https:\/\/maquinaparahacerbolsas.com.ve\/es\/wp-content\/uploads\/2025\/02\/plastic-bag-machine-supplier-430x430.webp 430w\" alt=\"plastic bag machine supplier\" width=\"497\" height=\"497\" aria-describedby=\"caption-attachment-29717\" \/><\/p>\n<p id=\"caption-attachment-29717\" class=\"wp-caption-text\" data-rm-block-id=\"block-61\">plastic bag machine supplier<\/p>\n<\/div>\n<div id=\"attachment_29716\" class=\"wp-caption alignnone\">\n<p data-rm-block-id=\"block-62\"><img loading=\"lazy\" decoding=\"async\" class=\"wp-image-29716\" src=\"https:\/\/maquinaparahacerbolsas.com.ve\/es\/wp-content\/uploads\/2025\/02\/Plastic-bag-machine-factory.webp\" sizes=\"(max-width: 500px) 100vw, 500px\" srcset=\"https:\/\/maquinaparahacerbolsas.com.ve\/es\/wp-content\/uploads\/2025\/02\/Plastic-bag-machine-factory.webp 467w, https:\/\/maquinaparahacerbolsas.com.ve\/es\/wp-content\/uploads\/2025\/02\/Plastic-bag-machine-factory-296x300.webp 296w, https:\/\/maquinaparahacerbolsas.com.ve\/es\/wp-content\/uploads\/2025\/02\/Plastic-bag-machine-factory-430x436.webp 430w, https:\/\/maquinaparahacerbolsas.com.ve\/es\/wp-content\/uploads\/2025\/02\/Plastic-bag-machine-factory-150x152.webp 150w\" alt=\"Plastic bag machine factory\" width=\"500\" height=\"507\" aria-describedby=\"caption-attachment-29716\" \/><\/p>\n<p id=\"caption-attachment-29716\" class=\"wp-caption-text\" data-rm-block-id=\"block-63\">F\u00e1brica de m\u00e1quinas para fabricar bolsas de pl\u00e1stico<\/p>\n<div id=\"attachment_29746\" style=\"width: 492px\" class=\"wp-caption alignnone\"><img loading=\"lazy\" decoding=\"async\" aria-describedby=\"caption-attachment-29746\" class=\" wp-image-29746\" src=\"https:\/\/maquinaparahacerbolsas.com.ve\/es\/wp-content\/uploads\/2025\/02\/Extrusora-de-peliucla-polietileno.jpg\" alt=\"Extrusora de peliucla polietileno\" width=\"482\" height=\"487\" srcset=\"http:\/\/maquinaparahacerbolsas.com.ve\/es\/wp-content\/uploads\/2025\/02\/Extrusora-de-peliucla-polietileno.jpg 459w, http:\/\/maquinaparahacerbolsas.com.ve\/es\/wp-content\/uploads\/2025\/02\/Extrusora-de-peliucla-polietileno-297x300.jpg 297w, http:\/\/maquinaparahacerbolsas.com.ve\/es\/wp-content\/uploads\/2025\/02\/Extrusora-de-peliucla-polietileno-430x435.jpg 430w, http:\/\/maquinaparahacerbolsas.com.ve\/es\/wp-content\/uploads\/2025\/02\/Extrusora-de-peliucla-polietileno-150x152.jpg 150w\" sizes=\"(max-width: 482px) 100vw, 482px\" \/><p id=\"caption-attachment-29746\" class=\"wp-caption-text\">Extrusora de peliucla polietileno<\/p><\/div>\n<\/div>\n","protected":false},"excerpt":{"rendered":"<p>Extrusora De Pel\u00edcula plastico fabricaci\u00f3n film dos colores,para bolsas de camiseta,bolsas de basura.<\/p>\n","protected":false},"featured_media":29518,"comment_status":"closed","ping_status":"closed","template":"","meta":{"_acf_changed":false},"product_brand":[],"product_cat":[85],"product_tag":[],"class_list":{"0":"post-28646","1":"product","2":"type-product","3":"status-publish","4":"has-post-thumbnail","6":"product_cat-extrusor-film-polietileno","8":"first","9":"instock","10":"shipping-taxable","11":"product-type-simple"},"acf":[],"_links":{"self":[{"href":"http:\/\/maquinaparahacerbolsas.com.ve\/es\/wp-json\/wp\/v2\/product\/28646","targetHints":{"allow":["GET"]}}],"collection":[{"href":"http:\/\/maquinaparahacerbolsas.com.ve\/es\/wp-json\/wp\/v2\/product"}],"about":[{"href":"http:\/\/maquinaparahacerbolsas.com.ve\/es\/wp-json\/wp\/v2\/types\/product"}],"replies":[{"embeddable":true,"href":"http:\/\/maquinaparahacerbolsas.com.ve\/es\/wp-json\/wp\/v2\/comments?post=28646"}],"version-history":[{"count":0,"href":"http:\/\/maquinaparahacerbolsas.com.ve\/es\/wp-json\/wp\/v2\/product\/28646\/revisions"}],"wp:featuredmedia":[{"embeddable":true,"href":"http:\/\/maquinaparahacerbolsas.com.ve\/es\/wp-json\/wp\/v2\/media\/29518"}],"wp:attachment":[{"href":"http:\/\/maquinaparahacerbolsas.com.ve\/es\/wp-json\/wp\/v2\/media?parent=28646"}],"wp:term":[{"taxonomy":"product_brand","embeddable":true,"href":"http:\/\/maquinaparahacerbolsas.com.ve\/es\/wp-json\/wp\/v2\/product_brand?post=28646"},{"taxonomy":"product_cat","embeddable":true,"href":"http:\/\/maquinaparahacerbolsas.com.ve\/es\/wp-json\/wp\/v2\/product_cat?post=28646"},{"taxonomy":"product_tag","embeddable":true,"href":"http:\/\/maquinaparahacerbolsas.com.ve\/es\/wp-json\/wp\/v2\/product_tag?post=28646"}],"curies":[{"name":"wp","href":"https:\/\/api.w.org\/{rel}","templated":true}]}}