{"id":28643,"date":"2025-02-24T10:46:18","date_gmt":"2025-02-24T02:46:18","guid":{"rendered":"https:\/\/blanchedalmond-goat-523522.hostingersite.com\/?post_type=product&#038;p=28643"},"modified":"2025-10-13T00:28:46","modified_gmt":"2025-10-12T16:28:46","slug":"mini-extrusora-de-film-eficiencia-en-produccion-de-bolsas","status":"publish","type":"product","link":"http:\/\/maquinaparahacerbolsas.com.ve\/es\/mini-extrusora-de-film-eficiencia-en-produccion-de-bolsas","title":{"rendered":"Mini Extrusora de film"},"content":{"rendered":"<div data-rm-block-id=\"block-1\">Mini Extrusora de film<\/div>\n<div data-rm-block-id=\"block-2\">La Mini Extrusora de film se emplea en la producci\u00f3n de pel\u00edculas pl\u00e1sticas, incluyendo el soplado de polietileno de baja densidad (PEBD) y polietileno de alta densidad (HDPE). Este equipo permite fabricar bolsas de camiseta y bolsas para productos planos, siendo ampliamente utilizada en sectores como la alimentaci\u00f3n, la confecci\u00f3n, los textiles y el embalaje industrial.<\/div>\n<div data-rm-block-id=\"block-3\">\n<div id=\"attachment_29471\" style=\"width: 520px\" class=\"wp-caption alignnone\"><img fetchpriority=\"high\" decoding=\"async\" aria-describedby=\"caption-attachment-29471\" class=\" wp-image-29471\" src=\"https:\/\/maquinaparahacerbolsas.com.ve\/es\/wp-content\/uploads\/2025\/02\/bolsas-de-camiseta-plastico.jpg\" alt=\"bolsas de camiseta plastico\" width=\"510\" height=\"294\" srcset=\"http:\/\/maquinaparahacerbolsas.com.ve\/es\/wp-content\/uploads\/2025\/02\/bolsas-de-camiseta-plastico.jpg 600w, http:\/\/maquinaparahacerbolsas.com.ve\/es\/wp-content\/uploads\/2025\/02\/bolsas-de-camiseta-plastico-400x231.jpg 400w, http:\/\/maquinaparahacerbolsas.com.ve\/es\/wp-content\/uploads\/2025\/02\/bolsas-de-camiseta-plastico-430x248.jpg 430w, http:\/\/maquinaparahacerbolsas.com.ve\/es\/wp-content\/uploads\/2025\/02\/bolsas-de-camiseta-plastico-150x87.jpg 150w\" sizes=\"(max-width: 510px) 100vw, 510px\" \/><p id=\"caption-attachment-29471\" class=\"wp-caption-text\">bolsas de camiseta plastico<\/p><\/div>\n<\/div>\n<div data-rm-block-id=\"block-4\"><span data-scayt_word=\"Par\u00e1metros\" data-scaytid=\"30\">Par\u00e1metros<\/span>\u00a0<span data-scayt_word=\"t\u00e9cnicos\" data-scaytid=\"31\">t\u00e9cnicos<\/span>\u00a0<span data-scayt_word=\"principales\" data-scaytid=\"32\">principales<\/span>:<\/div>\n<table border=\"0\" cellspacing=\"0\" cellpadding=\"0\">\n<tbody>\n<tr>\n<td width=\"167\">\n<div data-rm-block-id=\"block-5\"><span data-scayt_word=\"Modelo\" data-scaytid=\"33\">Modelo<\/span><\/div>\n<\/td>\n<td valign=\"top\" width=\"167\">\n<div data-rm-block-id=\"block-6\"><span data-scayt_word=\"D50\" data-scaytid=\"34\">D50<\/span><\/div>\n<\/td>\n<td valign=\"top\" width=\"167\">\n<div data-rm-block-id=\"block-7\"><span data-scayt_word=\"D55\" data-scaytid=\"35\">D55<\/span><\/div>\n<\/td>\n<\/tr>\n<tr>\n<td width=\"167\">\n<div data-rm-block-id=\"block-8\"><span data-scayt_word=\"Di\u00e1metro\" data-scaytid=\"36\">Di\u00e1metro<\/span>\u00a0<span data-scayt_word=\"deltornillo\" data-scaytid=\"37\">deltornillo<\/span>\u00a0(mm)<\/div>\n<\/td>\n<td valign=\"top\" width=\"167\">\n<div data-rm-block-id=\"block-9\"><span data-scayt_word=\"\u03c650\" data-scaytid=\"38\">\u03c650<\/span><\/div>\n<\/td>\n<td valign=\"top\" width=\"167\">\n<div data-rm-block-id=\"block-10\"><span data-scayt_word=\"\u03c655\" data-scaytid=\"39\">\u03c655<\/span><\/div>\n<\/td>\n<\/tr>\n<tr>\n<td width=\"167\">\n<div data-rm-block-id=\"block-11\">Cine\u00a0plegablesdi\u00e1metro\u00a0(mm)<\/div>\n<\/td>\n<td valign=\"top\" width=\"167\">\n<div data-rm-block-id=\"block-12\">100-600<\/div>\n<\/td>\n<td valign=\"top\" width=\"167\">\n<div data-rm-block-id=\"block-13\">200-800<\/div>\n<\/td>\n<\/tr>\n<tr>\n<td width=\"167\">\n<div data-rm-block-id=\"block-14\">Espesor\u00a0de lacapa\u00a0simple (mm)<\/div>\n<\/td>\n<td valign=\"top\" width=\"167\">\n<div data-rm-block-id=\"block-15\">0.01-0.10<\/div>\n<\/td>\n<td valign=\"top\" width=\"167\">\n<div data-rm-block-id=\"block-16\">0.01-0.10<\/div>\n<\/td>\n<\/tr>\n<tr>\n<td width=\"167\">\n<div data-rm-block-id=\"block-17\">Importe\u00a0m\u00e1ximode (kg \/ h)<\/div>\n<\/td>\n<td valign=\"top\" width=\"167\">\n<div data-rm-block-id=\"block-18\">35<\/div>\n<\/td>\n<td valign=\"top\" width=\"167\">\n<div data-rm-block-id=\"block-19\">50<\/div>\n<\/td>\n<\/tr>\n<tr>\n<td width=\"167\">\n<div data-rm-block-id=\"block-20\">\u00a0Proporci\u00f3n\u00a0de largo y\u00a0di\u00e1metrodel\u00a0tornillo<\/div>\n<\/td>\n<td valign=\"top\" width=\"167\">\n<div data-rm-block-id=\"block-21\">26:1<\/div>\n<\/td>\n<td valign=\"top\" width=\"167\">\n<div data-rm-block-id=\"block-22\">26:1<\/div>\n<\/td>\n<\/tr>\n<tr>\n<td width=\"167\">\n<div data-rm-block-id=\"block-23\">Potencia\u00a0de host (KW)<\/div>\n<\/td>\n<td valign=\"top\" width=\"167\">\n<div data-rm-block-id=\"block-24\">7.5-11<\/div>\n<\/td>\n<td valign=\"top\" width=\"167\">\n<div data-rm-block-id=\"block-25\">11-15<\/div>\n<\/td>\n<\/tr>\n<tr>\n<td width=\"167\">\n<div data-rm-block-id=\"block-26\">Potencia\u00a0detracci\u00f3n\u00a0del motor (KW)<\/div>\n<\/td>\n<td valign=\"top\" width=\"167\">\n<div data-rm-block-id=\"block-27\">1.1<\/div>\n<\/td>\n<td valign=\"top\" width=\"167\">\n<div data-rm-block-id=\"block-28\">1.1<\/div>\n<\/td>\n<\/tr>\n<tr>\n<td width=\"167\">\n<div data-rm-block-id=\"block-29\">Energ\u00eda\u00a0de lacalefacci\u00f3n\u00a0(KW)<\/div>\n<\/td>\n<td valign=\"top\" width=\"167\">\n<div data-rm-block-id=\"block-30\">11<\/div>\n<\/td>\n<td valign=\"top\" width=\"167\">\n<div data-rm-block-id=\"block-31\">13<\/div>\n<\/td>\n<\/tr>\n<tr>\n<td width=\"167\">\n<div data-rm-block-id=\"block-32\">Dimensiones(mm)<\/div>\n<\/td>\n<td valign=\"top\" width=\"167\">\n<div data-rm-block-id=\"block-33\">3800\u00d71900\u00d73000<\/div>\n<\/td>\n<td valign=\"top\" width=\"167\">\n<div data-rm-block-id=\"block-34\">5500\u00d72100\u00d73500<\/div>\n<\/td>\n<\/tr>\n<tr>\n<td width=\"167\">\n<div data-rm-block-id=\"block-35\">Peso (T)<\/div>\n<\/td>\n<td valign=\"top\" width=\"167\">\n<div data-rm-block-id=\"block-36\">1.5T<\/div>\n<\/td>\n<td valign=\"top\" width=\"167\">\n<div data-rm-block-id=\"block-37\">2T<\/div>\n<\/td>\n<\/tr>\n<\/tbody>\n<\/table>\n<p data-rm-block-id=\"block-38\"><strong>Si solo compra una m\u00e1quina, la empacaremos con un paquete de madera y la cargaremos en un contenedor con carga menor a la del contenedor (LCL).<\/strong><\/p>\n<p data-rm-block-id=\"block-39\"><img decoding=\"async\" class=\" wp-image-29711\" src=\"https:\/\/maquinaparahacerbolsas.com.ve\/es\/wp-content\/uploads\/2025\/02\/plastic-machine-shipment-with-wooden-pack-less-containers.webp\" sizes=\"(max-width: 492px) 100vw, 492px\" srcset=\"https:\/\/maquinaparahacerbolsas.com.ve\/es\/wp-content\/uploads\/2025\/02\/plastic-machine-shipment-with-wooden-pack-less-containers.webp 768w, https:\/\/maquinaparahacerbolsas.com.ve\/es\/wp-content\/uploads\/2025\/02\/plastic-machine-shipment-with-wooden-pack-less-containers-400x295.webp 400w, https:\/\/maquinaparahacerbolsas.com.ve\/es\/wp-content\/uploads\/2025\/02\/plastic-machine-shipment-with-wooden-pack-less-containers-430x317.webp 430w, https:\/\/maquinaparahacerbolsas.com.ve\/es\/wp-content\/uploads\/2025\/02\/plastic-machine-shipment-with-wooden-pack-less-containers-700x517.webp 700w, https:\/\/maquinaparahacerbolsas.com.ve\/es\/wp-content\/uploads\/2025\/02\/plastic-machine-shipment-with-wooden-pack-less-containers-150x111.webp 150w\" alt=\"plastic machine shipment with wooden pack less containers\" width=\"492\" height=\"363\" \/><\/p>\n<p data-rm-block-id=\"block-40\"><strong>Nuestro principal colaborador de piezas es la siguiente marca, pero las piezas est\u00e1ndar est\u00e1n todas fabricadas en China.<\/strong><\/p>\n<div id=\"attachment_29712\" class=\"wp-caption alignnone\">\n<p data-rm-block-id=\"block-41\"><img decoding=\"async\" class=\" wp-image-29712\" src=\"https:\/\/maquinaparahacerbolsas.com.ve\/es\/wp-content\/uploads\/2025\/02\/plastic-machine-parts-supplier.webp\" sizes=\"(max-width: 492px) 100vw, 492px\" srcset=\"https:\/\/maquinaparahacerbolsas.com.ve\/es\/wp-content\/uploads\/2025\/02\/plastic-machine-parts-supplier.webp 875w, https:\/\/maquinaparahacerbolsas.com.ve\/es\/wp-content\/uploads\/2025\/02\/plastic-machine-parts-supplier-400x230.webp 400w, https:\/\/maquinaparahacerbolsas.com.ve\/es\/wp-content\/uploads\/2025\/02\/plastic-machine-parts-supplier-768x442.webp 768w, https:\/\/maquinaparahacerbolsas.com.ve\/es\/wp-content\/uploads\/2025\/02\/plastic-machine-parts-supplier-430x248.webp 430w, https:\/\/maquinaparahacerbolsas.com.ve\/es\/wp-content\/uploads\/2025\/02\/plastic-machine-parts-supplier-700x403.webp 700w, https:\/\/maquinaparahacerbolsas.com.ve\/es\/wp-content\/uploads\/2025\/02\/plastic-machine-parts-supplier-150x86.webp 150w\" alt=\"plastic machine parts supplier\" width=\"492\" height=\"283\" aria-describedby=\"caption-attachment-29712\" \/><\/p>\n<p id=\"caption-attachment-29712\" class=\"wp-caption-text\" data-rm-block-id=\"block-42\">proveedor de piezas de m\u00e1quinas de pl\u00e1stico<\/p>\n<\/div>\n<div id=\"attachment_29717\" class=\"wp-caption alignnone\">\n<p data-rm-block-id=\"block-43\"><img loading=\"lazy\" decoding=\"async\" class=\"size-full wp-image-29717\" src=\"https:\/\/maquinaparahacerbolsas.com.ve\/es\/wp-content\/uploads\/2025\/02\/plastic-bag-machine-supplier.webp\" sizes=\"(max-width: 497px) 100vw, 497px\" srcset=\"https:\/\/maquinaparahacerbolsas.com.ve\/es\/wp-content\/uploads\/2025\/02\/plastic-bag-machine-supplier.webp 497w, https:\/\/maquinaparahacerbolsas.com.ve\/es\/wp-content\/uploads\/2025\/02\/plastic-bag-machine-supplier-300x300.webp 300w, https:\/\/maquinaparahacerbolsas.com.ve\/es\/wp-content\/uploads\/2025\/02\/plastic-bag-machine-supplier-150x150.webp 150w, https:\/\/maquinaparahacerbolsas.com.ve\/es\/wp-content\/uploads\/2025\/02\/plastic-bag-machine-supplier-430x430.webp 430w\" alt=\"plastic bag machine supplier\" width=\"497\" height=\"497\" aria-describedby=\"caption-attachment-29717\" \/><\/p>\n<p id=\"caption-attachment-29717\" class=\"wp-caption-text\" data-rm-block-id=\"block-44\">plastic bag machine supplier<\/p>\n<\/div>\n<div id=\"attachment_29716\" class=\"wp-caption alignnone\">\n<p data-rm-block-id=\"block-45\"><img loading=\"lazy\" decoding=\"async\" class=\"wp-image-29716\" src=\"https:\/\/maquinaparahacerbolsas.com.ve\/es\/wp-content\/uploads\/2025\/02\/Plastic-bag-machine-factory.webp\" sizes=\"(max-width: 500px) 100vw, 500px\" srcset=\"https:\/\/maquinaparahacerbolsas.com.ve\/es\/wp-content\/uploads\/2025\/02\/Plastic-bag-machine-factory.webp 467w, https:\/\/maquinaparahacerbolsas.com.ve\/es\/wp-content\/uploads\/2025\/02\/Plastic-bag-machine-factory-296x300.webp 296w, https:\/\/maquinaparahacerbolsas.com.ve\/es\/wp-content\/uploads\/2025\/02\/Plastic-bag-machine-factory-430x436.webp 430w, https:\/\/maquinaparahacerbolsas.com.ve\/es\/wp-content\/uploads\/2025\/02\/Plastic-bag-machine-factory-150x152.webp 150w\" alt=\"Plastic bag machine factory\" width=\"500\" height=\"507\" aria-describedby=\"caption-attachment-29716\" \/><\/p>\n<p id=\"caption-attachment-29716\" class=\"wp-caption-text\" data-rm-block-id=\"block-46\">F\u00e1brica de m\u00e1quinas para fabricar bolsas de pl\u00e1stico<\/p>\n<div id=\"attachment_29746\" style=\"width: 492px\" class=\"wp-caption alignnone\"><img loading=\"lazy\" decoding=\"async\" aria-describedby=\"caption-attachment-29746\" class=\" wp-image-29746\" src=\"https:\/\/maquinaparahacerbolsas.com.ve\/es\/wp-content\/uploads\/2025\/02\/Extrusora-de-peliucla-polietileno.jpg\" alt=\"Extrusora de peliucla polietileno\" width=\"482\" height=\"487\" srcset=\"http:\/\/maquinaparahacerbolsas.com.ve\/es\/wp-content\/uploads\/2025\/02\/Extrusora-de-peliucla-polietileno.jpg 459w, http:\/\/maquinaparahacerbolsas.com.ve\/es\/wp-content\/uploads\/2025\/02\/Extrusora-de-peliucla-polietileno-297x300.jpg 297w, http:\/\/maquinaparahacerbolsas.com.ve\/es\/wp-content\/uploads\/2025\/02\/Extrusora-de-peliucla-polietileno-430x435.jpg 430w, http:\/\/maquinaparahacerbolsas.com.ve\/es\/wp-content\/uploads\/2025\/02\/Extrusora-de-peliucla-polietileno-150x152.jpg 150w\" sizes=\"(max-width: 482px) 100vw, 482px\" \/><p id=\"caption-attachment-29746\" class=\"wp-caption-text\">Extrusora de peliucla polietileno<\/p><\/div>\n<\/div>\n<div id=\"attachment_29719\" class=\"wp-caption alignnone\"><\/div>\n<div id=\"attachment_29720\" class=\"wp-caption alignnone\">\n<p id=\"caption-attachment-29720\" class=\"wp-caption-text\" data-rm-block-id=\"block-50\">\n<\/div>\n","protected":false},"excerpt":{"rendered":"<p>Mini Extrusi\u00f3n fabricar film polietileno fabrica mini ancho de pelicula 100mm a 400mm.<\/p>\n","protected":false},"featured_media":29520,"comment_status":"closed","ping_status":"closed","template":"","meta":{"_acf_changed":false},"product_brand":[],"product_cat":[85],"product_tag":[],"class_list":{"0":"post-28643","1":"product","2":"type-product","3":"status-publish","4":"has-post-thumbnail","6":"product_cat-extrusor-film-polietileno","8":"first","9":"instock","10":"shipping-taxable","11":"product-type-simple"},"acf":[],"_links":{"self":[{"href":"http:\/\/maquinaparahacerbolsas.com.ve\/es\/wp-json\/wp\/v2\/product\/28643","targetHints":{"allow":["GET"]}}],"collection":[{"href":"http:\/\/maquinaparahacerbolsas.com.ve\/es\/wp-json\/wp\/v2\/product"}],"about":[{"href":"http:\/\/maquinaparahacerbolsas.com.ve\/es\/wp-json\/wp\/v2\/types\/product"}],"replies":[{"embeddable":true,"href":"http:\/\/maquinaparahacerbolsas.com.ve\/es\/wp-json\/wp\/v2\/comments?post=28643"}],"version-history":[{"count":0,"href":"http:\/\/maquinaparahacerbolsas.com.ve\/es\/wp-json\/wp\/v2\/product\/28643\/revisions"}],"wp:featuredmedia":[{"embeddable":true,"href":"http:\/\/maquinaparahacerbolsas.com.ve\/es\/wp-json\/wp\/v2\/media\/29520"}],"wp:attachment":[{"href":"http:\/\/maquinaparahacerbolsas.com.ve\/es\/wp-json\/wp\/v2\/media?parent=28643"}],"wp:term":[{"taxonomy":"product_brand","embeddable":true,"href":"http:\/\/maquinaparahacerbolsas.com.ve\/es\/wp-json\/wp\/v2\/product_brand?post=28643"},{"taxonomy":"product_cat","embeddable":true,"href":"http:\/\/maquinaparahacerbolsas.com.ve\/es\/wp-json\/wp\/v2\/product_cat?post=28643"},{"taxonomy":"product_tag","embeddable":true,"href":"http:\/\/maquinaparahacerbolsas.com.ve\/es\/wp-json\/wp\/v2\/product_tag?post=28643"}],"curies":[{"name":"wp","href":"https:\/\/api.w.org\/{rel}","templated":true}]}}