{"id":28632,"date":"2025-02-24T10:35:51","date_gmt":"2025-02-24T02:35:51","guid":{"rendered":"https:\/\/blanchedalmond-goat-523522.hostingersite.com\/?post_type=product&#038;p=28632"},"modified":"2025-10-13T00:23:14","modified_gmt":"2025-10-12T16:23:14","slug":"innovacion-en-plasticos-extrusora-de-film-por-termoencogible","status":"publish","type":"product","link":"http:\/\/maquinaparahacerbolsas.com.ve\/es\/innovacion-en-plasticos-extrusora-de-film-por-termoencogible","title":{"rendered":"extrusora de film por termoencogible"},"content":{"rendered":"<p data-rm-block-id=\"block-1\"><strong>Caracter\u00edsticas de la extrusora de film por termoencogible<\/strong><br \/>\nLa extrusora de film est\u00e1 dise\u00f1ada con una matriz rotativa, un sistema de doble rebobinado y un variador de frecuencia que permite regular tanto la velocidad de operaci\u00f3n como el grosor del film producido.<\/p>\n<p data-rm-block-id=\"block-2\">El film generado se emplea en la fabricaci\u00f3n de los siguientes art\u00edculos:<br \/>\nBolsas pl\u00e1sticas<br \/>\nFilm retr\u00e1ctil para el envasado de agua o Coca Cola<br \/>\nBolsas de desecho<br \/>\nFilm de embalaje y bolsas para empaquetado<\/p>\n<div id=\"attachment_29770\" style=\"width: 510px\" class=\"wp-caption alignnone\"><img fetchpriority=\"high\" decoding=\"async\" aria-describedby=\"caption-attachment-29770\" class=\"wp-image-29770\" src=\"https:\/\/maquinaparahacerbolsas.com.ve\/es\/wp-content\/uploads\/2025\/02\/pelicula-termoencogible-coca-cola.png\" alt=\"a group of plastic bottles with red caps\" width=\"500\" height=\"370\" srcset=\"http:\/\/maquinaparahacerbolsas.com.ve\/es\/wp-content\/uploads\/2025\/02\/pelicula-termoencogible-coca-cola.png 700w, http:\/\/maquinaparahacerbolsas.com.ve\/es\/wp-content\/uploads\/2025\/02\/pelicula-termoencogible-coca-cola-400x296.png 400w, http:\/\/maquinaparahacerbolsas.com.ve\/es\/wp-content\/uploads\/2025\/02\/pelicula-termoencogible-coca-cola-430x318.png 430w, http:\/\/maquinaparahacerbolsas.com.ve\/es\/wp-content\/uploads\/2025\/02\/pelicula-termoencogible-coca-cola-150x111.png 150w\" sizes=\"(max-width: 500px) 100vw, 500px\" \/><p id=\"caption-attachment-29770\" class=\"wp-caption-text\">pelicula termoencogible coca cola<\/p><\/div>\n<div id=\"attachment_29768\" style=\"width: 485px\" class=\"wp-caption alignnone\"><img decoding=\"async\" aria-describedby=\"caption-attachment-29768\" class=\" wp-image-29768\" src=\"https:\/\/maquinaparahacerbolsas.com.ve\/es\/wp-content\/uploads\/2025\/02\/pelicula-termoencogible-China.jpg\" alt=\"pelicula termoencogible agua\" width=\"475\" height=\"356\" srcset=\"http:\/\/maquinaparahacerbolsas.com.ve\/es\/wp-content\/uploads\/2025\/02\/pelicula-termoencogible-China.jpg 648w, http:\/\/maquinaparahacerbolsas.com.ve\/es\/wp-content\/uploads\/2025\/02\/pelicula-termoencogible-China-400x300.jpg 400w, http:\/\/maquinaparahacerbolsas.com.ve\/es\/wp-content\/uploads\/2025\/02\/pelicula-termoencogible-China-430x322.jpg 430w, http:\/\/maquinaparahacerbolsas.com.ve\/es\/wp-content\/uploads\/2025\/02\/pelicula-termoencogible-China-150x112.jpg 150w\" sizes=\"(max-width: 475px) 100vw, 475px\" \/><p id=\"caption-attachment-29768\" class=\"wp-caption-text\">pelicula termoencogible agua<\/p><\/div>\n<p data-rm-block-id=\"block-3\"><span data-scayt_word=\"Aplicaciones\" data-scaytid=\"65\">Aplicaciones<\/span><br \/>\nLa <span data-scayt_word=\"m\u00e1quina\" data-scaytid=\"66\">m\u00e1quina<\/span> de <span data-scayt_word=\"pel\u00edcula\" data-scaytid=\"44\">pel\u00edcula<\/span> <span data-scayt_word=\"soplada\" data-scaytid=\"45\">soplada<\/span> PE de <span data-scayt_word=\"cabezal\" data-scaytid=\"46\">cabezal<\/span> <span data-scayt_word=\"rotatorio\" data-scaytid=\"47\">rotatorio<\/span> se <span data-scayt_word=\"utiliza\" data-scaytid=\"48\">utiliza<\/span> <span data-scayt_word=\"para\" data-scaytid=\"71\">para<\/span> <span data-scayt_word=\"polietileno\" data-scaytid=\"72\">polietileno<\/span> <span data-scayt_word=\"soplado\" data-scaytid=\"73\">soplado<\/span> de <span data-scayt_word=\"alta\" data-scaytid=\"74\">alta<\/span> y <span data-scayt_word=\"baja\" data-scaytid=\"75\">baja<\/span> <span data-scayt_word=\"presi\u00f3n\" data-scaytid=\"76\">presi\u00f3n<\/span>,\u00a0el <span data-scayt_word=\"cual\" data-scaytid=\"55\">cual<\/span> <span data-scayt_word=\"es\" data-scaytid=\"56\">es<\/span> utilizado <span data-scayt_word=\"para\" data-scaytid=\"79\">para<\/span> producir pel\u00edculas laminadas, pel\u00edculas de embalaje, pel\u00edculas de cobertura agr\u00edcola,\u00a0bolsa o pel\u00edcula para textiles y ropa junto con otros materiales de embalaje.<\/p>\n<p data-rm-block-id=\"block-4\"><strong>Equipo opcional\u00a0<\/strong><br \/>\n1) Cargador autom\u00e1tico<br \/>\n2) Cilindros de gofrado<br \/>\n3) Probador de la superficie de la pel\u00edcula<br \/>\n4)Dispositivo de la matriz rotatoria<br \/>\n5) Comprensor de aire<br \/>\n6) Cambiador de filtros con manija mecanica<br \/>\n7) Arriba y abajo<br \/>\n<strong>Especificaciones t\u00e9cnicas de la m\u00e1quina de pel\u00edcula soplada PE de cabezal rotatorio<\/strong><\/p>\n<table border=\"0\" cellspacing=\"1\" cellpadding=\"0\">\n<tbody>\n<tr>\n<td width=\"327\" data-rm-block-id=\"block-5\">Modelo<\/td>\n<td width=\"120\" data-rm-block-id=\"block-6\">SJ-B50<\/td>\n<td width=\"105\" data-rm-block-id=\"block-7\">SJ-B55<\/td>\n<td width=\"156\" data-rm-block-id=\"block-8\">SJ-B65<\/td>\n<td data-rm-block-id=\"block-9\"><\/td>\n<\/tr>\n<tr>\n<td width=\"327\" data-rm-block-id=\"block-10\">Di\u00e1metro del tornillo(mm)<\/td>\n<td data-rm-block-id=\"block-11\">50<\/td>\n<td width=\"105\" data-rm-block-id=\"block-12\">55<\/td>\n<td width=\"156\" data-rm-block-id=\"block-13\">60<\/td>\n<td data-rm-block-id=\"block-14\"><\/td>\n<\/tr>\n<tr>\n<td width=\"327\" data-rm-block-id=\"block-15\">Ratio del tornillo(L\/D)<\/td>\n<td data-rm-block-id=\"block-16\">28:1<\/td>\n<td width=\"105\" data-rm-block-id=\"block-17\">28:1<\/td>\n<td width=\"156\" data-rm-block-id=\"block-18\">28:1<\/td>\n<td data-rm-block-id=\"block-19\"><\/td>\n<\/tr>\n<tr>\n<td width=\"327\" data-rm-block-id=\"block-20\">Velocidad del tornillo<\/td>\n<td data-rm-block-id=\"block-21\">10-100r\/min<\/td>\n<td width=\"105\" data-rm-block-id=\"block-22\">10-100r\/min<\/td>\n<td width=\"156\" data-rm-block-id=\"block-23\">10-100r\/min<\/td>\n<td data-rm-block-id=\"block-24\"><\/td>\n<\/tr>\n<tr>\n<td width=\"327\" data-rm-block-id=\"block-25\">M\u00e1ximo poder de salida del motor principal<br \/>\nM\u00e1ximo rendimiento<\/td>\n<td data-rm-block-id=\"block-26\">11Kw<br \/>\n35kg\/h<\/td>\n<td width=\"105\" data-rm-block-id=\"block-27\">15Kw<br \/>\n50kg\/h<\/td>\n<td width=\"156\" data-rm-block-id=\"block-28\">22Kw<br \/>\n65kg\/h<\/td>\n<td data-rm-block-id=\"block-29\"><\/td>\n<\/tr>\n<tr>\n<td width=\"327\" data-rm-block-id=\"block-30\">Ancho m\u00e1ximo de la pel\u00edcula doblada<\/td>\n<td data-rm-block-id=\"block-31\">600mm<\/td>\n<td width=\"105\" data-rm-block-id=\"block-32\">800mm<\/td>\n<td width=\"156\" data-rm-block-id=\"block-33\">1000mm<\/td>\n<td data-rm-block-id=\"block-34\"><\/td>\n<\/tr>\n<tr>\n<td width=\"327\" data-rm-block-id=\"block-35\">Grosor de un solo lado de la pel\u00edcula<\/td>\n<td data-rm-block-id=\"block-36\">0.01-0.10mm<\/td>\n<td width=\"105\" data-rm-block-id=\"block-37\">0.01-0.10mm<\/td>\n<td width=\"156\" data-rm-block-id=\"block-38\">0.01-0.10mm<\/td>\n<td data-rm-block-id=\"block-39\"><\/td>\n<\/tr>\n<tr>\n<td width=\"327\" data-rm-block-id=\"block-40\">Potencia total<\/td>\n<td data-rm-block-id=\"block-41\">22Kw<\/td>\n<td width=\"105\" data-rm-block-id=\"block-42\">26Kw<\/td>\n<td width=\"156\" data-rm-block-id=\"block-43\">30Kw<\/td>\n<td data-rm-block-id=\"block-44\"><\/td>\n<\/tr>\n<tr>\n<td width=\"327\" data-rm-block-id=\"block-45\">Peso de la m\u00e1quina<\/td>\n<td data-rm-block-id=\"block-46\">2T<\/td>\n<td width=\"105\" data-rm-block-id=\"block-47\">2.3T<\/td>\n<td width=\"156\" data-rm-block-id=\"block-48\">2.6T<\/td>\n<td data-rm-block-id=\"block-49\"><\/td>\n<\/tr>\n<tr>\n<td width=\"327\" data-rm-block-id=\"block-50\">Dimensiones totales(mm)<\/td>\n<td data-rm-block-id=\"block-51\">4.0 x 1.8 x 4.6<\/td>\n<td width=\"105\" data-rm-block-id=\"block-52\">4.2 x 2.0 x 4.9<\/td>\n<td width=\"156\" data-rm-block-id=\"block-53\">4.6 x 2.3 x 5.6<\/td>\n<\/tr>\n<\/tbody>\n<\/table>\n<p data-rm-block-id=\"block-54\"><strong>Si solo compra una m\u00e1quina, la empacaremos con un paquete de madera y la cargaremos en un contenedor con carga menor a la del contenedor (LCL).<\/strong><\/p>\n<p data-rm-block-id=\"block-55\"><img decoding=\"async\" class=\" wp-image-29711\" src=\"https:\/\/maquinaparahacerbolsas.com.ve\/es\/wp-content\/uploads\/2025\/02\/plastic-machine-shipment-with-wooden-pack-less-containers.webp\" sizes=\"(max-width: 492px) 100vw, 492px\" srcset=\"https:\/\/maquinaparahacerbolsas.com.ve\/es\/wp-content\/uploads\/2025\/02\/plastic-machine-shipment-with-wooden-pack-less-containers.webp 768w, https:\/\/maquinaparahacerbolsas.com.ve\/es\/wp-content\/uploads\/2025\/02\/plastic-machine-shipment-with-wooden-pack-less-containers-400x295.webp 400w, https:\/\/maquinaparahacerbolsas.com.ve\/es\/wp-content\/uploads\/2025\/02\/plastic-machine-shipment-with-wooden-pack-less-containers-430x317.webp 430w, https:\/\/maquinaparahacerbolsas.com.ve\/es\/wp-content\/uploads\/2025\/02\/plastic-machine-shipment-with-wooden-pack-less-containers-700x517.webp 700w, https:\/\/maquinaparahacerbolsas.com.ve\/es\/wp-content\/uploads\/2025\/02\/plastic-machine-shipment-with-wooden-pack-less-containers-150x111.webp 150w\" alt=\"plastic machine shipment with wooden pack less containers\" width=\"492\" height=\"363\" \/><\/p>\n<p data-rm-block-id=\"block-56\"><strong>Nuestro principal colaborador de piezas es la siguiente marca, pero las piezas est\u00e1ndar est\u00e1n todas fabricadas en China.<\/strong><\/p>\n<div id=\"attachment_29712\" class=\"wp-caption alignnone\">\n<p data-rm-block-id=\"block-57\"><img loading=\"lazy\" decoding=\"async\" class=\" wp-image-29712\" src=\"https:\/\/maquinaparahacerbolsas.com.ve\/es\/wp-content\/uploads\/2025\/02\/plastic-machine-parts-supplier.webp\" sizes=\"(max-width: 492px) 100vw, 492px\" srcset=\"https:\/\/maquinaparahacerbolsas.com.ve\/es\/wp-content\/uploads\/2025\/02\/plastic-machine-parts-supplier.webp 875w, https:\/\/maquinaparahacerbolsas.com.ve\/es\/wp-content\/uploads\/2025\/02\/plastic-machine-parts-supplier-400x230.webp 400w, https:\/\/maquinaparahacerbolsas.com.ve\/es\/wp-content\/uploads\/2025\/02\/plastic-machine-parts-supplier-768x442.webp 768w, https:\/\/maquinaparahacerbolsas.com.ve\/es\/wp-content\/uploads\/2025\/02\/plastic-machine-parts-supplier-430x248.webp 430w, https:\/\/maquinaparahacerbolsas.com.ve\/es\/wp-content\/uploads\/2025\/02\/plastic-machine-parts-supplier-700x403.webp 700w, https:\/\/maquinaparahacerbolsas.com.ve\/es\/wp-content\/uploads\/2025\/02\/plastic-machine-parts-supplier-150x86.webp 150w\" alt=\"plastic machine parts supplier\" width=\"492\" height=\"283\" aria-describedby=\"caption-attachment-29712\" \/><\/p>\n<p id=\"caption-attachment-29712\" class=\"wp-caption-text\" data-rm-block-id=\"block-58\">proveedor de piezas de m\u00e1quinas de pl\u00e1stico<\/p>\n<\/div>\n<div id=\"attachment_29717\" class=\"wp-caption alignnone\">\n<p data-rm-block-id=\"block-59\"><img loading=\"lazy\" decoding=\"async\" class=\"size-full wp-image-29717\" src=\"https:\/\/maquinaparahacerbolsas.com.ve\/es\/wp-content\/uploads\/2025\/02\/plastic-bag-machine-supplier.webp\" sizes=\"(max-width: 497px) 100vw, 497px\" srcset=\"https:\/\/maquinaparahacerbolsas.com.ve\/es\/wp-content\/uploads\/2025\/02\/plastic-bag-machine-supplier.webp 497w, https:\/\/maquinaparahacerbolsas.com.ve\/es\/wp-content\/uploads\/2025\/02\/plastic-bag-machine-supplier-300x300.webp 300w, https:\/\/maquinaparahacerbolsas.com.ve\/es\/wp-content\/uploads\/2025\/02\/plastic-bag-machine-supplier-150x150.webp 150w, https:\/\/maquinaparahacerbolsas.com.ve\/es\/wp-content\/uploads\/2025\/02\/plastic-bag-machine-supplier-430x430.webp 430w\" alt=\"plastic bag machine supplier\" width=\"497\" height=\"497\" aria-describedby=\"caption-attachment-29717\" \/><\/p>\n<p id=\"caption-attachment-29717\" class=\"wp-caption-text\" data-rm-block-id=\"block-60\">plastic bag machine supplier<\/p>\n<\/div>\n<div id=\"attachment_29716\" class=\"wp-caption alignnone\">\n<p data-rm-block-id=\"block-61\"><img loading=\"lazy\" decoding=\"async\" class=\"wp-image-29716\" src=\"https:\/\/maquinaparahacerbolsas.com.ve\/es\/wp-content\/uploads\/2025\/02\/Plastic-bag-machine-factory.webp\" sizes=\"(max-width: 500px) 100vw, 500px\" srcset=\"https:\/\/maquinaparahacerbolsas.com.ve\/es\/wp-content\/uploads\/2025\/02\/Plastic-bag-machine-factory.webp 467w, https:\/\/maquinaparahacerbolsas.com.ve\/es\/wp-content\/uploads\/2025\/02\/Plastic-bag-machine-factory-296x300.webp 296w, https:\/\/maquinaparahacerbolsas.com.ve\/es\/wp-content\/uploads\/2025\/02\/Plastic-bag-machine-factory-430x436.webp 430w, https:\/\/maquinaparahacerbolsas.com.ve\/es\/wp-content\/uploads\/2025\/02\/Plastic-bag-machine-factory-150x152.webp 150w\" alt=\"Plastic bag machine factory\" width=\"500\" height=\"507\" aria-describedby=\"caption-attachment-29716\" \/><\/p>\n<p id=\"caption-attachment-29716\" class=\"wp-caption-text\" data-rm-block-id=\"block-62\">F\u00e1brica de m\u00e1quinas para fabricar bolsas de pl\u00e1stico<\/p>\n<div id=\"attachment_29746\" style=\"width: 492px\" class=\"wp-caption alignnone\"><img loading=\"lazy\" decoding=\"async\" aria-describedby=\"caption-attachment-29746\" class=\" wp-image-29746\" src=\"https:\/\/maquinaparahacerbolsas.com.ve\/es\/wp-content\/uploads\/2025\/02\/Extrusora-de-peliucla-polietileno.jpg\" alt=\"Extrusora de peliucla polietileno\" width=\"482\" height=\"487\" srcset=\"http:\/\/maquinaparahacerbolsas.com.ve\/es\/wp-content\/uploads\/2025\/02\/Extrusora-de-peliucla-polietileno.jpg 459w, http:\/\/maquinaparahacerbolsas.com.ve\/es\/wp-content\/uploads\/2025\/02\/Extrusora-de-peliucla-polietileno-297x300.jpg 297w, http:\/\/maquinaparahacerbolsas.com.ve\/es\/wp-content\/uploads\/2025\/02\/Extrusora-de-peliucla-polietileno-430x435.jpg 430w, http:\/\/maquinaparahacerbolsas.com.ve\/es\/wp-content\/uploads\/2025\/02\/Extrusora-de-peliucla-polietileno-150x152.jpg 150w\" sizes=\"(max-width: 482px) 100vw, 482px\" \/><p id=\"caption-attachment-29746\" class=\"wp-caption-text\">Extrusora de peliucla polietileno<\/p><\/div>\n<\/div>\n","protected":false},"excerpt":{"rendered":"<p>M\u00e1quina de pel\u00edcula soplada PE de cabezal rotatorio fabrica film polietileno<\/p>\n<div><\/div>\n","protected":false},"featured_media":29527,"comment_status":"closed","ping_status":"closed","template":"","meta":{"_acf_changed":false},"product_brand":[],"product_cat":[85],"product_tag":[],"class_list":{"0":"post-28632","1":"product","2":"type-product","3":"status-publish","4":"has-post-thumbnail","6":"product_cat-extrusor-film-polietileno","8":"first","9":"instock","10":"shipping-taxable","11":"product-type-simple"},"acf":[],"_links":{"self":[{"href":"http:\/\/maquinaparahacerbolsas.com.ve\/es\/wp-json\/wp\/v2\/product\/28632","targetHints":{"allow":["GET"]}}],"collection":[{"href":"http:\/\/maquinaparahacerbolsas.com.ve\/es\/wp-json\/wp\/v2\/product"}],"about":[{"href":"http:\/\/maquinaparahacerbolsas.com.ve\/es\/wp-json\/wp\/v2\/types\/product"}],"replies":[{"embeddable":true,"href":"http:\/\/maquinaparahacerbolsas.com.ve\/es\/wp-json\/wp\/v2\/comments?post=28632"}],"version-history":[{"count":0,"href":"http:\/\/maquinaparahacerbolsas.com.ve\/es\/wp-json\/wp\/v2\/product\/28632\/revisions"}],"wp:featuredmedia":[{"embeddable":true,"href":"http:\/\/maquinaparahacerbolsas.com.ve\/es\/wp-json\/wp\/v2\/media\/29527"}],"wp:attachment":[{"href":"http:\/\/maquinaparahacerbolsas.com.ve\/es\/wp-json\/wp\/v2\/media?parent=28632"}],"wp:term":[{"taxonomy":"product_brand","embeddable":true,"href":"http:\/\/maquinaparahacerbolsas.com.ve\/es\/wp-json\/wp\/v2\/product_brand?post=28632"},{"taxonomy":"product_cat","embeddable":true,"href":"http:\/\/maquinaparahacerbolsas.com.ve\/es\/wp-json\/wp\/v2\/product_cat?post=28632"},{"taxonomy":"product_tag","embeddable":true,"href":"http:\/\/maquinaparahacerbolsas.com.ve\/es\/wp-json\/wp\/v2\/product_tag?post=28632"}],"curies":[{"name":"wp","href":"https:\/\/api.w.org\/{rel}","templated":true}]}}