{"id":28625,"date":"2025-02-24T10:29:59","date_gmt":"2025-02-24T02:29:59","guid":{"rendered":"https:\/\/blanchedalmond-goat-523522.hostingersite.com\/?post_type=product&#038;p=28625"},"modified":"2025-10-13T00:17:55","modified_gmt":"2025-10-12T16:17:55","slug":"impresion-y-extrusora-de-film-para-bolsas-plasticas","status":"publish","type":"product","link":"http:\/\/maquinaparahacerbolsas.com.ve\/es\/impresion-y-extrusora-de-film-para-bolsas-plasticas","title":{"rendered":"Extrusora de film con l\u00ednea de impresi\u00f3n"},"content":{"rendered":"<p>Extrusora de film con l\u00ednea de impresi\u00f3n:<\/p>\n<p>Dimensiones de la pel\u00edcula: 600 mm, 800 mm, 1000 mm<br \/>\nGrosor de la pel\u00edcula: 0.01-0.1 mm<br \/>\nTipo de material de la pel\u00edcula: LDPE, HDPE, LLPDE<\/p>\n<p>Aplicaciones<br \/>\nLa extrusora de film de alta velocidad est\u00e1 dise\u00f1ada para la producci\u00f3n de polietileno de alta y baja presi\u00f3n, permitiendo la fabricaci\u00f3n de pel\u00edculas laminadas, pel\u00edculas de embalaje, pel\u00edculas para protecci\u00f3n agr\u00edcola, as\u00ed como bolsas y materiales para textiles y vestimenta, entre otros tipos de embalaje.<\/p>\n<table border=\"0\" cellspacing=\"1\" cellpadding=\"0\">\n<tbody>\n<tr>\n<td><strong><span data-scayt_word=\"Modelo\" data-scaytid=\"54\">Modelo<\/span><\/strong><\/td>\n<td><strong><span data-scayt_word=\"SJ50-YT2600\" data-scaytid=\"55\">SJ50-YT2600<\/span><\/strong><\/td>\n<td><strong><span data-scayt_word=\"SJ50-YT2800\" data-scaytid=\"56\">SJ50-YT2800<\/span><\/strong><\/td>\n<td><strong><span data-scayt_word=\"SJ50-YT21000\" data-scaytid=\"66\">SJ50-YT21000<\/span><\/strong><\/td>\n<\/tr>\n<tr>\n<td><span data-scayt_word=\"Materiales\" data-scaytid=\"67\">Materiales<\/span>\u00a0<span data-scayt_word=\"aplicables\" data-scaytid=\"68\">aplicables<\/span><\/td>\n<td>LDPE.HDPE.\u00a0<span data-scayt_word=\"LLDPE\" data-scaytid=\"69\">LLDPE<\/span><\/td>\n<td><span data-scayt_word=\"LDPE\" data-scaytid=\"72\">LDPE<\/span>.\u00a0<span data-scayt_word=\"HDPE\" data-scaytid=\"74\">HDPE<\/span>\u00a0.\u00a0<span data-scayt_word=\"LLDPE\" data-scaytid=\"70\">LLDPE<\/span><\/td>\n<td><span data-scayt_word=\"LDPE\" data-scaytid=\"73\">LDPE<\/span>.\u00a0<span data-scayt_word=\"HDPE\" data-scaytid=\"75\">HDPE<\/span>\u00a0.\u00a0<span data-scayt_word=\"LLDPE\" data-scaytid=\"71\">LLDPE<\/span><\/td>\n<\/tr>\n<tr>\n<td><span data-scayt_word=\"Tornillo\" data-scaytid=\"76\">Tornillo<\/span>\u00a0DIA<\/td>\n<td>50mm<\/td>\n<td>55m<\/td>\n<td>65mm<\/td>\n<\/tr>\n<tr>\n<td>Ratio\u00a0deltornillo\u00a0L\/D<\/td>\n<td>28:1<\/td>\n<td>28:1<\/td>\n<td>28:1<\/td>\n<\/tr>\n<tr>\n<td>Potencia\u00a0del motor de\u00a0pel\u00edculasoplada<\/td>\n<td>11Kw<\/td>\n<td>15Kw<\/td>\n<td>18.5Kw<\/td>\n<\/tr>\n<tr>\n<td><span data-scayt_word=\"M\u00e1x\" data-scaytid=\"106\">M\u00e1x<\/span>.\u00a0<span data-scayt_word=\"cantidad\" data-scaytid=\"107\">cantidad<\/span>\u00a0de\u00a0<span data-scayt_word=\"extrusi\u00f3n\" data-scaytid=\"108\">extrusi\u00f3n<\/span><\/td>\n<td><span data-scayt_word=\"35kg\" data-scaytid=\"92\">35kg<\/span>\/h<\/td>\n<td><span data-scayt_word=\"50Kg\" data-scaytid=\"93\">50Kg<\/span>\/h<\/td>\n<td><span data-scayt_word=\"65Kg\" data-scaytid=\"94\">65Kg<\/span>\/h<\/td>\n<\/tr>\n<tr>\n<td><span data-scayt_word=\"Ancho\" data-scaytid=\"112\">Ancho<\/span>\u00a0de la\u00a0<span data-scayt_word=\"pel\u00edcula\" data-scaytid=\"95\">pel\u00edcula<\/span>\u00a0<span data-scayt_word=\"soplada\" data-scaytid=\"96\">soplada<\/span><\/td>\n<td><span data-scayt_word=\"600mm\" data-scaytid=\"97\">600mm<\/span><\/td>\n<td><span data-scayt_word=\"800mm\" data-scaytid=\"98\">800mm<\/span><\/td>\n<td><span data-scayt_word=\"1000mm\" data-scaytid=\"117\">1000mm<\/span><\/td>\n<\/tr>\n<tr>\n<td><span data-scayt_word=\"Grosor\" data-scaytid=\"134\">Grosor<\/span>\u00a0de la\u00a0<span data-scayt_word=\"pel\u00edcula\" data-scaytid=\"118\">pel\u00edcula<\/span>\u00a0<span data-scayt_word=\"soplada\" data-scaytid=\"119\">soplada<\/span><\/td>\n<td>0.01-0.10mm<\/td>\n<td>0.01-0.10mm<\/td>\n<td>0.01-0.10mm<\/td>\n<\/tr>\n<tr>\n<td><span data-scayt_word=\"Rango\" data-scaytid=\"137\">Rango<\/span>\u00a0de\u00a0<span data-scayt_word=\"longitud\" data-scaytid=\"138\">longitud<\/span>\u00a0de la\u00a0impresi\u00f3n<\/td>\n<td>191-999mm<\/td>\n<td>191-999mm<\/td>\n<td>191-999mm<\/td>\n<\/tr>\n<tr>\n<td>Ancho\u00a0de la\u00a0impresi\u00f3n<\/td>\n<td>600mm<\/td>\n<td>800mm<\/td>\n<td>1000mm<\/td>\n<\/tr>\n<tr>\n<td>Potencia\u00a0total<\/td>\n<td>28Kw<\/td>\n<td>32Kw<\/td>\n<td>40kw<\/td>\n<\/tr>\n<tr>\n<td>Peso de la\u00a0<span data-scayt_word=\"maquinar\u00eda\" data-scaytid=\"154\">maquinar\u00eda<\/span><\/td>\n<td>3.5T<\/td>\n<td><span data-scayt_word=\"4T\" data-scaytid=\"152\">4T<\/span><\/td>\n<td><span data-scayt_word=\"5T\" data-scaytid=\"153\">5T<\/span><\/td>\n<\/tr>\n<tr>\n<td><span data-scayt_word=\"Dimensi\u00f3n\" data-scaytid=\"158\">Dimensi\u00f3n<\/span>\u00a0de la\u00a0<span data-scayt_word=\"maquinar\u00eda\" data-scaytid=\"155\">maquinar\u00eda<\/span><\/td>\n<td>6000 x 2400 x\u00a0<span data-scayt_word=\"4000mm\" data-scaytid=\"159\">4000mm<\/span><\/td>\n<td>6200 x 2600 x\u00a0<span data-scayt_word=\"4300mm\" data-scaytid=\"160\">4300mm<\/span><\/td>\n<td>6400 x 2800 x\u00a0<span data-scayt_word=\"4800mm\" data-scaytid=\"161\">4800mm<\/span><\/td>\n<\/tr>\n<\/tbody>\n<\/table>\n<p>&nbsp;<\/p>\n<div id=\"attachment_29473\" style=\"width: 772px\" class=\"wp-caption alignnone\"><img fetchpriority=\"high\" decoding=\"async\" aria-describedby=\"caption-attachment-29473\" class=\" wp-image-29473\" src=\"https:\/\/maquinaparahacerbolsas.com.ve\/es\/wp-content\/uploads\/2025\/02\/bolsas-de-camiseta-plasticas.jpg\" alt=\"bolsas de camiseta plasticas\" width=\"762\" height=\"381\" srcset=\"http:\/\/maquinaparahacerbolsas.com.ve\/es\/wp-content\/uploads\/2025\/02\/bolsas-de-camiseta-plasticas.jpg 1200w, http:\/\/maquinaparahacerbolsas.com.ve\/es\/wp-content\/uploads\/2025\/02\/bolsas-de-camiseta-plasticas-400x200.jpg 400w, http:\/\/maquinaparahacerbolsas.com.ve\/es\/wp-content\/uploads\/2025\/02\/bolsas-de-camiseta-plasticas-768x384.jpg 768w, http:\/\/maquinaparahacerbolsas.com.ve\/es\/wp-content\/uploads\/2025\/02\/bolsas-de-camiseta-plasticas-430x215.jpg 430w, http:\/\/maquinaparahacerbolsas.com.ve\/es\/wp-content\/uploads\/2025\/02\/bolsas-de-camiseta-plasticas-700x350.jpg 700w, http:\/\/maquinaparahacerbolsas.com.ve\/es\/wp-content\/uploads\/2025\/02\/bolsas-de-camiseta-plasticas-150x75.jpg 150w\" sizes=\"(max-width: 762px) 100vw, 762px\" \/><p id=\"caption-attachment-29473\" class=\"wp-caption-text\">bolsas de camiseta plasticas<\/p><\/div>\n<p><strong>Si solo compra una m\u00e1quina, la empacaremos con un paquete de madera y la cargaremos en un contenedor con carga menor a la del contenedor (LCL).<\/strong><\/p>\n<p><img decoding=\"async\" class=\" wp-image-29711\" src=\"https:\/\/maquinaparahacerbolsas.com.ve\/es\/wp-content\/uploads\/2025\/02\/plastic-machine-shipment-with-wooden-pack-less-containers.webp\" sizes=\"(max-width: 492px) 100vw, 492px\" srcset=\"https:\/\/maquinaparahacerbolsas.com.ve\/es\/wp-content\/uploads\/2025\/02\/plastic-machine-shipment-with-wooden-pack-less-containers.webp 768w, https:\/\/maquinaparahacerbolsas.com.ve\/es\/wp-content\/uploads\/2025\/02\/plastic-machine-shipment-with-wooden-pack-less-containers-400x295.webp 400w, https:\/\/maquinaparahacerbolsas.com.ve\/es\/wp-content\/uploads\/2025\/02\/plastic-machine-shipment-with-wooden-pack-less-containers-430x317.webp 430w, https:\/\/maquinaparahacerbolsas.com.ve\/es\/wp-content\/uploads\/2025\/02\/plastic-machine-shipment-with-wooden-pack-less-containers-700x517.webp 700w, https:\/\/maquinaparahacerbolsas.com.ve\/es\/wp-content\/uploads\/2025\/02\/plastic-machine-shipment-with-wooden-pack-less-containers-150x111.webp 150w\" alt=\"plastic machine shipment with wooden pack less containers\" width=\"492\" height=\"363\" \/><\/p>\n<p><strong>Nuestro principal colaborador de piezas es la siguiente marca, pero las piezas est\u00e1ndar est\u00e1n todas fabricadas en China.<\/strong><\/p>\n<div id=\"attachment_29712\" class=\"wp-caption alignnone\">\n<p><img decoding=\"async\" class=\" wp-image-29712\" src=\"https:\/\/maquinaparahacerbolsas.com.ve\/es\/wp-content\/uploads\/2025\/02\/plastic-machine-parts-supplier.webp\" sizes=\"(max-width: 492px) 100vw, 492px\" srcset=\"https:\/\/maquinaparahacerbolsas.com.ve\/es\/wp-content\/uploads\/2025\/02\/plastic-machine-parts-supplier.webp 875w, https:\/\/maquinaparahacerbolsas.com.ve\/es\/wp-content\/uploads\/2025\/02\/plastic-machine-parts-supplier-400x230.webp 400w, https:\/\/maquinaparahacerbolsas.com.ve\/es\/wp-content\/uploads\/2025\/02\/plastic-machine-parts-supplier-768x442.webp 768w, https:\/\/maquinaparahacerbolsas.com.ve\/es\/wp-content\/uploads\/2025\/02\/plastic-machine-parts-supplier-430x248.webp 430w, https:\/\/maquinaparahacerbolsas.com.ve\/es\/wp-content\/uploads\/2025\/02\/plastic-machine-parts-supplier-700x403.webp 700w, https:\/\/maquinaparahacerbolsas.com.ve\/es\/wp-content\/uploads\/2025\/02\/plastic-machine-parts-supplier-150x86.webp 150w\" alt=\"plastic machine parts supplier\" width=\"492\" height=\"283\" aria-describedby=\"caption-attachment-29712\" \/><\/p>\n<p id=\"caption-attachment-29712\" class=\"wp-caption-text\">proveedor de piezas de m\u00e1quinas de pl\u00e1stico<\/p>\n<\/div>\n<div id=\"attachment_29717\" class=\"wp-caption alignnone\">\n<p><img loading=\"lazy\" decoding=\"async\" class=\"size-full wp-image-29717\" src=\"https:\/\/maquinaparahacerbolsas.com.ve\/es\/wp-content\/uploads\/2025\/02\/plastic-bag-machine-supplier.webp\" sizes=\"(max-width: 497px) 100vw, 497px\" srcset=\"https:\/\/maquinaparahacerbolsas.com.ve\/es\/wp-content\/uploads\/2025\/02\/plastic-bag-machine-supplier.webp 497w, https:\/\/maquinaparahacerbolsas.com.ve\/es\/wp-content\/uploads\/2025\/02\/plastic-bag-machine-supplier-300x300.webp 300w, https:\/\/maquinaparahacerbolsas.com.ve\/es\/wp-content\/uploads\/2025\/02\/plastic-bag-machine-supplier-150x150.webp 150w, https:\/\/maquinaparahacerbolsas.com.ve\/es\/wp-content\/uploads\/2025\/02\/plastic-bag-machine-supplier-430x430.webp 430w\" alt=\"plastic bag machine supplier\" width=\"497\" height=\"497\" aria-describedby=\"caption-attachment-29717\" \/><\/p>\n<p id=\"caption-attachment-29717\" class=\"wp-caption-text\">plastic bag machine supplier<\/p>\n<\/div>\n<div id=\"attachment_29716\" class=\"wp-caption alignnone\">\n<p><img loading=\"lazy\" decoding=\"async\" class=\"wp-image-29716\" src=\"https:\/\/maquinaparahacerbolsas.com.ve\/es\/wp-content\/uploads\/2025\/02\/Plastic-bag-machine-factory.webp\" sizes=\"(max-width: 500px) 100vw, 500px\" srcset=\"https:\/\/maquinaparahacerbolsas.com.ve\/es\/wp-content\/uploads\/2025\/02\/Plastic-bag-machine-factory.webp 467w, https:\/\/maquinaparahacerbolsas.com.ve\/es\/wp-content\/uploads\/2025\/02\/Plastic-bag-machine-factory-296x300.webp 296w, https:\/\/maquinaparahacerbolsas.com.ve\/es\/wp-content\/uploads\/2025\/02\/Plastic-bag-machine-factory-430x436.webp 430w, https:\/\/maquinaparahacerbolsas.com.ve\/es\/wp-content\/uploads\/2025\/02\/Plastic-bag-machine-factory-150x152.webp 150w\" alt=\"Plastic bag machine factory\" width=\"500\" height=\"507\" aria-describedby=\"caption-attachment-29716\" \/><\/p>\n<p id=\"caption-attachment-29716\" class=\"wp-caption-text\">F\u00e1brica de m\u00e1quinas para fabricar bolsas de pl\u00e1stico<\/p>\n<div id=\"attachment_29746\" style=\"width: 492px\" class=\"wp-caption alignnone\"><img loading=\"lazy\" decoding=\"async\" aria-describedby=\"caption-attachment-29746\" class=\" wp-image-29746\" src=\"https:\/\/maquinaparahacerbolsas.com.ve\/es\/wp-content\/uploads\/2025\/02\/Extrusora-de-peliucla-polietileno.jpg\" alt=\"Extrusora de peliucla polietileno\" width=\"482\" height=\"487\" srcset=\"http:\/\/maquinaparahacerbolsas.com.ve\/es\/wp-content\/uploads\/2025\/02\/Extrusora-de-peliucla-polietileno.jpg 459w, http:\/\/maquinaparahacerbolsas.com.ve\/es\/wp-content\/uploads\/2025\/02\/Extrusora-de-peliucla-polietileno-297x300.jpg 297w, http:\/\/maquinaparahacerbolsas.com.ve\/es\/wp-content\/uploads\/2025\/02\/Extrusora-de-peliucla-polietileno-430x435.jpg 430w, http:\/\/maquinaparahacerbolsas.com.ve\/es\/wp-content\/uploads\/2025\/02\/Extrusora-de-peliucla-polietileno-150x152.jpg 150w\" sizes=\"(max-width: 482px) 100vw, 482px\" \/><p id=\"caption-attachment-29746\" class=\"wp-caption-text\">Extrusora de peliucla polietileno<\/p><\/div>\n<\/div>\n<div id=\"attachment_29719\" class=\"wp-caption alignnone\"><\/div>\n<div id=\"attachment_29720\" class=\"wp-caption alignnone\">\n<p id=\"caption-attachment-29720\" class=\"wp-caption-text\">\n<\/div>\n","protected":false},"excerpt":{"rendered":"<p>Extrusora fabrica film polietileno con l\u00ednea de maquina impresi\u00f3n.<\/p>\n","protected":false},"featured_media":29533,"comment_status":"closed","ping_status":"closed","template":"","meta":{"_acf_changed":false},"product_brand":[],"product_cat":[85],"product_tag":[],"class_list":{"0":"post-28625","1":"product","2":"type-product","3":"status-publish","4":"has-post-thumbnail","6":"product_cat-extrusor-film-polietileno","8":"first","9":"instock","10":"shipping-taxable","11":"product-type-simple"},"acf":[],"_links":{"self":[{"href":"http:\/\/maquinaparahacerbolsas.com.ve\/es\/wp-json\/wp\/v2\/product\/28625","targetHints":{"allow":["GET"]}}],"collection":[{"href":"http:\/\/maquinaparahacerbolsas.com.ve\/es\/wp-json\/wp\/v2\/product"}],"about":[{"href":"http:\/\/maquinaparahacerbolsas.com.ve\/es\/wp-json\/wp\/v2\/types\/product"}],"replies":[{"embeddable":true,"href":"http:\/\/maquinaparahacerbolsas.com.ve\/es\/wp-json\/wp\/v2\/comments?post=28625"}],"version-history":[{"count":0,"href":"http:\/\/maquinaparahacerbolsas.com.ve\/es\/wp-json\/wp\/v2\/product\/28625\/revisions"}],"wp:featuredmedia":[{"embeddable":true,"href":"http:\/\/maquinaparahacerbolsas.com.ve\/es\/wp-json\/wp\/v2\/media\/29533"}],"wp:attachment":[{"href":"http:\/\/maquinaparahacerbolsas.com.ve\/es\/wp-json\/wp\/v2\/media?parent=28625"}],"wp:term":[{"taxonomy":"product_brand","embeddable":true,"href":"http:\/\/maquinaparahacerbolsas.com.ve\/es\/wp-json\/wp\/v2\/product_brand?post=28625"},{"taxonomy":"product_cat","embeddable":true,"href":"http:\/\/maquinaparahacerbolsas.com.ve\/es\/wp-json\/wp\/v2\/product_cat?post=28625"},{"taxonomy":"product_tag","embeddable":true,"href":"http:\/\/maquinaparahacerbolsas.com.ve\/es\/wp-json\/wp\/v2\/product_tag?post=28625"}],"curies":[{"name":"wp","href":"https:\/\/api.w.org\/{rel}","templated":true}]}}