{"id":28621,"date":"2025-02-24T10:26:48","date_gmt":"2025-02-24T02:26:48","guid":{"rendered":"https:\/\/blanchedalmond-goat-523522.hostingersite.com\/?post_type=product&#038;p=28621"},"modified":"2025-10-13T00:17:09","modified_gmt":"2025-10-12T16:17:09","slug":"extrusora-de-film-alta-velocidad-extrusor-de-film","status":"publish","type":"product","link":"http:\/\/maquinaparahacerbolsas.com.ve\/es\/extrusora-de-film-alta-velocidad-extrusor-de-film","title":{"rendered":"extrusora de film de alta velocidad"},"content":{"rendered":"<div>\n<p data-rm-block-id=\"block-1\">Caracter\u00edsticas de la extrusora de film de alta velocidad<br \/>\nLa extrusora de film est\u00e1 equipada con un motor principal que emplea un sistema de control de frecuencia para regular la velocidad del motor, lo que mejora la constancia del funcionamiento y asegura su estabilidad, logrando as\u00ed un ahorro energ\u00e9tico del 30%. El tornillo y el barril est\u00e1n fabricados con una aleaci\u00f3n de aluminio, molibdeno y cromo 30, tratados con nitr\u00f3geno, mientras que el marco de tracci\u00f3n adopta un dise\u00f1o elevador. Independientemente del tama\u00f1o de la pel\u00edcula, ya sea grande o peque\u00f1a, se puede conseguir un \u00f3ptimo efecto de enfriamiento. Este proceso es esencial para el funcionamiento eficiente del extrusor de film.<\/p>\n<p data-rm-block-id=\"block-2\">Dimensiones de la pel\u00edcula: 600 mm, 1200 mm, 1500 mm, 2000 mm, 2500 mm, 3000 mm<br \/>\nGrosor de la pel\u00edcula: 0.01-0.2 mm<br \/>\nMaterial de la pel\u00edcula: LDPE, HDPE, LLPDE<\/p>\n<p data-rm-block-id=\"block-3\">Aplicaciones<br \/>\nLa extrusora de film de alta velocidad se utiliza para la producci\u00f3n de polietileno de alta y baja presi\u00f3n, que es adecuado para fabricar pel\u00edculas laminadas, pel\u00edculas de embalaje, pel\u00edculas para cobertura agr\u00edcola y bolsas.<\/p>\n<p data-rm-block-id=\"block-4\">El extrusor de film es fundamental en la industria de procesamiento de pl\u00e1sticos.<\/p>\n<\/div>\n<div data-rm-block-id=\"block-5\"><strong>Especificaciones\u00a0t\u00e9cnicas\u00a0de la\u00a0m\u00e1quina\u00a0de\u00a0pel\u00edcula\u00a0soplada\u00a0de\u00a0altavelocidad<\/strong><\/div>\n<table style=\"padding: 0px; margin: 0px; font-size: 12px; width: 730px;\" border=\"0\" cellspacing=\"1\" cellpadding=\"0\">\n<tbody>\n<tr>\n<td data-rm-block-id=\"block-6\"><strong>Modelo<\/strong><\/td>\n<td data-rm-block-id=\"block-7\"><strong>SJ-C75<\/strong><\/td>\n<td data-rm-block-id=\"block-8\"><strong>SJ-C90<\/strong><\/td>\n<td data-rm-block-id=\"block-9\"><strong>SJ-C105<\/strong><\/td>\n<td data-rm-block-id=\"block-10\"><strong>SJ-C120<\/strong><\/td>\n<\/tr>\n<tr>\n<td data-rm-block-id=\"block-11\">Di\u00e1metro\u00a0del\u00a0tornillo<\/td>\n<td data-rm-block-id=\"block-12\">75mm<\/td>\n<td data-rm-block-id=\"block-13\">90mm<\/td>\n<td data-rm-block-id=\"block-14\">105mm<\/td>\n<td data-rm-block-id=\"block-15\">120mm<\/td>\n<\/tr>\n<tr>\n<td data-rm-block-id=\"block-16\">Radio del\u00a0tornillo(L\/D)<\/td>\n<td data-rm-block-id=\"block-17\">28:1<\/td>\n<td data-rm-block-id=\"block-18\">28:1<\/td>\n<td data-rm-block-id=\"block-19\">28:1<\/td>\n<td data-rm-block-id=\"block-20\">28:1<\/td>\n<\/tr>\n<tr>\n<td data-rm-block-id=\"block-21\">Velocidad\u00a0del\u00a0tonillo<\/td>\n<td data-rm-block-id=\"block-22\">10-100r\/min.<\/td>\n<td data-rm-block-id=\"block-23\">10-100r\/min.<\/td>\n<td data-rm-block-id=\"block-24\">10-100r\/min.<\/td>\n<td data-rm-block-id=\"block-25\">10-100r\/min.<\/td>\n<\/tr>\n<tr>\n<td data-rm-block-id=\"block-26\">Potencia\u00a0del motor principal<\/td>\n<td data-rm-block-id=\"block-27\">37Kw<\/td>\n<td data-rm-block-id=\"block-28\">45Kw<\/td>\n<td data-rm-block-id=\"block-29\">55-75Kw<\/td>\n<td data-rm-block-id=\"block-30\">75-95Kw<\/td>\n<\/tr>\n<tr>\n<td data-rm-block-id=\"block-31\">Salida\u00a0principal<\/td>\n<td data-rm-block-id=\"block-32\">120kg\/h<\/td>\n<td data-rm-block-id=\"block-33\">160kg\/h<\/td>\n<td data-rm-block-id=\"block-34\">190kg\/h<\/td>\n<td data-rm-block-id=\"block-35\">220kg\/h<\/td>\n<\/tr>\n<tr>\n<td data-rm-block-id=\"block-36\">Ancho\u00a0m\u00e1ximo\u00a0de lapel\u00edcula\u00a0doblada<\/td>\n<td data-rm-block-id=\"block-37\">1500mm<\/td>\n<td data-rm-block-id=\"block-38\">2000mm<\/td>\n<td data-rm-block-id=\"block-39\">2200mm<\/td>\n<td data-rm-block-id=\"block-40\">2500mm<\/td>\n<\/tr>\n<tr>\n<td data-rm-block-id=\"block-41\">Grosor\u00a0de un\u00a0lado\u00a0de lapel\u00edcula<\/td>\n<td data-rm-block-id=\"block-42\">0.01-0.10mm<\/td>\n<td data-rm-block-id=\"block-43\">0.01-0.10mm<\/td>\n<td data-rm-block-id=\"block-44\">0.01-0.10mm<\/td>\n<td data-rm-block-id=\"block-45\">0.01-0.10mm<\/td>\n<\/tr>\n<tr>\n<td data-rm-block-id=\"block-46\">Potencia\u00a0total<\/td>\n<td data-rm-block-id=\"block-47\">46Kw<\/td>\n<td data-rm-block-id=\"block-48\">60Kw<\/td>\n<td data-rm-block-id=\"block-49\">78Kw<\/td>\n<td data-rm-block-id=\"block-50\">95Kw<\/td>\n<\/tr>\n<tr>\n<td data-rm-block-id=\"block-51\">Peso de la\u00a0m\u00e1quina<\/td>\n<td data-rm-block-id=\"block-52\">4T<\/td>\n<td data-rm-block-id=\"block-53\">8T<\/td>\n<td data-rm-block-id=\"block-54\">10T<\/td>\n<td data-rm-block-id=\"block-55\">12T<\/td>\n<\/tr>\n<tr>\n<td data-rm-block-id=\"block-56\">Dimensiones\u00a0totales<\/td>\n<td data-rm-block-id=\"block-57\">5200\u00d72800\u00d76000mm<\/td>\n<td data-rm-block-id=\"block-58\">6200\u00d73400\u00d78000mm<\/td>\n<td data-rm-block-id=\"block-59\">6200\u00d74000\u00d79000mm<\/td>\n<td data-rm-block-id=\"block-60\">6800\u00d74500\u00d710000mm<\/td>\n<\/tr>\n<\/tbody>\n<\/table>\n<p data-rm-block-id=\"block-61\"><strong>Si solo compra una m\u00e1quina, la empacaremos con un paquete de madera y la cargaremos en un contenedor con carga menor a la del contenedor (LCL).<\/strong><\/p>\n<p data-rm-block-id=\"block-62\"><img fetchpriority=\"high\" decoding=\"async\" class=\" wp-image-29711\" src=\"https:\/\/maquinaparahacerbolsas.com.ve\/es\/wp-content\/uploads\/2025\/02\/plastic-machine-shipment-with-wooden-pack-less-containers.webp\" sizes=\"(max-width: 492px) 100vw, 492px\" srcset=\"https:\/\/maquinaparahacerbolsas.com.ve\/es\/wp-content\/uploads\/2025\/02\/plastic-machine-shipment-with-wooden-pack-less-containers.webp 768w, https:\/\/maquinaparahacerbolsas.com.ve\/es\/wp-content\/uploads\/2025\/02\/plastic-machine-shipment-with-wooden-pack-less-containers-400x295.webp 400w, https:\/\/maquinaparahacerbolsas.com.ve\/es\/wp-content\/uploads\/2025\/02\/plastic-machine-shipment-with-wooden-pack-less-containers-430x317.webp 430w, https:\/\/maquinaparahacerbolsas.com.ve\/es\/wp-content\/uploads\/2025\/02\/plastic-machine-shipment-with-wooden-pack-less-containers-700x517.webp 700w, https:\/\/maquinaparahacerbolsas.com.ve\/es\/wp-content\/uploads\/2025\/02\/plastic-machine-shipment-with-wooden-pack-less-containers-150x111.webp 150w\" alt=\"plastic machine shipment with wooden pack less containers\" width=\"492\" height=\"363\" \/><\/p>\n<p data-rm-block-id=\"block-63\"><strong>Nuestro principal colaborador de piezas es la siguiente marca, pero las piezas est\u00e1ndar est\u00e1n todas fabricadas en China.<\/strong><\/p>\n<div id=\"attachment_29712\" class=\"wp-caption alignnone\">\n<p data-rm-block-id=\"block-64\"><img decoding=\"async\" class=\" wp-image-29712\" src=\"https:\/\/maquinaparahacerbolsas.com.ve\/es\/wp-content\/uploads\/2025\/02\/plastic-machine-parts-supplier.webp\" sizes=\"(max-width: 492px) 100vw, 492px\" srcset=\"https:\/\/maquinaparahacerbolsas.com.ve\/es\/wp-content\/uploads\/2025\/02\/plastic-machine-parts-supplier.webp 875w, https:\/\/maquinaparahacerbolsas.com.ve\/es\/wp-content\/uploads\/2025\/02\/plastic-machine-parts-supplier-400x230.webp 400w, https:\/\/maquinaparahacerbolsas.com.ve\/es\/wp-content\/uploads\/2025\/02\/plastic-machine-parts-supplier-768x442.webp 768w, https:\/\/maquinaparahacerbolsas.com.ve\/es\/wp-content\/uploads\/2025\/02\/plastic-machine-parts-supplier-430x248.webp 430w, https:\/\/maquinaparahacerbolsas.com.ve\/es\/wp-content\/uploads\/2025\/02\/plastic-machine-parts-supplier-700x403.webp 700w, https:\/\/maquinaparahacerbolsas.com.ve\/es\/wp-content\/uploads\/2025\/02\/plastic-machine-parts-supplier-150x86.webp 150w\" alt=\"plastic machine parts supplier\" width=\"492\" height=\"283\" aria-describedby=\"caption-attachment-29712\" \/><\/p>\n<p id=\"caption-attachment-29712\" class=\"wp-caption-text\" data-rm-block-id=\"block-65\">proveedor de piezas de m\u00e1quinas de pl\u00e1stico<\/p>\n<\/div>\n<div id=\"attachment_29717\" class=\"wp-caption alignnone\">\n<p data-rm-block-id=\"block-66\"><img decoding=\"async\" class=\"size-full wp-image-29717\" src=\"https:\/\/maquinaparahacerbolsas.com.ve\/es\/wp-content\/uploads\/2025\/02\/plastic-bag-machine-supplier.webp\" sizes=\"(max-width: 497px) 100vw, 497px\" srcset=\"https:\/\/maquinaparahacerbolsas.com.ve\/es\/wp-content\/uploads\/2025\/02\/plastic-bag-machine-supplier.webp 497w, https:\/\/maquinaparahacerbolsas.com.ve\/es\/wp-content\/uploads\/2025\/02\/plastic-bag-machine-supplier-300x300.webp 300w, https:\/\/maquinaparahacerbolsas.com.ve\/es\/wp-content\/uploads\/2025\/02\/plastic-bag-machine-supplier-150x150.webp 150w, https:\/\/maquinaparahacerbolsas.com.ve\/es\/wp-content\/uploads\/2025\/02\/plastic-bag-machine-supplier-430x430.webp 430w\" alt=\"plastic bag machine supplier\" width=\"497\" height=\"497\" aria-describedby=\"caption-attachment-29717\" \/><\/p>\n<p id=\"caption-attachment-29717\" class=\"wp-caption-text\" data-rm-block-id=\"block-67\">plastic bag machine supplier<\/p>\n<\/div>\n<div id=\"attachment_29716\" class=\"wp-caption alignnone\">\n<p data-rm-block-id=\"block-68\"><img loading=\"lazy\" decoding=\"async\" class=\"wp-image-29716\" src=\"https:\/\/maquinaparahacerbolsas.com.ve\/es\/wp-content\/uploads\/2025\/02\/Plastic-bag-machine-factory.webp\" sizes=\"(max-width: 500px) 100vw, 500px\" srcset=\"https:\/\/maquinaparahacerbolsas.com.ve\/es\/wp-content\/uploads\/2025\/02\/Plastic-bag-machine-factory.webp 467w, https:\/\/maquinaparahacerbolsas.com.ve\/es\/wp-content\/uploads\/2025\/02\/Plastic-bag-machine-factory-296x300.webp 296w, https:\/\/maquinaparahacerbolsas.com.ve\/es\/wp-content\/uploads\/2025\/02\/Plastic-bag-machine-factory-430x436.webp 430w, https:\/\/maquinaparahacerbolsas.com.ve\/es\/wp-content\/uploads\/2025\/02\/Plastic-bag-machine-factory-150x152.webp 150w\" alt=\"Plastic bag machine factory\" width=\"500\" height=\"507\" aria-describedby=\"caption-attachment-29716\" \/><\/p>\n<p id=\"caption-attachment-29716\" class=\"wp-caption-text\" data-rm-block-id=\"block-69\">F\u00e1brica de m\u00e1quinas para fabricar bolsas de pl\u00e1stico<\/p>\n<div id=\"attachment_29746\" style=\"width: 492px\" class=\"wp-caption alignnone\"><img loading=\"lazy\" decoding=\"async\" aria-describedby=\"caption-attachment-29746\" class=\" wp-image-29746\" src=\"https:\/\/maquinaparahacerbolsas.com.ve\/es\/wp-content\/uploads\/2025\/02\/Extrusora-de-peliucla-polietileno.jpg\" alt=\"Extrusora de peliucla polietileno\" width=\"482\" height=\"487\" srcset=\"http:\/\/maquinaparahacerbolsas.com.ve\/es\/wp-content\/uploads\/2025\/02\/Extrusora-de-peliucla-polietileno.jpg 459w, http:\/\/maquinaparahacerbolsas.com.ve\/es\/wp-content\/uploads\/2025\/02\/Extrusora-de-peliucla-polietileno-297x300.jpg 297w, http:\/\/maquinaparahacerbolsas.com.ve\/es\/wp-content\/uploads\/2025\/02\/Extrusora-de-peliucla-polietileno-430x435.jpg 430w, http:\/\/maquinaparahacerbolsas.com.ve\/es\/wp-content\/uploads\/2025\/02\/Extrusora-de-peliucla-polietileno-150x152.jpg 150w\" sizes=\"(max-width: 482px) 100vw, 482px\" \/><p id=\"caption-attachment-29746\" class=\"wp-caption-text\">Extrusora de peliucla polietileno<\/p><\/div>\n<\/div>\n","protected":false},"excerpt":{"rendered":"<p>M\u00e1quina extrusora de pel\u00edcula de alta velocidad<\/p>\n","protected":false},"featured_media":29535,"comment_status":"closed","ping_status":"closed","template":"","meta":{"_acf_changed":false},"product_brand":[],"product_cat":[85],"product_tag":[],"class_list":{"0":"post-28621","1":"product","2":"type-product","3":"status-publish","4":"has-post-thumbnail","6":"product_cat-extrusor-film-polietileno","8":"first","9":"instock","10":"shipping-taxable","11":"product-type-simple"},"acf":[],"_links":{"self":[{"href":"http:\/\/maquinaparahacerbolsas.com.ve\/es\/wp-json\/wp\/v2\/product\/28621","targetHints":{"allow":["GET"]}}],"collection":[{"href":"http:\/\/maquinaparahacerbolsas.com.ve\/es\/wp-json\/wp\/v2\/product"}],"about":[{"href":"http:\/\/maquinaparahacerbolsas.com.ve\/es\/wp-json\/wp\/v2\/types\/product"}],"replies":[{"embeddable":true,"href":"http:\/\/maquinaparahacerbolsas.com.ve\/es\/wp-json\/wp\/v2\/comments?post=28621"}],"version-history":[{"count":0,"href":"http:\/\/maquinaparahacerbolsas.com.ve\/es\/wp-json\/wp\/v2\/product\/28621\/revisions"}],"wp:featuredmedia":[{"embeddable":true,"href":"http:\/\/maquinaparahacerbolsas.com.ve\/es\/wp-json\/wp\/v2\/media\/29535"}],"wp:attachment":[{"href":"http:\/\/maquinaparahacerbolsas.com.ve\/es\/wp-json\/wp\/v2\/media?parent=28621"}],"wp:term":[{"taxonomy":"product_brand","embeddable":true,"href":"http:\/\/maquinaparahacerbolsas.com.ve\/es\/wp-json\/wp\/v2\/product_brand?post=28621"},{"taxonomy":"product_cat","embeddable":true,"href":"http:\/\/maquinaparahacerbolsas.com.ve\/es\/wp-json\/wp\/v2\/product_cat?post=28621"},{"taxonomy":"product_tag","embeddable":true,"href":"http:\/\/maquinaparahacerbolsas.com.ve\/es\/wp-json\/wp\/v2\/product_tag?post=28621"}],"curies":[{"name":"wp","href":"https:\/\/api.w.org\/{rel}","templated":true}]}}