{"id":28617,"date":"2025-02-24T10:23:46","date_gmt":"2025-02-24T02:23:46","guid":{"rendered":"https:\/\/blanchedalmond-goat-523522.hostingersite.com\/?post_type=product&#038;p=28617"},"modified":"2025-10-13T00:11:46","modified_gmt":"2025-10-12T16:11:46","slug":"extrusor-de-film-con-dos-cabezal","status":"publish","type":"product","link":"http:\/\/maquinaparahacerbolsas.com.ve\/es\/extrusor-de-film-con-dos-cabezal","title":{"rendered":"Extrusor de Film con dos cabezal"},"content":{"rendered":"<p>Caracter\u00edsticas del Extrusor de Film con dos cabezal<br \/>\nEl cilindro y el tornillo de la extrusora del equipo para pel\u00edcula soplada de cabezal doble est\u00e1n fabricados con aleaciones de acero de alta calidad, sometidos a un proceso de nitruraci\u00f3n y acabados de precisi\u00f3n, lo que les proporciona una excelente protecci\u00f3n y resistencia a la corrosi\u00f3n. Este conjunto de maquinaria, dise\u00f1ado espec\u00edficamente para su funci\u00f3n, incorpora un cabezal doble, lo que permite aumentar la capacidad de producci\u00f3n, optimizar el consumo de energ\u00eda, reducir costos laborales y maximizar el uso del espacio en el taller, entre otros beneficios.<\/p>\n<div><\/div>\n<div><strong>El film se utiliza para los siguientes productos:<\/strong><br \/>\n1. Bolsas de pl\u00e1stico<br \/>\n2. Bolsas de camiseta<br \/>\n3. Bolsas de basura<br \/>\n4. Film de embalaje y bolsas de embalaje<\/div>\n<div>\n<div id=\"attachment_29471\" style=\"width: 610px\" class=\"wp-caption alignnone\"><img fetchpriority=\"high\" decoding=\"async\" aria-describedby=\"caption-attachment-29471\" class=\"size-full wp-image-29471\" src=\"https:\/\/maquinaparahacerbolsas.com.ve\/es\/wp-content\/uploads\/2025\/02\/bolsas-de-camiseta-plastico.jpg\" alt=\"bolsas de camiseta plastico\" width=\"600\" height=\"346\" srcset=\"http:\/\/maquinaparahacerbolsas.com.ve\/es\/wp-content\/uploads\/2025\/02\/bolsas-de-camiseta-plastico.jpg 600w, http:\/\/maquinaparahacerbolsas.com.ve\/es\/wp-content\/uploads\/2025\/02\/bolsas-de-camiseta-plastico-400x231.jpg 400w, http:\/\/maquinaparahacerbolsas.com.ve\/es\/wp-content\/uploads\/2025\/02\/bolsas-de-camiseta-plastico-430x248.jpg 430w, http:\/\/maquinaparahacerbolsas.com.ve\/es\/wp-content\/uploads\/2025\/02\/bolsas-de-camiseta-plastico-150x87.jpg 150w\" sizes=\"(max-width: 600px) 100vw, 600px\" \/><p id=\"caption-attachment-29471\" class=\"wp-caption-text\">bolsas de camiseta plastico<\/p><\/div>\n<\/div>\n<div><strong><span data-scayt_word=\"Aplicaciones\" data-scaytid=\"45\">Aplicaciones<\/span>\u00a0<\/strong><br \/>\nLa\u00a0<span data-scayt_word=\"m\u00e1quina\" data-scaytid=\"40\">m\u00e1quina<\/span>\u00a0de\u00a0<span data-scayt_word=\"pel\u00edcula\" data-scaytid=\"47\">pel\u00edcula<\/span>\u00a0<span data-scayt_word=\"soplada\" data-scaytid=\"48\">soplada<\/span>\u00a0de\u00a0<span data-scayt_word=\"cabezal\" data-scaytid=\"49\">cabezal<\/span>\u00a0<span data-scayt_word=\"doble\" data-scaytid=\"50\">doble<\/span>\u00a0se\u00a0<span data-scayt_word=\"utiliza\" data-scaytid=\"60\">utiliza<\/span>\u00a0<span data-scayt_word=\"para\" data-scaytid=\"51\">para<\/span>\u00a0<span data-scayt_word=\"sopladode\" data-scaytid=\"62\">sopladode<\/span>\u00a0<span data-scayt_word=\"polietileno\" data-scaytid=\"63\">polietileno<\/span>\u00a0de\u00a0<span data-scayt_word=\"baja\" data-scaytid=\"65\">baja<\/span>\u00a0<span data-scayt_word=\"densidad\" data-scaytid=\"66\">densidad<\/span>\u00a0(<span data-scayt_word=\"LDPE\" data-scaytid=\"67\">LDPE<\/span>)<\/div>\n<div><span data-scayt_word=\"polietileno\" data-scaytid=\"64\">polietileno<\/span>\u00a0de\u00a0<span data-scayt_word=\"alta\" data-scaytid=\"70\">alta<\/span>\u00a0<span data-scayt_word=\"densidad\" data-scaytid=\"68\">densidad<\/span>(<span data-scayt_word=\"HDPE\" data-scaytid=\"72\">HDPE<\/span>)\u00a0<span data-scayt_word=\"pel\u00edculas\" data-scaytid=\"73\">pel\u00edculas<\/span>\u00a0<span data-scayt_word=\"pl\u00e1sticas\" data-scaytid=\"74\">pl\u00e1sticas<\/span>\u00a0<span data-scayt_word=\"para\" data-scaytid=\"56\">para<\/span>\u00a0<span data-scayt_word=\"hacer\" data-scaytid=\"76\">hacer<\/span>\u00a0<span data-scayt_word=\"bolsas\" data-scaytid=\"77\">bolsas<\/span>\u00a0de\u00a0<span data-scayt_word=\"vestido\" data-scaytid=\"79\">vestido<\/span>\u00a0y\u00a0<span data-scayt_word=\"bolsas\" data-scaytid=\"78\">bolsas<\/span>\u00a0de\u00a0<span data-scayt_word=\"arosplanos\" data-scaytid=\"80\">arosplanos<\/span><\/div>\n<div>los\u00a0<span data-scayt_word=\"cuales\" data-scaytid=\"81\">cuales<\/span>\u00a0son\u00a0<span data-scayt_word=\"utilizados\" data-scaytid=\"96\">utilizados<\/span>\u00a0<span data-scayt_word=\"para\" data-scaytid=\"82\">para<\/span>\u00a0<span data-scayt_word=\"empaquetar\" data-scaytid=\"98\">empaquetar<\/span>\u00a0en la\u00a0<span data-scayt_word=\"industriaalimenticia\" data-scaytid=\"99\">industriaalimenticia<\/span>, la\u00a0<span data-scayt_word=\"industria\" data-scaytid=\"100\">industria<\/span>\u00a0de\u00a0<span data-scayt_word=\"ropa\" data-scaytid=\"102\">ropa<\/span>\u00a0y la\u00a0<span data-scayt_word=\"industria\" data-scaytid=\"101\">industria<\/span>\u00a0<span data-scayt_word=\"textil\" data-scaytid=\"103\">textil<\/span>, etc.<\/div>\n<div><strong><span data-scayt_word=\"Especificaciones\" data-scaytid=\"104\">Especificaciones<\/span>\u00a0<span data-scayt_word=\"tecnol\u00f3gicas\" data-scaytid=\"105\">tecnol\u00f3gicas<\/span>\u00a0de la\u00a0<span data-scayt_word=\"m\u00e1quina\" data-scaytid=\"84\">m\u00e1quina<\/span>\u00a0de\u00a0<span data-scayt_word=\"pel\u00edcula\" data-scaytid=\"85\">pel\u00edcula<\/span>\u00a0<span data-scayt_word=\"soplada\" data-scaytid=\"86\">soplada<\/span>\u00a0<span data-scayt_word=\"decabezal\" data-scaytid=\"109\">decabezal<\/span>\u00a0<span data-scayt_word=\"doble\" data-scaytid=\"87\">doble<\/span><\/strong><\/div>\n<table border=\"0\" cellspacing=\"1\" cellpadding=\"0\">\n<tbody>\n<tr>\n<td><strong><span data-scayt_word=\"Modelo\" data-scaytid=\"111\">Modelo<\/span><\/strong><\/td>\n<td><strong><span data-scayt_word=\"SJ65-FM600\" data-scaytid=\"112\">SJ65-FM600<\/span><\/strong><\/td>\n<td><strong><span data-scayt_word=\"SJ70-FM700\" data-scaytid=\"113\">SJ70-FM700<\/span><\/strong><\/td>\n<td><strong><span data-scayt_word=\"SJ75-FM800\" data-scaytid=\"114\">SJ75-FM800<\/span><\/strong><\/td>\n<\/tr>\n<tr>\n<td><span data-scayt_word=\"Di\u00e1metro\" data-scaytid=\"115\">Di\u00e1metro<\/span>\u00a0del\u00a0<span data-scayt_word=\"tornillo\" data-scaytid=\"93\">tornillo<\/span><\/td>\n<td><span data-scayt_word=\"65mm\" data-scaytid=\"123\">65mm<\/span><\/td>\n<td><span data-scayt_word=\"70mm\" data-scaytid=\"124\">70mm<\/span><\/td>\n<td><span data-scayt_word=\"75mm\" data-scaytid=\"125\">75mm<\/span><\/td>\n<\/tr>\n<tr>\n<td>Ratio del\u00a0<span data-scayt_word=\"tornillo\" data-scaytid=\"94\">tornillo<\/span><\/td>\n<td>1:28<\/td>\n<td>1:28<\/td>\n<td>1:28<\/td>\n<\/tr>\n<tr>\n<td><span data-scayt_word=\"Velocidad\" data-scaytid=\"126\">Velocidad<\/span>\u00a0del\u00a0<span data-scayt_word=\"tornillo\" data-scaytid=\"95\">tornillo<\/span><\/td>\n<td><span data-scayt_word=\"10-110r\" data-scaytid=\"127\">10-110r<\/span>\/min.<\/td>\n<td><span data-scayt_word=\"10-110r\" data-scaytid=\"128\">10-110r<\/span>\/min.<\/td>\n<td><span data-scayt_word=\"10-110r\" data-scaytid=\"129\">10-110r<\/span>\/min.<\/td>\n<\/tr>\n<tr>\n<td>M\u00e1x.\u00a0Salida<\/td>\n<td>50kg\/h<\/td>\n<td>70kg\/h<\/td>\n<td>90kg\/h<\/td>\n<\/tr>\n<tr>\n<td>M\u00e1x.\u00a0ancho\u00a0de la\u00a0<span data-scayt_word=\"pel\u00edcula\" data-scaytid=\"119\">pel\u00edcula<\/span>\u00a0doblado<\/td>\n<td>550mm\u00d72<\/td>\n<td>650mm\u00d72<\/td>\n<td>750mm\u00d72<\/td>\n<\/tr>\n<tr>\n<td>Grosor\u00a0de un solo\u00a0lado\u00a0de la\u00a0<span data-scayt_word=\"pel\u00edcula\" data-scaytid=\"134\">pel\u00edcula<\/span><\/td>\n<td>0.006-0.10mm<\/td>\n<td>0.006-0.10mm<\/td>\n<td>0.006-0.10mm<\/td>\n<\/tr>\n<tr>\n<td>Potencia\u00a0del motor principal<\/td>\n<td>18.5-22Kw<\/td>\n<td>22-30Kw<\/td>\n<td>37Kw<\/td>\n<\/tr>\n<tr>\n<td>Potencia\u00a0total<\/td>\n<td>40Kw<\/td>\n<td>55Kw<\/td>\n<td>70Kw<\/td>\n<\/tr>\n<tr>\n<td>Peso de la\u00a0m\u00e1quina<\/td>\n<td>3000kg<\/td>\n<td>3800kg<\/td>\n<td>4500kg<\/td>\n<\/tr>\n<tr>\n<td>Dimensiones\u00a0totales<\/td>\n<td>4800\u00d72200\u00d73800<\/td>\n<td>5000\u00d72400\u00d74000<\/td>\n<td>5200\u00d72600\u00d74200<\/td>\n<\/tr>\n<\/tbody>\n<\/table>\n<p><strong>Si solo compra una m\u00e1quina, la empacaremos con un paquete de madera y la cargaremos en un contenedor con carga menor a la del contenedor (LCL).<\/strong><\/p>\n<p><img decoding=\"async\" class=\" wp-image-29711\" src=\"https:\/\/maquinaparahacerbolsas.com.ve\/es\/wp-content\/uploads\/2025\/02\/plastic-machine-shipment-with-wooden-pack-less-containers.webp\" sizes=\"(max-width: 492px) 100vw, 492px\" srcset=\"https:\/\/maquinaparahacerbolsas.com.ve\/es\/wp-content\/uploads\/2025\/02\/plastic-machine-shipment-with-wooden-pack-less-containers.webp 768w, https:\/\/maquinaparahacerbolsas.com.ve\/es\/wp-content\/uploads\/2025\/02\/plastic-machine-shipment-with-wooden-pack-less-containers-400x295.webp 400w, https:\/\/maquinaparahacerbolsas.com.ve\/es\/wp-content\/uploads\/2025\/02\/plastic-machine-shipment-with-wooden-pack-less-containers-430x317.webp 430w, https:\/\/maquinaparahacerbolsas.com.ve\/es\/wp-content\/uploads\/2025\/02\/plastic-machine-shipment-with-wooden-pack-less-containers-700x517.webp 700w, https:\/\/maquinaparahacerbolsas.com.ve\/es\/wp-content\/uploads\/2025\/02\/plastic-machine-shipment-with-wooden-pack-less-containers-150x111.webp 150w\" alt=\"plastic machine shipment with wooden pack less containers\" width=\"492\" height=\"363\" \/><\/p>\n<p><strong>Nuestro principal colaborador de piezas es la siguiente marca, pero las piezas est\u00e1ndar est\u00e1n todas fabricadas en China.<\/strong><\/p>\n<div id=\"attachment_29712\" class=\"wp-caption alignnone\">\n<p><img decoding=\"async\" class=\" wp-image-29712\" src=\"https:\/\/maquinaparahacerbolsas.com.ve\/es\/wp-content\/uploads\/2025\/02\/plastic-machine-parts-supplier.webp\" sizes=\"(max-width: 492px) 100vw, 492px\" srcset=\"https:\/\/maquinaparahacerbolsas.com.ve\/es\/wp-content\/uploads\/2025\/02\/plastic-machine-parts-supplier.webp 875w, https:\/\/maquinaparahacerbolsas.com.ve\/es\/wp-content\/uploads\/2025\/02\/plastic-machine-parts-supplier-400x230.webp 400w, https:\/\/maquinaparahacerbolsas.com.ve\/es\/wp-content\/uploads\/2025\/02\/plastic-machine-parts-supplier-768x442.webp 768w, https:\/\/maquinaparahacerbolsas.com.ve\/es\/wp-content\/uploads\/2025\/02\/plastic-machine-parts-supplier-430x248.webp 430w, https:\/\/maquinaparahacerbolsas.com.ve\/es\/wp-content\/uploads\/2025\/02\/plastic-machine-parts-supplier-700x403.webp 700w, https:\/\/maquinaparahacerbolsas.com.ve\/es\/wp-content\/uploads\/2025\/02\/plastic-machine-parts-supplier-150x86.webp 150w\" alt=\"plastic machine parts supplier\" width=\"492\" height=\"283\" aria-describedby=\"caption-attachment-29712\" \/><\/p>\n<p id=\"caption-attachment-29712\" class=\"wp-caption-text\">proveedor de piezas de m\u00e1quinas de pl\u00e1stico<\/p>\n<\/div>\n<div id=\"attachment_29717\" class=\"wp-caption alignnone\">\n<p><img loading=\"lazy\" decoding=\"async\" class=\"size-full wp-image-29717\" src=\"https:\/\/maquinaparahacerbolsas.com.ve\/es\/wp-content\/uploads\/2025\/02\/plastic-bag-machine-supplier.webp\" sizes=\"(max-width: 497px) 100vw, 497px\" srcset=\"https:\/\/maquinaparahacerbolsas.com.ve\/es\/wp-content\/uploads\/2025\/02\/plastic-bag-machine-supplier.webp 497w, https:\/\/maquinaparahacerbolsas.com.ve\/es\/wp-content\/uploads\/2025\/02\/plastic-bag-machine-supplier-300x300.webp 300w, https:\/\/maquinaparahacerbolsas.com.ve\/es\/wp-content\/uploads\/2025\/02\/plastic-bag-machine-supplier-150x150.webp 150w, https:\/\/maquinaparahacerbolsas.com.ve\/es\/wp-content\/uploads\/2025\/02\/plastic-bag-machine-supplier-430x430.webp 430w\" alt=\"plastic bag machine supplier\" width=\"497\" height=\"497\" aria-describedby=\"caption-attachment-29717\" \/><\/p>\n<p id=\"caption-attachment-29717\" class=\"wp-caption-text\">plastic bag machine supplier<\/p>\n<\/div>\n<div id=\"attachment_29716\" class=\"wp-caption alignnone\">\n<p><img loading=\"lazy\" decoding=\"async\" class=\"wp-image-29716\" src=\"https:\/\/maquinaparahacerbolsas.com.ve\/es\/wp-content\/uploads\/2025\/02\/Plastic-bag-machine-factory.webp\" sizes=\"(max-width: 500px) 100vw, 500px\" srcset=\"https:\/\/maquinaparahacerbolsas.com.ve\/es\/wp-content\/uploads\/2025\/02\/Plastic-bag-machine-factory.webp 467w, https:\/\/maquinaparahacerbolsas.com.ve\/es\/wp-content\/uploads\/2025\/02\/Plastic-bag-machine-factory-296x300.webp 296w, https:\/\/maquinaparahacerbolsas.com.ve\/es\/wp-content\/uploads\/2025\/02\/Plastic-bag-machine-factory-430x436.webp 430w, https:\/\/maquinaparahacerbolsas.com.ve\/es\/wp-content\/uploads\/2025\/02\/Plastic-bag-machine-factory-150x152.webp 150w\" alt=\"Plastic bag machine factory\" width=\"500\" height=\"507\" aria-describedby=\"caption-attachment-29716\" \/><\/p>\n<p id=\"caption-attachment-29716\" class=\"wp-caption-text\">F\u00e1brica de m\u00e1quinas para fabricar bolsas de pl\u00e1stico<\/p>\n<div id=\"attachment_29746\" style=\"width: 492px\" class=\"wp-caption alignnone\"><img loading=\"lazy\" decoding=\"async\" aria-describedby=\"caption-attachment-29746\" class=\" wp-image-29746\" src=\"https:\/\/maquinaparahacerbolsas.com.ve\/es\/wp-content\/uploads\/2025\/02\/Extrusora-de-peliucla-polietileno.jpg\" alt=\"Extrusora de peliucla polietileno\" width=\"482\" height=\"487\" srcset=\"http:\/\/maquinaparahacerbolsas.com.ve\/es\/wp-content\/uploads\/2025\/02\/Extrusora-de-peliucla-polietileno.jpg 459w, http:\/\/maquinaparahacerbolsas.com.ve\/es\/wp-content\/uploads\/2025\/02\/Extrusora-de-peliucla-polietileno-297x300.jpg 297w, http:\/\/maquinaparahacerbolsas.com.ve\/es\/wp-content\/uploads\/2025\/02\/Extrusora-de-peliucla-polietileno-430x435.jpg 430w, http:\/\/maquinaparahacerbolsas.com.ve\/es\/wp-content\/uploads\/2025\/02\/Extrusora-de-peliucla-polietileno-150x152.jpg 150w\" sizes=\"(max-width: 482px) 100vw, 482px\" \/><p id=\"caption-attachment-29746\" class=\"wp-caption-text\">Extrusora de peliucla polietileno<\/p><\/div>\n<\/div>\n<div id=\"attachment_29719\" class=\"wp-caption alignnone\"><\/div>\n<div id=\"attachment_29720\" class=\"wp-caption alignnone\">\n<p id=\"caption-attachment-29720\" class=\"wp-caption-text\">\n<\/div>\n","protected":false},"excerpt":{"rendered":"<p>M\u00e1quina extrusora de pel\u00edcula con dos cabezal,fabrica dos rolls.<\/p>\n<p>&nbsp;<\/p>\n","protected":false},"featured_media":29499,"comment_status":"closed","ping_status":"closed","template":"","meta":{"_acf_changed":false},"product_brand":[],"product_cat":[85],"product_tag":[],"class_list":{"0":"post-28617","1":"product","2":"type-product","3":"status-publish","4":"has-post-thumbnail","6":"product_cat-extrusor-film-polietileno","8":"first","9":"instock","10":"shipping-taxable","11":"product-type-simple"},"acf":[],"_links":{"self":[{"href":"http:\/\/maquinaparahacerbolsas.com.ve\/es\/wp-json\/wp\/v2\/product\/28617","targetHints":{"allow":["GET"]}}],"collection":[{"href":"http:\/\/maquinaparahacerbolsas.com.ve\/es\/wp-json\/wp\/v2\/product"}],"about":[{"href":"http:\/\/maquinaparahacerbolsas.com.ve\/es\/wp-json\/wp\/v2\/types\/product"}],"replies":[{"embeddable":true,"href":"http:\/\/maquinaparahacerbolsas.com.ve\/es\/wp-json\/wp\/v2\/comments?post=28617"}],"version-history":[{"count":0,"href":"http:\/\/maquinaparahacerbolsas.com.ve\/es\/wp-json\/wp\/v2\/product\/28617\/revisions"}],"wp:featuredmedia":[{"embeddable":true,"href":"http:\/\/maquinaparahacerbolsas.com.ve\/es\/wp-json\/wp\/v2\/media\/29499"}],"wp:attachment":[{"href":"http:\/\/maquinaparahacerbolsas.com.ve\/es\/wp-json\/wp\/v2\/media?parent=28617"}],"wp:term":[{"taxonomy":"product_brand","embeddable":true,"href":"http:\/\/maquinaparahacerbolsas.com.ve\/es\/wp-json\/wp\/v2\/product_brand?post=28617"},{"taxonomy":"product_cat","embeddable":true,"href":"http:\/\/maquinaparahacerbolsas.com.ve\/es\/wp-json\/wp\/v2\/product_cat?post=28617"},{"taxonomy":"product_tag","embeddable":true,"href":"http:\/\/maquinaparahacerbolsas.com.ve\/es\/wp-json\/wp\/v2\/product_tag?post=28617"}],"curies":[{"name":"wp","href":"https:\/\/api.w.org\/{rel}","templated":true}]}}