{"id":28574,"date":"2025-02-24T09:30:16","date_gmt":"2025-02-24T01:30:16","guid":{"rendered":"https:\/\/blanchedalmond-goat-523522.hostingersite.com\/?post_type=product&#038;p=28574"},"modified":"2025-10-13T12:13:46","modified_gmt":"2025-10-13T04:13:46","slug":"maquina-para-hacer-flor-bolsas","status":"publish","type":"product","link":"http:\/\/maquinaparahacerbolsas.com.ve\/es\/maquina-para-hacer-flor-bolsas","title":{"rendered":"M\u00e1quina Para Hacer bolsas flor rosa"},"content":{"rendered":"<p data-rm-block-id=\"block-1\">M\u00e1quina Para Hacer bolsas flor rosa: Usos y caracter\u00edsticas<\/p>\n<p data-rm-block-id=\"block-2\">La M\u00e1quina Confeccionadora Para Hacer bolsas flor rosa est\u00e1 dise\u00f1ada principalmente para la producci\u00f3n de diversas bolsas, incluyendo aquellas destinadas a flores, paraguas y bolsas con cierre. Tras el proceso de reequipamiento, es capaz de fabricar bolsas de arco de BOPP, PE y POF.<\/p>\n<p data-rm-block-id=\"block-3\">Rendimiento y especificaciones:<br \/>\n1) La KDF-400 es ideal para la confecci\u00f3n de bolsas para pl\u00e1ntulas de flores y bolsas con cierre.<br \/>\n2) La KDF-600 es adecuada para peque\u00f1as bolsas destinadas a pl\u00e1ntulas de flores frescas y para uvas.<br \/>\n3) La KDF-900 es apropiada para grandes bolsas para pl\u00e1ntulas de flores frescas, as\u00ed como para paraguas y bolsas con cierre.<\/p>\n<p data-rm-block-id=\"block-4\">a) Alta sensibilidad con c\u00e9lulas fotoel\u00e9ctricas que garantizan una fabricaci\u00f3n precisa de las bolsas.<br \/>\nb) La funci\u00f3n de estampado se ofrece como opcional.<br \/>\nc) Se aceptan pedidos de m\u00e1quinas con caracter\u00edsticas especiales.<br \/>\nd) Tambi\u00e9n se pueden realizar pedidos de bolsas en tama\u00f1os especiales. Par\u00e1metros t\u00e9cnicos principales.<\/p>\n<table border=\"0\" cellspacing=\"0\" cellpadding=\"0\">\n<tbody>\n<tr>\n<td valign=\"bottom\" data-rm-block-id=\"block-5\">Model<\/td>\n<td valign=\"bottom\" data-rm-block-id=\"block-6\"><span data-scayt_word=\"KDF400\" data-scaytid=\"9\">KDF400<\/span><\/td>\n<td valign=\"bottom\" data-rm-block-id=\"block-7\"><span data-scayt_word=\"KDF600\" data-scaytid=\"10\">KDF600<\/span><\/td>\n<td valign=\"bottom\" data-rm-block-id=\"block-8\"><span data-scayt_word=\"KDF900\" data-scaytid=\"11\">KDF900<\/span><\/td>\n<\/tr>\n<tr>\n<td valign=\"bottom\" data-rm-block-id=\"block-9\">Power<\/td>\n<td valign=\"bottom\" data-rm-block-id=\"block-10\"><span data-scayt_word=\"220V\" data-scaytid=\"18\">220V<\/span><\/td>\n<td valign=\"bottom\" data-rm-block-id=\"block-11\"><span data-scayt_word=\"220V\" data-scaytid=\"19\">220V<\/span><\/td>\n<td valign=\"bottom\" data-rm-block-id=\"block-12\"><span data-scayt_word=\"220V\" data-scaytid=\"20\">220V<\/span><\/td>\n<\/tr>\n<tr>\n<td valign=\"bottom\" data-rm-block-id=\"block-13\">Total power<\/td>\n<td valign=\"bottom\" data-rm-block-id=\"block-14\">3.5KW<\/td>\n<td valign=\"bottom\" data-rm-block-id=\"block-15\">\u00a05.0KW<\/td>\n<td valign=\"bottom\" data-rm-block-id=\"block-16\">8.5KW<\/td>\n<\/tr>\n<tr>\n<td valign=\"bottom\" data-rm-block-id=\"block-17\">Bag-making Width<\/td>\n<td valign=\"bottom\" data-rm-block-id=\"block-18\"><span data-scayt_word=\"50-300mm\" data-scaytid=\"21\">50-300mm<\/span><\/td>\n<td valign=\"bottom\" data-rm-block-id=\"block-19\"><span data-scayt_word=\"50-500mm\" data-scaytid=\"22\">50-500mm<\/span><\/td>\n<td valign=\"bottom\" data-rm-block-id=\"block-20\"><span data-scayt_word=\"50-800mm\" data-scaytid=\"23\">50-800mm<\/span><\/td>\n<\/tr>\n<tr>\n<td valign=\"bottom\" data-rm-block-id=\"block-21\">Bag-making Length<\/td>\n<td valign=\"bottom\" data-rm-block-id=\"block-22\"><span data-scayt_word=\"40-500mm\" data-scaytid=\"24\">40-500mm<\/span><\/td>\n<td valign=\"bottom\" data-rm-block-id=\"block-23\"><span data-scayt_word=\"40-500mm\" data-scaytid=\"25\">40-500mm<\/span><\/td>\n<td valign=\"bottom\" data-rm-block-id=\"block-24\"><span data-scayt_word=\"40-500mm\" data-scaytid=\"26\">40-500mm<\/span><\/td>\n<\/tr>\n<tr>\n<td valign=\"bottom\" data-rm-block-id=\"block-25\">Bag-making Speed<\/td>\n<td valign=\"bottom\" data-rm-block-id=\"block-26\"><span data-scayt_word=\"30-160P\" data-scaytid=\"27\">30-160P<\/span>\/min<\/td>\n<td valign=\"bottom\" data-rm-block-id=\"block-27\"><span data-scayt_word=\"30-140P\" data-scaytid=\"28\">30-140P<\/span>\/min<\/td>\n<td valign=\"bottom\" data-rm-block-id=\"block-28\"><span data-scayt_word=\"30-120P\" data-scaytid=\"29\">30-120P<\/span>\/min<\/td>\n<\/tr>\n<tr>\n<td valign=\"bottom\" data-rm-block-id=\"block-29\">Weight<\/td>\n<td valign=\"bottom\" data-rm-block-id=\"block-30\"><span data-scayt_word=\"450kg\" data-scaytid=\"30\">450kg<\/span><\/td>\n<td valign=\"bottom\" data-rm-block-id=\"block-31\"><span data-scayt_word=\"800kg\" data-scaytid=\"31\">800kg<\/span><\/td>\n<td valign=\"bottom\" data-rm-block-id=\"block-32\"><span data-scayt_word=\"1000kg\" data-scaytid=\"32\">1000kg<\/span><\/td>\n<\/tr>\n<tr>\n<td valign=\"bottom\" data-rm-block-id=\"block-33\">Length of machine<\/td>\n<td valign=\"bottom\" data-rm-block-id=\"block-34\"><span data-scayt_word=\"3300mm\" data-scaytid=\"33\">3300mm<\/span><\/td>\n<td valign=\"bottom\" data-rm-block-id=\"block-35\"><span data-scayt_word=\"3600mm\" data-scaytid=\"34\">3600mm<\/span><\/td>\n<td valign=\"bottom\" data-rm-block-id=\"block-36\"><span data-scayt_word=\"3600mm\" data-scaytid=\"35\">3600mm<\/span><\/td>\n<\/tr>\n<tr>\n<td valign=\"bottom\" data-rm-block-id=\"block-37\">Width of machine<\/td>\n<td valign=\"bottom\" data-rm-block-id=\"block-38\"><span data-scayt_word=\"860mm\" data-scaytid=\"36\">860mm<\/span><\/td>\n<td valign=\"bottom\" data-rm-block-id=\"block-39\"><span data-scayt_word=\"1140mm\" data-scaytid=\"37\">1140mm<\/span><\/td>\n<td valign=\"bottom\" data-rm-block-id=\"block-40\"><span data-scayt_word=\"1440mm\" data-scaytid=\"38\">1440mm<\/span><\/td>\n<\/tr>\n<tr>\n<td valign=\"bottom\" data-rm-block-id=\"block-41\">Height of machine<\/td>\n<td valign=\"bottom\" data-rm-block-id=\"block-42\"><span data-scayt_word=\"1225mm\" data-scaytid=\"39\">1225mm<\/span><\/td>\n<td valign=\"bottom\" data-rm-block-id=\"block-43\"><span data-scayt_word=\"1225mm\" data-scaytid=\"40\">1225mm<\/span><\/td>\n<td valign=\"bottom\" data-rm-block-id=\"block-44\"><span data-scayt_word=\"1225mm\" data-scaytid=\"41\">1225mm<\/span><\/td>\n<\/tr>\n<\/tbody>\n<\/table>\n<p data-rm-block-id=\"block-45\">Si solo compra una m\u00e1quina, la empacaremos con un paquete de madera y la cargaremos en un contenedor con carga menor a la del contenedor (LCL).<\/p>\n<p data-rm-block-id=\"block-46\"><img fetchpriority=\"high\" decoding=\"async\" class=\" wp-image-29711\" src=\"https:\/\/maquinaparahacerbolsas.com.ve\/es\/wp-content\/uploads\/2025\/02\/plastic-machine-shipment-with-wooden-pack-less-containers.webp\" sizes=\"(max-width: 492px) 100vw, 492px\" srcset=\"https:\/\/maquinaparahacerbolsas.com.ve\/es\/wp-content\/uploads\/2025\/02\/plastic-machine-shipment-with-wooden-pack-less-containers.webp 768w, https:\/\/maquinaparahacerbolsas.com.ve\/es\/wp-content\/uploads\/2025\/02\/plastic-machine-shipment-with-wooden-pack-less-containers-400x295.webp 400w, https:\/\/maquinaparahacerbolsas.com.ve\/es\/wp-content\/uploads\/2025\/02\/plastic-machine-shipment-with-wooden-pack-less-containers-430x317.webp 430w, https:\/\/maquinaparahacerbolsas.com.ve\/es\/wp-content\/uploads\/2025\/02\/plastic-machine-shipment-with-wooden-pack-less-containers-700x517.webp 700w, https:\/\/maquinaparahacerbolsas.com.ve\/es\/wp-content\/uploads\/2025\/02\/plastic-machine-shipment-with-wooden-pack-less-containers-150x111.webp 150w\" alt=\"plastic machine shipment with wooden pack less containers\" width=\"492\" height=\"363\" \/><\/p>\n<p data-rm-block-id=\"block-47\">Nuestro principal colaborador de piezas es la siguiente marca, pero las piezas est\u00e1ndar est\u00e1n todas fabricadas en China.<\/p>\n<div id=\"attachment_29712\" class=\"wp-caption alignnone\">\n<p data-rm-block-id=\"block-48\"><img decoding=\"async\" class=\" wp-image-29712\" src=\"https:\/\/maquinaparahacerbolsas.com.ve\/es\/wp-content\/uploads\/2025\/02\/plastic-machine-parts-supplier.webp\" sizes=\"(max-width: 492px) 100vw, 492px\" srcset=\"https:\/\/maquinaparahacerbolsas.com.ve\/es\/wp-content\/uploads\/2025\/02\/plastic-machine-parts-supplier.webp 875w, https:\/\/maquinaparahacerbolsas.com.ve\/es\/wp-content\/uploads\/2025\/02\/plastic-machine-parts-supplier-400x230.webp 400w, https:\/\/maquinaparahacerbolsas.com.ve\/es\/wp-content\/uploads\/2025\/02\/plastic-machine-parts-supplier-768x442.webp 768w, https:\/\/maquinaparahacerbolsas.com.ve\/es\/wp-content\/uploads\/2025\/02\/plastic-machine-parts-supplier-430x248.webp 430w, https:\/\/maquinaparahacerbolsas.com.ve\/es\/wp-content\/uploads\/2025\/02\/plastic-machine-parts-supplier-700x403.webp 700w, https:\/\/maquinaparahacerbolsas.com.ve\/es\/wp-content\/uploads\/2025\/02\/plastic-machine-parts-supplier-150x86.webp 150w\" alt=\"plastic machine parts supplier\" width=\"492\" height=\"283\" aria-describedby=\"caption-attachment-29712\" \/><\/p>\n<p id=\"caption-attachment-29712\" class=\"wp-caption-text\" data-rm-block-id=\"block-49\">proveedor de piezas de m\u00e1quinas de pl\u00e1stico<\/p>\n<\/div>\n<div id=\"attachment_29717\" class=\"wp-caption alignnone\">\n<p data-rm-block-id=\"block-50\"><img decoding=\"async\" class=\"size-full wp-image-29717\" src=\"https:\/\/maquinaparahacerbolsas.com.ve\/es\/wp-content\/uploads\/2025\/02\/plastic-bag-machine-supplier.webp\" sizes=\"(max-width: 497px) 100vw, 497px\" srcset=\"https:\/\/maquinaparahacerbolsas.com.ve\/es\/wp-content\/uploads\/2025\/02\/plastic-bag-machine-supplier.webp 497w, https:\/\/maquinaparahacerbolsas.com.ve\/es\/wp-content\/uploads\/2025\/02\/plastic-bag-machine-supplier-300x300.webp 300w, https:\/\/maquinaparahacerbolsas.com.ve\/es\/wp-content\/uploads\/2025\/02\/plastic-bag-machine-supplier-150x150.webp 150w, https:\/\/maquinaparahacerbolsas.com.ve\/es\/wp-content\/uploads\/2025\/02\/plastic-bag-machine-supplier-430x430.webp 430w\" alt=\"plastic bag machine supplier\" width=\"497\" height=\"497\" aria-describedby=\"caption-attachment-29717\" \/><\/p>\n<p id=\"caption-attachment-29717\" class=\"wp-caption-text\" data-rm-block-id=\"block-51\">plastic bag machine supplier<\/p>\n<\/div>\n<div id=\"attachment_29716\" class=\"wp-caption alignnone\">\n<p data-rm-block-id=\"block-52\"><img loading=\"lazy\" decoding=\"async\" class=\"wp-image-29716\" src=\"https:\/\/maquinaparahacerbolsas.com.ve\/es\/wp-content\/uploads\/2025\/02\/Plastic-bag-machine-factory.webp\" sizes=\"(max-width: 500px) 100vw, 500px\" srcset=\"https:\/\/maquinaparahacerbolsas.com.ve\/es\/wp-content\/uploads\/2025\/02\/Plastic-bag-machine-factory.webp 467w, https:\/\/maquinaparahacerbolsas.com.ve\/es\/wp-content\/uploads\/2025\/02\/Plastic-bag-machine-factory-296x300.webp 296w, https:\/\/maquinaparahacerbolsas.com.ve\/es\/wp-content\/uploads\/2025\/02\/Plastic-bag-machine-factory-430x436.webp 430w, https:\/\/maquinaparahacerbolsas.com.ve\/es\/wp-content\/uploads\/2025\/02\/Plastic-bag-machine-factory-150x152.webp 150w\" alt=\"Plastic bag machine factory\" width=\"500\" height=\"507\" aria-describedby=\"caption-attachment-29716\" \/><\/p>\n<p id=\"caption-attachment-29716\" class=\"wp-caption-text\" data-rm-block-id=\"block-53\">F\u00e1brica de m\u00e1quinas para fabricar bolsas de pl\u00e1stico<\/p>\n<\/div>\n<div id=\"attachment_29715\" class=\"wp-caption alignnone\">\n<p data-rm-block-id=\"block-54\"><img loading=\"lazy\" decoding=\"async\" class=\"wp-image-29715 size-full\" src=\"https:\/\/maquinaparahacerbolsas.com.ve\/es\/wp-content\/uploads\/2025\/02\/Plastic_Recycling_Machine_Near_us_Price.webp\" sizes=\"(max-width: 497px) 100vw, 497px\" srcset=\"https:\/\/maquinaparahacerbolsas.com.ve\/es\/wp-content\/uploads\/2025\/02\/Plastic_Recycling_Machine_Near_us_Price.webp 497w, https:\/\/maquinaparahacerbolsas.com.ve\/es\/wp-content\/uploads\/2025\/02\/Plastic_Recycling_Machine_Near_us_Price-300x300.webp 300w, https:\/\/maquinaparahacerbolsas.com.ve\/es\/wp-content\/uploads\/2025\/02\/Plastic_Recycling_Machine_Near_us_Price-150x150.webp 150w, https:\/\/maquinaparahacerbolsas.com.ve\/es\/wp-content\/uploads\/2025\/02\/Plastic_Recycling_Machine_Near_us_Price-430x430.webp 430w\" alt=\"Plastic Recycling Machine \" width=\"497\" height=\"497\" aria-describedby=\"caption-attachment-29715\" \/><\/p>\n<p id=\"caption-attachment-29715\" class=\"wp-caption-text\" data-rm-block-id=\"block-55\">Plastic Recycling Machine<\/p>\n<\/div>\n","protected":false},"excerpt":{"rendered":"<p>M\u00e1quina Confeccionadora Para Hacer bolsas BOPP flor<\/p>\n","protected":false},"featured_media":29542,"comment_status":"closed","ping_status":"closed","template":"","meta":{"_acf_changed":false},"product_brand":[],"product_cat":[86],"product_tag":[],"class_list":{"0":"post-28574","1":"product","2":"type-product","3":"status-publish","4":"has-post-thumbnail","6":"product_cat-maquina-para-hacer-bolsas","8":"first","9":"instock","10":"shipping-taxable","11":"product-type-simple"},"acf":[],"_links":{"self":[{"href":"http:\/\/maquinaparahacerbolsas.com.ve\/es\/wp-json\/wp\/v2\/product\/28574","targetHints":{"allow":["GET"]}}],"collection":[{"href":"http:\/\/maquinaparahacerbolsas.com.ve\/es\/wp-json\/wp\/v2\/product"}],"about":[{"href":"http:\/\/maquinaparahacerbolsas.com.ve\/es\/wp-json\/wp\/v2\/types\/product"}],"replies":[{"embeddable":true,"href":"http:\/\/maquinaparahacerbolsas.com.ve\/es\/wp-json\/wp\/v2\/comments?post=28574"}],"version-history":[{"count":0,"href":"http:\/\/maquinaparahacerbolsas.com.ve\/es\/wp-json\/wp\/v2\/product\/28574\/revisions"}],"wp:featuredmedia":[{"embeddable":true,"href":"http:\/\/maquinaparahacerbolsas.com.ve\/es\/wp-json\/wp\/v2\/media\/29542"}],"wp:attachment":[{"href":"http:\/\/maquinaparahacerbolsas.com.ve\/es\/wp-json\/wp\/v2\/media?parent=28574"}],"wp:term":[{"taxonomy":"product_brand","embeddable":true,"href":"http:\/\/maquinaparahacerbolsas.com.ve\/es\/wp-json\/wp\/v2\/product_brand?post=28574"},{"taxonomy":"product_cat","embeddable":true,"href":"http:\/\/maquinaparahacerbolsas.com.ve\/es\/wp-json\/wp\/v2\/product_cat?post=28574"},{"taxonomy":"product_tag","embeddable":true,"href":"http:\/\/maquinaparahacerbolsas.com.ve\/es\/wp-json\/wp\/v2\/product_tag?post=28574"}],"curies":[{"name":"wp","href":"https:\/\/api.w.org\/{rel}","templated":true}]}}