{"id":28570,"date":"2025-02-24T09:27:46","date_gmt":"2025-02-24T01:27:46","guid":{"rendered":"https:\/\/blanchedalmond-goat-523522.hostingersite.com\/?post_type=product&#038;p=28570"},"modified":"2025-10-13T12:12:06","modified_gmt":"2025-10-13T04:12:06","slug":"maquina-para-hacer-bolsas-celofan","status":"publish","type":"product","link":"http:\/\/maquinaparahacerbolsas.com.ve\/es\/maquina-para-hacer-bolsas-celofan","title":{"rendered":"Maquina para hacer bolsas celofan"},"content":{"rendered":"<p data-rm-block-id=\"block-1\">maquina para hacer bolsas celofan<\/p>\n<div data-rm-block-id=\"block-2\">La maquina para hacer bolsas celofan es adecuada para termosellar y cortar con calor materiales como BOPP, OPP, las pel\u00edculas de contracci\u00f3n rmal, etc., y es un tipo de equipo ideal para hacer bolsas de calcetines, bolsas de toallas, bolsas de pan y bolsas de omament, etc. . La m\u00e1quina tiene caracter\u00edsticas tales como flxing de longitud por computadora, seguimiento fotoel\u00e9ctrico, rendimiento estable (estructura de hierro fundido) y alta velocidad, etc. Y tiene funciones tales como encolado autom\u00e1tico, perforado autom\u00e1tico y termosellado de cordones, etc.<\/div>\n<div id=\"attachment_28571\" style=\"width: 410px\" class=\"wp-caption alignnone\"><img fetchpriority=\"high\" decoding=\"async\" aria-describedby=\"caption-attachment-28571\" class=\"wp-image-28571 size-full\" src=\"https:\/\/maquinaparahacerbolsas.com.ve\/es\/wp-content\/uploads\/2025\/02\/Bolsas-de-BOPP-lateral.jpg\" alt=\"Confeccionadora De Bolsas Celofan\" width=\"400\" height=\"300\" srcset=\"http:\/\/maquinaparahacerbolsas.com.ve\/es\/wp-content\/uploads\/2025\/02\/Bolsas-de-BOPP-lateral.jpg 400w, http:\/\/maquinaparahacerbolsas.com.ve\/es\/wp-content\/uploads\/2025\/02\/Bolsas-de-BOPP-lateral-150x113.jpg 150w\" sizes=\"(max-width: 400px) 100vw, 400px\" \/><p id=\"caption-attachment-28571\" class=\"wp-caption-text\">Confeccionadora De Bolsas Celofan<\/p><\/div>\n<div data-rm-block-id=\"block-3\">Main Technical Variables:<\/div>\n<table border=\"0\" cellspacing=\"1\" cellpadding=\"5\">\n<tbody>\n<tr>\n<td width=\"188\">\n<div data-rm-block-id=\"block-4\">Model<\/div>\n<\/td>\n<td>\n<div data-rm-block-id=\"block-5\"><span data-scayt_word=\"RQL-600\" data-scaytid=\"13\">RQL-600<\/span><\/div>\n<\/td>\n<td width=\"109\">\n<div data-rm-block-id=\"block-6\"><span data-scayt_word=\"RQL-800\" data-scaytid=\"14\">RQL-800<\/span><\/div>\n<\/td>\n<td width=\"109\">\n<div data-rm-block-id=\"block-7\"><span data-scayt_word=\"RQL-1000\" data-scaytid=\"15\">RQL-1000<\/span><\/div>\n<\/td>\n<\/tr>\n<tr>\n<td width=\"188\">\n<div data-rm-block-id=\"block-8\">Width of sealing &amp; cutting<\/div>\n<\/td>\n<td>\n<div data-rm-block-id=\"block-9\"><span data-scayt_word=\"580mm\" data-scaytid=\"16\">580mm<\/span><\/div>\n<\/td>\n<td width=\"109\">\n<div data-rm-block-id=\"block-10\"><span data-scayt_word=\"780mm\" data-scaytid=\"17\">780mm<\/span><\/div>\n<\/td>\n<td width=\"109\">\n<div data-rm-block-id=\"block-11\"><span data-scayt_word=\"980mm\" data-scaytid=\"18\">980mm<\/span><\/div>\n<\/td>\n<\/tr>\n<tr>\n<td width=\"188\">\n<div data-rm-block-id=\"block-12\">Length of sealing &amp;cutting<\/div>\n<\/td>\n<td>\n<div data-rm-block-id=\"block-13\"><span data-scayt_word=\"999mm\" data-scaytid=\"19\">999mm<\/span><\/div>\n<\/td>\n<td width=\"109\">\n<div data-rm-block-id=\"block-14\"><span data-scayt_word=\"999mm\" data-scaytid=\"20\">999mm<\/span><\/div>\n<\/td>\n<td width=\"109\">\n<div data-rm-block-id=\"block-15\"><span data-scayt_word=\"999mm\" data-scaytid=\"21\">999mm<\/span><\/div>\n<\/td>\n<\/tr>\n<tr>\n<td width=\"188\">\n<div data-rm-block-id=\"block-16\">Speed of bag-making<\/div>\n<\/td>\n<td>\n<div data-rm-block-id=\"block-17\"><span data-scayt_word=\"40-240pc\" data-scaytid=\"22\">40-240pc<\/span>\/min<\/div>\n<\/td>\n<td width=\"109\">\n<div data-rm-block-id=\"block-18\"><span data-scayt_word=\"40-240pc\" data-scaytid=\"23\">40-240pc<\/span>\/min<\/div>\n<\/td>\n<td width=\"109\">\n<div data-rm-block-id=\"block-19\"><span data-scayt_word=\"40-240pc\" data-scaytid=\"24\">40-240pc<\/span>\/min<\/div>\n<\/td>\n<\/tr>\n<tr>\n<td width=\"188\">\n<div data-rm-block-id=\"block-20\">Power of motor<\/div>\n<\/td>\n<td>\n<div data-rm-block-id=\"block-21\"><span data-scayt_word=\"3kw\" data-scaytid=\"25\">3kw<\/span><\/div>\n<\/td>\n<td width=\"109\">\n<div data-rm-block-id=\"block-22\"><span data-scayt_word=\"7kw\" data-scaytid=\"26\">7kw<\/span><\/div>\n<\/td>\n<td width=\"109\">\n<div data-rm-block-id=\"block-23\"><span data-scayt_word=\"10kw\" data-scaytid=\"27\">10kw<\/span><\/div>\n<\/td>\n<\/tr>\n<tr>\n<td width=\"188\">\n<div data-rm-block-id=\"block-24\">Weight<\/div>\n<\/td>\n<td>\n<div data-rm-block-id=\"block-25\"><span data-scayt_word=\"700kg\" data-scaytid=\"28\">700kg<\/span><\/div>\n<\/td>\n<td width=\"109\">\n<div data-rm-block-id=\"block-26\"><span data-scayt_word=\"850kg\" data-scaytid=\"29\">850kg<\/span><\/div>\n<\/td>\n<td width=\"109\">\n<div data-rm-block-id=\"block-27\"><span data-scayt_word=\"950kg\" data-scaytid=\"30\">950kg<\/span><\/div>\n<\/td>\n<\/tr>\n<tr>\n<td width=\"188\">\n<div data-rm-block-id=\"block-28\">Outline dimension (m)<\/div>\n<\/td>\n<td>\n<div data-rm-block-id=\"block-29\">3.6*1.2*1.7<\/div>\n<\/td>\n<td width=\"109\">\n<div data-rm-block-id=\"block-30\">3.6*1.4*1.7<\/div>\n<\/td>\n<td width=\"109\">\n<div data-rm-block-id=\"block-31\">3.6*1.6*1.7<\/div>\n<\/td>\n<\/tr>\n<\/tbody>\n<\/table>\n<p data-rm-block-id=\"block-32\">Si solo compra una m\u00e1quina, la empacaremos con un paquete de madera y la cargaremos en un contenedor con carga menor a la del contenedor (LCL).<\/p>\n<p data-rm-block-id=\"block-33\"><img decoding=\"async\" class=\" wp-image-29711\" src=\"https:\/\/maquinaparahacerbolsas.com.ve\/es\/wp-content\/uploads\/2025\/02\/plastic-machine-shipment-with-wooden-pack-less-containers.webp\" sizes=\"(max-width: 492px) 100vw, 492px\" srcset=\"https:\/\/maquinaparahacerbolsas.com.ve\/es\/wp-content\/uploads\/2025\/02\/plastic-machine-shipment-with-wooden-pack-less-containers.webp 768w, https:\/\/maquinaparahacerbolsas.com.ve\/es\/wp-content\/uploads\/2025\/02\/plastic-machine-shipment-with-wooden-pack-less-containers-400x295.webp 400w, https:\/\/maquinaparahacerbolsas.com.ve\/es\/wp-content\/uploads\/2025\/02\/plastic-machine-shipment-with-wooden-pack-less-containers-430x317.webp 430w, https:\/\/maquinaparahacerbolsas.com.ve\/es\/wp-content\/uploads\/2025\/02\/plastic-machine-shipment-with-wooden-pack-less-containers-700x517.webp 700w, https:\/\/maquinaparahacerbolsas.com.ve\/es\/wp-content\/uploads\/2025\/02\/plastic-machine-shipment-with-wooden-pack-less-containers-150x111.webp 150w\" alt=\"plastic machine shipment with wooden pack less containers\" width=\"492\" height=\"363\" \/><\/p>\n<p data-rm-block-id=\"block-34\">Nuestro principal colaborador de piezas es la siguiente marca, pero las piezas est\u00e1ndar est\u00e1n todas fabricadas en China.<\/p>\n<div id=\"attachment_29712\" class=\"wp-caption alignnone\">\n<p data-rm-block-id=\"block-35\"><img decoding=\"async\" class=\" wp-image-29712\" src=\"https:\/\/maquinaparahacerbolsas.com.ve\/es\/wp-content\/uploads\/2025\/02\/plastic-machine-parts-supplier.webp\" sizes=\"(max-width: 492px) 100vw, 492px\" srcset=\"https:\/\/maquinaparahacerbolsas.com.ve\/es\/wp-content\/uploads\/2025\/02\/plastic-machine-parts-supplier.webp 875w, https:\/\/maquinaparahacerbolsas.com.ve\/es\/wp-content\/uploads\/2025\/02\/plastic-machine-parts-supplier-400x230.webp 400w, https:\/\/maquinaparahacerbolsas.com.ve\/es\/wp-content\/uploads\/2025\/02\/plastic-machine-parts-supplier-768x442.webp 768w, https:\/\/maquinaparahacerbolsas.com.ve\/es\/wp-content\/uploads\/2025\/02\/plastic-machine-parts-supplier-430x248.webp 430w, https:\/\/maquinaparahacerbolsas.com.ve\/es\/wp-content\/uploads\/2025\/02\/plastic-machine-parts-supplier-700x403.webp 700w, https:\/\/maquinaparahacerbolsas.com.ve\/es\/wp-content\/uploads\/2025\/02\/plastic-machine-parts-supplier-150x86.webp 150w\" alt=\"plastic machine parts supplier\" width=\"492\" height=\"283\" aria-describedby=\"caption-attachment-29712\" \/><\/p>\n<p id=\"caption-attachment-29712\" class=\"wp-caption-text\" data-rm-block-id=\"block-36\">proveedor de piezas de m\u00e1quinas de pl\u00e1stico<\/p>\n<\/div>\n<div id=\"attachment_29717\" class=\"wp-caption alignnone\">\n<p data-rm-block-id=\"block-37\"><img loading=\"lazy\" decoding=\"async\" class=\"size-full wp-image-29717\" src=\"https:\/\/maquinaparahacerbolsas.com.ve\/es\/wp-content\/uploads\/2025\/02\/plastic-bag-machine-supplier.webp\" sizes=\"(max-width: 497px) 100vw, 497px\" srcset=\"https:\/\/maquinaparahacerbolsas.com.ve\/es\/wp-content\/uploads\/2025\/02\/plastic-bag-machine-supplier.webp 497w, https:\/\/maquinaparahacerbolsas.com.ve\/es\/wp-content\/uploads\/2025\/02\/plastic-bag-machine-supplier-300x300.webp 300w, https:\/\/maquinaparahacerbolsas.com.ve\/es\/wp-content\/uploads\/2025\/02\/plastic-bag-machine-supplier-150x150.webp 150w, https:\/\/maquinaparahacerbolsas.com.ve\/es\/wp-content\/uploads\/2025\/02\/plastic-bag-machine-supplier-430x430.webp 430w\" alt=\"plastic bag machine supplier\" width=\"497\" height=\"497\" aria-describedby=\"caption-attachment-29717\" \/><\/p>\n<p id=\"caption-attachment-29717\" class=\"wp-caption-text\" data-rm-block-id=\"block-38\">plastic bag machine supplier<\/p>\n<\/div>\n<div id=\"attachment_29716\" class=\"wp-caption alignnone\">\n<p data-rm-block-id=\"block-39\"><img loading=\"lazy\" decoding=\"async\" class=\"wp-image-29716\" src=\"https:\/\/maquinaparahacerbolsas.com.ve\/es\/wp-content\/uploads\/2025\/02\/Plastic-bag-machine-factory.webp\" sizes=\"(max-width: 500px) 100vw, 500px\" srcset=\"https:\/\/maquinaparahacerbolsas.com.ve\/es\/wp-content\/uploads\/2025\/02\/Plastic-bag-machine-factory.webp 467w, https:\/\/maquinaparahacerbolsas.com.ve\/es\/wp-content\/uploads\/2025\/02\/Plastic-bag-machine-factory-296x300.webp 296w, https:\/\/maquinaparahacerbolsas.com.ve\/es\/wp-content\/uploads\/2025\/02\/Plastic-bag-machine-factory-430x436.webp 430w, https:\/\/maquinaparahacerbolsas.com.ve\/es\/wp-content\/uploads\/2025\/02\/Plastic-bag-machine-factory-150x152.webp 150w\" alt=\"Plastic bag machine factory\" width=\"500\" height=\"507\" aria-describedby=\"caption-attachment-29716\" \/><\/p>\n<p id=\"caption-attachment-29716\" class=\"wp-caption-text\" data-rm-block-id=\"block-40\">F\u00e1brica de m\u00e1quinas para fabricar bolsas de pl\u00e1stico<\/p>\n<\/div>\n<div id=\"attachment_29715\" class=\"wp-caption alignnone\">\n<p data-rm-block-id=\"block-41\"><img loading=\"lazy\" decoding=\"async\" class=\"wp-image-29715 size-full\" src=\"https:\/\/maquinaparahacerbolsas.com.ve\/es\/wp-content\/uploads\/2025\/02\/Plastic_Recycling_Machine_Near_us_Price.webp\" sizes=\"(max-width: 497px) 100vw, 497px\" srcset=\"https:\/\/maquinaparahacerbolsas.com.ve\/es\/wp-content\/uploads\/2025\/02\/Plastic_Recycling_Machine_Near_us_Price.webp 497w, https:\/\/maquinaparahacerbolsas.com.ve\/es\/wp-content\/uploads\/2025\/02\/Plastic_Recycling_Machine_Near_us_Price-300x300.webp 300w, https:\/\/maquinaparahacerbolsas.com.ve\/es\/wp-content\/uploads\/2025\/02\/Plastic_Recycling_Machine_Near_us_Price-150x150.webp 150w, https:\/\/maquinaparahacerbolsas.com.ve\/es\/wp-content\/uploads\/2025\/02\/Plastic_Recycling_Machine_Near_us_Price-430x430.webp 430w\" alt=\"Plastic Recycling Machine \" width=\"497\" height=\"497\" aria-describedby=\"caption-attachment-29715\" \/><\/p>\n<p id=\"caption-attachment-29715\" class=\"wp-caption-text\" data-rm-block-id=\"block-42\">Plastic Recycling Machine<\/p>\n<\/div>\n<div id=\"attachment_29719\" class=\"wp-caption alignnone\">\n<p data-rm-block-id=\"block-43\"><img loading=\"lazy\" decoding=\"async\" class=\" wp-image-29719\" src=\"https:\/\/maquinaparahacerbolsas.com.ve\/es\/wp-content\/uploads\/2025\/02\/Envio-de-maquinas-de-plastico-a-Venezuela.webp\" sizes=\"(max-width: 484px) 100vw, 484px\" srcset=\"https:\/\/maquinaparahacerbolsas.com.ve\/es\/wp-content\/uploads\/2025\/02\/Envio-de-maquinas-de-plastico-a-Venezuela.webp 800w, https:\/\/maquinaparahacerbolsas.com.ve\/es\/wp-content\/uploads\/2025\/02\/Envio-de-maquinas-de-plastico-a-Venezuela-400x202.webp 400w, https:\/\/maquinaparahacerbolsas.com.ve\/es\/wp-content\/uploads\/2025\/02\/Envio-de-maquinas-de-plastico-a-Venezuela-768x387.webp 768w, https:\/\/maquinaparahacerbolsas.com.ve\/es\/wp-content\/uploads\/2025\/02\/Envio-de-maquinas-de-plastico-a-Venezuela-430x217.webp 430w, https:\/\/maquinaparahacerbolsas.com.ve\/es\/wp-content\/uploads\/2025\/02\/Envio-de-maquinas-de-plastico-a-Venezuela-700x353.webp 700w, https:\/\/maquinaparahacerbolsas.com.ve\/es\/wp-content\/uploads\/2025\/02\/Envio-de-maquinas-de-plastico-a-Venezuela-150x76.webp 150w\" alt=\"Env\u00edo de m\u00e1quinas de pl\u00e1stico a Venezuela\" width=\"484\" height=\"244\" aria-describedby=\"caption-attachment-29719\" \/><\/p>\n<p id=\"caption-attachment-29719\" class=\"wp-caption-text\" data-rm-block-id=\"block-44\">Env\u00edo de m\u00e1quinas de pl\u00e1stico a Venezuela<\/p>\n<\/div>\n<div id=\"attachment_29720\" class=\"wp-caption alignnone\">\n<p data-rm-block-id=\"block-45\"><img loading=\"lazy\" decoding=\"async\" class=\"wp-image-29720\" src=\"https:\/\/maquinaparahacerbolsas.com.ve\/es\/wp-content\/uploads\/2025\/02\/maquina-confeccionadora-para-hacer-bolsas-por-Venezuela.webp\" sizes=\"(max-width: 487px) 100vw, 487px\" srcset=\"https:\/\/maquinaparahacerbolsas.com.ve\/es\/wp-content\/uploads\/2025\/02\/maquina-confeccionadora-para-hacer-bolsas-por-Venezuela.webp 1038w, https:\/\/maquinaparahacerbolsas.com.ve\/es\/wp-content\/uploads\/2025\/02\/maquina-confeccionadora-para-hacer-bolsas-por-Venezuela-315x300.webp 315w, https:\/\/maquinaparahacerbolsas.com.ve\/es\/wp-content\/uploads\/2025\/02\/maquina-confeccionadora-para-hacer-bolsas-por-Venezuela-840x800.webp 840w, https:\/\/maquinaparahacerbolsas.com.ve\/es\/wp-content\/uploads\/2025\/02\/maquina-confeccionadora-para-hacer-bolsas-por-Venezuela-768x732.webp 768w, https:\/\/maquinaparahacerbolsas.com.ve\/es\/wp-content\/uploads\/2025\/02\/maquina-confeccionadora-para-hacer-bolsas-por-Venezuela-430x410.webp 430w, https:\/\/maquinaparahacerbolsas.com.ve\/es\/wp-content\/uploads\/2025\/02\/maquina-confeccionadora-para-hacer-bolsas-por-Venezuela-700x667.webp 700w, https:\/\/maquinaparahacerbolsas.com.ve\/es\/wp-content\/uploads\/2025\/02\/maquina-confeccionadora-para-hacer-bolsas-por-Venezuela-150x143.webp 150w\" alt=\"maquina confeccionadora para hacer bolsas por Venezuela\" width=\"487\" height=\"464\" aria-describedby=\"caption-attachment-29720\" \/><\/p>\n<p id=\"caption-attachment-29720\" class=\"wp-caption-text\" data-rm-block-id=\"block-46\">maquina confeccionadora para hacer bolsas por Venezuela<\/p>\n<\/div>\n","protected":false},"excerpt":{"rendered":"<p>Maquina confeccionadora Para Hacer Bolsas Pl\u00e1stico asa troquelada<\/p>\n<p>&nbsp;<\/p>\n","protected":false},"featured_media":29546,"comment_status":"closed","ping_status":"closed","template":"","meta":{"_acf_changed":false},"product_brand":[],"product_cat":[86],"product_tag":[],"class_list":{"0":"post-28570","1":"product","2":"type-product","3":"status-publish","4":"has-post-thumbnail","6":"product_cat-maquina-para-hacer-bolsas","8":"first","9":"instock","10":"shipping-taxable","11":"product-type-simple"},"acf":[],"_links":{"self":[{"href":"http:\/\/maquinaparahacerbolsas.com.ve\/es\/wp-json\/wp\/v2\/product\/28570","targetHints":{"allow":["GET"]}}],"collection":[{"href":"http:\/\/maquinaparahacerbolsas.com.ve\/es\/wp-json\/wp\/v2\/product"}],"about":[{"href":"http:\/\/maquinaparahacerbolsas.com.ve\/es\/wp-json\/wp\/v2\/types\/product"}],"replies":[{"embeddable":true,"href":"http:\/\/maquinaparahacerbolsas.com.ve\/es\/wp-json\/wp\/v2\/comments?post=28570"}],"version-history":[{"count":0,"href":"http:\/\/maquinaparahacerbolsas.com.ve\/es\/wp-json\/wp\/v2\/product\/28570\/revisions"}],"wp:featuredmedia":[{"embeddable":true,"href":"http:\/\/maquinaparahacerbolsas.com.ve\/es\/wp-json\/wp\/v2\/media\/29546"}],"wp:attachment":[{"href":"http:\/\/maquinaparahacerbolsas.com.ve\/es\/wp-json\/wp\/v2\/media?parent=28570"}],"wp:term":[{"taxonomy":"product_brand","embeddable":true,"href":"http:\/\/maquinaparahacerbolsas.com.ve\/es\/wp-json\/wp\/v2\/product_brand?post=28570"},{"taxonomy":"product_cat","embeddable":true,"href":"http:\/\/maquinaparahacerbolsas.com.ve\/es\/wp-json\/wp\/v2\/product_cat?post=28570"},{"taxonomy":"product_tag","embeddable":true,"href":"http:\/\/maquinaparahacerbolsas.com.ve\/es\/wp-json\/wp\/v2\/product_tag?post=28570"}],"curies":[{"name":"wp","href":"https:\/\/api.w.org\/{rel}","templated":true}]}}