{"id":28561,"date":"2025-02-24T09:14:56","date_gmt":"2025-02-24T01:14:56","guid":{"rendered":"https:\/\/blanchedalmond-goat-523522.hostingersite.com\/?post_type=product&#038;p=28561"},"modified":"2025-10-13T12:09:00","modified_gmt":"2025-10-13T04:09:00","slug":"maquina-para-hacer-bolsas-de-plastico-4-lineas","status":"publish","type":"product","link":"http:\/\/maquinaparahacerbolsas.com.ve\/es\/maquina-para-hacer-bolsas-de-plastico-4-lineas","title":{"rendered":"Maquina para hacer Bolsas De Camiseta de Plasticos 4 l\u00edneas"},"content":{"rendered":"<p data-rm-block-id=\"block-1\">M\u00e1quina para hacer bolsas de pl\u00e1stico 4 l\u00edneas<br \/>\nLa M\u00e1quina para fabricar bolsas de pl\u00e1stico de pl\u00e1stico para compras (de 4 l\u00edneas) opera mediante un sistema de corte en fr\u00edo y sellado por calor. Equipado con un motor paso a paso, una fotoc\u00e9lula y dos l\u00edneas de producci\u00f3n, tiene la capacidad de generar dos bolsas simult\u00e1neamente. Este equipo ha sido dise\u00f1ado espec\u00edficamente para la elaboraci\u00f3n de bolsas tipo camiseta, bolsas planas abiertas, bolsas de parche, bolsas de basura y bolsas planas abiertas.<\/p>\n<p data-rm-block-id=\"block-2\">1. Pantalla t\u00e1ctil<br \/>\n2. La computadora controla la longitud de las bolsas de pl\u00e1stico<br \/>\n3. La computadora controla la velocidad de la m\u00e1quina<br \/>\n4. El inversor controla el motor<br \/>\n5. Cuenta con un rastreador de color que permite crear bolsas de colores<br \/>\n6. Veloc\u00edmetro<br \/>\n7. Operaci\u00f3n sencilla<\/p>\n<div id=\"attachment_29554\" style=\"width: 360px\" class=\"wp-caption alignnone\"><img fetchpriority=\"high\" decoding=\"async\" aria-describedby=\"caption-attachment-29554\" class=\"size-full wp-image-29554\" src=\"https:\/\/maquinabolsasplasticas.com.bo\/wp-content\/uploads\/2025\/02\/bolsas-de-camiseta-plasticas-1.jpg\" alt=\"bolsas de camiseta plasticas\" width=\"350\" height=\"350\" srcset=\"http:\/\/maquinaparahacerbolsas.com.ve\/es\/wp-content\/uploads\/2025\/02\/bolsas-de-camiseta-plasticas-1.jpg 350w, http:\/\/maquinaparahacerbolsas.com.ve\/es\/wp-content\/uploads\/2025\/02\/bolsas-de-camiseta-plasticas-1-300x300.jpg 300w, http:\/\/maquinaparahacerbolsas.com.ve\/es\/wp-content\/uploads\/2025\/02\/bolsas-de-camiseta-plasticas-1-150x150.jpg 150w\" sizes=\"(max-width: 350px) 100vw, 350px\" \/><p id=\"caption-attachment-29554\" class=\"wp-caption-text\">bolsas de camiseta plasticas<\/p><\/div>\n<p data-rm-block-id=\"block-3\"><span style=\"font-family: Verdana, Arial, Helvetica, sans-serif;\">\u00a0<\/span><strong><span data-scayt_word=\"Especificaciones\" data-scaytid=\"17\">Especificaciones<\/span>\u00a0<span data-scayt_word=\"t\u00e9cnicas\" data-scaytid=\"18\">t\u00e9cnicas<\/span> de la Autom\u00e1tico M\u00e1quina Fabrica Bolsas De Camiseta de Plasticos 4 l\u00edneas<\/strong><\/p>\n<table border=\"0\" cellspacing=\"1\" cellpadding=\"0\">\n<tbody>\n<tr>\n<td data-rm-block-id=\"block-4\"><strong><span data-scayt_word=\"Modelo\" data-scaytid=\"33\">Modelo<\/span><\/strong><\/td>\n<td data-rm-block-id=\"block-5\"><strong><span data-scayt_word=\"SHXJ-C600\" data-scaytid=\"34\">SHXJ-C600<\/span><\/strong><\/td>\n<td data-rm-block-id=\"block-6\"><strong><span data-scayt_word=\"SHXJ-C\" data-scaytid=\"35\">SHXJ-C<\/span>\u00a0700<\/strong><\/td>\n<td data-rm-block-id=\"block-7\"><strong><span data-scayt_word=\"SHXJ-C800\" data-scaytid=\"36\">SHXJ-C800<\/span><\/strong><\/td>\n<\/tr>\n<tr>\n<td data-rm-block-id=\"block-8\"><span data-scayt_word=\"Ancho\" data-scaytid=\"62\">Ancho<\/span>\u00a0de\u00a0<span data-scayt_word=\"sellado\" data-scaytid=\"63\">sellado<\/span>\u00a0y\u00a0<span data-scayt_word=\"corte\" data-scaytid=\"65\">corte<\/span>\u00a0(mm )<\/td>\n<td data-rm-block-id=\"block-9\">580<\/td>\n<td data-rm-block-id=\"block-10\">680<\/td>\n<td data-rm-block-id=\"block-11\">780<\/td>\n<\/tr>\n<tr>\n<td data-rm-block-id=\"block-12\"><span data-scayt_word=\"Longitud\" data-scaytid=\"67\">Longitud<\/span>\u00a0de\u00a0<span data-scayt_word=\"sellado\" data-scaytid=\"64\">sellado<\/span>\u00a0y\u00a0<span data-scayt_word=\"corte\" data-scaytid=\"66\">corte<\/span>(mm )<\/td>\n<td data-rm-block-id=\"block-13\">1200<\/td>\n<td data-rm-block-id=\"block-14\">1200<\/td>\n<td data-rm-block-id=\"block-15\">1200<\/td>\n<\/tr>\n<tr>\n<td data-rm-block-id=\"block-16\"><span data-scayt_word=\"Velocidad\" data-scaytid=\"86\">Velocidad<\/span>\u00a0de\u00a0<span data-scayt_word=\"fabricaci\u00f3n\" data-scaytid=\"87\">fabricaci\u00f3n<\/span>\u00a0<span data-scayt_word=\"debolsa\" data-scaytid=\"88\">debolsa<\/span>\u00a0(pc \/min )<\/td>\n<td data-rm-block-id=\"block-17\">400<\/td>\n<td data-rm-block-id=\"block-18\">400<\/td>\n<td data-rm-block-id=\"block-19\">400<\/td>\n<\/tr>\n<tr>\n<td data-rm-block-id=\"block-20\"><span data-scayt_word=\"N\u00famero\" data-scaytid=\"89\">N\u00famero<\/span>\u00a0de\u00a0<span data-scayt_word=\"tiras\" data-scaytid=\"90\">tiras<\/span>\u00a0(pc )<\/td>\n<td data-rm-block-id=\"block-21\">4<\/td>\n<td data-rm-block-id=\"block-22\">4<\/td>\n<td data-rm-block-id=\"block-23\">4<\/td>\n<\/tr>\n<tr>\n<td data-rm-block-id=\"block-24\"><span data-scayt_word=\"Potencia\" data-scaytid=\"91\">Potencia<\/span>\u00a0del motor (<span data-scayt_word=\"kw\" data-scaytid=\"85\">kw<\/span>\u00a0)<\/td>\n<td data-rm-block-id=\"block-25\">2.2<\/td>\n<td data-rm-block-id=\"block-26\">3<\/td>\n<td data-rm-block-id=\"block-27\">3<\/td>\n<\/tr>\n<tr>\n<td data-rm-block-id=\"block-28\">Peso (kg )<\/td>\n<td data-rm-block-id=\"block-29\">1200<\/td>\n<td data-rm-block-id=\"block-30\">1400<\/td>\n<td data-rm-block-id=\"block-31\">1600<\/td>\n<\/tr>\n<tr>\n<td data-rm-block-id=\"block-32\"><span data-scayt_word=\"Dimensi\u00f3n\" data-scaytid=\"93\">Dimensi\u00f3n<\/span>\u00a0del\u00a0<span data-scayt_word=\"contorno\" data-scaytid=\"94\">contorno<\/span>(L*A*A)mm<\/td>\n<td data-rm-block-id=\"block-33\">6000\u00d71200\u00d71700<\/td>\n<td data-rm-block-id=\"block-34\">6000\u00d71300\u00d71850<\/td>\n<td data-rm-block-id=\"block-35\">3600\u00d71500\u00d71950<\/td>\n<\/tr>\n<\/tbody>\n<\/table>\n<p data-rm-block-id=\"block-36\">Si solo compra una m\u00e1quina, la empacaremos con un paquete de madera y la cargaremos en un contenedor con carga menor a la del contenedor (LCL).<\/p>\n<p data-rm-block-id=\"block-37\"><img decoding=\"async\" class=\" wp-image-29711\" src=\"https:\/\/maquinaparahacerbolsas.com.ve\/es\/wp-content\/uploads\/2025\/02\/plastic-machine-shipment-with-wooden-pack-less-containers.webp\" sizes=\"(max-width: 492px) 100vw, 492px\" srcset=\"https:\/\/maquinaparahacerbolsas.com.ve\/es\/wp-content\/uploads\/2025\/02\/plastic-machine-shipment-with-wooden-pack-less-containers.webp 768w, https:\/\/maquinaparahacerbolsas.com.ve\/es\/wp-content\/uploads\/2025\/02\/plastic-machine-shipment-with-wooden-pack-less-containers-400x295.webp 400w, https:\/\/maquinaparahacerbolsas.com.ve\/es\/wp-content\/uploads\/2025\/02\/plastic-machine-shipment-with-wooden-pack-less-containers-430x317.webp 430w, https:\/\/maquinaparahacerbolsas.com.ve\/es\/wp-content\/uploads\/2025\/02\/plastic-machine-shipment-with-wooden-pack-less-containers-700x517.webp 700w, https:\/\/maquinaparahacerbolsas.com.ve\/es\/wp-content\/uploads\/2025\/02\/plastic-machine-shipment-with-wooden-pack-less-containers-150x111.webp 150w\" alt=\"plastic machine shipment with wooden pack less containers\" width=\"492\" height=\"363\" \/><\/p>\n<p data-rm-block-id=\"block-38\">Nuestro principal colaborador de piezas es la siguiente marca, pero las piezas est\u00e1ndar est\u00e1n todas fabricadas en China.<\/p>\n<div id=\"attachment_29712\" class=\"wp-caption alignnone\">\n<p data-rm-block-id=\"block-39\"><img decoding=\"async\" class=\" wp-image-29712\" src=\"https:\/\/maquinaparahacerbolsas.com.ve\/es\/wp-content\/uploads\/2025\/02\/plastic-machine-parts-supplier.webp\" sizes=\"(max-width: 492px) 100vw, 492px\" srcset=\"https:\/\/maquinaparahacerbolsas.com.ve\/es\/wp-content\/uploads\/2025\/02\/plastic-machine-parts-supplier.webp 875w, https:\/\/maquinaparahacerbolsas.com.ve\/es\/wp-content\/uploads\/2025\/02\/plastic-machine-parts-supplier-400x230.webp 400w, https:\/\/maquinaparahacerbolsas.com.ve\/es\/wp-content\/uploads\/2025\/02\/plastic-machine-parts-supplier-768x442.webp 768w, https:\/\/maquinaparahacerbolsas.com.ve\/es\/wp-content\/uploads\/2025\/02\/plastic-machine-parts-supplier-430x248.webp 430w, https:\/\/maquinaparahacerbolsas.com.ve\/es\/wp-content\/uploads\/2025\/02\/plastic-machine-parts-supplier-700x403.webp 700w, https:\/\/maquinaparahacerbolsas.com.ve\/es\/wp-content\/uploads\/2025\/02\/plastic-machine-parts-supplier-150x86.webp 150w\" alt=\"plastic machine parts supplier\" width=\"492\" height=\"283\" aria-describedby=\"caption-attachment-29712\" \/><\/p>\n<p id=\"caption-attachment-29712\" class=\"wp-caption-text\" data-rm-block-id=\"block-40\">proveedor de piezas de m\u00e1quinas de pl\u00e1stico<\/p>\n<\/div>\n<div id=\"attachment_29717\" class=\"wp-caption alignnone\">\n<p data-rm-block-id=\"block-41\"><img loading=\"lazy\" decoding=\"async\" class=\"size-full wp-image-29717\" src=\"https:\/\/maquinaparahacerbolsas.com.ve\/es\/wp-content\/uploads\/2025\/02\/plastic-bag-machine-supplier.webp\" sizes=\"(max-width: 497px) 100vw, 497px\" srcset=\"https:\/\/maquinaparahacerbolsas.com.ve\/es\/wp-content\/uploads\/2025\/02\/plastic-bag-machine-supplier.webp 497w, https:\/\/maquinaparahacerbolsas.com.ve\/es\/wp-content\/uploads\/2025\/02\/plastic-bag-machine-supplier-300x300.webp 300w, https:\/\/maquinaparahacerbolsas.com.ve\/es\/wp-content\/uploads\/2025\/02\/plastic-bag-machine-supplier-150x150.webp 150w, https:\/\/maquinaparahacerbolsas.com.ve\/es\/wp-content\/uploads\/2025\/02\/plastic-bag-machine-supplier-430x430.webp 430w\" alt=\"plastic bag machine supplier\" width=\"497\" height=\"497\" aria-describedby=\"caption-attachment-29717\" \/><\/p>\n<p id=\"caption-attachment-29717\" class=\"wp-caption-text\" data-rm-block-id=\"block-42\">plastic bag machine supplier<\/p>\n<\/div>\n<div id=\"attachment_29716\" class=\"wp-caption alignnone\">\n<p data-rm-block-id=\"block-43\"><img loading=\"lazy\" decoding=\"async\" class=\"wp-image-29716\" src=\"https:\/\/maquinaparahacerbolsas.com.ve\/es\/wp-content\/uploads\/2025\/02\/Plastic-bag-machine-factory.webp\" sizes=\"(max-width: 500px) 100vw, 500px\" srcset=\"https:\/\/maquinaparahacerbolsas.com.ve\/es\/wp-content\/uploads\/2025\/02\/Plastic-bag-machine-factory.webp 467w, https:\/\/maquinaparahacerbolsas.com.ve\/es\/wp-content\/uploads\/2025\/02\/Plastic-bag-machine-factory-296x300.webp 296w, https:\/\/maquinaparahacerbolsas.com.ve\/es\/wp-content\/uploads\/2025\/02\/Plastic-bag-machine-factory-430x436.webp 430w, https:\/\/maquinaparahacerbolsas.com.ve\/es\/wp-content\/uploads\/2025\/02\/Plastic-bag-machine-factory-150x152.webp 150w\" alt=\"Plastic bag machine factory\" width=\"500\" height=\"507\" aria-describedby=\"caption-attachment-29716\" \/><\/p>\n<p id=\"caption-attachment-29716\" class=\"wp-caption-text\" data-rm-block-id=\"block-44\">F\u00e1brica de m\u00e1quinas para fabricar bolsas de pl\u00e1stico<\/p>\n<\/div>\n<div id=\"attachment_29715\" class=\"wp-caption alignnone\">\n<p data-rm-block-id=\"block-45\"><img loading=\"lazy\" decoding=\"async\" class=\"wp-image-29715 size-full\" src=\"https:\/\/maquinaparahacerbolsas.com.ve\/es\/wp-content\/uploads\/2025\/02\/Plastic_Recycling_Machine_Near_us_Price.webp\" sizes=\"(max-width: 497px) 100vw, 497px\" srcset=\"https:\/\/maquinaparahacerbolsas.com.ve\/es\/wp-content\/uploads\/2025\/02\/Plastic_Recycling_Machine_Near_us_Price.webp 497w, https:\/\/maquinaparahacerbolsas.com.ve\/es\/wp-content\/uploads\/2025\/02\/Plastic_Recycling_Machine_Near_us_Price-300x300.webp 300w, https:\/\/maquinaparahacerbolsas.com.ve\/es\/wp-content\/uploads\/2025\/02\/Plastic_Recycling_Machine_Near_us_Price-150x150.webp 150w, https:\/\/maquinaparahacerbolsas.com.ve\/es\/wp-content\/uploads\/2025\/02\/Plastic_Recycling_Machine_Near_us_Price-430x430.webp 430w\" alt=\"Plastic Recycling Machine \" width=\"497\" height=\"497\" aria-describedby=\"caption-attachment-29715\" \/><\/p>\n<p id=\"caption-attachment-29715\" class=\"wp-caption-text\" data-rm-block-id=\"block-46\">Plastic Recycling Machine<\/p>\n<\/div>\n","protected":false},"excerpt":{"rendered":"<p>Descubre nuestra m\u00e1quina de 4 l\u00edneas para producir bolsas biodegradables de pl\u00e1stico PLA con impresi\u00f3n flexogr\u00e1fica.<\/p>\n","protected":false},"featured_media":29553,"comment_status":"closed","ping_status":"closed","template":"","meta":{"_acf_changed":false},"product_brand":[],"product_cat":[86],"product_tag":[],"class_list":{"0":"post-28561","1":"product","2":"type-product","3":"status-publish","4":"has-post-thumbnail","6":"product_cat-maquina-para-hacer-bolsas","8":"first","9":"instock","10":"shipping-taxable","11":"product-type-simple"},"acf":[],"_links":{"self":[{"href":"http:\/\/maquinaparahacerbolsas.com.ve\/es\/wp-json\/wp\/v2\/product\/28561","targetHints":{"allow":["GET"]}}],"collection":[{"href":"http:\/\/maquinaparahacerbolsas.com.ve\/es\/wp-json\/wp\/v2\/product"}],"about":[{"href":"http:\/\/maquinaparahacerbolsas.com.ve\/es\/wp-json\/wp\/v2\/types\/product"}],"replies":[{"embeddable":true,"href":"http:\/\/maquinaparahacerbolsas.com.ve\/es\/wp-json\/wp\/v2\/comments?post=28561"}],"version-history":[{"count":0,"href":"http:\/\/maquinaparahacerbolsas.com.ve\/es\/wp-json\/wp\/v2\/product\/28561\/revisions"}],"wp:featuredmedia":[{"embeddable":true,"href":"http:\/\/maquinaparahacerbolsas.com.ve\/es\/wp-json\/wp\/v2\/media\/29553"}],"wp:attachment":[{"href":"http:\/\/maquinaparahacerbolsas.com.ve\/es\/wp-json\/wp\/v2\/media?parent=28561"}],"wp:term":[{"taxonomy":"product_brand","embeddable":true,"href":"http:\/\/maquinaparahacerbolsas.com.ve\/es\/wp-json\/wp\/v2\/product_brand?post=28561"},{"taxonomy":"product_cat","embeddable":true,"href":"http:\/\/maquinaparahacerbolsas.com.ve\/es\/wp-json\/wp\/v2\/product_cat?post=28561"},{"taxonomy":"product_tag","embeddable":true,"href":"http:\/\/maquinaparahacerbolsas.com.ve\/es\/wp-json\/wp\/v2\/product_tag?post=28561"}],"curies":[{"name":"wp","href":"https:\/\/api.w.org\/{rel}","templated":true}]}}