{"id":28553,"date":"2025-02-24T09:08:59","date_gmt":"2025-02-24T01:08:59","guid":{"rendered":"https:\/\/blanchedalmond-goat-523522.hostingersite.com\/?post_type=product&#038;p=28553"},"modified":"2025-10-13T12:03:40","modified_gmt":"2025-10-13T04:03:40","slug":"maquinas-caracas-maquina-para-hacer-bolsas-de-fondo","status":"publish","type":"product","link":"http:\/\/maquinaparahacerbolsas.com.ve\/es\/maquinas-caracas-maquina-para-hacer-bolsas-de-fondo","title":{"rendered":"Maquina Para Hacer Bolsas De Fondo"},"content":{"rendered":"<p data-rm-block-id=\"block-1\"><strong>Maquina Para Hacer Bolsas De Fondo<\/strong><\/p>\n<p data-rm-block-id=\"block-2\">M\u00e1quina para la Fabricaci\u00f3n de Bolsas de Pl\u00e1stico de Fondo<\/p>\n<p data-rm-block-id=\"block-3\">La m\u00e1quina para la fabricaci\u00f3n de bolsas de fondo es id\u00f3nea para trabajar con polietileno de alta densidad (HDPE) y con pel\u00edculas pl\u00e1sticas de polietileno de baja densidad (LDPE), produciendo de este modo bolsas planas de material pl\u00e1stico. Esta m\u00e1quina destaca por su rendimiento uniforme y su cubierta posterior de alta confiabilidad, convirti\u00e9ndola en la alternativa m\u00e1s econ\u00f3mica para empresas del sector de alimentos procesados, independientemente de su tama\u00f1o, gracias a su sistema eficiente de sellado y corte de bolsas.<\/p>\n<div data-rm-block-id=\"block-4\">La velocidad de la m\u00e1quina es gestionada por un sistema computarizado.<br \/>\nLa computadora tambi\u00e9n determina la longitud de las bolsas producidas.<br \/>\nLa confeccionadora para hacer bolsas cuenta con un dispositivo de conteo.<br \/>\nGracias a un sensor de seguimiento, es capaz de elaborar bolsas con o sin impresi\u00f3n.<br \/>\nEl manejo de la m\u00e1quina es sencillo y accesible.<\/div>\n<p data-rm-block-id=\"block-5\">Adem\u00e1s, la <strong>Maquina Para Hacer Bolsas De Fondo<\/strong> permite personalizar el tama\u00f1o de las bolsas seg\u00fan las necesidades del cliente.<\/p>\n<div data-rm-block-id=\"block-6\">\n<div id=\"attachment_29554\" style=\"width: 360px\" class=\"wp-caption alignnone\"><img fetchpriority=\"high\" decoding=\"async\" aria-describedby=\"caption-attachment-29554\" class=\"Maquina Para Hacer Bolsas De Fondo wp-image-29554 size-full\" title=\"Maquina Para Hacer Bolsas De Fondo\" src=\"https:\/\/maquinaparahacerbolsas.com.ve\/es\/wp-content\/uploads\/2025\/02\/bolsas-de-camiseta-plasticas-1.jpg\" alt=\"bolsas de camiseta plasticas\" width=\"350\" height=\"350\" srcset=\"http:\/\/maquinaparahacerbolsas.com.ve\/es\/wp-content\/uploads\/2025\/02\/bolsas-de-camiseta-plasticas-1.jpg 350w, http:\/\/maquinaparahacerbolsas.com.ve\/es\/wp-content\/uploads\/2025\/02\/bolsas-de-camiseta-plasticas-1-300x300.jpg 300w, http:\/\/maquinaparahacerbolsas.com.ve\/es\/wp-content\/uploads\/2025\/02\/bolsas-de-camiseta-plasticas-1-150x150.jpg 150w\" sizes=\"(max-width: 350px) 100vw, 350px\" \/><p id=\"caption-attachment-29554\" class=\"wp-caption-text\">Maquina Para Hacer Bolsas De Fondo<\/p><\/div>\n<\/div>\n<div data-rm-block-id=\"block-7\"><strong>Confeccionadora Para Hacer Bolsas <\/strong>Technical Parameter :<\/div>\n<p data-rm-block-id=\"block-8\">La <strong>Maquina Para Hacer Bolsas De Fondo<\/strong> es ideal para la producci\u00f3n en masa, garantizando calidad y eficiencia en cada lote.<\/p>\n<p data-rm-block-id=\"block-9\">La <strong>Maquina Para Hacer Bolsas De Fondo<\/strong> se ha convertido en una herramienta esencial en la industria de fabricaci\u00f3n de bolsas, facilitando un proceso eficiente y uniforme.<\/p>\n<div>\n<div>\n<table border=\"0\" cellspacing=\"1\" cellpadding=\"5\">\n<tbody>\n<tr>\n<td width=\"187\">\n<div data-rm-block-id=\"block-10\">Model<\/div>\n<\/td>\n<td>\n<div data-rm-block-id=\"block-11\">SHXJ-A600<\/div>\n<\/td>\n<td>\n<div data-rm-block-id=\"block-12\">SHXJ-A700<\/div>\n<\/td>\n<td>\n<div data-rm-block-id=\"block-13\">SHXJ-A800<\/div>\n<\/td>\n<td>\n<div data-rm-block-id=\"block-14\">SHXJ-A900<\/div>\n<\/td>\n<td>\n<div data-rm-block-id=\"block-15\">SHXJ-A1000<\/div>\n<\/td>\n<\/tr>\n<tr>\n<td width=\"187\">\n<div data-rm-block-id=\"block-16\">width of sealing &amp;cutting<\/div>\n<\/td>\n<td>\n<div data-rm-block-id=\"block-17\">580 mm<\/div>\n<\/td>\n<td>\n<div data-rm-block-id=\"block-18\">680 mm<\/div>\n<\/td>\n<td>\n<div data-rm-block-id=\"block-19\">780 mm<\/div>\n<\/td>\n<td>\n<div data-rm-block-id=\"block-20\">880 mm<\/div>\n<\/td>\n<td>\n<div data-rm-block-id=\"block-21\">980 mm<\/div>\n<\/td>\n<\/tr>\n<tr>\n<td width=\"187\">\n<div data-rm-block-id=\"block-22\">length of sealing &amp; cutting<\/div>\n<\/td>\n<td>\n<div data-rm-block-id=\"block-23\">700 mm<\/div>\n<\/td>\n<td>\n<div data-rm-block-id=\"block-24\">1200 mm<\/div>\n<\/td>\n<td>\n<div data-rm-block-id=\"block-25\">1200 mm<\/div>\n<\/td>\n<td>\n<div data-rm-block-id=\"block-26\">1400 mm<\/div>\n<\/td>\n<td>\n<div data-rm-block-id=\"block-27\">1600 mm<\/div>\n<\/td>\n<\/tr>\n<tr>\n<td width=\"187\">\n<div data-rm-block-id=\"block-28\"><strong>speed of bag-making<\/strong><\/div>\n<div data-rm-block-id=\"block-29\"><strong>(pc\/min)<\/strong><\/div>\n<\/td>\n<td>\n<div data-rm-block-id=\"block-30\">240-400<\/div>\n<\/td>\n<td>\n<div data-rm-block-id=\"block-31\">240-400<\/div>\n<\/td>\n<td>\n<div data-rm-block-id=\"block-32\">60-100<\/div>\n<\/td>\n<td>\n<div data-rm-block-id=\"block-33\">50-100<\/div>\n<\/td>\n<td>\n<div data-rm-block-id=\"block-34\">40-100<\/div>\n<\/td>\n<\/tr>\n<tr>\n<td width=\"187\">\n<div data-rm-block-id=\"block-35\"><strong>Number of strip(pc)<\/strong><\/div>\n<\/td>\n<td>\n<div data-rm-block-id=\"block-36\">4<\/div>\n<\/td>\n<td>\n<div data-rm-block-id=\"block-37\">4<\/div>\n<\/td>\n<td>\n<div data-rm-block-id=\"block-38\">2<\/div>\n<\/td>\n<td>\n<div data-rm-block-id=\"block-39\">1<\/div>\n<\/td>\n<td>\n<div data-rm-block-id=\"block-40\">1<\/div>\n<\/td>\n<\/tr>\n<tr>\n<td width=\"187\">\n<div data-rm-block-id=\"block-41\"><strong>Power of motor(kw)<\/strong><\/div>\n<\/td>\n<td>\n<div data-rm-block-id=\"block-42\">1.1<\/div>\n<\/td>\n<td>\n<div data-rm-block-id=\"block-43\">1.5<\/div>\n<\/td>\n<td>\n<div data-rm-block-id=\"block-44\">1.5<\/div>\n<\/td>\n<td>\n<div data-rm-block-id=\"block-45\">2.2<\/div>\n<\/td>\n<td>\n<div data-rm-block-id=\"block-46\">3<\/div>\n<\/td>\n<\/tr>\n<tr>\n<td width=\"187\">\n<div data-rm-block-id=\"block-47\">Weight(kg)<\/div>\n<\/td>\n<td>\n<div data-rm-block-id=\"block-48\">700<\/div>\n<\/td>\n<td>\n<div data-rm-block-id=\"block-49\">850<\/div>\n<\/td>\n<td>\n<div data-rm-block-id=\"block-50\">900<\/div>\n<\/td>\n<td>\n<div data-rm-block-id=\"block-51\">1000<\/div>\n<\/td>\n<td>\n<div data-rm-block-id=\"block-52\">1100<\/div>\n<\/td>\n<\/tr>\n<tr>\n<td width=\"187\">\n<div data-rm-block-id=\"block-53\">Outine dimension(m)<\/div>\n<\/td>\n<td>\n<div data-rm-block-id=\"block-54\">3.2*1.2*1.7<\/div>\n<\/td>\n<td>\n<div data-rm-block-id=\"block-55\">3.5*1.3*1.85<\/div>\n<\/td>\n<td>\n<div data-rm-block-id=\"block-56\">3.6\u00a0*1.5*1.95<\/div>\n<\/td>\n<td>\n<div data-rm-block-id=\"block-57\">3.7 *1.6 *2<\/div>\n<\/td>\n<td>\n<div data-rm-block-id=\"block-58\">3.8 *1.8*2.1<\/div>\n<\/td>\n<\/tr>\n<\/tbody>\n<\/table>\n<\/div>\n<\/div>\n<p data-rm-block-id=\"block-59\"><img decoding=\"async\" class=\"alignnone wp-image-28555\" src=\"https:\/\/maquinabolsasplasticas.com.bo\/wp-content\/uploads\/2025\/02\/bolsas-plasticas.jpg\" alt=\"\" width=\"206\" height=\"206\" srcset=\"http:\/\/maquinaparahacerbolsas.com.ve\/es\/wp-content\/uploads\/2025\/02\/bolsas-plasticas.jpg 500w, http:\/\/maquinaparahacerbolsas.com.ve\/es\/wp-content\/uploads\/2025\/02\/bolsas-plasticas-300x300.jpg 300w, http:\/\/maquinaparahacerbolsas.com.ve\/es\/wp-content\/uploads\/2025\/02\/bolsas-plasticas-150x150.jpg 150w, http:\/\/maquinaparahacerbolsas.com.ve\/es\/wp-content\/uploads\/2025\/02\/bolsas-plasticas-430x430.jpg 430w\" sizes=\"(max-width: 206px) 100vw, 206px\" \/><img decoding=\"async\" class=\"alignnone wp-image-28554\" src=\"https:\/\/maquinabolsasplasticas.com.bo\/wp-content\/uploads\/2025\/02\/bolsas-plasticas-.jpg\" alt=\"\" width=\"219\" height=\"186\" srcset=\"http:\/\/maquinaparahacerbolsas.com.ve\/es\/wp-content\/uploads\/2025\/02\/bolsas-plasticas-.jpg 500w, http:\/\/maquinaparahacerbolsas.com.ve\/es\/wp-content\/uploads\/2025\/02\/bolsas-plasticas--353x300.jpg 353w, http:\/\/maquinaparahacerbolsas.com.ve\/es\/wp-content\/uploads\/2025\/02\/bolsas-plasticas--430x366.jpg 430w, http:\/\/maquinaparahacerbolsas.com.ve\/es\/wp-content\/uploads\/2025\/02\/bolsas-plasticas--150x128.jpg 150w\" sizes=\"(max-width: 219px) 100vw, 219px\" \/><img loading=\"lazy\" decoding=\"async\" class=\" wp-image-29564\" src=\"https:\/\/maquinabolsasplasticas.com.bo\/wp-content\/uploads\/2025\/02\/bolsasdecamisetaplasticas.jpg\" alt=\"bolsas de camiseta plasticos\" width=\"204\" height=\"204\" srcset=\"http:\/\/maquinaparahacerbolsas.com.ve\/es\/wp-content\/uploads\/2025\/02\/bolsasdecamisetaplasticas.jpg 500w, http:\/\/maquinaparahacerbolsas.com.ve\/es\/wp-content\/uploads\/2025\/02\/bolsasdecamisetaplasticas-300x300.jpg 300w, http:\/\/maquinaparahacerbolsas.com.ve\/es\/wp-content\/uploads\/2025\/02\/bolsasdecamisetaplasticas-150x150.jpg 150w, http:\/\/maquinaparahacerbolsas.com.ve\/es\/wp-content\/uploads\/2025\/02\/bolsasdecamisetaplasticas-430x430.jpg 430w\" sizes=\"(max-width: 204px) 100vw, 204px\" \/><\/p>\n<p data-rm-block-id=\"block-60\">Utilizando la <strong>Maquina Para Hacer Bolsas De Fondo<\/strong>, se pueden crear diferentes tipos de bolsas para variados usos comerciales.<\/p>\n<p data-rm-block-id=\"block-61\">bolsas de camiseta plasticos<\/p>\n<p data-rm-block-id=\"block-62\">Si solo compra una m\u00e1quina, la empacaremos con un paquete de madera y la cargaremos en un contenedor con carga menor a la del contenedor (LCL).<\/p>\n<p data-rm-block-id=\"block-63\"><img loading=\"lazy\" decoding=\"async\" class=\" wp-image-29711\" src=\"https:\/\/maquinaparahacerbolsas.com.ve\/es\/wp-content\/uploads\/2025\/02\/plastic-machine-shipment-with-wooden-pack-less-containers.webp\" sizes=\"(max-width: 492px) 100vw, 492px\" srcset=\"https:\/\/maquinaparahacerbolsas.com.ve\/es\/wp-content\/uploads\/2025\/02\/plastic-machine-shipment-with-wooden-pack-less-containers.webp 768w, https:\/\/maquinaparahacerbolsas.com.ve\/es\/wp-content\/uploads\/2025\/02\/plastic-machine-shipment-with-wooden-pack-less-containers-400x295.webp 400w, https:\/\/maquinaparahacerbolsas.com.ve\/es\/wp-content\/uploads\/2025\/02\/plastic-machine-shipment-with-wooden-pack-less-containers-430x317.webp 430w, https:\/\/maquinaparahacerbolsas.com.ve\/es\/wp-content\/uploads\/2025\/02\/plastic-machine-shipment-with-wooden-pack-less-containers-700x517.webp 700w, https:\/\/maquinaparahacerbolsas.com.ve\/es\/wp-content\/uploads\/2025\/02\/plastic-machine-shipment-with-wooden-pack-less-containers-150x111.webp 150w\" alt=\"plastic machine shipment with wooden pack less containers\" width=\"492\" height=\"363\" \/><\/p>\n<p data-rm-block-id=\"block-64\">Nuestro principal colaborador de piezas es la siguiente marca, pero las piezas est\u00e1ndar est\u00e1n todas fabricadas en China.<\/p>\n<div id=\"attachment_29712\" class=\"wp-caption alignnone\">\n<p data-rm-block-id=\"block-65\"><img loading=\"lazy\" decoding=\"async\" class=\" wp-image-29712\" src=\"https:\/\/maquinaparahacerbolsas.com.ve\/es\/wp-content\/uploads\/2025\/02\/plastic-machine-parts-supplier.webp\" sizes=\"(max-width: 492px) 100vw, 492px\" srcset=\"https:\/\/maquinaparahacerbolsas.com.ve\/es\/wp-content\/uploads\/2025\/02\/plastic-machine-parts-supplier.webp 875w, https:\/\/maquinaparahacerbolsas.com.ve\/es\/wp-content\/uploads\/2025\/02\/plastic-machine-parts-supplier-400x230.webp 400w, https:\/\/maquinaparahacerbolsas.com.ve\/es\/wp-content\/uploads\/2025\/02\/plastic-machine-parts-supplier-768x442.webp 768w, https:\/\/maquinaparahacerbolsas.com.ve\/es\/wp-content\/uploads\/2025\/02\/plastic-machine-parts-supplier-430x248.webp 430w, https:\/\/maquinaparahacerbolsas.com.ve\/es\/wp-content\/uploads\/2025\/02\/plastic-machine-parts-supplier-700x403.webp 700w, https:\/\/maquinaparahacerbolsas.com.ve\/es\/wp-content\/uploads\/2025\/02\/plastic-machine-parts-supplier-150x86.webp 150w\" alt=\"plastic machine parts supplier\" width=\"492\" height=\"283\" aria-describedby=\"caption-attachment-29712\" \/><\/p>\n<p id=\"caption-attachment-29712\" class=\"wp-caption-text\" data-rm-block-id=\"block-66\">proveedor de piezas de m\u00e1quinas de pl\u00e1stico<\/p>\n<\/div>\n<div id=\"attachment_29717\" class=\"wp-caption alignnone\">\n<p data-rm-block-id=\"block-67\"><img loading=\"lazy\" decoding=\"async\" class=\"size-full wp-image-29717\" src=\"https:\/\/maquinaparahacerbolsas.com.ve\/es\/wp-content\/uploads\/2025\/02\/plastic-bag-machine-supplier.webp\" sizes=\"(max-width: 497px) 100vw, 497px\" srcset=\"https:\/\/maquinaparahacerbolsas.com.ve\/es\/wp-content\/uploads\/2025\/02\/plastic-bag-machine-supplier.webp 497w, https:\/\/maquinaparahacerbolsas.com.ve\/es\/wp-content\/uploads\/2025\/02\/plastic-bag-machine-supplier-300x300.webp 300w, https:\/\/maquinaparahacerbolsas.com.ve\/es\/wp-content\/uploads\/2025\/02\/plastic-bag-machine-supplier-150x150.webp 150w, https:\/\/maquinaparahacerbolsas.com.ve\/es\/wp-content\/uploads\/2025\/02\/plastic-bag-machine-supplier-430x430.webp 430w\" alt=\"plastic bag machine supplier\" width=\"497\" height=\"497\" aria-describedby=\"caption-attachment-29717\" \/><\/p>\n<p id=\"caption-attachment-29717\" class=\"wp-caption-text\" data-rm-block-id=\"block-68\">plastic bag machine supplier<\/p>\n<\/div>\n<div id=\"attachment_29716\" class=\"wp-caption alignnone\">\n<p data-rm-block-id=\"block-69\"><img loading=\"lazy\" decoding=\"async\" class=\"wp-image-29716\" src=\"https:\/\/maquinaparahacerbolsas.com.ve\/es\/wp-content\/uploads\/2025\/02\/Plastic-bag-machine-factory.webp\" sizes=\"(max-width: 500px) 100vw, 500px\" srcset=\"https:\/\/maquinaparahacerbolsas.com.ve\/es\/wp-content\/uploads\/2025\/02\/Plastic-bag-machine-factory.webp 467w, https:\/\/maquinaparahacerbolsas.com.ve\/es\/wp-content\/uploads\/2025\/02\/Plastic-bag-machine-factory-296x300.webp 296w, https:\/\/maquinaparahacerbolsas.com.ve\/es\/wp-content\/uploads\/2025\/02\/Plastic-bag-machine-factory-430x436.webp 430w, https:\/\/maquinaparahacerbolsas.com.ve\/es\/wp-content\/uploads\/2025\/02\/Plastic-bag-machine-factory-150x152.webp 150w\" alt=\"Plastic bag machine factory\" width=\"500\" height=\"507\" aria-describedby=\"caption-attachment-29716\" \/><\/p>\n<p id=\"caption-attachment-29716\" class=\"wp-caption-text\" data-rm-block-id=\"block-70\">F\u00e1brica de m\u00e1quinas para fabricar bolsas de pl\u00e1stico<\/p>\n<\/div>\n<div id=\"attachment_29715\" class=\"wp-caption alignnone\">\n<p data-rm-block-id=\"block-71\"><img loading=\"lazy\" decoding=\"async\" class=\"wp-image-29715 size-full\" src=\"https:\/\/maquinaparahacerbolsas.com.ve\/es\/wp-content\/uploads\/2025\/02\/Plastic_Recycling_Machine_Near_us_Price.webp\" sizes=\"(max-width: 497px) 100vw, 497px\" srcset=\"https:\/\/maquinaparahacerbolsas.com.ve\/es\/wp-content\/uploads\/2025\/02\/Plastic_Recycling_Machine_Near_us_Price.webp 497w, https:\/\/maquinaparahacerbolsas.com.ve\/es\/wp-content\/uploads\/2025\/02\/Plastic_Recycling_Machine_Near_us_Price-300x300.webp 300w, https:\/\/maquinaparahacerbolsas.com.ve\/es\/wp-content\/uploads\/2025\/02\/Plastic_Recycling_Machine_Near_us_Price-150x150.webp 150w, https:\/\/maquinaparahacerbolsas.com.ve\/es\/wp-content\/uploads\/2025\/02\/Plastic_Recycling_Machine_Near_us_Price-430x430.webp 430w\" alt=\"Plastic Recycling Machine \" width=\"497\" height=\"497\" aria-describedby=\"caption-attachment-29715\" \/><\/p>\n<p id=\"caption-attachment-29715\" class=\"wp-caption-text\" data-rm-block-id=\"block-72\">Plastic Recycling Machine<\/p>\n<\/div>\n","protected":false},"excerpt":{"rendered":"<p>Maquina Confeccionadora Para Hacer Bolsas De Fondo fabrica bolsas de fondo y bolsas de camiseta.<\/p>\n","protected":false},"featured_media":29565,"comment_status":"closed","ping_status":"closed","template":"","meta":{"_acf_changed":false},"product_brand":[],"product_cat":[86],"product_tag":[],"class_list":{"0":"post-28553","1":"product","2":"type-product","3":"status-publish","4":"has-post-thumbnail","6":"product_cat-maquina-para-hacer-bolsas","8":"first","9":"instock","10":"shipping-taxable","11":"product-type-simple"},"acf":[],"_links":{"self":[{"href":"http:\/\/maquinaparahacerbolsas.com.ve\/es\/wp-json\/wp\/v2\/product\/28553","targetHints":{"allow":["GET"]}}],"collection":[{"href":"http:\/\/maquinaparahacerbolsas.com.ve\/es\/wp-json\/wp\/v2\/product"}],"about":[{"href":"http:\/\/maquinaparahacerbolsas.com.ve\/es\/wp-json\/wp\/v2\/types\/product"}],"replies":[{"embeddable":true,"href":"http:\/\/maquinaparahacerbolsas.com.ve\/es\/wp-json\/wp\/v2\/comments?post=28553"}],"version-history":[{"count":0,"href":"http:\/\/maquinaparahacerbolsas.com.ve\/es\/wp-json\/wp\/v2\/product\/28553\/revisions"}],"wp:featuredmedia":[{"embeddable":true,"href":"http:\/\/maquinaparahacerbolsas.com.ve\/es\/wp-json\/wp\/v2\/media\/29565"}],"wp:attachment":[{"href":"http:\/\/maquinaparahacerbolsas.com.ve\/es\/wp-json\/wp\/v2\/media?parent=28553"}],"wp:term":[{"taxonomy":"product_brand","embeddable":true,"href":"http:\/\/maquinaparahacerbolsas.com.ve\/es\/wp-json\/wp\/v2\/product_brand?post=28553"},{"taxonomy":"product_cat","embeddable":true,"href":"http:\/\/maquinaparahacerbolsas.com.ve\/es\/wp-json\/wp\/v2\/product_cat?post=28553"},{"taxonomy":"product_tag","embeddable":true,"href":"http:\/\/maquinaparahacerbolsas.com.ve\/es\/wp-json\/wp\/v2\/product_tag?post=28553"}],"curies":[{"name":"wp","href":"https:\/\/api.w.org\/{rel}","templated":true}]}}