{"id":28544,"date":"2025-02-24T09:00:04","date_gmt":"2025-02-24T01:00:04","guid":{"rendered":"https:\/\/blanchedalmond-goat-523522.hostingersite.com\/?post_type=product&#038;p=28544"},"modified":"2025-10-13T11:58:22","modified_gmt":"2025-10-13T03:58:22","slug":"maquina-para-hacer-bolsas-zip-lock","status":"publish","type":"product","link":"http:\/\/maquinaparahacerbolsas.com.ve\/es\/maquina-para-hacer-bolsas-zip-lock","title":{"rendered":"M\u00e1quina para hacer bolsas zip lock"},"content":{"rendered":"<div data-rm-block-id=\"block-1\">M\u00e1quina para hacer bolsas zip lock<\/div>\n<div data-rm-block-id=\"block-2\">La velocidad de la m\u00e1quina es regulada por un sistema computarizado.<br \/>\nLa longitud de las bolsas es tambi\u00e9n controlada por la computadora.<br \/>\nEste equipo para la producci\u00f3n de bolsas incluye un contador incorporado.<br \/>\nGracias a su sensor de seguimiento, tiene la capacidad de fabricar bolsas tanto impresas como no impresas.<br \/>\nSu operaci\u00f3n es sencilla y accesible.<\/div>\n<div>\n<p data-rm-block-id=\"block-3\">\n<div id=\"attachment_29569\" style=\"width: 391px\" class=\"wp-caption alignnone\"><img fetchpriority=\"high\" decoding=\"async\" aria-describedby=\"caption-attachment-29569\" class=\" wp-image-29569\" src=\"https:\/\/maquinabolsasplasticas.com.bo\/wp-content\/uploads\/2025\/02\/bolsasdeziplock.jpg\" alt=\"bolsas de zip lock\" width=\"381\" height=\"381\" srcset=\"http:\/\/maquinaparahacerbolsas.com.ve\/es\/wp-content\/uploads\/2025\/02\/bolsasdeziplock.jpg 1000w, http:\/\/maquinaparahacerbolsas.com.ve\/es\/wp-content\/uploads\/2025\/02\/bolsasdeziplock-300x300.jpg 300w, http:\/\/maquinaparahacerbolsas.com.ve\/es\/wp-content\/uploads\/2025\/02\/bolsasdeziplock-800x800.jpg 800w, http:\/\/maquinaparahacerbolsas.com.ve\/es\/wp-content\/uploads\/2025\/02\/bolsasdeziplock-150x150.jpg 150w, http:\/\/maquinaparahacerbolsas.com.ve\/es\/wp-content\/uploads\/2025\/02\/bolsasdeziplock-768x768.jpg 768w, http:\/\/maquinaparahacerbolsas.com.ve\/es\/wp-content\/uploads\/2025\/02\/bolsasdeziplock-430x430.jpg 430w, http:\/\/maquinaparahacerbolsas.com.ve\/es\/wp-content\/uploads\/2025\/02\/bolsasdeziplock-700x700.jpg 700w\" sizes=\"(max-width: 381px) 100vw, 381px\" \/><p id=\"caption-attachment-29569\" class=\"wp-caption-text\">bolsas de zip lock<span style=\"font-size: 16px;\">MAIN PARAMETERS<\/span><\/p><\/div>\n<\/div>\n<div>\n<table border=\"0\" cellspacing=\"0\" cellpadding=\"0\" align=\"left\">\n<tbody>\n<tr>\n<td width=\"234\">\n<div data-rm-block-id=\"block-4\">Model<\/div>\n<\/td>\n<td width=\"161\">\n<div data-rm-block-id=\"block-5\"><span data-scayt_word=\"KD-500\" data-scaytid=\"1\">KD-500<\/span><\/div>\n<\/td>\n<td width=\"170\">\n<div data-rm-block-id=\"block-6\"><span data-scayt_word=\"KD-600\" data-scaytid=\"2\">KD-600<\/span><\/div>\n<\/td>\n<\/tr>\n<tr>\n<td width=\"234\">\n<div data-rm-block-id=\"block-7\">\u00a0Material<\/div>\n<\/td>\n<td width=\"161\">\n<div data-rm-block-id=\"block-8\"><span data-scayt_word=\"LDPE\" data-scaytid=\"3\">LDPE<\/span><\/div>\n<\/td>\n<td width=\"170\">\n<div data-rm-block-id=\"block-9\"><span data-scayt_word=\"LDPE\" data-scaytid=\"4\">LDPE<\/span><\/div>\n<\/td>\n<\/tr>\n<tr>\n<td width=\"234\">\n<div data-rm-block-id=\"block-10\">Capacity<\/div>\n<\/td>\n<td width=\"161\">\n<div data-rm-block-id=\"block-11\">30~60(Cycle\/min)<\/div>\n<\/td>\n<td width=\"170\">\n<div data-rm-block-id=\"block-12\">60~130(Cycle\/min)<\/div>\n<\/td>\n<\/tr>\n<tr>\n<td width=\"234\">\n<div data-rm-block-id=\"block-13\">Cutting width<\/div>\n<\/td>\n<td width=\"161\">\n<div data-rm-block-id=\"block-14\">80~<span data-scayt_word=\"450mm\" data-scaytid=\"5\">450mm<\/span><\/div>\n<\/td>\n<td width=\"170\">\n<div data-rm-block-id=\"block-15\">100~<span data-scayt_word=\"600mm\" data-scaytid=\"7\">600mm<\/span><\/div>\n<\/td>\n<\/tr>\n<tr>\n<td width=\"234\">\n<div data-rm-block-id=\"block-16\">Cutting length<\/div>\n<\/td>\n<td width=\"161\">\n<div data-rm-block-id=\"block-17\">100~<span data-scayt_word=\"300mm\" data-scaytid=\"8\">300mm<\/span><\/div>\n<\/td>\n<td width=\"170\">\n<div data-rm-block-id=\"block-18\">130~<span data-scayt_word=\"450mm\" data-scaytid=\"6\">450mm<\/span><\/div>\n<\/td>\n<\/tr>\n<tr>\n<td width=\"234\">\n<div data-rm-block-id=\"block-19\">Thickness of film<\/div>\n<\/td>\n<td width=\"161\">\n<div data-rm-block-id=\"block-20\">0.03~0.15mm<\/div>\n<\/td>\n<td width=\"170\">\n<div data-rm-block-id=\"block-21\">0.03~0.15mm<\/div>\n<\/td>\n<\/tr>\n<tr>\n<td width=\"234\">\n<div data-rm-block-id=\"block-22\">Film annulus diameter<\/div>\n<\/td>\n<td width=\"161\">\n<div data-rm-block-id=\"block-23\"><span data-scayt_word=\"\u03c6550\" data-scaytid=\"10\">\u03c6550<\/span>\u00d7<span data-scayt_word=\"500mm\" data-scaytid=\"12\">500mm<\/span><\/div>\n<\/td>\n<td width=\"170\">\n<div data-rm-block-id=\"block-24\"><span data-scayt_word=\"\u03c6550\" data-scaytid=\"11\">\u03c6550<\/span>\u00d7<span data-scayt_word=\"600mm\" data-scaytid=\"9\">600mm<\/span><\/div>\n<\/td>\n<\/tr>\n<tr>\n<td width=\"234\">\n<div data-rm-block-id=\"block-25\">Heater<\/div>\n<\/td>\n<td width=\"161\">\n<div data-rm-block-id=\"block-26\">1.8kw<\/div>\n<\/td>\n<td width=\"170\">\n<div data-rm-block-id=\"block-27\"><span data-scayt_word=\"2kw\" data-scaytid=\"14\">2kw<\/span><\/div>\n<\/td>\n<\/tr>\n<tr>\n<td width=\"234\">\n<div data-rm-block-id=\"block-28\">Cooling<\/div>\n<\/td>\n<td width=\"161\">\n<div data-rm-block-id=\"block-29\">0.37kw<\/div>\n<\/td>\n<td width=\"170\">\n<div data-rm-block-id=\"block-30\">0.37kw<\/div>\n<\/td>\n<\/tr>\n<tr>\n<td width=\"234\">\n<div data-rm-block-id=\"block-31\">Power<\/div>\n<\/td>\n<td width=\"161\">\n<div data-rm-block-id=\"block-32\"><span data-scayt_word=\"3kw\" data-scaytid=\"15\">3kw<\/span><\/div>\n<\/td>\n<td width=\"170\">\n<div data-rm-block-id=\"block-33\">3.5kw<\/div>\n<\/td>\n<\/tr>\n<tr>\n<td width=\"234\">\n<div data-rm-block-id=\"block-34\">Dimension (L\u00d7W\u00d7H) (mm))<\/div>\n<\/td>\n<td width=\"161\">\n<div data-rm-block-id=\"block-35\">3000\u00d71200\u00d7<span data-scayt_word=\"1600mm\" data-scaytid=\"16\">1600mm<\/span><\/div>\n<\/td>\n<td width=\"170\">\n<div data-rm-block-id=\"block-36\">3500\u00d71300\u00d7<span data-scayt_word=\"1600mm\" data-scaytid=\"17\">1600mm<\/span><\/div>\n<\/td>\n<\/tr>\n<\/tbody>\n<\/table>\n<p data-rm-block-id=\"block-37\">\n<p data-rm-block-id=\"block-38\">\n<p data-rm-block-id=\"block-39\">\n<\/div>\n<div>\n<p data-rm-block-id=\"block-40\">\n<p data-rm-block-id=\"block-41\">\n<p data-rm-block-id=\"block-42\">\n<p data-rm-block-id=\"block-43\">\n<p data-rm-block-id=\"block-44\">Si solo compra una m\u00e1quina, la empacaremos con un paquete de madera y la cargaremos en un contenedor con carga menor a la del contenedor (LCL).<\/p>\n<p data-rm-block-id=\"block-45\"><img decoding=\"async\" class=\" wp-image-29711\" src=\"https:\/\/maquinaparahacerbolsas.com.ve\/es\/wp-content\/uploads\/2025\/02\/plastic-machine-shipment-with-wooden-pack-less-containers.webp\" sizes=\"(max-width: 492px) 100vw, 492px\" srcset=\"https:\/\/maquinaparahacerbolsas.com.ve\/es\/wp-content\/uploads\/2025\/02\/plastic-machine-shipment-with-wooden-pack-less-containers.webp 768w, https:\/\/maquinaparahacerbolsas.com.ve\/es\/wp-content\/uploads\/2025\/02\/plastic-machine-shipment-with-wooden-pack-less-containers-400x295.webp 400w, https:\/\/maquinaparahacerbolsas.com.ve\/es\/wp-content\/uploads\/2025\/02\/plastic-machine-shipment-with-wooden-pack-less-containers-430x317.webp 430w, https:\/\/maquinaparahacerbolsas.com.ve\/es\/wp-content\/uploads\/2025\/02\/plastic-machine-shipment-with-wooden-pack-less-containers-700x517.webp 700w, https:\/\/maquinaparahacerbolsas.com.ve\/es\/wp-content\/uploads\/2025\/02\/plastic-machine-shipment-with-wooden-pack-less-containers-150x111.webp 150w\" alt=\"plastic machine shipment with wooden pack less containers\" width=\"492\" height=\"363\" \/><\/p>\n<p data-rm-block-id=\"block-46\">Nuestro principal colaborador de piezas es la siguiente marca, pero las piezas est\u00e1ndar est\u00e1n todas fabricadas en China.<\/p>\n<div id=\"attachment_29712\" class=\"wp-caption alignnone\">\n<p data-rm-block-id=\"block-47\"><img decoding=\"async\" class=\" wp-image-29712\" src=\"https:\/\/maquinaparahacerbolsas.com.ve\/es\/wp-content\/uploads\/2025\/02\/plastic-machine-parts-supplier.webp\" sizes=\"(max-width: 492px) 100vw, 492px\" srcset=\"https:\/\/maquinaparahacerbolsas.com.ve\/es\/wp-content\/uploads\/2025\/02\/plastic-machine-parts-supplier.webp 875w, https:\/\/maquinaparahacerbolsas.com.ve\/es\/wp-content\/uploads\/2025\/02\/plastic-machine-parts-supplier-400x230.webp 400w, https:\/\/maquinaparahacerbolsas.com.ve\/es\/wp-content\/uploads\/2025\/02\/plastic-machine-parts-supplier-768x442.webp 768w, https:\/\/maquinaparahacerbolsas.com.ve\/es\/wp-content\/uploads\/2025\/02\/plastic-machine-parts-supplier-430x248.webp 430w, https:\/\/maquinaparahacerbolsas.com.ve\/es\/wp-content\/uploads\/2025\/02\/plastic-machine-parts-supplier-700x403.webp 700w, https:\/\/maquinaparahacerbolsas.com.ve\/es\/wp-content\/uploads\/2025\/02\/plastic-machine-parts-supplier-150x86.webp 150w\" alt=\"plastic machine parts supplier\" width=\"492\" height=\"283\" aria-describedby=\"caption-attachment-29712\" \/><\/p>\n<p id=\"caption-attachment-29712\" class=\"wp-caption-text\" data-rm-block-id=\"block-48\">proveedor de piezas de m\u00e1quinas de pl\u00e1stico<\/p>\n<\/div>\n<div id=\"attachment_29717\" class=\"wp-caption alignnone\">\n<p data-rm-block-id=\"block-49\"><img loading=\"lazy\" decoding=\"async\" class=\"size-full wp-image-29717\" src=\"https:\/\/maquinaparahacerbolsas.com.ve\/es\/wp-content\/uploads\/2025\/02\/plastic-bag-machine-supplier.webp\" sizes=\"(max-width: 497px) 100vw, 497px\" srcset=\"https:\/\/maquinaparahacerbolsas.com.ve\/es\/wp-content\/uploads\/2025\/02\/plastic-bag-machine-supplier.webp 497w, https:\/\/maquinaparahacerbolsas.com.ve\/es\/wp-content\/uploads\/2025\/02\/plastic-bag-machine-supplier-300x300.webp 300w, https:\/\/maquinaparahacerbolsas.com.ve\/es\/wp-content\/uploads\/2025\/02\/plastic-bag-machine-supplier-150x150.webp 150w, https:\/\/maquinaparahacerbolsas.com.ve\/es\/wp-content\/uploads\/2025\/02\/plastic-bag-machine-supplier-430x430.webp 430w\" alt=\"plastic bag machine supplier\" width=\"497\" height=\"497\" aria-describedby=\"caption-attachment-29717\" \/><\/p>\n<p id=\"caption-attachment-29717\" class=\"wp-caption-text\" data-rm-block-id=\"block-50\">plastic bag machine supplier<\/p>\n<\/div>\n<div id=\"attachment_29716\" class=\"wp-caption alignnone\">\n<p data-rm-block-id=\"block-51\"><img loading=\"lazy\" decoding=\"async\" class=\"wp-image-29716\" src=\"https:\/\/maquinaparahacerbolsas.com.ve\/es\/wp-content\/uploads\/2025\/02\/Plastic-bag-machine-factory.webp\" sizes=\"(max-width: 500px) 100vw, 500px\" srcset=\"https:\/\/maquinaparahacerbolsas.com.ve\/es\/wp-content\/uploads\/2025\/02\/Plastic-bag-machine-factory.webp 467w, https:\/\/maquinaparahacerbolsas.com.ve\/es\/wp-content\/uploads\/2025\/02\/Plastic-bag-machine-factory-296x300.webp 296w, https:\/\/maquinaparahacerbolsas.com.ve\/es\/wp-content\/uploads\/2025\/02\/Plastic-bag-machine-factory-430x436.webp 430w, https:\/\/maquinaparahacerbolsas.com.ve\/es\/wp-content\/uploads\/2025\/02\/Plastic-bag-machine-factory-150x152.webp 150w\" alt=\"Plastic bag machine factory\" width=\"500\" height=\"507\" aria-describedby=\"caption-attachment-29716\" \/><\/p>\n<p id=\"caption-attachment-29716\" class=\"wp-caption-text\" data-rm-block-id=\"block-52\">F\u00e1brica de m\u00e1quinas para fabricar bolsas de pl\u00e1stico<\/p>\n<\/div>\n<div id=\"attachment_29715\" class=\"wp-caption alignnone\">\n<p data-rm-block-id=\"block-53\"><img loading=\"lazy\" decoding=\"async\" class=\"wp-image-29715 size-full\" src=\"https:\/\/maquinaparahacerbolsas.com.ve\/es\/wp-content\/uploads\/2025\/02\/Plastic_Recycling_Machine_Near_us_Price.webp\" sizes=\"(max-width: 497px) 100vw, 497px\" srcset=\"https:\/\/maquinaparahacerbolsas.com.ve\/es\/wp-content\/uploads\/2025\/02\/Plastic_Recycling_Machine_Near_us_Price.webp 497w, https:\/\/maquinaparahacerbolsas.com.ve\/es\/wp-content\/uploads\/2025\/02\/Plastic_Recycling_Machine_Near_us_Price-300x300.webp 300w, https:\/\/maquinaparahacerbolsas.com.ve\/es\/wp-content\/uploads\/2025\/02\/Plastic_Recycling_Machine_Near_us_Price-150x150.webp 150w, https:\/\/maquinaparahacerbolsas.com.ve\/es\/wp-content\/uploads\/2025\/02\/Plastic_Recycling_Machine_Near_us_Price-430x430.webp 430w\" alt=\"Plastic Recycling Machine \" width=\"497\" height=\"497\" aria-describedby=\"caption-attachment-29715\" \/><\/p>\n<p id=\"caption-attachment-29715\" class=\"wp-caption-text\" data-rm-block-id=\"block-54\">Plastic Recycling Machine<\/p>\n<\/div>\n<div id=\"attachment_29719\" class=\"wp-caption alignnone\" data-rm-block-id=\"block-55\"><\/div>\n<\/div>\n<p data-rm-block-id=\"block-56\">\n","protected":false},"excerpt":{"rendered":"<p>M\u00e1quina para hacer b<\/p>\n","protected":false},"featured_media":29570,"comment_status":"closed","ping_status":"closed","template":"","meta":{"_acf_changed":false},"product_brand":[],"product_cat":[86],"product_tag":[],"class_list":{"0":"post-28544","1":"product","2":"type-product","3":"status-publish","4":"has-post-thumbnail","6":"product_cat-maquina-para-hacer-bolsas","8":"first","9":"instock","10":"shipping-taxable","11":"product-type-simple"},"acf":[],"_links":{"self":[{"href":"http:\/\/maquinaparahacerbolsas.com.ve\/es\/wp-json\/wp\/v2\/product\/28544","targetHints":{"allow":["GET"]}}],"collection":[{"href":"http:\/\/maquinaparahacerbolsas.com.ve\/es\/wp-json\/wp\/v2\/product"}],"about":[{"href":"http:\/\/maquinaparahacerbolsas.com.ve\/es\/wp-json\/wp\/v2\/types\/product"}],"replies":[{"embeddable":true,"href":"http:\/\/maquinaparahacerbolsas.com.ve\/es\/wp-json\/wp\/v2\/comments?post=28544"}],"version-history":[{"count":0,"href":"http:\/\/maquinaparahacerbolsas.com.ve\/es\/wp-json\/wp\/v2\/product\/28544\/revisions"}],"wp:featuredmedia":[{"embeddable":true,"href":"http:\/\/maquinaparahacerbolsas.com.ve\/es\/wp-json\/wp\/v2\/media\/29570"}],"wp:attachment":[{"href":"http:\/\/maquinaparahacerbolsas.com.ve\/es\/wp-json\/wp\/v2\/media?parent=28544"}],"wp:term":[{"taxonomy":"product_brand","embeddable":true,"href":"http:\/\/maquinaparahacerbolsas.com.ve\/es\/wp-json\/wp\/v2\/product_brand?post=28544"},{"taxonomy":"product_cat","embeddable":true,"href":"http:\/\/maquinaparahacerbolsas.com.ve\/es\/wp-json\/wp\/v2\/product_cat?post=28544"},{"taxonomy":"product_tag","embeddable":true,"href":"http:\/\/maquinaparahacerbolsas.com.ve\/es\/wp-json\/wp\/v2\/product_tag?post=28544"}],"curies":[{"name":"wp","href":"https:\/\/api.w.org\/{rel}","templated":true}]}}