{"id":28536,"date":"2025-02-24T08:45:07","date_gmt":"2025-02-24T00:45:07","guid":{"rendered":"https:\/\/blanchedalmond-goat-523522.hostingersite.com\/?post_type=product&#038;p=28536"},"modified":"2025-10-13T11:44:44","modified_gmt":"2025-10-13T03:44:44","slug":"maquina-para-hacer-bolsas-de-basura-en-rollo-en-venezuela","status":"publish","type":"product","link":"http:\/\/maquinaparahacerbolsas.com.ve\/es\/maquina-para-hacer-bolsas-de-basura-en-rollo-en-venezuela","title":{"rendered":"M\u00e1quina para hacer bolsas de basura en rollo"},"content":{"rendered":"<p data-rm-block-id=\"block-1\">M\u00e1quina para hacer bolsas de basura en rollo Caracter\u00edsticas<\/p>\n<p data-rm-block-id=\"block-2\">Caracter\u00edsticas de la M\u00e1quina para hacer bolsas de basura en rollo<br \/>\nLa M\u00e1quina para hacer bolsas de basura en rollo, dise\u00f1ada para la producci\u00f3n de bolsas tipo camiseta, cumple con un doble prop\u00f3sito al permitir la utilizaci\u00f3n de rollos para fabricar tanto bolsas con corte como bolsas planas. Su sistema de reducci\u00f3n de longitud (step, servo) est\u00e1 optimizado para minimizar errores en las dimensiones de corte y sellado. La incorporaci\u00f3n de un ojo de rastreo fotoel\u00e9ctrico asegura una colocaci\u00f3n exacta de la figura impresa en la funda. El control num\u00e9rico computarizado facilita el ajuste de la longitud de las bolsas, y la m\u00e1quina cuenta con un mecanismo de detenci\u00f3n autom\u00e1tica que activa una alarma en caso de cualquier inconveniente.<\/p>\n<p data-rm-block-id=\"block-3\">Aplicaciones<br \/>\nLas bolsas de pel\u00edcula de polietileno, ya sean de alta o baja densidad, producidas por la M\u00e1quina para hacer bolsas de basura en rollo, se utilizan en supermercados, tiendas y mercados.<\/p>\n<p data-rm-block-id=\"block-4\">1. La computadora controla la velocidad de la m\u00e1quina.<br \/>\n2. La computadora controla la longitud de la bolsa.<br \/>\n3. La m\u00e1quina para fabricar bolsas est\u00e1 equipada con un contador.<br \/>\n4. Equipada con un sensor de seguimiento, puede producir bolsas con y sin impresi\u00f3n.<br \/>\n5. La m\u00e1quina es f\u00e1cil de operar.<\/p>\n<div id=\"attachment_29576\" style=\"width: 421px\" class=\"wp-caption alignnone\"><img fetchpriority=\"high\" decoding=\"async\" aria-describedby=\"caption-attachment-29576\" class=\" wp-image-29576\" src=\"https:\/\/maquinabolsasplasticas.com.bo\/wp-content\/uploads\/2025\/02\/bolsasdebasuraplasticos-scaled.jpg\" alt=\"bolsas de basura plasticos\" width=\"411\" height=\"216\" srcset=\"http:\/\/maquinaparahacerbolsas.com.ve\/es\/wp-content\/uploads\/2025\/02\/bolsasdebasuraplasticos-scaled.jpg 2560w, http:\/\/maquinaparahacerbolsas.com.ve\/es\/wp-content\/uploads\/2025\/02\/bolsasdebasuraplasticos-400x210.jpg 400w, http:\/\/maquinaparahacerbolsas.com.ve\/es\/wp-content\/uploads\/2025\/02\/bolsasdebasuraplasticos-1300x684.jpg 1300w, http:\/\/maquinaparahacerbolsas.com.ve\/es\/wp-content\/uploads\/2025\/02\/bolsasdebasuraplasticos-768x404.jpg 768w, http:\/\/maquinaparahacerbolsas.com.ve\/es\/wp-content\/uploads\/2025\/02\/bolsasdebasuraplasticos-1536x808.jpg 1536w, http:\/\/maquinaparahacerbolsas.com.ve\/es\/wp-content\/uploads\/2025\/02\/bolsasdebasuraplasticos-2048x1077.jpg 2048w, http:\/\/maquinaparahacerbolsas.com.ve\/es\/wp-content\/uploads\/2025\/02\/bolsasdebasuraplasticos-430x226.jpg 430w, http:\/\/maquinaparahacerbolsas.com.ve\/es\/wp-content\/uploads\/2025\/02\/bolsasdebasuraplasticos-700x368.jpg 700w, http:\/\/maquinaparahacerbolsas.com.ve\/es\/wp-content\/uploads\/2025\/02\/bolsasdebasuraplasticos-150x79.jpg 150w\" sizes=\"(max-width: 411px) 100vw, 411px\" \/><p id=\"caption-attachment-29576\" class=\"wp-caption-text\">bolsas de basura plasticos<\/p><\/div>\n<div id=\"attachment_29575\" style=\"width: 410px\" class=\"wp-caption alignnone\"><img decoding=\"async\" aria-describedby=\"caption-attachment-29575\" class=\"size-full wp-image-29575\" src=\"https:\/\/maquinabolsasplasticas.com.bo\/wp-content\/uploads\/2025\/02\/bolsasdebasuraplastico.jpg\" alt=\"bolsas de basura de plastico\" width=\"400\" height=\"300\" srcset=\"http:\/\/maquinaparahacerbolsas.com.ve\/es\/wp-content\/uploads\/2025\/02\/bolsasdebasuraplastico.jpg 400w, http:\/\/maquinaparahacerbolsas.com.ve\/es\/wp-content\/uploads\/2025\/02\/bolsasdebasuraplastico-150x113.jpg 150w\" sizes=\"(max-width: 400px) 100vw, 400px\" \/><p id=\"caption-attachment-29575\" class=\"wp-caption-text\">bolsas de basura de plastico<\/p><\/div>\n<p data-rm-block-id=\"block-5\"><strong>Especificaciones t\u00e9cnicas de la M\u00e1quina confeccionadora para fabricar bolsas basura en rollo<\/strong><\/p>\n<table style=\"padding: 0px; margin: 0px; font-family: Verdana, Arial, Helvetica, sans-serif; width: 730px;\" border=\"0\" cellspacing=\"1\" cellpadding=\"0\">\n<tbody>\n<tr>\n<td data-rm-block-id=\"block-6\"><strong>Modelo<\/strong><\/td>\n<td data-rm-block-id=\"block-7\"><strong>KDB-500<\/strong><\/td>\n<td data-rm-block-id=\"block-8\"><strong>KDB-600<\/strong><\/td>\n<td data-rm-block-id=\"block-9\"><strong>KDB-800<\/strong><\/td>\n<\/tr>\n<tr>\n<td data-rm-block-id=\"block-10\">M\u00e1x.\u00a0ancho\u00a0para\u00a0fabricar\u00a0bolsas\u00a0(mm )<\/td>\n<td data-rm-block-id=\"block-11\">400<\/td>\n<td data-rm-block-id=\"block-12\">500<\/td>\n<td data-rm-block-id=\"block-13\">700<\/td>\n<\/tr>\n<tr>\n<td data-rm-block-id=\"block-14\">M\u00e1x.\u00a0longitud\u00a0para\u00a0fabricar\u00a0bolsas\u00a0(mm )<\/td>\n<td data-rm-block-id=\"block-15\">1200<\/td>\n<td data-rm-block-id=\"block-16\">1200<\/td>\n<td data-rm-block-id=\"block-17\">1200<\/td>\n<\/tr>\n<tr>\n<td data-rm-block-id=\"block-18\">Grosor\u00a0para\u00a0fabricar\u00a0bolsas<\/td>\n<td data-rm-block-id=\"block-19\">0.008-0.15<\/td>\n<td data-rm-block-id=\"block-20\">0.008-0.15<\/td>\n<td data-rm-block-id=\"block-21\">0.008-0.10<\/td>\n<\/tr>\n<tr>\n<td data-rm-block-id=\"block-22\">Velocidad\u00a0para\u00a0fabricar\u00a0bolsas\u00a0(pc \/min )<\/td>\n<td data-rm-block-id=\"block-23\">140-200<\/td>\n<td data-rm-block-id=\"block-24\">40-120<\/td>\n<td data-rm-block-id=\"block-25\">40-120<\/td>\n<\/tr>\n<tr>\n<td data-rm-block-id=\"block-26\">Potencia\u00a0del motor (kw\u00a0)<\/td>\n<td data-rm-block-id=\"block-27\">1.1<\/td>\n<td data-rm-block-id=\"block-28\">1.1<\/td>\n<td data-rm-block-id=\"block-29\">1.5<\/td>\n<\/tr>\n<tr>\n<td data-rm-block-id=\"block-30\"><span data-scayt_word=\"Potencia\" data-scaytid=\"228\">Potencia<\/span>\u00a0del\u00a0<span data-scayt_word=\"calentador\" data-scaytid=\"230\">calentador<\/span>\u00a0<span data-scayt_word=\"el\u00e9ctrico\" data-scaytid=\"231\">el\u00e9ctrico<\/span><\/td>\n<td data-rm-block-id=\"block-31\">1.2<\/td>\n<td data-rm-block-id=\"block-32\">1.6<\/td>\n<td data-rm-block-id=\"block-33\">2.2<\/td>\n<\/tr>\n<tr>\n<td data-rm-block-id=\"block-34\"><span data-scayt_word=\"Dimensiones\" data-scaytid=\"232\">Dimensiones<\/span>\u00a0del\u00a0<span data-scayt_word=\"embalaje\" data-scaytid=\"233\">embalaje<\/span>\u00a0(L x Ax A)mm<\/td>\n<td data-rm-block-id=\"block-35\"><span data-scayt_word=\"3600X1200X1700\" data-scaytid=\"234\">3600X1200X1700<\/span><\/td>\n<td data-rm-block-id=\"block-36\"><span data-scayt_word=\"3400X1300X1700\" data-scaytid=\"235\">3400X1300X1700<\/span><\/td>\n<td data-rm-block-id=\"block-37\"><span data-scayt_word=\"3600X1500X1700\" data-scaytid=\"236\">3600X1500X1700<\/span><\/td>\n<\/tr>\n<tr>\n<td data-rm-block-id=\"block-38\">Peso de la\u00a0<span data-scayt_word=\"maquinar\u00eda\" data-scaytid=\"237\">maquinar\u00eda<\/span>\u00a0(kg )<\/td>\n<td data-rm-block-id=\"block-39\">800<\/td>\n<td data-rm-block-id=\"block-40\">900<\/td>\n<td data-rm-block-id=\"block-41\">100<\/td>\n<\/tr>\n<\/tbody>\n<\/table>\n<p data-rm-block-id=\"block-42\">Si solo compra una m\u00e1quina, la empacaremos con un paquete de madera y la cargaremos en un contenedor con carga menor a la del contenedor (LCL).<\/p>\n<p data-rm-block-id=\"block-43\"><img decoding=\"async\" class=\" wp-image-29711\" src=\"https:\/\/maquinaparahacerbolsas.com.ve\/es\/wp-content\/uploads\/2025\/02\/plastic-machine-shipment-with-wooden-pack-less-containers.webp\" sizes=\"(max-width: 492px) 100vw, 492px\" srcset=\"https:\/\/maquinaparahacerbolsas.com.ve\/es\/wp-content\/uploads\/2025\/02\/plastic-machine-shipment-with-wooden-pack-less-containers.webp 768w, https:\/\/maquinaparahacerbolsas.com.ve\/es\/wp-content\/uploads\/2025\/02\/plastic-machine-shipment-with-wooden-pack-less-containers-400x295.webp 400w, https:\/\/maquinaparahacerbolsas.com.ve\/es\/wp-content\/uploads\/2025\/02\/plastic-machine-shipment-with-wooden-pack-less-containers-430x317.webp 430w, https:\/\/maquinaparahacerbolsas.com.ve\/es\/wp-content\/uploads\/2025\/02\/plastic-machine-shipment-with-wooden-pack-less-containers-700x517.webp 700w, https:\/\/maquinaparahacerbolsas.com.ve\/es\/wp-content\/uploads\/2025\/02\/plastic-machine-shipment-with-wooden-pack-less-containers-150x111.webp 150w\" alt=\"plastic machine shipment with wooden pack less containers\" width=\"492\" height=\"363\" \/><\/p>\n<p data-rm-block-id=\"block-44\">Nuestro principal colaborador de piezas es la siguiente marca, pero las piezas est\u00e1ndar est\u00e1n todas fabricadas en China.<\/p>\n<div id=\"attachment_29712\" class=\"wp-caption alignnone\">\n<p data-rm-block-id=\"block-45\"><img loading=\"lazy\" decoding=\"async\" class=\" wp-image-29712\" src=\"https:\/\/maquinaparahacerbolsas.com.ve\/es\/wp-content\/uploads\/2025\/02\/plastic-machine-parts-supplier.webp\" sizes=\"(max-width: 492px) 100vw, 492px\" srcset=\"https:\/\/maquinaparahacerbolsas.com.ve\/es\/wp-content\/uploads\/2025\/02\/plastic-machine-parts-supplier.webp 875w, https:\/\/maquinaparahacerbolsas.com.ve\/es\/wp-content\/uploads\/2025\/02\/plastic-machine-parts-supplier-400x230.webp 400w, https:\/\/maquinaparahacerbolsas.com.ve\/es\/wp-content\/uploads\/2025\/02\/plastic-machine-parts-supplier-768x442.webp 768w, https:\/\/maquinaparahacerbolsas.com.ve\/es\/wp-content\/uploads\/2025\/02\/plastic-machine-parts-supplier-430x248.webp 430w, https:\/\/maquinaparahacerbolsas.com.ve\/es\/wp-content\/uploads\/2025\/02\/plastic-machine-parts-supplier-700x403.webp 700w, https:\/\/maquinaparahacerbolsas.com.ve\/es\/wp-content\/uploads\/2025\/02\/plastic-machine-parts-supplier-150x86.webp 150w\" alt=\"plastic machine parts supplier\" width=\"492\" height=\"283\" aria-describedby=\"caption-attachment-29712\" \/><\/p>\n<p id=\"caption-attachment-29712\" class=\"wp-caption-text\" data-rm-block-id=\"block-46\">proveedor de piezas de m\u00e1quinas de pl\u00e1stico<\/p>\n<\/div>\n<div id=\"attachment_29717\" class=\"wp-caption alignnone\">\n<p data-rm-block-id=\"block-47\"><img loading=\"lazy\" decoding=\"async\" class=\"size-full wp-image-29717\" src=\"https:\/\/maquinaparahacerbolsas.com.ve\/es\/wp-content\/uploads\/2025\/02\/plastic-bag-machine-supplier.webp\" sizes=\"(max-width: 497px) 100vw, 497px\" srcset=\"https:\/\/maquinaparahacerbolsas.com.ve\/es\/wp-content\/uploads\/2025\/02\/plastic-bag-machine-supplier.webp 497w, https:\/\/maquinaparahacerbolsas.com.ve\/es\/wp-content\/uploads\/2025\/02\/plastic-bag-machine-supplier-300x300.webp 300w, https:\/\/maquinaparahacerbolsas.com.ve\/es\/wp-content\/uploads\/2025\/02\/plastic-bag-machine-supplier-150x150.webp 150w, https:\/\/maquinaparahacerbolsas.com.ve\/es\/wp-content\/uploads\/2025\/02\/plastic-bag-machine-supplier-430x430.webp 430w\" alt=\"plastic bag machine supplier\" width=\"497\" height=\"497\" aria-describedby=\"caption-attachment-29717\" \/><\/p>\n<p id=\"caption-attachment-29717\" class=\"wp-caption-text\" data-rm-block-id=\"block-48\">plastic bag machine supplier<\/p>\n<\/div>\n<div id=\"attachment_29716\" class=\"wp-caption alignnone\">\n<p data-rm-block-id=\"block-49\"><img loading=\"lazy\" decoding=\"async\" class=\"wp-image-29716\" src=\"https:\/\/maquinaparahacerbolsas.com.ve\/es\/wp-content\/uploads\/2025\/02\/Plastic-bag-machine-factory.webp\" sizes=\"(max-width: 500px) 100vw, 500px\" srcset=\"https:\/\/maquinaparahacerbolsas.com.ve\/es\/wp-content\/uploads\/2025\/02\/Plastic-bag-machine-factory.webp 467w, https:\/\/maquinaparahacerbolsas.com.ve\/es\/wp-content\/uploads\/2025\/02\/Plastic-bag-machine-factory-296x300.webp 296w, https:\/\/maquinaparahacerbolsas.com.ve\/es\/wp-content\/uploads\/2025\/02\/Plastic-bag-machine-factory-430x436.webp 430w, https:\/\/maquinaparahacerbolsas.com.ve\/es\/wp-content\/uploads\/2025\/02\/Plastic-bag-machine-factory-150x152.webp 150w\" alt=\"Plastic bag machine factory\" width=\"500\" height=\"507\" aria-describedby=\"caption-attachment-29716\" \/><\/p>\n<p id=\"caption-attachment-29716\" class=\"wp-caption-text\" data-rm-block-id=\"block-50\">F\u00e1brica de m\u00e1quinas para fabricar bolsas de pl\u00e1stico<\/p>\n<\/div>\n<div id=\"attachment_29715\" class=\"wp-caption alignnone\">\n<p data-rm-block-id=\"block-51\"><img loading=\"lazy\" decoding=\"async\" class=\"wp-image-29715 size-full\" src=\"https:\/\/maquinaparahacerbolsas.com.ve\/es\/wp-content\/uploads\/2025\/02\/Plastic_Recycling_Machine_Near_us_Price.webp\" sizes=\"(max-width: 497px) 100vw, 497px\" srcset=\"https:\/\/maquinaparahacerbolsas.com.ve\/es\/wp-content\/uploads\/2025\/02\/Plastic_Recycling_Machine_Near_us_Price.webp 497w, https:\/\/maquinaparahacerbolsas.com.ve\/es\/wp-content\/uploads\/2025\/02\/Plastic_Recycling_Machine_Near_us_Price-300x300.webp 300w, https:\/\/maquinaparahacerbolsas.com.ve\/es\/wp-content\/uploads\/2025\/02\/Plastic_Recycling_Machine_Near_us_Price-150x150.webp 150w, https:\/\/maquinaparahacerbolsas.com.ve\/es\/wp-content\/uploads\/2025\/02\/Plastic_Recycling_Machine_Near_us_Price-430x430.webp 430w\" alt=\"Plastic Recycling Machine \" width=\"497\" height=\"497\" aria-describedby=\"caption-attachment-29715\" \/><\/p>\n<p id=\"caption-attachment-29715\" class=\"wp-caption-text\" data-rm-block-id=\"block-52\">Plastic Recycling Machine<\/p>\n<\/div>\n","protected":false},"excerpt":{"rendered":"<p><strong>M\u00e1quina confeccionadora para fabricar bolsas basura en rollo y bolsas de camiseta en rollo<\/strong><\/p>\n","protected":false},"featured_media":29573,"comment_status":"closed","ping_status":"closed","template":"","meta":{"_acf_changed":false},"product_brand":[],"product_cat":[86],"product_tag":[],"class_list":{"0":"post-28536","1":"product","2":"type-product","3":"status-publish","4":"has-post-thumbnail","6":"product_cat-maquina-para-hacer-bolsas","8":"first","9":"instock","10":"shipping-taxable","11":"product-type-simple"},"acf":[],"_links":{"self":[{"href":"http:\/\/maquinaparahacerbolsas.com.ve\/es\/wp-json\/wp\/v2\/product\/28536","targetHints":{"allow":["GET"]}}],"collection":[{"href":"http:\/\/maquinaparahacerbolsas.com.ve\/es\/wp-json\/wp\/v2\/product"}],"about":[{"href":"http:\/\/maquinaparahacerbolsas.com.ve\/es\/wp-json\/wp\/v2\/types\/product"}],"replies":[{"embeddable":true,"href":"http:\/\/maquinaparahacerbolsas.com.ve\/es\/wp-json\/wp\/v2\/comments?post=28536"}],"version-history":[{"count":0,"href":"http:\/\/maquinaparahacerbolsas.com.ve\/es\/wp-json\/wp\/v2\/product\/28536\/revisions"}],"wp:featuredmedia":[{"embeddable":true,"href":"http:\/\/maquinaparahacerbolsas.com.ve\/es\/wp-json\/wp\/v2\/media\/29573"}],"wp:attachment":[{"href":"http:\/\/maquinaparahacerbolsas.com.ve\/es\/wp-json\/wp\/v2\/media?parent=28536"}],"wp:term":[{"taxonomy":"product_brand","embeddable":true,"href":"http:\/\/maquinaparahacerbolsas.com.ve\/es\/wp-json\/wp\/v2\/product_brand?post=28536"},{"taxonomy":"product_cat","embeddable":true,"href":"http:\/\/maquinaparahacerbolsas.com.ve\/es\/wp-json\/wp\/v2\/product_cat?post=28536"},{"taxonomy":"product_tag","embeddable":true,"href":"http:\/\/maquinaparahacerbolsas.com.ve\/es\/wp-json\/wp\/v2\/product_tag?post=28536"}],"curies":[{"name":"wp","href":"https:\/\/api.w.org\/{rel}","templated":true}]}}