{"id":28532,"date":"2025-02-24T08:39:46","date_gmt":"2025-02-24T00:39:46","guid":{"rendered":"https:\/\/blanchedalmond-goat-523522.hostingersite.com\/?post_type=product&#038;p=28532"},"modified":"2025-10-13T11:35:16","modified_gmt":"2025-10-13T03:35:16","slug":"maquina-para-hacer-bolsas-de-plastico-tipo-camiseta","status":"publish","type":"product","link":"http:\/\/maquinaparahacerbolsas.com.ve\/es\/maquina-para-hacer-bolsas-de-plastico-tipo-camiseta","title":{"rendered":"M\u00e1quina Para Hacer Bolsas De Plastico Tipo Camiseta"},"content":{"rendered":"<div data-rm-block-id=\"block-1\">M\u00e1quina Para Hacer Bolsas De Plastico Tipo Camiseta<br \/>\nLa m\u00e1quina para hacer bolsas de pl\u00e1stico tipo camiseta est\u00e1 equipada con un sistema de control PLC y un motor servo de doble longitud fija. Adem\u00e1s, dispone de una pantalla t\u00e1ctil de cristal que permite monitorear en tiempo real las etapas de alimentaci\u00f3n, sellado, corte, punzado de agujeros y transporte, todo ello funcionando de manera integrada. Este dispositivo proporciona un alto grado de automatizaci\u00f3n y resultados econ\u00f3micos \u00f3ptimos.<\/div>\n<div data-rm-block-id=\"block-2\"><img fetchpriority=\"high\" decoding=\"async\" class=\"alignnone wp-image-28533\" src=\"https:\/\/maquinabolsasplasticas.com.bo\/wp-content\/uploads\/2025\/02\/maquina-para-bolsas-de-camiseta.jpg\" alt=\"\" width=\"331\" height=\"270\" srcset=\"http:\/\/maquinaparahacerbolsas.com.ve\/es\/wp-content\/uploads\/2025\/02\/maquina-para-bolsas-de-camiseta.jpg 770w, http:\/\/maquinaparahacerbolsas.com.ve\/es\/wp-content\/uploads\/2025\/02\/maquina-para-bolsas-de-camiseta-367x300.jpg 367w, http:\/\/maquinaparahacerbolsas.com.ve\/es\/wp-content\/uploads\/2025\/02\/maquina-para-bolsas-de-camiseta-768x627.jpg 768w, http:\/\/maquinaparahacerbolsas.com.ve\/es\/wp-content\/uploads\/2025\/02\/maquina-para-bolsas-de-camiseta-430x351.jpg 430w, http:\/\/maquinaparahacerbolsas.com.ve\/es\/wp-content\/uploads\/2025\/02\/maquina-para-bolsas-de-camiseta-700x572.jpg 700w, http:\/\/maquinaparahacerbolsas.com.ve\/es\/wp-content\/uploads\/2025\/02\/maquina-para-bolsas-de-camiseta-150x123.jpg 150w\" sizes=\"(max-width: 331px) 100vw, 331px\" \/><img decoding=\"async\" class=\"\" src=\"https:\/\/maquinabolsasplasticas.com.bo\/wp-content\/uploads\/2025\/02\/bolsasdecamisetaplasticas.jpg\" width=\"269\" height=\"269\" alt=\"\"><br \/>\n<strong>Aplicaci\u00f3n\u00a0<\/strong><br \/>\nLa\u00a0m\u00e1quina\u00a0para\u00a0fabricar\u00a0bolsas\u00a0camisetas\u00a0utilice\u00a0para\u00a0fabricar\u00a0e\u00a0imprimirbolsas\u00a0de\u00a0vestiduras\u00a0incolora<\/div>\n<div data-rm-block-id=\"block-3\"><span data-scayt_word=\"hecha\" data-scaytid=\"124\">hecha<\/span>\u00a0de\u00a0<span data-scayt_word=\"rollos\" data-scaytid=\"125\">rollos<\/span>\u00a0de\u00a0<span data-scayt_word=\"pel\u00edculas\" data-scaytid=\"126\">pel\u00edculas<\/span>\u00a0<span data-scayt_word=\"HDPE\" data-scaytid=\"114\">HDPE<\/span>,\u00a0<span data-scayt_word=\"LDPE\" data-scaytid=\"115\">LDPE<\/span>.<br \/>\n<strong>Especificaciones\u00a0t\u00e9cnicas\u00a0de la\u00a0m\u00e1quina\u00a0para\u00a0fabricar\u00a0bolsascamisetas<\/strong><\/div>\n<div>\n<table style=\"padding: 0px; margin: 0px; width: 677px;\" border=\"0\" cellspacing=\"1\" cellpadding=\"0\">\n<tbody>\n<tr>\n<td data-rm-block-id=\"block-4\"><strong>Modelo<\/strong><\/td>\n<td data-rm-block-id=\"block-5\"><strong>DFHQ-350X2<\/strong><\/td>\n<td data-rm-block-id=\"block-6\"><strong>DFHQ-450X2<\/strong><\/td>\n<\/tr>\n<tr>\n<td data-rm-block-id=\"block-7\">M\u00e1x.\u00a0ancho\u00a0de la\u00a0fabricaci\u00f3n\u00a0de la\u00a0bolsa<\/td>\n<td data-rm-block-id=\"block-8\"><span data-scayt_word=\"300mmX2\" data-scaytid=\"135\">300mmX2<\/span><\/td>\n<td data-rm-block-id=\"block-9\"><span data-scayt_word=\"400mmX2\" data-scaytid=\"136\">400mmX2<\/span><\/td>\n<\/tr>\n<tr>\n<td data-rm-block-id=\"block-10\"><span data-scayt_word=\"M\u00e1s\" data-scaytid=\"137\">M\u00e1s<\/span>.\u00a0<span data-scayt_word=\"Longitud\" data-scaytid=\"138\">Longitud<\/span>\u00a0de la\u00a0<span data-scayt_word=\"fabricaci\u00f3n\" data-scaytid=\"139\">fabricaci\u00f3n<\/span>\u00a0de la\u00a0<span data-scayt_word=\"bolsa\" data-scaytid=\"141\">bolsa<\/span><\/td>\n<td data-rm-block-id=\"block-11\"><span data-scayt_word=\"650mm\" data-scaytid=\"143\">650mm<\/span><\/td>\n<td data-rm-block-id=\"block-12\"><span data-scayt_word=\"650mm\" data-scaytid=\"144\">650mm<\/span><\/td>\n<\/tr>\n<tr>\n<td data-rm-block-id=\"block-13\"><span data-scayt_word=\"Grosor\" data-scaytid=\"145\">Grosor<\/span>\u00a0de la\u00a0<span data-scayt_word=\"fabricaci\u00f3n\" data-scaytid=\"140\">fabricaci\u00f3n<\/span>\u00a0de la\u00a0<span data-scayt_word=\"bolsa\" data-scaytid=\"142\">bolsa<\/span><\/td>\n<td data-rm-block-id=\"block-14\">0.015-0.035mm<\/td>\n<td data-rm-block-id=\"block-15\">0.015-0.035mm<\/td>\n<\/tr>\n<tr>\n<td data-rm-block-id=\"block-16\"><span data-scayt_word=\"Velocidad\" data-scaytid=\"150\">Velocidad<\/span>\u00a0de la\u00a0<span data-scayt_word=\"fabricaci\u00f3n\" data-scaytid=\"146\">fabricaci\u00f3n<\/span>\u00a0de la\u00a0<span data-scayt_word=\"bolsa\" data-scaytid=\"147\">bolsa<\/span><\/td>\n<td data-rm-block-id=\"block-17\"><span data-scayt_word=\"140-200pcs\" data-scaytid=\"148\">140-200pcs<\/span>\/<span data-scayt_word=\"minX2\" data-scaytid=\"155\">minX2<\/span><\/td>\n<td data-rm-block-id=\"block-18\"><span data-scayt_word=\"140-200pcs\" data-scaytid=\"149\">140-200pcs<\/span>\/minX2<\/td>\n<\/tr>\n<tr>\n<td data-rm-block-id=\"block-19\">Presi\u00f3n\u00a0del\u00a0aire<\/td>\n<td data-rm-block-id=\"block-20\">5kg\/cm\u00b2<\/td>\n<td data-rm-block-id=\"block-21\">5kg\/cm\u00b2<\/td>\n<\/tr>\n<tr>\n<td data-rm-block-id=\"block-22\">Potencia\u00a0total<\/td>\n<td data-rm-block-id=\"block-23\">7kw<\/td>\n<td data-rm-block-id=\"block-24\">9kw<\/td>\n<\/tr>\n<tr>\n<td data-rm-block-id=\"block-25\">Peso de la\u00a0m\u00e1quina<\/td>\n<td data-rm-block-id=\"block-26\">1200kg<\/td>\n<td data-rm-block-id=\"block-27\">1600kg<\/td>\n<\/tr>\n<tr>\n<td data-rm-block-id=\"block-28\"><span data-scayt_word=\"Dimensiones\" data-scaytid=\"181\">Dimensiones<\/span>\u00a0<span data-scayt_word=\"totales\" data-scaytid=\"182\">totales<\/span><\/td>\n<td data-rm-block-id=\"block-29\"><span data-scayt_word=\"6000X1400X1600mm\" data-scaytid=\"183\">6000X1400X1600mm<\/span><\/td>\n<td data-rm-block-id=\"block-30\"><span data-scayt_word=\"6000X1500X1600mm\" data-scaytid=\"184\">6000X1500X1600mm<\/span><\/td>\n<\/tr>\n<\/tbody>\n<\/table>\n<p data-rm-block-id=\"block-31\">Si solo compra una m\u00e1quina, la empacaremos con un paquete de madera y la cargaremos en un contenedor con carga menor a la del contenedor (LCL).<\/p>\n<p data-rm-block-id=\"block-32\"><img decoding=\"async\" class=\" wp-image-29711\" src=\"https:\/\/maquinaparahacerbolsas.com.ve\/es\/wp-content\/uploads\/2025\/02\/plastic-machine-shipment-with-wooden-pack-less-containers.webp\" sizes=\"(max-width: 492px) 100vw, 492px\" srcset=\"https:\/\/maquinaparahacerbolsas.com.ve\/es\/wp-content\/uploads\/2025\/02\/plastic-machine-shipment-with-wooden-pack-less-containers.webp 768w, https:\/\/maquinaparahacerbolsas.com.ve\/es\/wp-content\/uploads\/2025\/02\/plastic-machine-shipment-with-wooden-pack-less-containers-400x295.webp 400w, https:\/\/maquinaparahacerbolsas.com.ve\/es\/wp-content\/uploads\/2025\/02\/plastic-machine-shipment-with-wooden-pack-less-containers-430x317.webp 430w, https:\/\/maquinaparahacerbolsas.com.ve\/es\/wp-content\/uploads\/2025\/02\/plastic-machine-shipment-with-wooden-pack-less-containers-700x517.webp 700w, https:\/\/maquinaparahacerbolsas.com.ve\/es\/wp-content\/uploads\/2025\/02\/plastic-machine-shipment-with-wooden-pack-less-containers-150x111.webp 150w\" alt=\"plastic machine shipment with wooden pack less containers\" width=\"492\" height=\"363\" \/><\/p>\n<p data-rm-block-id=\"block-33\">Nuestro principal colaborador de piezas es la siguiente marca, pero las piezas est\u00e1ndar est\u00e1n todas fabricadas en China.<\/p>\n<div id=\"attachment_29712\" class=\"wp-caption alignnone\">\n<p data-rm-block-id=\"block-34\"><img loading=\"lazy\" decoding=\"async\" class=\" wp-image-29712\" src=\"https:\/\/maquinaparahacerbolsas.com.ve\/es\/wp-content\/uploads\/2025\/02\/plastic-machine-parts-supplier.webp\" sizes=\"(max-width: 492px) 100vw, 492px\" srcset=\"https:\/\/maquinaparahacerbolsas.com.ve\/es\/wp-content\/uploads\/2025\/02\/plastic-machine-parts-supplier.webp 875w, https:\/\/maquinaparahacerbolsas.com.ve\/es\/wp-content\/uploads\/2025\/02\/plastic-machine-parts-supplier-400x230.webp 400w, https:\/\/maquinaparahacerbolsas.com.ve\/es\/wp-content\/uploads\/2025\/02\/plastic-machine-parts-supplier-768x442.webp 768w, https:\/\/maquinaparahacerbolsas.com.ve\/es\/wp-content\/uploads\/2025\/02\/plastic-machine-parts-supplier-430x248.webp 430w, https:\/\/maquinaparahacerbolsas.com.ve\/es\/wp-content\/uploads\/2025\/02\/plastic-machine-parts-supplier-700x403.webp 700w, https:\/\/maquinaparahacerbolsas.com.ve\/es\/wp-content\/uploads\/2025\/02\/plastic-machine-parts-supplier-150x86.webp 150w\" alt=\"plastic machine parts supplier\" width=\"492\" height=\"283\" aria-describedby=\"caption-attachment-29712\" \/><\/p>\n<p id=\"caption-attachment-29712\" class=\"wp-caption-text\" data-rm-block-id=\"block-35\">proveedor de piezas de m\u00e1quinas de pl\u00e1stico<\/p>\n<\/div>\n<div id=\"attachment_29717\" class=\"wp-caption alignnone\">\n<p data-rm-block-id=\"block-36\"><img loading=\"lazy\" decoding=\"async\" class=\"size-full wp-image-29717\" src=\"https:\/\/maquinaparahacerbolsas.com.ve\/es\/wp-content\/uploads\/2025\/02\/plastic-bag-machine-supplier.webp\" sizes=\"(max-width: 497px) 100vw, 497px\" srcset=\"https:\/\/maquinaparahacerbolsas.com.ve\/es\/wp-content\/uploads\/2025\/02\/plastic-bag-machine-supplier.webp 497w, https:\/\/maquinaparahacerbolsas.com.ve\/es\/wp-content\/uploads\/2025\/02\/plastic-bag-machine-supplier-300x300.webp 300w, https:\/\/maquinaparahacerbolsas.com.ve\/es\/wp-content\/uploads\/2025\/02\/plastic-bag-machine-supplier-150x150.webp 150w, https:\/\/maquinaparahacerbolsas.com.ve\/es\/wp-content\/uploads\/2025\/02\/plastic-bag-machine-supplier-430x430.webp 430w\" alt=\"plastic bag machine supplier\" width=\"497\" height=\"497\" aria-describedby=\"caption-attachment-29717\" \/><\/p>\n<p id=\"caption-attachment-29717\" class=\"wp-caption-text\" data-rm-block-id=\"block-37\">plastic bag machine supplier<\/p>\n<\/div>\n<div id=\"attachment_29716\" class=\"wp-caption alignnone\">\n<p data-rm-block-id=\"block-38\"><img loading=\"lazy\" decoding=\"async\" class=\"wp-image-29716\" src=\"https:\/\/maquinaparahacerbolsas.com.ve\/es\/wp-content\/uploads\/2025\/02\/Plastic-bag-machine-factory.webp\" sizes=\"(max-width: 500px) 100vw, 500px\" srcset=\"https:\/\/maquinaparahacerbolsas.com.ve\/es\/wp-content\/uploads\/2025\/02\/Plastic-bag-machine-factory.webp 467w, https:\/\/maquinaparahacerbolsas.com.ve\/es\/wp-content\/uploads\/2025\/02\/Plastic-bag-machine-factory-296x300.webp 296w, https:\/\/maquinaparahacerbolsas.com.ve\/es\/wp-content\/uploads\/2025\/02\/Plastic-bag-machine-factory-430x436.webp 430w, https:\/\/maquinaparahacerbolsas.com.ve\/es\/wp-content\/uploads\/2025\/02\/Plastic-bag-machine-factory-150x152.webp 150w\" alt=\"Plastic bag machine factory\" width=\"500\" height=\"507\" aria-describedby=\"caption-attachment-29716\" \/><\/p>\n<p id=\"caption-attachment-29716\" class=\"wp-caption-text\" data-rm-block-id=\"block-39\">F\u00e1brica de m\u00e1quinas para fabricar bolsas de pl\u00e1stico<\/p>\n<\/div>\n<div id=\"attachment_29715\" class=\"wp-caption alignnone\">\n<p data-rm-block-id=\"block-40\"><img loading=\"lazy\" decoding=\"async\" class=\"wp-image-29715 size-full\" src=\"https:\/\/maquinaparahacerbolsas.com.ve\/es\/wp-content\/uploads\/2025\/02\/Plastic_Recycling_Machine_Near_us_Price.webp\" sizes=\"(max-width: 497px) 100vw, 497px\" srcset=\"https:\/\/maquinaparahacerbolsas.com.ve\/es\/wp-content\/uploads\/2025\/02\/Plastic_Recycling_Machine_Near_us_Price.webp 497w, https:\/\/maquinaparahacerbolsas.com.ve\/es\/wp-content\/uploads\/2025\/02\/Plastic_Recycling_Machine_Near_us_Price-300x300.webp 300w, https:\/\/maquinaparahacerbolsas.com.ve\/es\/wp-content\/uploads\/2025\/02\/Plastic_Recycling_Machine_Near_us_Price-150x150.webp 150w, https:\/\/maquinaparahacerbolsas.com.ve\/es\/wp-content\/uploads\/2025\/02\/Plastic_Recycling_Machine_Near_us_Price-430x430.webp 430w\" alt=\"Plastic Recycling Machine \" width=\"497\" height=\"497\" aria-describedby=\"caption-attachment-29715\" \/><\/p>\n<p id=\"caption-attachment-29715\" class=\"wp-caption-text\" data-rm-block-id=\"block-41\">Plastic Recycling Machine<\/p>\n<\/div>\n<\/div>\n","protected":false},"excerpt":{"rendered":"<p>M\u00e1quina Confeccionadora de Bolsas fabrica bolsas de Plastico Tipo Camiseta.<\/p>\n","protected":false},"featured_media":29581,"comment_status":"closed","ping_status":"closed","template":"","meta":{"_acf_changed":false},"product_brand":[],"product_cat":[86],"product_tag":[],"class_list":{"0":"post-28532","1":"product","2":"type-product","3":"status-publish","4":"has-post-thumbnail","6":"product_cat-maquina-para-hacer-bolsas","8":"first","9":"instock","10":"shipping-taxable","11":"product-type-simple"},"acf":[],"_links":{"self":[{"href":"http:\/\/maquinaparahacerbolsas.com.ve\/es\/wp-json\/wp\/v2\/product\/28532","targetHints":{"allow":["GET"]}}],"collection":[{"href":"http:\/\/maquinaparahacerbolsas.com.ve\/es\/wp-json\/wp\/v2\/product"}],"about":[{"href":"http:\/\/maquinaparahacerbolsas.com.ve\/es\/wp-json\/wp\/v2\/types\/product"}],"replies":[{"embeddable":true,"href":"http:\/\/maquinaparahacerbolsas.com.ve\/es\/wp-json\/wp\/v2\/comments?post=28532"}],"version-history":[{"count":0,"href":"http:\/\/maquinaparahacerbolsas.com.ve\/es\/wp-json\/wp\/v2\/product\/28532\/revisions"}],"wp:featuredmedia":[{"embeddable":true,"href":"http:\/\/maquinaparahacerbolsas.com.ve\/es\/wp-json\/wp\/v2\/media\/29581"}],"wp:attachment":[{"href":"http:\/\/maquinaparahacerbolsas.com.ve\/es\/wp-json\/wp\/v2\/media?parent=28532"}],"wp:term":[{"taxonomy":"product_brand","embeddable":true,"href":"http:\/\/maquinaparahacerbolsas.com.ve\/es\/wp-json\/wp\/v2\/product_brand?post=28532"},{"taxonomy":"product_cat","embeddable":true,"href":"http:\/\/maquinaparahacerbolsas.com.ve\/es\/wp-json\/wp\/v2\/product_cat?post=28532"},{"taxonomy":"product_tag","embeddable":true,"href":"http:\/\/maquinaparahacerbolsas.com.ve\/es\/wp-json\/wp\/v2\/product_tag?post=28532"}],"curies":[{"name":"wp","href":"https:\/\/api.w.org\/{rel}","templated":true}]}}