{"id":28527,"date":"2025-02-24T08:33:42","date_gmt":"2025-02-24T00:33:42","guid":{"rendered":"https:\/\/blanchedalmond-goat-523522.hostingersite.com\/?post_type=product&#038;p=28527"},"modified":"2025-10-13T11:06:46","modified_gmt":"2025-10-13T03:06:46","slug":"maquina-para-hacer-bolsas-de-camiseta-plasticas-en-venezuela","status":"publish","type":"product","link":"http:\/\/maquinaparahacerbolsas.com.ve\/es\/maquina-para-hacer-bolsas-de-camiseta-plasticas-en-venezuela","title":{"rendered":"M\u00e1quina para hacer bolsas de camiseta plasticos"},"content":{"rendered":"<p data-rm-block-id=\"block-1\"><strong>Caracter\u00edsticas de la M\u00e1quina para hacer bolsas de camiseta pl\u00e1sticos, l\u00ednea doble <\/strong><br \/>\nEl motor principal de la m\u00e1quina para hacer bolsas de l\u00ednea doble est\u00e1 equipado con un sistema de conversi\u00f3n de frecuencia, lo que permite un ahorro significativo de electricidad y un control de velocidad eficiente.<\/p>\n<p data-rm-block-id=\"block-2\">El sistema de rastreo de c\u00f3digo por color garantiza un rendimiento \u00f3ptimo, logrando una mayor precisi\u00f3n en la longitud de corte y sellado, lo que minimiza los errores. Adem\u00e1s, esta m\u00e1quina para hacer bolsas de l\u00ednea doble incorpora una computadora avanzada que facilita el ajuste de la longitud de manera sencilla y exacta.<\/p>\n<p data-rm-block-id=\"block-3\">Aplicaciones<br \/>\nLa m\u00e1quina para hacer bolsas de l\u00ednea doble es ideal para la producci\u00f3n de bolsas de vestidura.<\/p>\n<p data-rm-block-id=\"block-4\"><span data-scayt_word=\"bolsas\" data-scaytid=\"108\">bolsas<\/span>\u00a0<span data-scayt_word=\"abiertas-planas\" data-scaytid=\"163\">abiertas-planas<\/span>\u00a0con\u00a0<span data-scayt_word=\"impresiones\" data-scaytid=\"164\">impresiones<\/span>.<\/p>\n<div id=\"attachment_29473\" style=\"width: 588px\" class=\"wp-caption alignnone\"><img fetchpriority=\"high\" decoding=\"async\" aria-describedby=\"caption-attachment-29473\" class=\" wp-image-29473\" src=\"https:\/\/maquinabolsasplasticas.com.bo\/wp-content\/uploads\/2025\/02\/bolsas-de-camiseta-plasticas.jpg\" alt=\"bolsas de camiseta plasticas\" width=\"578\" height=\"289\" srcset=\"http:\/\/maquinaparahacerbolsas.com.ve\/es\/wp-content\/uploads\/2025\/02\/bolsas-de-camiseta-plasticas.jpg 1200w, http:\/\/maquinaparahacerbolsas.com.ve\/es\/wp-content\/uploads\/2025\/02\/bolsas-de-camiseta-plasticas-400x200.jpg 400w, http:\/\/maquinaparahacerbolsas.com.ve\/es\/wp-content\/uploads\/2025\/02\/bolsas-de-camiseta-plasticas-768x384.jpg 768w, http:\/\/maquinaparahacerbolsas.com.ve\/es\/wp-content\/uploads\/2025\/02\/bolsas-de-camiseta-plasticas-430x215.jpg 430w, http:\/\/maquinaparahacerbolsas.com.ve\/es\/wp-content\/uploads\/2025\/02\/bolsas-de-camiseta-plasticas-700x350.jpg 700w, http:\/\/maquinaparahacerbolsas.com.ve\/es\/wp-content\/uploads\/2025\/02\/bolsas-de-camiseta-plasticas-150x75.jpg 150w\" sizes=\"(max-width: 578px) 100vw, 578px\" \/><p id=\"caption-attachment-29473\" class=\"wp-caption-text\">bolsas de camiseta plasticas<\/p><\/div>\n<p data-rm-block-id=\"block-5\"><span data-scayt_word=\"Especificaciones\" data-scaytid=\"170\">Especificaciones<\/span>\u00a0<span data-scayt_word=\"t\u00e9cnicas\" data-scaytid=\"171\">t\u00e9cnicas<\/span>\u00a0de la\u00a0<span data-scayt_word=\"m\u00e1quina\" data-scaytid=\"165\">m\u00e1quina<\/span>\u00a0<span data-scayt_word=\"para\" data-scaytid=\"166\">para<\/span>\u00a0<span data-scayt_word=\"fabricar\" data-scaytid=\"167\">fabricar<\/span>\u00a0<span data-scayt_word=\"bolsas\" data-scaytid=\"168\">bolsas<\/span>\u00a0de\u00a0<span data-scayt_word=\"l\u00edneadoble\" data-scaytid=\"176\">l\u00edneadoble<\/span><\/p>\n<table border=\"0\" cellspacing=\"1\" cellpadding=\"0\">\n<tbody>\n<tr>\n<td data-rm-block-id=\"block-6\"><span data-scayt_word=\"Modelo\" data-scaytid=\"177\">Modelo<\/span><\/td>\n<td data-rm-block-id=\"block-7\"><span data-scayt_word=\"DFR-500\" data-scaytid=\"169\">DFR-500<\/span><\/td>\n<td data-rm-block-id=\"block-8\"><span data-scayt_word=\"DFR-600\" data-scaytid=\"179\">DFR-600<\/span><\/td>\n<td data-rm-block-id=\"block-9\"><span data-scayt_word=\"DFR-700\" data-scaytid=\"180\">DFR-700<\/span><\/td>\n<\/tr>\n<tr>\n<td data-rm-block-id=\"block-10\"><span data-scayt_word=\"Ancho\" data-scaytid=\"181\">Ancho<\/span>\u00a0de la\u00a0<span data-scayt_word=\"bolsa\" data-scaytid=\"182\">bolsa<\/span>\u00a0<span data-scayt_word=\"fabricada\" data-scaytid=\"184\">fabricada<\/span>\u00a0(mm )<\/td>\n<td data-rm-block-id=\"block-11\">30-450<\/td>\n<td data-rm-block-id=\"block-12\">30-550<\/td>\n<td data-rm-block-id=\"block-13\">30-650<\/td>\n<\/tr>\n<tr>\n<td data-rm-block-id=\"block-14\"><span data-scayt_word=\"Longitud\" data-scaytid=\"186\">Longitud<\/span>\u00a0de la\u00a0<span data-scayt_word=\"bolsa\" data-scaytid=\"183\">bolsa<\/span>\u00a0<span data-scayt_word=\"fabricada\" data-scaytid=\"185\">fabricada<\/span>\u00a0(mm )<\/td>\n<td data-rm-block-id=\"block-15\">10-999<\/td>\n<td data-rm-block-id=\"block-16\">10-999<\/td>\n<td data-rm-block-id=\"block-17\">10-999<\/td>\n<\/tr>\n<tr>\n<td data-rm-block-id=\"block-18\"><span data-scayt_word=\"Velocidad\" data-scaytid=\"189\">Velocidad<\/span>\u00a0de la\u00a0<span data-scayt_word=\"bolsa\" data-scaytid=\"187\">bolsa<\/span>\u00a0<span data-scayt_word=\"fabricada\" data-scaytid=\"188\">fabricada<\/span>\u00a0(pc \/min )<\/td>\n<td data-rm-block-id=\"block-19\">150<\/td>\n<td data-rm-block-id=\"block-20\">150<\/td>\n<td data-rm-block-id=\"block-21\">150\u00d72<\/td>\n<\/tr>\n<tr>\n<td data-rm-block-id=\"block-22\"><span data-scayt_word=\"Potencia\" data-scaytid=\"192\">Potencia<\/span>\u00a0del motor (<span data-scayt_word=\"kw\" data-scaytid=\"193\">kw<\/span>\u00a0)<\/td>\n<td data-rm-block-id=\"block-23\">1.1<\/td>\n<td data-rm-block-id=\"block-24\">1.1<\/td>\n<td data-rm-block-id=\"block-25\">1.5<\/td>\n<\/tr>\n<tr>\n<td data-rm-block-id=\"block-26\">Potencia\u00a0termal\u00a0el\u00e9ctrica\u00a0(kw\u00a0)<\/td>\n<td data-rm-block-id=\"block-27\">1.6<\/td>\n<td data-rm-block-id=\"block-28\">1.6<\/td>\n<td data-rm-block-id=\"block-29\">2<\/td>\n<\/tr>\n<tr>\n<td data-rm-block-id=\"block-30\">Peso (kg )<\/td>\n<td data-rm-block-id=\"block-31\">750<\/td>\n<td data-rm-block-id=\"block-32\">800<\/td>\n<td data-rm-block-id=\"block-33\">1000<\/td>\n<\/tr>\n<tr>\n<td data-rm-block-id=\"block-34\">Dimensi\u00f3n\u00a0del total \u00a0mm<\/td>\n<td data-rm-block-id=\"block-35\">2100\u00d7800\u00d71550<\/td>\n<td data-rm-block-id=\"block-36\">2100\u00d7900\u00d71650<\/td>\n<td data-rm-block-id=\"block-37\">2100\u00d71000\u00d71700<\/td>\n<\/tr>\n<\/tbody>\n<\/table>\n<p data-rm-block-id=\"block-38\">Si solo compra una m\u00e1quina, la empacaremos con un paquete de madera y la cargaremos en un contenedor con carga menor a la del contenedor (LCL).<\/p>\n<p data-rm-block-id=\"block-39\"><img decoding=\"async\" class=\" wp-image-29711\" src=\"https:\/\/maquinaparahacerbolsas.com.ve\/es\/wp-content\/uploads\/2025\/02\/plastic-machine-shipment-with-wooden-pack-less-containers.webp\" sizes=\"(max-width: 492px) 100vw, 492px\" srcset=\"https:\/\/maquinaparahacerbolsas.com.ve\/es\/wp-content\/uploads\/2025\/02\/plastic-machine-shipment-with-wooden-pack-less-containers.webp 768w, https:\/\/maquinaparahacerbolsas.com.ve\/es\/wp-content\/uploads\/2025\/02\/plastic-machine-shipment-with-wooden-pack-less-containers-400x295.webp 400w, https:\/\/maquinaparahacerbolsas.com.ve\/es\/wp-content\/uploads\/2025\/02\/plastic-machine-shipment-with-wooden-pack-less-containers-430x317.webp 430w, https:\/\/maquinaparahacerbolsas.com.ve\/es\/wp-content\/uploads\/2025\/02\/plastic-machine-shipment-with-wooden-pack-less-containers-700x517.webp 700w, https:\/\/maquinaparahacerbolsas.com.ve\/es\/wp-content\/uploads\/2025\/02\/plastic-machine-shipment-with-wooden-pack-less-containers-150x111.webp 150w\" alt=\"plastic machine shipment with wooden pack less containers\" width=\"492\" height=\"363\" \/><\/p>\n<p data-rm-block-id=\"block-40\">Nuestro principal colaborador de piezas es la siguiente marca, pero las piezas est\u00e1ndar est\u00e1n todas fabricadas en China.<\/p>\n<div id=\"attachment_29712\" class=\"wp-caption alignnone\">\n<p data-rm-block-id=\"block-41\"><img decoding=\"async\" class=\" wp-image-29712\" src=\"https:\/\/maquinaparahacerbolsas.com.ve\/es\/wp-content\/uploads\/2025\/02\/plastic-machine-parts-supplier.webp\" sizes=\"(max-width: 492px) 100vw, 492px\" srcset=\"https:\/\/maquinaparahacerbolsas.com.ve\/es\/wp-content\/uploads\/2025\/02\/plastic-machine-parts-supplier.webp 875w, https:\/\/maquinaparahacerbolsas.com.ve\/es\/wp-content\/uploads\/2025\/02\/plastic-machine-parts-supplier-400x230.webp 400w, https:\/\/maquinaparahacerbolsas.com.ve\/es\/wp-content\/uploads\/2025\/02\/plastic-machine-parts-supplier-768x442.webp 768w, https:\/\/maquinaparahacerbolsas.com.ve\/es\/wp-content\/uploads\/2025\/02\/plastic-machine-parts-supplier-430x248.webp 430w, https:\/\/maquinaparahacerbolsas.com.ve\/es\/wp-content\/uploads\/2025\/02\/plastic-machine-parts-supplier-700x403.webp 700w, https:\/\/maquinaparahacerbolsas.com.ve\/es\/wp-content\/uploads\/2025\/02\/plastic-machine-parts-supplier-150x86.webp 150w\" alt=\"plastic machine parts supplier\" width=\"492\" height=\"283\" aria-describedby=\"caption-attachment-29712\" \/><\/p>\n<p id=\"caption-attachment-29712\" class=\"wp-caption-text\" data-rm-block-id=\"block-42\">proveedor de piezas de m\u00e1quinas de pl\u00e1stico<\/p>\n<\/div>\n<div id=\"attachment_29717\" class=\"wp-caption alignnone\">\n<p data-rm-block-id=\"block-43\"><img loading=\"lazy\" decoding=\"async\" class=\"size-full wp-image-29717\" src=\"https:\/\/maquinaparahacerbolsas.com.ve\/es\/wp-content\/uploads\/2025\/02\/plastic-bag-machine-supplier.webp\" sizes=\"(max-width: 497px) 100vw, 497px\" srcset=\"https:\/\/maquinaparahacerbolsas.com.ve\/es\/wp-content\/uploads\/2025\/02\/plastic-bag-machine-supplier.webp 497w, https:\/\/maquinaparahacerbolsas.com.ve\/es\/wp-content\/uploads\/2025\/02\/plastic-bag-machine-supplier-300x300.webp 300w, https:\/\/maquinaparahacerbolsas.com.ve\/es\/wp-content\/uploads\/2025\/02\/plastic-bag-machine-supplier-150x150.webp 150w, https:\/\/maquinaparahacerbolsas.com.ve\/es\/wp-content\/uploads\/2025\/02\/plastic-bag-machine-supplier-430x430.webp 430w\" alt=\"plastic bag machine supplier\" width=\"497\" height=\"497\" aria-describedby=\"caption-attachment-29717\" \/><\/p>\n<p id=\"caption-attachment-29717\" class=\"wp-caption-text\" data-rm-block-id=\"block-44\">plastic bag machine supplier<\/p>\n<\/div>\n<div id=\"attachment_29716\" class=\"wp-caption alignnone\">\n<p data-rm-block-id=\"block-45\"><img loading=\"lazy\" decoding=\"async\" class=\"wp-image-29716\" src=\"https:\/\/maquinaparahacerbolsas.com.ve\/es\/wp-content\/uploads\/2025\/02\/Plastic-bag-machine-factory.webp\" sizes=\"(max-width: 500px) 100vw, 500px\" srcset=\"https:\/\/maquinaparahacerbolsas.com.ve\/es\/wp-content\/uploads\/2025\/02\/Plastic-bag-machine-factory.webp 467w, https:\/\/maquinaparahacerbolsas.com.ve\/es\/wp-content\/uploads\/2025\/02\/Plastic-bag-machine-factory-296x300.webp 296w, https:\/\/maquinaparahacerbolsas.com.ve\/es\/wp-content\/uploads\/2025\/02\/Plastic-bag-machine-factory-430x436.webp 430w, https:\/\/maquinaparahacerbolsas.com.ve\/es\/wp-content\/uploads\/2025\/02\/Plastic-bag-machine-factory-150x152.webp 150w\" alt=\"Plastic bag machine factory\" width=\"500\" height=\"507\" aria-describedby=\"caption-attachment-29716\" \/><\/p>\n<p id=\"caption-attachment-29716\" class=\"wp-caption-text\" data-rm-block-id=\"block-46\">F\u00e1brica de m\u00e1quinas para fabricar bolsas de pl\u00e1stico<\/p>\n<\/div>\n<div id=\"attachment_29715\" class=\"wp-caption alignnone\">\n<p data-rm-block-id=\"block-47\"><img loading=\"lazy\" decoding=\"async\" class=\"wp-image-29715 size-full\" src=\"https:\/\/maquinaparahacerbolsas.com.ve\/es\/wp-content\/uploads\/2025\/02\/Plastic_Recycling_Machine_Near_us_Price.webp\" sizes=\"(max-width: 497px) 100vw, 497px\" srcset=\"https:\/\/maquinaparahacerbolsas.com.ve\/es\/wp-content\/uploads\/2025\/02\/Plastic_Recycling_Machine_Near_us_Price.webp 497w, https:\/\/maquinaparahacerbolsas.com.ve\/es\/wp-content\/uploads\/2025\/02\/Plastic_Recycling_Machine_Near_us_Price-300x300.webp 300w, https:\/\/maquinaparahacerbolsas.com.ve\/es\/wp-content\/uploads\/2025\/02\/Plastic_Recycling_Machine_Near_us_Price-150x150.webp 150w, https:\/\/maquinaparahacerbolsas.com.ve\/es\/wp-content\/uploads\/2025\/02\/Plastic_Recycling_Machine_Near_us_Price-430x430.webp 430w\" alt=\"Plastic Recycling Machine \" width=\"497\" height=\"497\" aria-describedby=\"caption-attachment-29715\" \/><\/p>\n<p id=\"caption-attachment-29715\" class=\"wp-caption-text\" data-rm-block-id=\"block-48\">Plastic Recycling Machine<\/p>\n<\/div>\n<div id=\"attachment_29719\" class=\"wp-caption alignnone\">\n<p data-rm-block-id=\"block-49\"><img loading=\"lazy\" decoding=\"async\" class=\" wp-image-29719\" src=\"https:\/\/maquinaparahacerbolsas.com.ve\/es\/wp-content\/uploads\/2025\/02\/Envio-de-maquinas-de-plastico-a-Venezuela.webp\" sizes=\"(max-width: 484px) 100vw, 484px\" srcset=\"https:\/\/maquinaparahacerbolsas.com.ve\/es\/wp-content\/uploads\/2025\/02\/Envio-de-maquinas-de-plastico-a-Venezuela.webp 800w, https:\/\/maquinaparahacerbolsas.com.ve\/es\/wp-content\/uploads\/2025\/02\/Envio-de-maquinas-de-plastico-a-Venezuela-400x202.webp 400w, https:\/\/maquinaparahacerbolsas.com.ve\/es\/wp-content\/uploads\/2025\/02\/Envio-de-maquinas-de-plastico-a-Venezuela-768x387.webp 768w, https:\/\/maquinaparahacerbolsas.com.ve\/es\/wp-content\/uploads\/2025\/02\/Envio-de-maquinas-de-plastico-a-Venezuela-430x217.webp 430w, https:\/\/maquinaparahacerbolsas.com.ve\/es\/wp-content\/uploads\/2025\/02\/Envio-de-maquinas-de-plastico-a-Venezuela-700x353.webp 700w, https:\/\/maquinaparahacerbolsas.com.ve\/es\/wp-content\/uploads\/2025\/02\/Envio-de-maquinas-de-plastico-a-Venezuela-150x76.webp 150w\" alt=\"Env\u00edo de m\u00e1quinas de pl\u00e1stico a Venezuela\" width=\"484\" height=\"244\" aria-describedby=\"caption-attachment-29719\" \/><\/p>\n<p id=\"caption-attachment-29719\" class=\"wp-caption-text\" data-rm-block-id=\"block-50\">Env\u00edo de m\u00e1quinas de pl\u00e1stico a Venezuela<\/p>\n<\/div>\n<div id=\"attachment_29720\" class=\"wp-caption alignnone\">\n<p data-rm-block-id=\"block-51\"><img loading=\"lazy\" decoding=\"async\" class=\"wp-image-29720\" src=\"https:\/\/maquinaparahacerbolsas.com.ve\/es\/wp-content\/uploads\/2025\/02\/maquina-confeccionadora-para-hacer-bolsas-por-Venezuela.webp\" sizes=\"(max-width: 487px) 100vw, 487px\" srcset=\"https:\/\/maquinaparahacerbolsas.com.ve\/es\/wp-content\/uploads\/2025\/02\/maquina-confeccionadora-para-hacer-bolsas-por-Venezuela.webp 1038w, https:\/\/maquinaparahacerbolsas.com.ve\/es\/wp-content\/uploads\/2025\/02\/maquina-confeccionadora-para-hacer-bolsas-por-Venezuela-315x300.webp 315w, https:\/\/maquinaparahacerbolsas.com.ve\/es\/wp-content\/uploads\/2025\/02\/maquina-confeccionadora-para-hacer-bolsas-por-Venezuela-840x800.webp 840w, https:\/\/maquinaparahacerbolsas.com.ve\/es\/wp-content\/uploads\/2025\/02\/maquina-confeccionadora-para-hacer-bolsas-por-Venezuela-768x732.webp 768w, https:\/\/maquinaparahacerbolsas.com.ve\/es\/wp-content\/uploads\/2025\/02\/maquina-confeccionadora-para-hacer-bolsas-por-Venezuela-430x410.webp 430w, https:\/\/maquinaparahacerbolsas.com.ve\/es\/wp-content\/uploads\/2025\/02\/maquina-confeccionadora-para-hacer-bolsas-por-Venezuela-700x667.webp 700w, https:\/\/maquinaparahacerbolsas.com.ve\/es\/wp-content\/uploads\/2025\/02\/maquina-confeccionadora-para-hacer-bolsas-por-Venezuela-150x143.webp 150w\" alt=\"maquina confeccionadora para hacer bolsas por Venezuela\" width=\"487\" height=\"464\" aria-describedby=\"caption-attachment-29720\" \/><\/p>\n<p id=\"caption-attachment-29720\" class=\"wp-caption-text\" data-rm-block-id=\"block-52\">maquina confeccionadora para hacer bolsas por Venezuela<\/p>\n<\/div>\n<p data-rm-block-id=\"block-53\">\n","protected":false},"excerpt":{"rendered":"<p>M\u00e1quina confeccionadora de bolsas fabrica bolsas de camiseta de plasticos o biodegradable.<\/p>\n","protected":false},"featured_media":29584,"comment_status":"closed","ping_status":"closed","template":"","meta":{"_acf_changed":false},"product_brand":[],"product_cat":[86],"product_tag":[],"class_list":{"0":"post-28527","1":"product","2":"type-product","3":"status-publish","4":"has-post-thumbnail","6":"product_cat-maquina-para-hacer-bolsas","8":"first","9":"instock","10":"shipping-taxable","11":"product-type-simple"},"acf":[],"_links":{"self":[{"href":"http:\/\/maquinaparahacerbolsas.com.ve\/es\/wp-json\/wp\/v2\/product\/28527","targetHints":{"allow":["GET"]}}],"collection":[{"href":"http:\/\/maquinaparahacerbolsas.com.ve\/es\/wp-json\/wp\/v2\/product"}],"about":[{"href":"http:\/\/maquinaparahacerbolsas.com.ve\/es\/wp-json\/wp\/v2\/types\/product"}],"replies":[{"embeddable":true,"href":"http:\/\/maquinaparahacerbolsas.com.ve\/es\/wp-json\/wp\/v2\/comments?post=28527"}],"version-history":[{"count":0,"href":"http:\/\/maquinaparahacerbolsas.com.ve\/es\/wp-json\/wp\/v2\/product\/28527\/revisions"}],"wp:featuredmedia":[{"embeddable":true,"href":"http:\/\/maquinaparahacerbolsas.com.ve\/es\/wp-json\/wp\/v2\/media\/29584"}],"wp:attachment":[{"href":"http:\/\/maquinaparahacerbolsas.com.ve\/es\/wp-json\/wp\/v2\/media?parent=28527"}],"wp:term":[{"taxonomy":"product_brand","embeddable":true,"href":"http:\/\/maquinaparahacerbolsas.com.ve\/es\/wp-json\/wp\/v2\/product_brand?post=28527"},{"taxonomy":"product_cat","embeddable":true,"href":"http:\/\/maquinaparahacerbolsas.com.ve\/es\/wp-json\/wp\/v2\/product_cat?post=28527"},{"taxonomy":"product_tag","embeddable":true,"href":"http:\/\/maquinaparahacerbolsas.com.ve\/es\/wp-json\/wp\/v2\/product_tag?post=28527"}],"curies":[{"name":"wp","href":"https:\/\/api.w.org\/{rel}","templated":true}]}}