{"id":28504,"date":"2025-02-23T14:54:46","date_gmt":"2025-02-23T06:54:46","guid":{"rendered":"https:\/\/blanchedalmond-goat-523522.hostingersite.com\/?post_type=product&#038;p=28504"},"modified":"2025-10-13T10:44:01","modified_gmt":"2025-10-13T02:44:01","slug":"maquina-hacer-guantes-plastico-desechable-venezuela","status":"publish","type":"product","link":"http:\/\/maquinaparahacerbolsas.com.ve\/es\/maquina-hacer-guantes-plastico-desechable-venezuela","title":{"rendered":"M\u00e1quina para hacer guantes de pl\u00e1stico desechable"},"content":{"rendered":"<p data-rm-block-id=\"block-1\">M\u00e1quina para hacer guantes de pl\u00e1stico desechable: Caracter\u00edsticas<br \/>\nEsta m\u00e1quina emplea un sistema de control por computadora micro con pantalla t\u00e1ctil y un motor mezclador trif\u00e1sico para impulsar el material. El conteo de producci\u00f3n por unidad puede ser ajustado de manera flexible.<br \/>\nEs compatible con diversos tipos de moldes y su manejo es sencillo.<\/p>\n<p data-rm-block-id=\"block-2\">Aplicaciones<br \/>\nLa m\u00e1quina para hacer guantes de pl\u00e1stico desechable se utiliza para la producci\u00f3n de pel\u00edculas de CPE, HDPE y LDPE, que se destinan a su uso en \u00e1mbitos m\u00e9dicos y en la industria de la restauraci\u00f3n.<\/p>\n<div>\n<div id=\"attachment_29590\" style=\"width: 320px\" class=\"wp-caption alignnone\"><img fetchpriority=\"high\" decoding=\"async\" aria-describedby=\"caption-attachment-29590\" class=\"size-full wp-image-29590\" src=\"https:\/\/maquinabolsasplasticas.com.bo\/wp-content\/uploads\/2025\/02\/guantes-de-plasticos-desechable.jpg\" alt=\"guantes de pl\u00e1stico desechable\" width=\"310\" height=\"310\" srcset=\"http:\/\/maquinaparahacerbolsas.com.ve\/es\/wp-content\/uploads\/2025\/02\/guantes-de-plasticos-desechable.jpg 310w, http:\/\/maquinaparahacerbolsas.com.ve\/es\/wp-content\/uploads\/2025\/02\/guantes-de-plasticos-desechable-300x300.jpg 300w, http:\/\/maquinaparahacerbolsas.com.ve\/es\/wp-content\/uploads\/2025\/02\/guantes-de-plasticos-desechable-150x150.jpg 150w\" sizes=\"(max-width: 310px) 100vw, 310px\" \/><p id=\"caption-attachment-29590\" class=\"wp-caption-text\">guantes de pl\u00e1stico desechable<\/p><\/div>\n<div id=\"attachment_29591\" style=\"width: 367px\" class=\"wp-caption alignnone\"><img decoding=\"async\" aria-describedby=\"caption-attachment-29591\" class=\" wp-image-29591\" src=\"https:\/\/maquinabolsasplasticas.com.bo\/wp-content\/uploads\/2025\/02\/guantes-de-plasticas-desechable.jpg\" alt=\"guantes de pl\u00e1stico desechable\" width=\"357\" height=\"357\" srcset=\"http:\/\/maquinaparahacerbolsas.com.ve\/es\/wp-content\/uploads\/2025\/02\/guantes-de-plasticas-desechable.jpg 800w, http:\/\/maquinaparahacerbolsas.com.ve\/es\/wp-content\/uploads\/2025\/02\/guantes-de-plasticas-desechable-300x300.jpg 300w, http:\/\/maquinaparahacerbolsas.com.ve\/es\/wp-content\/uploads\/2025\/02\/guantes-de-plasticas-desechable-150x150.jpg 150w, http:\/\/maquinaparahacerbolsas.com.ve\/es\/wp-content\/uploads\/2025\/02\/guantes-de-plasticas-desechable-768x768.jpg 768w, http:\/\/maquinaparahacerbolsas.com.ve\/es\/wp-content\/uploads\/2025\/02\/guantes-de-plasticas-desechable-430x430.jpg 430w, http:\/\/maquinaparahacerbolsas.com.ve\/es\/wp-content\/uploads\/2025\/02\/guantes-de-plasticas-desechable-700x700.jpg 700w\" sizes=\"(max-width: 357px) 100vw, 357px\" \/><p id=\"caption-attachment-29591\" class=\"wp-caption-text\">guantes de pl\u00e1stico desechable<\/p><\/div>\n<p data-rm-block-id=\"block-3\"><strong><span data-scayt_word=\"Especificaciones\" data-scaytid=\"114\">Especificaciones<\/span>\u00a0<span data-scayt_word=\"t\u00e9cnicas\" data-scaytid=\"115\">t\u00e9cnicas<\/span>\u00a0de la\u00a0<span data-scayt_word=\"m\u00e1quina\" data-scaytid=\"116\">m\u00e1quina<\/span>\u00a0<span data-scayt_word=\"para\" data-scaytid=\"117\">para<\/span>\u00a0<span data-scayt_word=\"fabricar\" data-scaytid=\"119\">fabricar<\/span>\u00a0<span data-scayt_word=\"guantes\" data-scaytid=\"121\">guantes<\/span>\u00a0<span data-scayt_word=\"depl\u00e1stico\" data-scaytid=\"130\">depl\u00e1stico<\/span>\u00a0<span data-scayt_word=\"desechable\" data-scaytid=\"122\">desechable<\/span><\/strong><\/p>\n<\/div>\n<div>\n<table border=\"0\" cellspacing=\"1\" cellpadding=\"0\">\n<tbody>\n<tr>\n<td data-rm-block-id=\"block-4\"><strong><span data-scayt_word=\"Modelo\" data-scaytid=\"132\">Modelo<\/span><\/strong><\/td>\n<td data-rm-block-id=\"block-5\"><strong><span data-scayt_word=\"DHB-600\" data-scaytid=\"123\">DHB-600<\/span><\/strong><\/td>\n<\/tr>\n<tr>\n<td data-rm-block-id=\"block-6\"><span data-scayt_word=\"Ancho\" data-scaytid=\"134\">Ancho<\/span>\u00a0<span data-scayt_word=\"para\" data-scaytid=\"118\">para<\/span>\u00a0<span data-scayt_word=\"fabricar\" data-scaytid=\"120\">fabricar<\/span>\u00a0<span data-scayt_word=\"bolsas\" data-scaytid=\"135\">bolsas<\/span>\u00a0(mm)<\/td>\n<td data-rm-block-id=\"block-7\">600<\/td>\n<\/tr>\n<tr>\n<td data-rm-block-id=\"block-8\"><span data-scayt_word=\"Longitud\" data-scaytid=\"143\">Longitud<\/span>\u00a0<span data-scayt_word=\"para\" data-scaytid=\"136\">para<\/span>\u00a0<span data-scayt_word=\"fabricar\" data-scaytid=\"138\">fabricar<\/span>\u00a0<span data-scayt_word=\"bolsas\" data-scaytid=\"140\">bolsas<\/span>\u00a0(mm)<\/td>\n<td data-rm-block-id=\"block-9\">700<\/td>\n<\/tr>\n<tr>\n<td data-rm-block-id=\"block-10\"><span data-scayt_word=\"Velocidad\" data-scaytid=\"150\">Velocidad<\/span>\u00a0<span data-scayt_word=\"para\" data-scaytid=\"137\">para<\/span>\u00a0<span data-scayt_word=\"fabricar\" data-scaytid=\"139\">fabricar<\/span>\u00a0<span data-scayt_word=\"bolsas\" data-scaytid=\"141\">bolsas<\/span>\u00a0(pc\/min)<\/td>\n<td data-rm-block-id=\"block-11\"><span data-scayt_word=\"100-140pcs\" data-scaytid=\"142\">100-140pcs<\/span>\/min<\/td>\n<\/tr>\n<tr>\n<td data-rm-block-id=\"block-12\"><span data-scayt_word=\"Potencia\" data-scaytid=\"158\">Potencia<\/span>\u00a0del motor (<span data-scayt_word=\"kw\" data-scaytid=\"152\">kw<\/span>)<\/td>\n<td data-rm-block-id=\"block-13\">1.1<\/td>\n<\/tr>\n<tr>\n<td data-rm-block-id=\"block-14\"><span data-scayt_word=\"Potencia\" data-scaytid=\"159\">Potencia<\/span>\u00a0<span data-scayt_word=\"termal\" data-scaytid=\"162\">termal<\/span>\u00a0<span data-scayt_word=\"el\u00e9ctrica\" data-scaytid=\"163\">el\u00e9ctrica<\/span>\u00a0(<span data-scayt_word=\"kw\" data-scaytid=\"153\">kw<\/span>)<\/td>\n<td data-rm-block-id=\"block-15\">2<\/td>\n<\/tr>\n<tr>\n<td data-rm-block-id=\"block-16\">Peso (kg)<\/td>\n<td data-rm-block-id=\"block-17\">1000<\/td>\n<\/tr>\n<tr>\n<td data-rm-block-id=\"block-18\"><span data-scayt_word=\"Dimensiones\" data-scaytid=\"164\">Dimensiones<\/span>\u00a0externas\u00a0(mm)<\/td>\n<td data-rm-block-id=\"block-19\">2800*1100*1500<\/td>\n<\/tr>\n<tr>\n<td data-rm-block-id=\"block-20\">Clase\u00a0de\u00a0materiales<\/td>\n<td data-rm-block-id=\"block-21\"><\/td>\n<\/tr>\n<\/tbody>\n<\/table>\n<\/div>\n<div>\n<table border=\"0\" cellspacing=\"1\" cellpadding=\"0\">\n<tbody>\n<tr>\n<td data-rm-block-id=\"block-22\">HDPE,\u00a0LDPE, PP,\u00a0OPP<\/td>\n<\/tr>\n<\/tbody>\n<\/table>\n<p data-rm-block-id=\"block-23\">Si solo compra una m\u00e1quina, la empacaremos con un paquete de madera y la cargaremos en un contenedor con carga menor a la del contenedor (LCL).<\/p>\n<p data-rm-block-id=\"block-24\"><img decoding=\"async\" class=\" wp-image-29711\" src=\"https:\/\/maquinaparahacerbolsas.com.ve\/es\/wp-content\/uploads\/2025\/02\/plastic-machine-shipment-with-wooden-pack-less-containers.webp\" sizes=\"(max-width: 492px) 100vw, 492px\" srcset=\"https:\/\/maquinaparahacerbolsas.com.ve\/es\/wp-content\/uploads\/2025\/02\/plastic-machine-shipment-with-wooden-pack-less-containers.webp 768w, https:\/\/maquinaparahacerbolsas.com.ve\/es\/wp-content\/uploads\/2025\/02\/plastic-machine-shipment-with-wooden-pack-less-containers-400x295.webp 400w, https:\/\/maquinaparahacerbolsas.com.ve\/es\/wp-content\/uploads\/2025\/02\/plastic-machine-shipment-with-wooden-pack-less-containers-430x317.webp 430w, https:\/\/maquinaparahacerbolsas.com.ve\/es\/wp-content\/uploads\/2025\/02\/plastic-machine-shipment-with-wooden-pack-less-containers-700x517.webp 700w, https:\/\/maquinaparahacerbolsas.com.ve\/es\/wp-content\/uploads\/2025\/02\/plastic-machine-shipment-with-wooden-pack-less-containers-150x111.webp 150w\" alt=\"plastic machine shipment with wooden pack less containers\" width=\"492\" height=\"363\" \/><\/p>\n<p data-rm-block-id=\"block-25\">Nuestro principal colaborador de piezas es la siguiente marca, pero las piezas est\u00e1ndar est\u00e1n todas fabricadas en China.<\/p>\n<div id=\"attachment_29712\" class=\"wp-caption alignnone\">\n<p data-rm-block-id=\"block-26\"><img loading=\"lazy\" decoding=\"async\" class=\" wp-image-29712\" src=\"https:\/\/maquinaparahacerbolsas.com.ve\/es\/wp-content\/uploads\/2025\/02\/plastic-machine-parts-supplier.webp\" sizes=\"(max-width: 492px) 100vw, 492px\" srcset=\"https:\/\/maquinaparahacerbolsas.com.ve\/es\/wp-content\/uploads\/2025\/02\/plastic-machine-parts-supplier.webp 875w, https:\/\/maquinaparahacerbolsas.com.ve\/es\/wp-content\/uploads\/2025\/02\/plastic-machine-parts-supplier-400x230.webp 400w, https:\/\/maquinaparahacerbolsas.com.ve\/es\/wp-content\/uploads\/2025\/02\/plastic-machine-parts-supplier-768x442.webp 768w, https:\/\/maquinaparahacerbolsas.com.ve\/es\/wp-content\/uploads\/2025\/02\/plastic-machine-parts-supplier-430x248.webp 430w, https:\/\/maquinaparahacerbolsas.com.ve\/es\/wp-content\/uploads\/2025\/02\/plastic-machine-parts-supplier-700x403.webp 700w, https:\/\/maquinaparahacerbolsas.com.ve\/es\/wp-content\/uploads\/2025\/02\/plastic-machine-parts-supplier-150x86.webp 150w\" alt=\"plastic machine parts supplier\" width=\"492\" height=\"283\" aria-describedby=\"caption-attachment-29712\" \/><\/p>\n<p id=\"caption-attachment-29712\" class=\"wp-caption-text\" data-rm-block-id=\"block-27\">proveedor de piezas de m\u00e1quinas de pl\u00e1stico<\/p>\n<\/div>\n<div id=\"attachment_29717\" class=\"wp-caption alignnone\">\n<p data-rm-block-id=\"block-28\"><img loading=\"lazy\" decoding=\"async\" class=\"size-full wp-image-29717\" src=\"https:\/\/maquinaparahacerbolsas.com.ve\/es\/wp-content\/uploads\/2025\/02\/plastic-bag-machine-supplier.webp\" sizes=\"(max-width: 497px) 100vw, 497px\" srcset=\"https:\/\/maquinaparahacerbolsas.com.ve\/es\/wp-content\/uploads\/2025\/02\/plastic-bag-machine-supplier.webp 497w, https:\/\/maquinaparahacerbolsas.com.ve\/es\/wp-content\/uploads\/2025\/02\/plastic-bag-machine-supplier-300x300.webp 300w, https:\/\/maquinaparahacerbolsas.com.ve\/es\/wp-content\/uploads\/2025\/02\/plastic-bag-machine-supplier-150x150.webp 150w, https:\/\/maquinaparahacerbolsas.com.ve\/es\/wp-content\/uploads\/2025\/02\/plastic-bag-machine-supplier-430x430.webp 430w\" alt=\"plastic bag machine supplier\" width=\"497\" height=\"497\" aria-describedby=\"caption-attachment-29717\" \/><\/p>\n<p id=\"caption-attachment-29717\" class=\"wp-caption-text\" data-rm-block-id=\"block-29\">plastic bag machine supplier<\/p>\n<\/div>\n<div id=\"attachment_29716\" class=\"wp-caption alignnone\">\n<p data-rm-block-id=\"block-30\"><img loading=\"lazy\" decoding=\"async\" class=\"wp-image-29716\" src=\"https:\/\/maquinaparahacerbolsas.com.ve\/es\/wp-content\/uploads\/2025\/02\/Plastic-bag-machine-factory.webp\" sizes=\"(max-width: 500px) 100vw, 500px\" srcset=\"https:\/\/maquinaparahacerbolsas.com.ve\/es\/wp-content\/uploads\/2025\/02\/Plastic-bag-machine-factory.webp 467w, https:\/\/maquinaparahacerbolsas.com.ve\/es\/wp-content\/uploads\/2025\/02\/Plastic-bag-machine-factory-296x300.webp 296w, https:\/\/maquinaparahacerbolsas.com.ve\/es\/wp-content\/uploads\/2025\/02\/Plastic-bag-machine-factory-430x436.webp 430w, https:\/\/maquinaparahacerbolsas.com.ve\/es\/wp-content\/uploads\/2025\/02\/Plastic-bag-machine-factory-150x152.webp 150w\" alt=\"Plastic bag machine factory\" width=\"500\" height=\"507\" aria-describedby=\"caption-attachment-29716\" \/><\/p>\n<p id=\"caption-attachment-29716\" class=\"wp-caption-text\" data-rm-block-id=\"block-31\">F\u00e1brica de m\u00e1quinas para fabricar bolsas de pl\u00e1stico<\/p>\n<\/div>\n<div id=\"attachment_29715\" class=\"wp-caption alignnone\">\n<p data-rm-block-id=\"block-32\"><img loading=\"lazy\" decoding=\"async\" class=\"wp-image-29715 size-full\" src=\"https:\/\/maquinaparahacerbolsas.com.ve\/es\/wp-content\/uploads\/2025\/02\/Plastic_Recycling_Machine_Near_us_Price.webp\" sizes=\"(max-width: 497px) 100vw, 497px\" srcset=\"https:\/\/maquinaparahacerbolsas.com.ve\/es\/wp-content\/uploads\/2025\/02\/Plastic_Recycling_Machine_Near_us_Price.webp 497w, https:\/\/maquinaparahacerbolsas.com.ve\/es\/wp-content\/uploads\/2025\/02\/Plastic_Recycling_Machine_Near_us_Price-300x300.webp 300w, https:\/\/maquinaparahacerbolsas.com.ve\/es\/wp-content\/uploads\/2025\/02\/Plastic_Recycling_Machine_Near_us_Price-150x150.webp 150w, https:\/\/maquinaparahacerbolsas.com.ve\/es\/wp-content\/uploads\/2025\/02\/Plastic_Recycling_Machine_Near_us_Price-430x430.webp 430w\" alt=\"Plastic Recycling Machine \" width=\"497\" height=\"497\" aria-describedby=\"caption-attachment-29715\" \/><\/p>\n<p id=\"caption-attachment-29715\" class=\"wp-caption-text\" data-rm-block-id=\"block-33\">Plastic Recycling Machine<\/p>\n<\/div>\n<p data-rm-block-id=\"block-38\">\n<\/div>\n","protected":false},"excerpt":{"rendered":"<p>M\u00e1quina para hacer g<\/p>\n","protected":false},"featured_media":29588,"comment_status":"closed","ping_status":"closed","template":"","meta":{"_acf_changed":false},"product_brand":[],"product_cat":[86],"product_tag":[],"class_list":{"0":"post-28504","1":"product","2":"type-product","3":"status-publish","4":"has-post-thumbnail","6":"product_cat-maquina-para-hacer-bolsas","8":"first","9":"instock","10":"shipping-taxable","11":"product-type-simple"},"acf":[],"_links":{"self":[{"href":"http:\/\/maquinaparahacerbolsas.com.ve\/es\/wp-json\/wp\/v2\/product\/28504","targetHints":{"allow":["GET"]}}],"collection":[{"href":"http:\/\/maquinaparahacerbolsas.com.ve\/es\/wp-json\/wp\/v2\/product"}],"about":[{"href":"http:\/\/maquinaparahacerbolsas.com.ve\/es\/wp-json\/wp\/v2\/types\/product"}],"replies":[{"embeddable":true,"href":"http:\/\/maquinaparahacerbolsas.com.ve\/es\/wp-json\/wp\/v2\/comments?post=28504"}],"version-history":[{"count":0,"href":"http:\/\/maquinaparahacerbolsas.com.ve\/es\/wp-json\/wp\/v2\/product\/28504\/revisions"}],"wp:featuredmedia":[{"embeddable":true,"href":"http:\/\/maquinaparahacerbolsas.com.ve\/es\/wp-json\/wp\/v2\/media\/29588"}],"wp:attachment":[{"href":"http:\/\/maquinaparahacerbolsas.com.ve\/es\/wp-json\/wp\/v2\/media?parent=28504"}],"wp:term":[{"taxonomy":"product_brand","embeddable":true,"href":"http:\/\/maquinaparahacerbolsas.com.ve\/es\/wp-json\/wp\/v2\/product_brand?post=28504"},{"taxonomy":"product_cat","embeddable":true,"href":"http:\/\/maquinaparahacerbolsas.com.ve\/es\/wp-json\/wp\/v2\/product_cat?post=28504"},{"taxonomy":"product_tag","embeddable":true,"href":"http:\/\/maquinaparahacerbolsas.com.ve\/es\/wp-json\/wp\/v2\/product_tag?post=28504"}],"curies":[{"name":"wp","href":"https:\/\/api.w.org\/{rel}","templated":true}]}}